{"id":2098,"date":"2014-07-31T19:17:47","date_gmt":"2014-07-31T17:17:47","guid":{"rendered":"http:\/\/agora.xtec.cat\/escolalacustaria\/?page_id=2098"},"modified":"2025-11-17T11:00:47","modified_gmt":"2025-11-17T10:00:47","slug":"documents","status":"publish","type":"page","link":"https:\/\/agora.xtec.cat\/escolalacustaria\/lescola\/documents\/","title":{"rendered":"Documents fam\u00edlies"},"content":{"rendered":"<ul>\n<li><a href=\"https:\/\/drive.google.com\/file\/d\/1IGFen46SNDJDOx_WoJQOaoXmfxmnRxV4\/view?usp=drive_link\"><strong>Autoritzaci\u00f3 recollida d&#8217;infants\u00a0 per menors d&#8217;edat<\/strong><\/a><\/li>\n<li><a href=\"https:\/\/drive.google.com\/file\/d\/13DC7b6lckg3vI3juTAfbwmjjPoy8weOA\/view?usp=sharing\"><strong>Autoritzaci\u00f3 recollida de l&#8217;alumnat de 4t a 6\u00e8.<\/strong><\/a><\/li>\n<li><a href=\"https:\/\/drive.google.com\/file\/d\/1HSxOAxWfaT15EjQLGIcI-wZkakXKoqKE\/view?usp=sharing\"><strong>Autoritzaci\u00f3 de sortida de l&#8217;alumnat d&#8217;I3 a 3r.<\/strong><\/a><\/li>\n<li><strong><a href=\"https:\/\/drive.google.com\/file\/d\/13I-ezOdhGbQFQ4CwyyHudlN5wQh8Zb_C\/view?usp=sharing\" target=\"_blank\" rel=\"noopener\">Autoritzaci\u00f3 administraci\u00f3 de medicaments a l&#8217;escola<\/a><\/strong><\/li>\n<\/ul>\n\n\n<p><\/p>\n","protected":false},"excerpt":{"rendered":"<p>Autoritzaci\u00f3 recollida d&#8217;infants\u00a0 per menors d&#8217;edat Autoritzaci\u00f3 recollida de l&#8217;alumnat de 4t a 6\u00e8. Autoritzaci\u00f3 de sortida de l&#8217;alumnat d&#8217;I3 a 3r. Autoritzaci\u00f3 administraci\u00f3 de medicaments a l&#8217;escola<\/p>\n","protected":false},"author":1,"featured_media":0,"parent":22,"menu_order":6,"comment_status":"closed","ping_status":"closed","template":"","meta":{"_bbp_topic_count":0,"_bbp_reply_count":0,"_bbp_total_topic_count":0,"_bbp_total_reply_count":0,"_bbp_voice_count":0,"_bbp_anonymous_reply_count":0,"_bbp_topic_count_hidden":0,"_bbp_reply_count_hidden":0,"_bbp_forum_subforum_count":0,"site-sidebar-layout":"default","site-content-layout":"","ast-site-content-layout":"default","site-content-style":"default","site-sidebar-style":"default","ast-global-header-display":"","ast-banner-title-visibility":"","ast-main-header-display":"","ast-hfb-above-header-display":"","ast-hfb-below-header-display":"","ast-hfb-mobile-header-display":"","site-post-title":"","ast-breadcrumbs-content":"","ast-featured-img":"","footer-sml-layout":"","theme-transparent-header-meta":"","adv-header-id-meta":"","stick-header-meta":"","header-above-stick-meta":"","header-main-stick-meta":"","header-below-stick-meta":"","astra-migrate-meta-layouts":"set","ast-page-background-enabled":"default","ast-page-background-meta":{"desktop":{"background-color":"var(--ast-global-color-4)","background-image":"","background-repeat":"repeat","background-position":"center center","background-size":"auto","background-attachment":"scroll","background-type":"","background-media":"","overlay-type":"","overlay-color":"","overlay-opacity":"","overlay-gradient":""},"tablet":{"background-color":"","background-image":"","background-repeat":"repeat","background-position":"center center","background-size":"auto","background-attachment":"scroll","background-type":"","background-media":"","overlay-type":"","overlay-color":"","overlay-opacity":"","overlay-gradient":""},"mobile":{"background-color":"","background-image":"","background-repeat":"repeat","background-position":"center center","background-size":"auto","background-attachment":"scroll","background-type":"","background-media":"","overlay-type":"","overlay-color":"","overlay-opacity":"","overlay-gradient":""}},"ast-content-background-meta":{"desktop":{"background-color":"var(--ast-global-color-5)","background-image":"","background-repeat":"repeat","background-position":"center center","background-size":"auto","background-attachment":"scroll","background-type":"","background-media":"","overlay-type":"","overlay-color":"","overlay-opacity":"","overlay-gradient":""},"tablet":{"background-color":"var(--ast-global-color-5)","background-image":"","background-repeat":"repeat","background-position":"center center","background-size":"auto","background-attachment":"scroll","background-type":"","background-media":"","overlay-type":"","overlay-color":"","overlay-opacity":"","overlay-gradient":""},"mobile":{"background-color":"var(--ast-global-color-5)","background-image":"","background-repeat":"repeat","background-position":"center center","background-size":"auto","background-attachment":"scroll","background-type":"","background-media":"","overlay-type":"","overlay-color":"","overlay-opacity":"","overlay-gradient":""}},"footnotes":""},"class_list":["post-2098","page","type-page","status-publish","hentry"],"post_mailing_queue_ids":[],"_links":{"self":[{"href":"https:\/\/agora.xtec.cat\/escolalacustaria\/wp-json\/wp\/v2\/pages\/2098","targetHints":{"allow":["GET"]}}],"collection":[{"href":"https:\/\/agora.xtec.cat\/escolalacustaria\/wp-json\/wp\/v2\/pages"}],"about":[{"href":"https:\/\/agora.xtec.cat\/escolalacustaria\/wp-json\/wp\/v2\/types\/page"}],"author":[{"embeddable":true,"href":"https:\/\/agora.xtec.cat\/escolalacustaria\/wp-json\/wp\/v2\/users\/1"}],"replies":[{"embeddable":true,"href":"https:\/\/agora.xtec.cat\/escolalacustaria\/wp-json\/wp\/v2\/comments?post=2098"}],"version-history":[{"count":6,"href":"https:\/\/agora.xtec.cat\/escolalacustaria\/wp-json\/wp\/v2\/pages\/2098\/revisions"}],"predecessor-version":[{"id":24757,"href":"https:\/\/agora.xtec.cat\/escolalacustaria\/wp-json\/wp\/v2\/pages\/2098\/revisions\/24757"}],"up":[{"embeddable":true,"href":"https:\/\/agora.xtec.cat\/escolalacustaria\/wp-json\/wp\/v2\/pages\/22"}],"wp:attachment":[{"href":"https:\/\/agora.xtec.cat\/escolalacustaria\/wp-json\/wp\/v2\/media?parent=2098"}],"curies":[{"name":"wp","href":"https:\/\/api.w.org\/{rel}","templated":true}]}}