{"id":2087,"date":"2017-07-31T18:31:34","date_gmt":"2017-07-31T16:31:34","guid":{"rendered":"http:\/\/agora.xtec.cat\/escolalacustaria\/?page_id=2087"},"modified":"2017-08-05T15:30:07","modified_gmt":"2017-08-05T13:30:07","slug":"pla-tac","status":"publish","type":"page","link":"https:\/\/agora.xtec.cat\/escolalacustaria\/projectes\/pla-tac\/","title":{"rendered":"Pla TAC"},"content":{"rendered":"<div class=\"separator\"><\/div>\n<div class=\"separator\">El Pla TAC \u00e9s un instrument per formalitzar la governan\u00e7a de la tecnologia en el marc de l\u2019autonomia de centre i del Projecte Educatiu. La nostra escola ha realitzat el diagn\u00f2stic i ha plantejat uns objectius que compten amb el seguiment d\u2019una comissi\u00f3 TAC.<\/div>\n<div class=\"separator\"><\/div>\n<div class=\"separator\"><\/div>\n<div class=\"separator\">El nostre pla TAC \u00e9s el seg\u00fcent:<\/div>\n<div class=\"separator\"><\/div>\n<div class=\"separator\"><\/div>\n<div class=\"separator\"><\/div>\n<div class=\"separator\"><a href=\"http:\/\/blocs.xtec.cat\/cmlacustaria\/files\/2015\/08\/Pla_TAC_lacustaria_2014.pdf\" target=\"_blank\" rel=\"noopener noreferrer\"><img loading=\"lazy\" decoding=\"async\" class=\"aligncenter\" src=\"http:\/\/1.bp.blogspot.com\/-DkF4b6qSBRA\/Vc9KP0LdfNI\/AAAAAAAAKh4\/K0pDSam8rZI\/s320\/pla%2Btac.png\" width=\"254\" height=\"320\" border=\"0\" \/><\/a><\/div>\n<div class=\"separator\"><\/div>\n<p><span style=\"border-radius: 2px; text-indent: 20px; width: auto; padding: 0px 4px 0px 0px; text-align: center; font: bold 11px\/20px 'Helvetica Neue',Helvetica,sans-serif; color: #ffffff; background: #bd081c no-repeat scroll 3px 50% \/ 14px 14px; position: absolute; opacity: 1; z-index: 8675309; display: none; cursor: pointer; top: 11px; left: 693px;\">Save<\/span><\/p>\n<p><span style=\"border-radius: 2px; text-indent: 20px; width: auto; padding: 0px 4px 0px 0px; text-align: center; font: bold 11px\/20px 'Helvetica Neue',Helvetica,sans-serif; color: #ffffff; background: #bd081c  no-repeat scroll 3px 50% \/ 14px 14px; position: absolute; opacity: 1; z-index: 8675309; display: none; cursor: pointer; top: 107px; left: 683px;\">Save<\/span><\/p>\n","protected":false},"excerpt":{"rendered":"<p>El Pla TAC \u00e9s un instrument per formalitzar la governan\u00e7a de la tecnologia en el marc de l\u2019autonomia de centre i del Projecte Educatiu. La nostra escola ha realitzat el diagn\u00f2stic i ha plantejat uns objectius que compten amb el seguiment d\u2019una comissi\u00f3 TAC. El nostre pla TAC \u00e9s el seg\u00fcent: Save Save<\/p>\n","protected":false},"author":1,"featured_media":0,"parent":2081,"menu_order":3,"comment_status":"closed","ping_status":"closed","template":"","meta":{"_bbp_topic_count":0,"_bbp_reply_count":0,"_bbp_total_topic_count":0,"_bbp_total_reply_count":0,"_bbp_voice_count":0,"_bbp_anonymous_reply_count":0,"_bbp_topic_count_hidden":0,"_bbp_reply_count_hidden":0,"_bbp_forum_subforum_count":0,"site-sidebar-layout":"default","site-content-layout":"","ast-site-content-layout":"","site-content-style":"default","site-sidebar-style":"default","ast-global-header-display":"","ast-banner-title-visibility":"","ast-main-header-display":"","ast-hfb-above-header-display":"","ast-hfb-below-header-display":"","ast-hfb-mobile-header-display":"","site-post-title":"","ast-breadcrumbs-content":"","ast-featured-img":"","footer-sml-layout":"","theme-transparent-header-meta":"","adv-header-id-meta":"","stick-header-meta":"","header-above-stick-meta":"","header-main-stick-meta":"","header-below-stick-meta":"","astra-migrate-meta-layouts":"default","ast-page-background-enabled":"default","ast-page-background-meta":{"desktop":{"background-color":"var(--ast-global-color-4)","background-image":"","background-repeat":"repeat","background-position":"center center","background-size":"auto","background-attachment":"scroll","background-type":"","background-media":"","overlay-type":"","overlay-color":"","overlay-opacity":"","overlay-gradient":""},"tablet":{"background-color":"","background-image":"","background-repeat":"repeat","background-position":"center center","background-size":"auto","background-attachment":"scroll","background-type":"","background-media":"","overlay-type":"","overlay-color":"","overlay-opacity":"","overlay-gradient":""},"mobile":{"background-color":"","background-image":"","background-repeat":"repeat","background-position":"center center","background-size":"auto","background-attachment":"scroll","background-type":"","background-media":"","overlay-type":"","overlay-color":"","overlay-opacity":"","overlay-gradient":""}},"ast-content-background-meta":{"desktop":{"background-color":"var(--ast-global-color-5)","background-image":"","background-repeat":"repeat","background-position":"center center","background-size":"auto","background-attachment":"scroll","background-type":"","background-media":"","overlay-type":"","overlay-color":"","overlay-opacity":"","overlay-gradient":""},"tablet":{"background-color":"var(--ast-global-color-5)","background-image":"","background-repeat":"repeat","background-position":"center center","background-size":"auto","background-attachment":"scroll","background-type":"","background-media":"","overlay-type":"","overlay-color":"","overlay-opacity":"","overlay-gradient":""},"mobile":{"background-color":"var(--ast-global-color-5)","background-image":"","background-repeat":"repeat","background-position":"center center","background-size":"auto","background-attachment":"scroll","background-type":"","background-media":"","overlay-type":"","overlay-color":"","overlay-opacity":"","overlay-gradient":""}},"footnotes":""},"class_list":["post-2087","page","type-page","status-publish","hentry"],"post_mailing_queue_ids":[],"_links":{"self":[{"href":"https:\/\/agora.xtec.cat\/escolalacustaria\/wp-json\/wp\/v2\/pages\/2087","targetHints":{"allow":["GET"]}}],"collection":[{"href":"https:\/\/agora.xtec.cat\/escolalacustaria\/wp-json\/wp\/v2\/pages"}],"about":[{"href":"https:\/\/agora.xtec.cat\/escolalacustaria\/wp-json\/wp\/v2\/types\/page"}],"author":[{"embeddable":true,"href":"https:\/\/agora.xtec.cat\/escolalacustaria\/wp-json\/wp\/v2\/users\/1"}],"replies":[{"embeddable":true,"href":"https:\/\/agora.xtec.cat\/escolalacustaria\/wp-json\/wp\/v2\/comments?post=2087"}],"version-history":[{"count":3,"href":"https:\/\/agora.xtec.cat\/escolalacustaria\/wp-json\/wp\/v2\/pages\/2087\/revisions"}],"predecessor-version":[{"id":2494,"href":"https:\/\/agora.xtec.cat\/escolalacustaria\/wp-json\/wp\/v2\/pages\/2087\/revisions\/2494"}],"up":[{"embeddable":true,"href":"https:\/\/agora.xtec.cat\/escolalacustaria\/wp-json\/wp\/v2\/pages\/2081"}],"wp:attachment":[{"href":"https:\/\/agora.xtec.cat\/escolalacustaria\/wp-json\/wp\/v2\/media?parent=2087"}],"curies":[{"name":"wp","href":"https:\/\/api.w.org\/{rel}","templated":true}]}}