{"id":2081,"date":"2017-07-31T18:23:35","date_gmt":"2017-07-31T16:23:35","guid":{"rendered":"http:\/\/agora.xtec.cat\/escolalacustaria\/?page_id=2081"},"modified":"2019-02-26T12:23:21","modified_gmt":"2019-02-26T11:23:21","slug":"projectes","status":"publish","type":"page","link":"https:\/\/agora.xtec.cat\/escolalacustaria\/projectes\/","title":{"rendered":"Projectes"},"content":{"rendered":"<p>&nbsp;<\/p>\n<p style=\"text-align: justify;\"><strong>Programa Escola Verda<\/strong>, amb el comprom\u00eds d\u2019avan\u00e7ar en l\u2019educaci\u00f3 vers els nous reptes i\u00a0valors de la sostenibilitat.<\/p>\n<p style=\"text-align: justify;\"><strong>GEP<\/strong>: Programa de Generaci\u00f3 Pluriling\u00fce, amb la finalitat de millorar la compet\u00e8ncia en\u00a0lleng\u00fces estrangeres per afavorir la comunicaci\u00f3 en un m\u00f3n divers.<\/p>\n<p style=\"text-align: justify;\"><strong>Programa d\u2019Innovaci\u00f3 de les Matem\u00e0tiques<\/strong>, que pret\u00e9n que siguin l\u2019eix de transformaci\u00f3 de\u00a0l\u2019escola, adequant-la al canvi i a l\u2019evoluci\u00f3 social.<\/p>\n<p style=\"text-align: justify;\"><strong>Tecnologies digitals per a l\u2019aprenentatge<\/strong>. Programa dirigit a afavorir la compet\u00e8ncia digital de\u00a0l\u2019alumnat mitjan\u00e7ant l\u2019\u00fas de tecnologies digitals i m\u00f2bils, i promoure vocacions<br \/>\ncientificotecnol\u00f2giques.<\/p>\n<p style=\"text-align: justify;\"><strong>Programa Escola Nova 21<\/strong>. Formem part de l\u2019alian\u00e7a entre els centres que tenen el prop\u00f2sit\u00a0d\u2019establir una xarxa d\u2019escoles inquietes per avan\u00e7ar en el cam\u00ed de la millora de l\u2019educaci\u00f3.<\/p>\n<p style=\"text-align: justify;\"><strong>Comissions mixtes fam\u00edlies-mestres<\/strong>. Per establir vincles amb l\u2019objectiu de treballar conjuntament en la construcci\u00f3 de l\u2019escola que volem. Enguany els grups de treball s\u00f3n:\u00a0Conviv\u00e8ncia, 50\u00e8 aniversari de l\u2019escola, Patis nous i Festa de final de curs.<\/p>\n","protected":false},"excerpt":{"rendered":"<p>&nbsp; Programa Escola Verda, amb el comprom\u00eds d\u2019avan\u00e7ar en l\u2019educaci\u00f3 vers els nous reptes i\u00a0valors de la sostenibilitat. GEP: Programa de Generaci\u00f3 Pluriling\u00fce, amb la finalitat de millorar la compet\u00e8ncia en\u00a0lleng\u00fces estrangeres per afavorir la comunicaci\u00f3 en un m\u00f3n divers. Programa d\u2019Innovaci\u00f3 de les Matem\u00e0tiques, que pret\u00e9n que siguin l\u2019eix de transformaci\u00f3 de\u00a0l\u2019escola, adequant-la al [&hellip;]<\/p>\n","protected":false},"author":1,"featured_media":0,"parent":0,"menu_order":0,"comment_status":"closed","ping_status":"closed","template":"page-templates\/side-menu.php","meta":{"_bbp_topic_count":0,"_bbp_reply_count":0,"_bbp_total_topic_count":0,"_bbp_total_reply_count":0,"_bbp_voice_count":0,"_bbp_anonymous_reply_count":0,"_bbp_topic_count_hidden":0,"_bbp_reply_count_hidden":0,"_bbp_forum_subforum_count":0,"site-sidebar-layout":"default","site-content-layout":"","ast-site-content-layout":"","site-content-style":"default","site-sidebar-style":"default","ast-global-header-display":"","ast-banner-title-visibility":"","ast-main-header-display":"","ast-hfb-above-header-display":"","ast-hfb-below-header-display":"","ast-hfb-mobile-header-display":"","site-post-title":"","ast-breadcrumbs-content":"","ast-featured-img":"","footer-sml-layout":"","theme-transparent-header-meta":"","adv-header-id-meta":"","stick-header-meta":"","header-above-stick-meta":"","header-main-stick-meta":"","header-below-stick-meta":"","astra-migrate-meta-layouts":"default","ast-page-background-enabled":"default","ast-page-background-meta":{"desktop":{"background-color":"var(--ast-global-color-4)","background-image":"","background-repeat":"repeat","background-position":"center center","background-size":"auto","background-attachment":"scroll","background-type":"","background-media":"","overlay-type":"","overlay-color":"","overlay-opacity":"","overlay-gradient":""},"tablet":{"background-color":"","background-image":"","background-repeat":"repeat","background-position":"center center","background-size":"auto","background-attachment":"scroll","background-type":"","background-media":"","overlay-type":"","overlay-color":"","overlay-opacity":"","overlay-gradient":""},"mobile":{"background-color":"","background-image":"","background-repeat":"repeat","background-position":"center center","background-size":"auto","background-attachment":"scroll","background-type":"","background-media":"","overlay-type":"","overlay-color":"","overlay-opacity":"","overlay-gradient":""}},"ast-content-background-meta":{"desktop":{"background-color":"var(--ast-global-color-5)","background-image":"","background-repeat":"repeat","background-position":"center center","background-size":"auto","background-attachment":"scroll","background-type":"","background-media":"","overlay-type":"","overlay-color":"","overlay-opacity":"","overlay-gradient":""},"tablet":{"background-color":"var(--ast-global-color-5)","background-image":"","background-repeat":"repeat","background-position":"center center","background-size":"auto","background-attachment":"scroll","background-type":"","background-media":"","overlay-type":"","overlay-color":"","overlay-opacity":"","overlay-gradient":""},"mobile":{"background-color":"var(--ast-global-color-5)","background-image":"","background-repeat":"repeat","background-position":"center center","background-size":"auto","background-attachment":"scroll","background-type":"","background-media":"","overlay-type":"","overlay-color":"","overlay-opacity":"","overlay-gradient":""}},"footnotes":""},"class_list":["post-2081","page","type-page","status-publish","hentry"],"post_mailing_queue_ids":[],"_links":{"self":[{"href":"https:\/\/agora.xtec.cat\/escolalacustaria\/wp-json\/wp\/v2\/pages\/2081","targetHints":{"allow":["GET"]}}],"collection":[{"href":"https:\/\/agora.xtec.cat\/escolalacustaria\/wp-json\/wp\/v2\/pages"}],"about":[{"href":"https:\/\/agora.xtec.cat\/escolalacustaria\/wp-json\/wp\/v2\/types\/page"}],"author":[{"embeddable":true,"href":"https:\/\/agora.xtec.cat\/escolalacustaria\/wp-json\/wp\/v2\/users\/1"}],"replies":[{"embeddable":true,"href":"https:\/\/agora.xtec.cat\/escolalacustaria\/wp-json\/wp\/v2\/comments?post=2081"}],"version-history":[{"count":3,"href":"https:\/\/agora.xtec.cat\/escolalacustaria\/wp-json\/wp\/v2\/pages\/2081\/revisions"}],"predecessor-version":[{"id":13221,"href":"https:\/\/agora.xtec.cat\/escolalacustaria\/wp-json\/wp\/v2\/pages\/2081\/revisions\/13221"}],"wp:attachment":[{"href":"https:\/\/agora.xtec.cat\/escolalacustaria\/wp-json\/wp\/v2\/media?parent=2081"}],"curies":[{"name":"wp","href":"https:\/\/api.w.org\/{rel}","templated":true}]}}