{"id":17429,"date":"2021-02-13T08:49:07","date_gmt":"2021-02-13T07:49:07","guid":{"rendered":"http:\/\/agora.xtec.cat\/escolalacustaria\/?page_id=17429"},"modified":"2026-04-15T16:55:27","modified_gmt":"2026-04-15T14:55:27","slug":"preinscripcio-curs-2026-27","status":"publish","type":"page","link":"https:\/\/agora.xtec.cat\/escolalacustaria\/preinscripcio-curs-2026-27\/","title":{"rendered":"PREINSCRIPCI\u00d3 curs 2026-2027"},"content":{"rendered":"<h5 dir=\"ltr\" style=\"text-align: justify;\"><span style=\"color: #000000;\">Benvolgudes fam\u00edlies,<\/span><\/h5>\n<h5 dir=\"ltr\" style=\"text-align: justify;\"><span style=\"color: #000000;\">Us informem que el per\u00edode de preinscripci\u00f3 per al curs 2026-2027, de l&#8217;alumnat de Segon cicle d&#8217;Educaci\u00f3 Infantil i Prim\u00e0ria, <strong>\u00e9s del 4 al 18 de mar\u00e7. La matr\u00edcula ser\u00e0 del 22 al 30 de juny.<\/strong><\/span><\/h5>\n<h5><span style=\"color: #000000;\">Si necessiteu ajuda per fer el tr\u00e0mit de la sol\u00b7licitud de preinscripci\u00f3, \u00a0podeu demanar <span style=\"text-decoration: underline;\">cita fins al 27 de febrer<\/span> i us la donarem entre els dies 6 i 12 de mar\u00e7.<\/span><\/h5>\n<h5><span style=\"color: #000000;\">Podeu trucar o enviar missatge al m\u00f2bil de l&#8217;escola: 634764725 <img loading=\"lazy\" decoding=\"async\" src=\"https:\/\/cdn-icons-png.flaticon.com\/128\/1383\/1383269.png\" alt=\"whatsapp \" width=\"25\" height=\"25\" \/>.<\/span><\/h5>\n<div class=\"row\" style=\"margin-bottom: 1em !important;\">\n<div class=\"small-12 large-4 text-center columns\"><a class=\"button large\" style=\"padding: 1em; font-weight: 400; margin: 0.1em; color: white !important; background-color: #2ca698;\" href=\"https:\/\/agora.xtec.cat\/escolalacustaria\/wp-content\/uploads\/usu1252\/2026\/02\/2calendari2.pdf\" target=\"_blank\" rel=\"noopener noreferrer\">Calendari<\/a><a href=\"http:\/\/www.globalgoals.org\/1-no-poverty\"><br \/><\/a><\/div>\n<\/div>\n<div>\u00a0<\/div>\n<div class=\"row\" style=\"margin-bottom: 1em !important;\">\n<div class=\"small-12 large-4 text-center columns\"><a class=\"button large\" style=\"padding: 1em; font-weight: 400; margin: 0.1em; color: white !important; background-color: #9e9e9e;\" href=\"https:\/\/agora.xtec.cat\/escolalacustaria\/wp-content\/uploads\/usu1252\/2026\/02\/documents.pdf\" target=\"_blank\" rel=\"noopener noreferrer\">Documentaci\u00f3<\/a><a href=\"http:\/\/www.globalgoals.org\/2-zero-hunger\"><br \/><\/a><\/div>\n<\/div>\n<div>\u00a0<\/div>\n<div class=\"row\" style=\"margin-bottom: 1em !important;\">\n<div class=\"small-12 large-4 text-center columns\"><a class=\"button large\" style=\"padding: 1em; font-weight: 400; margin: 0.1em; color: white !important; background-color: #2ca698;\" href=\"https:\/\/agora.xtec.cat\/escolalacustaria\/wp-content\/uploads\/usu1252\/2026\/02\/3barem3.pdf\" target=\"_blank\" rel=\"noopener noreferrer\">Barem<\/a><\/div>\n<\/div>\n<div>\u00a0<\/div>\n<div>\n<p><a href=\"https:\/\/agora.xtec.cat\/escolalacustaria\/wp-content\/uploads\/usu1252\/2026\/03\/INFORME_OFERTA_OME_INFORME_OFERTA.pdf\" target=\"_blank\" rel=\"noopener\"><span style=\"color: #000000;\"><img decoding=\"async\" class=\"\" style=\"font-size: 1.6875em;\" src=\"https:\/\/preinscripcio.gencat.cat\/web\/.content\/icones\/info.png_1257057529.png\" alt=\"\" \/> Pubicaci\u00f3 de l&#8217;oferta inicial de places &#8211; 3 de mar\u00e7<\/span><\/a><\/p>\n<p><img decoding=\"async\" src=\"https:\/\/preinscripcio.gencat.cat\/web\/.content\/icones\/info.png_1257057529.png\" alt=\"\" \/>\u00a0<a href=\"https:\/\/agora.xtec.cat\/escolalacustaria\/wp-content\/uploads\/usu1252\/2026\/04\/INFORME_BAREM_PROVISIONAL_BAREM.pdf\">\u00a0Llista amb la puntuaci\u00f3 provisional \u2013\u00a0 15 d\u2019abril<\/a><\/p>\n<h2 class=\"subtitle\"><strong><span style=\"color: #000000;\">\u00a0<\/span><\/strong><\/h2>\n<\/div>\n<div>\n<div class=\"row\" style=\"margin-bottom: 1em !important;\">\n<div class=\"small-12 large-4 text-center columns\" style=\"text-align: right;\">\n<p><a href=\"https:\/\/ctti.queue-it.net\/?c=ctti&amp;e=preinspro&amp;ver=v3-lua-3.7.0&amp;kupver=Apache&amp;cver=89&amp;man=Preinscripcio%20Escolar%20PRO&amp;cid=ca-ES&amp;t=https%3A%2F%2Faplicacions.gestioeducativa.gencat.cat%2Fords%2Fpls%2Fapex%2Ff%3Fp%3D20160079072543618%3ACAT_AL_SI\" target=\"_blank\" rel=\"noopener\"><strong style=\"font-size: revert; background-color: rgba(0, 0, 0, 0);\"><img loading=\"lazy\" decoding=\"async\" class=\"wp-image-17803 alignleft\" style=\"border: none; color: #2795b6;\" src=\"https:\/\/agora.xtec.cat\/escolalacustaria\/wp-content\/uploads\/usu1252\/2021\/02\/sol\u00b7licitud-3-300x178.jpg\" alt=\"\" width=\"293\" height=\"174\" srcset=\"https:\/\/agora.xtec.cat\/escolalacustaria\/wp-content\/uploads\/usu1252\/2021\/02\/sol\u00b7licitud-3-300x178.jpg 300w, https:\/\/agora.xtec.cat\/escolalacustaria\/wp-content\/uploads\/usu1252\/2021\/02\/sol\u00b7licitud-3.jpg 613w\" sizes=\"auto, (max-width: 293px) 100vw, 293px\" \/><\/strong><\/a><\/p>\n<\/div>\n<div class=\"small-12 large-4 text-center columns\"><a href=\"https:\/\/tramits.gencat.cat\/ca\/tramits\/tramits-temes\/perinscripcio-obligatoris?moda=1\" target=\"_blank\" rel=\"noopener\"><img loading=\"lazy\" decoding=\"async\" class=\" wp-image-17804 alignleft\" src=\"https:\/\/agora.xtec.cat\/escolalacustaria\/wp-content\/uploads\/usu1252\/2021\/02\/sol\u00b7licitud-1-300x150.jpg\" alt=\"\" width=\"362\" height=\"181\" srcset=\"https:\/\/agora.xtec.cat\/escolalacustaria\/wp-content\/uploads\/usu1252\/2021\/02\/sol\u00b7licitud-1-300x150.jpg 300w, https:\/\/agora.xtec.cat\/escolalacustaria\/wp-content\/uploads\/usu1252\/2021\/02\/sol\u00b7licitud-1.jpg 613w\" sizes=\"auto, (max-width: 362px) 100vw, 362px\" \/><\/a><\/div>\n<\/div>\n<\/div>\n<h3>\u00a0<\/h3>\n<h3>\ud83d\udea9<span style=\"color: #000000;\"><strong>Atenci\u00f3 en fer la preinscripci\u00f3<\/strong><\/span><\/h3>\n<h6><span style=\"color: #000000;\">\u2705 Si feu la sol\u00b7licitud <strong>amb certificat digital<\/strong> i l&#8217;infant t\u00e9 IDALU (codi identificador de l&#8217;alumne\/a) perqu\u00e8 ja ha estat escolaritzat abans a Catalunya, no haureu d&#8217;adjuntar cap documentaci\u00f3 identificativa.<\/span><\/h6>\n<h6><span style=\"color: #000000;\">\u2705\u00a0<strong>Escriviu la sol\u00b7licitud de preinscripci\u00f3 en\u00a0min\u00fascules.<\/strong><\/span><\/h6>\n<h6><span style=\"color: #000000;\">\u2705\u00a0<strong>En l\u2019apartat del domicili, cal marcar \u201cZona educativa\u201d si esteu empadronats a Llagostera per tenir els 30 punts.<\/strong><\/span><\/h6>\n<h6><strong><span style=\"color: #000000;\">\u2705 <\/span><\/strong><span style=\"color: #000000;\">El centre adscrit a la nostra escola \u00e9s l&#8217;Institut de Llagostera.<\/span><\/h6>\n<p>\u2705 L\u2019idalu \u00e9s el n\u00famero d\u2019identificaci\u00f3 de l\u2019alumne al RALC. Si actualment va a una llar d\u2019infants us el donaran all\u00e0 i us ser\u00e0 m\u00e9s f\u00e0cil fer la preinscripci\u00f3. <span style=\"color: #000000;\">Si no va a cap llar d\u2019infants ja es crear\u00e0 autom\u00e0ticament en finalitzar la preinscripci\u00f3.<\/span><\/p>\n<p>\u2705\u00a0Tamb\u00e9 podeu<span style=\"color: #000000;\"><a href=\"https:\/\/educacio.gencat.cat\/ca\/tramits\/tramits-temes\/identificador-alumne\" target=\"_blank\" rel=\"noopener\">\u00a0consultar el RALC\/IDALU<\/a> en l\u00ednia amb l\u2019idCAT o certificat digital.\u00a0<\/span><\/p>\n<p>\u2705\u00a0La persona sol\u00b7licitant SEMPRE \u00e9s l\u2019alumne\/a, malgrat que us identifiqueu amb un certificat digital de la mare \/ pare \/ tutora legal.<\/p>\n<p>\u2705 La presentaci\u00f3 dins el termini sempre t\u00e9 prefer\u00e8ncia sobre les presentacions fora termini.<\/p>\n<p>\u2705 La presentaci\u00f3 de m\u00e9s d\u2019una sol\u00b7licitud invalida els drets de prioritat.<\/p>\n<p>\u2705 Qui presenta la sol\u00b7licitud es responsabilitza que les peticions s\u2019han fet d\u2019acord amb l\u2019altre progenitor.<\/p>\n<p>\u2705 La falsedat o frau en les dades al\u00b7legades o la presentaci\u00f3 de m\u00e9s d&#8217;una sol\u00b7licitud de preinscripci\u00f3 comporta la invalidaci\u00f3 dels drets de prioritat que puguin correspondre.<\/p>\n<p>Es recomana registrar-se a l\u2019<strong>idCAT m\u00f2bil<\/strong>\u00a0per poder fer la preinscripci\u00f3 electr\u00f2nica<\/p>\n<p><a href=\"https:\/\/idcatmobil.seu.cat\/\" target=\"_blank\" rel=\"noopener\"><img loading=\"lazy\" decoding=\"async\" class=\"alignleft wp-image-20264\" src=\"https:\/\/agora.xtec.cat\/escolalacustaria\/wp-content\/uploads\/usu1252\/2022\/03\/idcat.jpg\" sizes=\"auto, (max-width: 110px) 100vw, 110px\" srcset=\"https:\/\/agora.xtec.cat\/escolalacustaria\/wp-content\/uploads\/usu1252\/2022\/03\/idcat.jpg 202w, https:\/\/agora.xtec.cat\/escolalacustaria\/wp-content\/uploads\/usu1252\/2022\/03\/idcat-150x150.jpg 150w\" alt=\"\" width=\"110\" height=\"110\" \/><\/a><\/p>\n<h5 class=\"subtitle\"><strong>\u00a0<\/strong><\/h5>\n<h5 class=\"subtitle\"><span style=\"color: #000000;\">Per omplir la sol\u00b7licitud telem\u00e0tica us facilitem els codis de l\u2019escola i de les llars d\u2019infants:<\/span><\/h5>\n<p><strong>Escola Lacust\u00e0ria: 17002031<\/strong><\/p>\n<p>Llar d\u2019infants \u2018El Niu\u2019: 17005856<\/p>\n<p>Llar d\u2019infants \u2018El Carrilet\u2019: 17009576<\/p>\n<h3><span style=\"color: #000000;\">Enlla\u00e7 a la web de la\u00a0<a style=\"color: #000000;\" href=\"https:\/\/preinscripcio.gencat.cat\/ca\/inici\" target=\"_blank\" rel=\"noopener noreferrer\">PREINSCRIPCI\u00d3<\/a>\u00a0del Departament d\u2019Educaci\u00f3<\/span><\/h3>\n<ul>\n<li><span style=\"color: #000000;\"><a style=\"color: #000000;\" href=\"https:\/\/agora.xtec.cat\/escolalacustaria\/wp-content\/uploads\/usu1252\/2026\/02\/Informacio_Preinscripcio.pdf\" target=\"_blank\" rel=\"noopener\">Informaci\u00f3 preinscripci\u00f3<\/a><\/span><\/li>\n<li><span style=\"color: #000000;\"><a style=\"color: #000000;\" href=\"https:\/\/preinscripcio.gencat.cat\/ca\/estudis\/infantil-3-6\/informat\/prepara-documentacio\/\" target=\"_blank\" rel=\"noopener\">Prepara la documentaci\u00f3<\/a><\/span><\/li>\n<li><span style=\"color: #000000;\"><a style=\"color: #000000;\" href=\"https:\/\/preinscripcio.gencat.cat\/ca\/estudis\/infantil-3-6\/informat\/criteris-assignacio\/\" target=\"_blank\" rel=\"noopener\">Ent\u00e9n els criteris d\u2019assignaci\u00f3 de pla\u00e7a<\/a><\/span><\/li>\n<li><span style=\"color: #000000;\"><a style=\"color: #000000;\" href=\"https:\/\/agora.xtec.cat\/escolalacustaria\/wp-content\/uploads\/usu1252\/2023\/03\/guia-adm-nee.pdf\" target=\"_blank\" rel=\"noopener\">Com es gestiona l\u2019admissi\u00f3 de l\u2019alumnat amb necessitats educatives espec\u00edfiques (NEE)?<\/a><\/span><\/li>\n<\/ul>\n<h3 class=\"NG-menu__title\"><a href=\"https:\/\/preinscripcio.gencat.cat\/ca\/estudis\/infantil-3-6\/ajuda\/pindoles-multimedia\/\" target=\"_blank\" rel=\"noopener\"><strong><img loading=\"lazy\" decoding=\"async\" class=\"alignleft wp-image-20256\" src=\"https:\/\/agora.xtec.cat\/escolalacustaria\/wp-content\/uploads\/usu1252\/2022\/03\/pngegg-150x150.png\" sizes=\"auto, (max-width: 151px) 100vw, 151px\" srcset=\"https:\/\/agora.xtec.cat\/escolalacustaria\/wp-content\/uploads\/usu1252\/2022\/03\/pngegg-150x150.png 150w, https:\/\/agora.xtec.cat\/escolalacustaria\/wp-content\/uploads\/usu1252\/2022\/03\/pngegg-300x300.png 300w, https:\/\/agora.xtec.cat\/escolalacustaria\/wp-content\/uploads\/usu1252\/2022\/03\/pngegg.png 512w\" alt=\"\" width=\"151\" height=\"151\" \/><\/strong><\/a><\/h3>\n<h3 class=\"NG-menu__title\"><strong><span style=\"color: #000000;\">P\u00edndoles multim\u00e8dia\u00a0<\/span> \u00a0 \u00a0 \u00a0 \u00a0 \u00a0 \u00a0 \u00a0 \u00a0 \u00a0 \u00a0 \u00a0 \u00a0 \u00a0<\/strong><\/h3>\n<p><a href=\"https:\/\/www.youtube.com\/watch?v=Omp-kUD35O4\" target=\"_blank\" rel=\"noopener\">Com has de fer la preinscripci\u00f3 escolar en l\u00ednia<\/a><\/p>\n<p><strong><a class=\"\" title=\"Com pots digitalitzar documents per als tr\u00e0mits en l\u00ednia\" href=\"https:\/\/www.youtube.com\/watch?v=kAm26LWm51U&amp;feature=youtu.be&amp;ab_channel=DepartamentEducaci%C3%B3\" target=\"_blank\" rel=\"noopener\">Com pots digitalitzar documents per als tr\u00e0mits en l\u00ednia<\/a><\/strong><\/p>\n<p><strong><a class=\"\" title=\"Ara toca emplenar la sol\u00b7licitud\" href=\"https:\/\/www.youtube.com\/watch?v=9xMdvXoFR_4\" target=\"_blank\" rel=\"noopener\">Ara toca emplenar la sol\u00b7licitud<\/a><\/strong><\/p>\n<h4>\u00a0<\/h4>\n<h4><span style=\"color: #000000;\"><strong>Per qualsevol dubte o consulta contacteu amb l\u2019escola al tel\u00e8fon 972830339 o 634764725\u00a0<img loading=\"lazy\" decoding=\"async\" class=\"\" src=\"https:\/\/cdn-icons-png.flaticon.com\/128\/1383\/1383269.png\" alt=\"whatsapp \" width=\"25\" height=\"25\" \/><\/strong><\/span><\/h4>\n<div>\n<h6 class=\"small-12 large-4 text-center columns\" style=\"text-align: right;\"><a href=\"https:\/\/agora.xtec.cat\/escolalacustaria\/wp-content\/uploads\/usu1252\/2022\/03\/dipticinfog-22-23.pdf\" target=\"_blank\" rel=\"noopener noreferrer\"><img loading=\"lazy\" decoding=\"async\" class=\"wp-image-20039  alignleft\" src=\"https:\/\/agora.xtec.cat\/escolalacustaria\/wp-content\/uploads\/usu1252\/2022\/02\/Portada-diptic-web-155x300.jpg\" alt=\"\" width=\"209\" height=\"405\" srcset=\"https:\/\/agora.xtec.cat\/escolalacustaria\/wp-content\/uploads\/usu1252\/2022\/02\/Portada-diptic-web-155x300.jpg 155w, https:\/\/agora.xtec.cat\/escolalacustaria\/wp-content\/uploads\/usu1252\/2022\/02\/Portada-diptic-web.jpg 391w\" sizes=\"auto, (max-width: 209px) 100vw, 209px\" \/><\/a><\/h6>\n<\/div>\n<div>\u00a0<\/div>\n<div class=\"row\" style=\"margin-bottom: 1em !important;\">\n<div class=\"small-12 large-4 text-center columns\"><a class=\"button large\" style=\"padding: 1em; font-weight: 400; margin: 0.1em; background-color: transparent; border: 1px solid#2ca698; color: #2ca698;\" href=\"https:\/\/agora.xtec.cat\/escolalacustaria\/preinscripcio-curs-2021-22\/preinscripcio-en-altres-idiomes\/\" target=\"_blank\" rel=\"noopener noreferrer\">Informaci\u00f3 en altres idiomes<\/a><\/div>\n<\/div>\n<h6 class=\"small-12 large-4 text-center columns\" style=\"text-align: right;\"><a class=\"button large\" style=\"padding: 1em; font-weight: 400; margin: 0.1em; background-color: transparent; border: 1px solid #fc3b56; color: #fc3b56;\" href=\"http:\/\/mapaescolar.gencat.cat\/\" target=\"_blank\" rel=\"noopener noreferrer\">Consulta de l&#8217;oferta de preinscripci\u00f3<\/a><\/h6>\n<div>\u00a0<\/div>\n<div>\n<div class=\"row\" style=\"margin-bottom: 1em !important;\">\n<div class=\"small-12 large-4 text-center columns\"><a class=\"button normal\" style=\"padding: 1em; font-weight: 400; margin: 0.1em; color: white !important; background-color: #2ca698;\" href=\"https:\/\/youtu.be\/6e6SxTonR7s\" target=\"_blank\" rel=\"noopener noreferrer\">\u00a0 \u00a0 \u00a0 \u00a0 \u00a0 \u00a0 EDUCACI\u00d3 INFANTIL\u00a0 \u00a0 \u00a0 \u00a0 \u00a0 \u00a0 \u00a0(v\u00eddeo explicatiu)<\/a><\/div>\n<div class=\"small-12 large-4 text-center columns\">\u00a0<\/div>\n<div class=\"small-12 large-4 text-center columns\"><a class=\"button normal\" style=\"padding: 1em; font-weight: 400; margin: 0.1em; color: white !important; background-color: #fc3b56;\" href=\"https:\/\/youtu.be\/Yco-G1WSE4k\" target=\"_blank\" rel=\"noopener noreferrer\">EDUCACI\u00d3 PRIM\u00c0RIA\u00a0 \u00a0 \u00a0 \u00a0 \u00a0 \u00a0 \u00a0(v\u00eddeo explicatiu)\u00a0<\/a><\/div>\n<\/div>\n<\/div>\n<div class=\"small-12 large-4 text-center columns\">\n<div class=\"row\" style=\"margin-bottom: 1em !important;\">\n<p style=\"text-align: left;\"><strong style=\"font-family: inherit; font-size: 1em;\">\ud83d\udca1FAQS &#8211; <a href=\"https:\/\/preinscripcio.gencat.cat\/ca\/estudis\/infantil-3-6\/ajuda\/dubtes-temes\/\" target=\"_blank\" rel=\"noopener\">Tots els dubtes per temes<\/a><\/strong><\/p>\n<\/div>\n<\/div>\n<div>\n<div class=\"row\" style=\"margin-bottom: 1em !important;\">\n<div class=\"small-12 large-4 text-center columns\" style=\"text-align: right;\">\u00a0<\/div>\n<\/div>\n<\/div>\n<h2 class=\"subtitle\"><strong>\u00a0 \u00a0<\/strong><\/h2>\n<h2 class=\"subtitle\">\u00a0<\/h2>\n<p><!----comment node----><!--a=1--><\/p>\n\n\n<p><\/p>\n","protected":false},"excerpt":{"rendered":"<p>Benvolgudes fam\u00edlies, Us informem que el per\u00edode de preinscripci\u00f3 per al curs 2026-2027, de l&#8217;alumnat de Segon cicle d&#8217;Educaci\u00f3 Infantil i Prim\u00e0ria, \u00e9s del 4 al 18 de mar\u00e7. La matr\u00edcula ser\u00e0 del 22 al 30 de juny. Si necessiteu ajuda per fer el tr\u00e0mit de la sol\u00b7licitud de preinscripci\u00f3, \u00a0podeu demanar cita fins al [&hellip;]<\/p>\n","protected":false},"author":1,"featured_media":0,"parent":0,"menu_order":0,"comment_status":"closed","ping_status":"closed","template":"","meta":{"_bbp_topic_count":0,"_bbp_reply_count":0,"_bbp_total_topic_count":0,"_bbp_total_reply_count":0,"_bbp_voice_count":0,"_bbp_anonymous_reply_count":0,"_bbp_topic_count_hidden":0,"_bbp_reply_count_hidden":0,"_bbp_forum_subforum_count":0,"site-sidebar-layout":"default","site-content-layout":"","ast-site-content-layout":"default","site-content-style":"default","site-sidebar-style":"default","ast-global-header-display":"","ast-banner-title-visibility":"","ast-main-header-display":"","ast-hfb-above-header-display":"","ast-hfb-below-header-display":"","ast-hfb-mobile-header-display":"","site-post-title":"","ast-breadcrumbs-content":"","ast-featured-img":"","footer-sml-layout":"","theme-transparent-header-meta":"","adv-header-id-meta":"","stick-header-meta":"","header-above-stick-meta":"","header-main-stick-meta":"","header-below-stick-meta":"","astra-migrate-meta-layouts":"set","ast-page-background-enabled":"default","ast-page-background-meta":{"desktop":{"background-color":"var(--ast-global-color-4)","background-image":"","background-repeat":"repeat","background-position":"center center","background-size":"auto","background-attachment":"scroll","background-type":"","background-media":"","overlay-type":"","overlay-color":"","overlay-opacity":"","overlay-gradient":""},"tablet":{"background-color":"","background-image":"","background-repeat":"repeat","background-position":"center center","background-size":"auto","background-attachment":"scroll","background-type":"","background-media":"","overlay-type":"","overlay-color":"","overlay-opacity":"","overlay-gradient":""},"mobile":{"background-color":"","background-image":"","background-repeat":"repeat","background-position":"center center","background-size":"auto","background-attachment":"scroll","background-type":"","background-media":"","overlay-type":"","overlay-color":"","overlay-opacity":"","overlay-gradient":""}},"ast-content-background-meta":{"desktop":{"background-color":"var(--ast-global-color-5)","background-image":"","background-repeat":"repeat","background-position":"center center","background-size":"auto","background-attachment":"scroll","background-type":"","background-media":"","overlay-type":"","overlay-color":"","overlay-opacity":"","overlay-gradient":""},"tablet":{"background-color":"var(--ast-global-color-5)","background-image":"","background-repeat":"repeat","background-position":"center center","background-size":"auto","background-attachment":"scroll","background-type":"","background-media":"","overlay-type":"","overlay-color":"","overlay-opacity":"","overlay-gradient":""},"mobile":{"background-color":"var(--ast-global-color-5)","background-image":"","background-repeat":"repeat","background-position":"center center","background-size":"auto","background-attachment":"scroll","background-type":"","background-media":"","overlay-type":"","overlay-color":"","overlay-opacity":"","overlay-gradient":""}},"footnotes":""},"class_list":["post-17429","page","type-page","status-publish","hentry"],"post_mailing_queue_ids":[],"_links":{"self":[{"href":"https:\/\/agora.xtec.cat\/escolalacustaria\/wp-json\/wp\/v2\/pages\/17429","targetHints":{"allow":["GET"]}}],"collection":[{"href":"https:\/\/agora.xtec.cat\/escolalacustaria\/wp-json\/wp\/v2\/pages"}],"about":[{"href":"https:\/\/agora.xtec.cat\/escolalacustaria\/wp-json\/wp\/v2\/types\/page"}],"author":[{"embeddable":true,"href":"https:\/\/agora.xtec.cat\/escolalacustaria\/wp-json\/wp\/v2\/users\/1"}],"replies":[{"embeddable":true,"href":"https:\/\/agora.xtec.cat\/escolalacustaria\/wp-json\/wp\/v2\/comments?post=17429"}],"version-history":[{"count":6,"href":"https:\/\/agora.xtec.cat\/escolalacustaria\/wp-json\/wp\/v2\/pages\/17429\/revisions"}],"predecessor-version":[{"id":25077,"href":"https:\/\/agora.xtec.cat\/escolalacustaria\/wp-json\/wp\/v2\/pages\/17429\/revisions\/25077"}],"wp:attachment":[{"href":"https:\/\/agora.xtec.cat\/escolalacustaria\/wp-json\/wp\/v2\/media?parent=17429"}],"curies":[{"name":"wp","href":"https:\/\/api.w.org\/{rel}","templated":true}]}}