{"id":14741,"date":"2019-12-16T22:24:09","date_gmt":"2019-12-16T21:24:09","guid":{"rendered":"http:\/\/agora.xtec.cat\/escolalacustaria\/?page_id=14741"},"modified":"2025-02-10T11:29:12","modified_gmt":"2025-02-10T10:29:12","slug":"transparencia-i-acces-a-la-informacio-publica","status":"publish","type":"page","link":"https:\/\/agora.xtec.cat\/escolalacustaria\/lescola\/transparencia-i-acces-a-la-informacio-publica\/","title":{"rendered":"Transpar\u00e8ncia i acc\u00e9s a la informaci\u00f3 p\u00fablica"},"content":{"rendered":"<p>&nbsp;<\/p>\n<p>&nbsp;<\/p>\n<ul>\n<li><a href=\"https:\/\/agora.xtec.cat\/escolalacustaria\/lescola\/projecte-educatiu\/\" target=\"_blank\" rel=\"noopener noreferrer\">PEC i NOFC del centre<\/a><\/li>\n<\/ul>\n<p>&nbsp;<\/p>\n<ul>\n<li><a href=\"https:\/\/agora.xtec.cat\/escolalacustaria\/lescola\/consell-escolar\/acords-consell-escolar\/\" target=\"_blank\" rel=\"noopener noreferrer\">Acords consell escolar<\/a><\/li>\n<\/ul>\n<p>&nbsp;<\/p>\n<ul>\n<li><a href=\"https:\/\/agora.xtec.cat\/escolalacustaria\/aportacions-voluntaries-de-les-families-per-material-escolar-i-per-activitats-complementaries\/\" target=\"_blank\" rel=\"noopener noreferrer\">Aportacions volunt\u00e0ries de les fam\u00edlies per material escolar i per activitats complement\u00e0ries<\/a><\/li>\n<\/ul>\n<p>&nbsp;<\/p>\n<ul>\n<li>Perfil professional equip directiu:<\/li>\n<\/ul>\n<ul>\n<li style=\"list-style-type: none;\"><\/li>\n<\/ul>\n<p>.\u00a0 \u00a0 \u00a0 \u00a0 \u00a0 \u00a0 &#8211; <a href=\"https:\/\/drive.google.com\/file\/d\/1pKept7QIOMlOFtIhfeRUVPLJcsJoSPzq\/view?usp=sharing\">Directora<\/a><\/p>\n<p>.\u00a0 \u00a0 \u00a0 \u00a0 \u00a0 \u00a0 &#8211; <a href=\"https:\/\/drive.google.com\/file\/d\/1ylj9R-2My7ZhgoufavnpfiYec8LKdSXv\/view?usp=drive_link\">Cap d&#8217;estudis<\/a><\/p>\n<p>.\u00a0 \u00a0 \u00a0 \u00a0 \u00a0 \u00a0 &#8211; <a href=\"https:\/\/drive.google.com\/file\/d\/1ejmgw8z2jofD9TG98uacvga97Xv2hXrx\/view?usp=drive_link\">Secret\u00e0ria<\/a><\/p>\n<p>&nbsp;<\/p>\n<ul>\n<li>Pressupost escola:\n<ul>\n<li><a href=\"https:\/\/drive.google.com\/file\/d\/1Wqlf3hO4wsaeZ6KyLSNchxN3dCdbHqKi\/view?usp=sharing\">Pressupost 2025<\/a><\/li>\n<li>Liquidaci\u00f3 exercici 2024<\/li>\n<\/ul>\n<\/li>\n<\/ul>\n<p>&nbsp;<\/p>\n","protected":false},"excerpt":{"rendered":"<p>&nbsp; &nbsp; PEC i NOFC del centre &nbsp; Acords consell escolar &nbsp; Aportacions volunt\u00e0ries de les fam\u00edlies per material escolar i per activitats complement\u00e0ries &nbsp; Perfil professional equip directiu: .\u00a0 \u00a0 \u00a0 \u00a0 \u00a0 \u00a0 &#8211; Directora .\u00a0 \u00a0 \u00a0 \u00a0 \u00a0 \u00a0 &#8211; Cap d&#8217;estudis .\u00a0 \u00a0 \u00a0 \u00a0 \u00a0 \u00a0 &#8211; Secret\u00e0ria &nbsp; [&hellip;]<\/p>\n","protected":false},"author":1,"featured_media":0,"parent":22,"menu_order":0,"comment_status":"closed","ping_status":"closed","template":"page-templates\/side-menu.php","meta":{"_bbp_topic_count":0,"_bbp_reply_count":0,"_bbp_total_topic_count":0,"_bbp_total_reply_count":0,"_bbp_voice_count":0,"_bbp_anonymous_reply_count":0,"_bbp_topic_count_hidden":0,"_bbp_reply_count_hidden":0,"_bbp_forum_subforum_count":0,"site-sidebar-layout":"default","site-content-layout":"","ast-site-content-layout":"","site-content-style":"default","site-sidebar-style":"default","ast-global-header-display":"","ast-banner-title-visibility":"","ast-main-header-display":"","ast-hfb-above-header-display":"","ast-hfb-below-header-display":"","ast-hfb-mobile-header-display":"","site-post-title":"","ast-breadcrumbs-content":"","ast-featured-img":"","footer-sml-layout":"","theme-transparent-header-meta":"","adv-header-id-meta":"","stick-header-meta":"","header-above-stick-meta":"","header-main-stick-meta":"","header-below-stick-meta":"","astra-migrate-meta-layouts":"default","ast-page-background-enabled":"default","ast-page-background-meta":{"desktop":{"background-color":"var(--ast-global-color-4)","background-image":"","background-repeat":"repeat","background-position":"center center","background-size":"auto","background-attachment":"scroll","background-type":"","background-media":"","overlay-type":"","overlay-color":"","overlay-opacity":"","overlay-gradient":""},"tablet":{"background-color":"","background-image":"","background-repeat":"repeat","background-position":"center center","background-size":"auto","background-attachment":"scroll","background-type":"","background-media":"","overlay-type":"","overlay-color":"","overlay-opacity":"","overlay-gradient":""},"mobile":{"background-color":"","background-image":"","background-repeat":"repeat","background-position":"center center","background-size":"auto","background-attachment":"scroll","background-type":"","background-media":"","overlay-type":"","overlay-color":"","overlay-opacity":"","overlay-gradient":""}},"ast-content-background-meta":{"desktop":{"background-color":"var(--ast-global-color-5)","background-image":"","background-repeat":"repeat","background-position":"center center","background-size":"auto","background-attachment":"scroll","background-type":"","background-media":"","overlay-type":"","overlay-color":"","overlay-opacity":"","overlay-gradient":""},"tablet":{"background-color":"var(--ast-global-color-5)","background-image":"","background-repeat":"repeat","background-position":"center center","background-size":"auto","background-attachment":"scroll","background-type":"","background-media":"","overlay-type":"","overlay-color":"","overlay-opacity":"","overlay-gradient":""},"mobile":{"background-color":"var(--ast-global-color-5)","background-image":"","background-repeat":"repeat","background-position":"center center","background-size":"auto","background-attachment":"scroll","background-type":"","background-media":"","overlay-type":"","overlay-color":"","overlay-opacity":"","overlay-gradient":""}},"footnotes":""},"class_list":["post-14741","page","type-page","status-publish","hentry"],"post_mailing_queue_ids":[],"_links":{"self":[{"href":"https:\/\/agora.xtec.cat\/escolalacustaria\/wp-json\/wp\/v2\/pages\/14741","targetHints":{"allow":["GET"]}}],"collection":[{"href":"https:\/\/agora.xtec.cat\/escolalacustaria\/wp-json\/wp\/v2\/pages"}],"about":[{"href":"https:\/\/agora.xtec.cat\/escolalacustaria\/wp-json\/wp\/v2\/types\/page"}],"author":[{"embeddable":true,"href":"https:\/\/agora.xtec.cat\/escolalacustaria\/wp-json\/wp\/v2\/users\/1"}],"replies":[{"embeddable":true,"href":"https:\/\/agora.xtec.cat\/escolalacustaria\/wp-json\/wp\/v2\/comments?post=14741"}],"version-history":[{"count":6,"href":"https:\/\/agora.xtec.cat\/escolalacustaria\/wp-json\/wp\/v2\/pages\/14741\/revisions"}],"predecessor-version":[{"id":23928,"href":"https:\/\/agora.xtec.cat\/escolalacustaria\/wp-json\/wp\/v2\/pages\/14741\/revisions\/23928"}],"up":[{"embeddable":true,"href":"https:\/\/agora.xtec.cat\/escolalacustaria\/wp-json\/wp\/v2\/pages\/22"}],"wp:attachment":[{"href":"https:\/\/agora.xtec.cat\/escolalacustaria\/wp-json\/wp\/v2\/media?parent=14741"}],"curies":[{"name":"wp","href":"https:\/\/api.w.org\/{rel}","templated":true}]}}