{"id":13038,"date":"2019-02-18T11:34:28","date_gmt":"2019-02-18T10:34:28","guid":{"rendered":"http:\/\/agora.xtec.cat\/escolalacustaria\/?page_id=13038"},"modified":"2025-02-12T14:20:26","modified_gmt":"2025-02-12T13:20:26","slug":"comite-verd","status":"publish","type":"page","link":"https:\/\/agora.xtec.cat\/escolalacustaria\/projectes\/escola-verda\/comite-verd\/","title":{"rendered":"Comit\u00e8 verd"},"content":{"rendered":"<p>Aquest dilluns passat, 10 de febrer, vam fer una trobada amb l&#8217;alumnat de PFI. Ens van presentar les seves propostes per rehabilitar l&#8217;espai de l&#8217;estructura de fusta del pati (al costat de l&#8217;hort de prim\u00e0ria). Despr\u00e9s de sospesar totes les propostes s&#8217;ha valorat realitzar un espai de calma i tranquil\u00b7litat amb bancs, coixins i plantes diverses. D&#8217;aquesta manera s&#8217;habilitar\u00e0 un espai per xerrar, compartir i llegir de manera pausada i relaxada a les estones de pati.<\/p>\n<p>Volem donar les gr\u00e0cies a l&#8217;institut per aquesta iniciativa. Esperem amb moltes ganes poder veure aviat el vostre projecte en el nostre raconet del pati.<\/p>\n<p><a href=\"https:\/\/agora.xtec.cat\/escolalacustaria\/wp-content\/uploads\/usu1252\/2025\/02\/1739364663328-scaled.jpg\"><img loading=\"lazy\" decoding=\"async\" class=\"alignnone wp-image-23945\" src=\"https:\/\/agora.xtec.cat\/escolalacustaria\/wp-content\/uploads\/usu1252\/2025\/02\/1739364663328-scaled.jpg\" alt=\"\" width=\"342\" height=\"257\" srcset=\"https:\/\/agora.xtec.cat\/escolalacustaria\/wp-content\/uploads\/usu1252\/2025\/02\/1739364663328-scaled.jpg 2560w, https:\/\/agora.xtec.cat\/escolalacustaria\/wp-content\/uploads\/usu1252\/2025\/02\/1739364663328-300x225.jpg 300w, https:\/\/agora.xtec.cat\/escolalacustaria\/wp-content\/uploads\/usu1252\/2025\/02\/1739364663328-1024x769.jpg 1024w, https:\/\/agora.xtec.cat\/escolalacustaria\/wp-content\/uploads\/usu1252\/2025\/02\/1739364663328-768x577.jpg 768w, https:\/\/agora.xtec.cat\/escolalacustaria\/wp-content\/uploads\/usu1252\/2025\/02\/1739364663328-1536x1154.jpg 1536w, https:\/\/agora.xtec.cat\/escolalacustaria\/wp-content\/uploads\/usu1252\/2025\/02\/1739364663328-2048x1538.jpg 2048w, https:\/\/agora.xtec.cat\/escolalacustaria\/wp-content\/uploads\/usu1252\/2025\/02\/1739364663328-200x150.jpg 200w\" sizes=\"auto, (max-width: 342px) 100vw, 342px\" \/><\/a> <a href=\"https:\/\/agora.xtec.cat\/escolalacustaria\/wp-content\/uploads\/usu1252\/2025\/02\/1739364663308.jpg\"><img loading=\"lazy\" decoding=\"async\" class=\"alignnone wp-image-23946\" src=\"https:\/\/agora.xtec.cat\/escolalacustaria\/wp-content\/uploads\/usu1252\/2025\/02\/1739364663308.jpg\" alt=\"\" width=\"343\" height=\"257\" srcset=\"https:\/\/agora.xtec.cat\/escolalacustaria\/wp-content\/uploads\/usu1252\/2025\/02\/1739364663308.jpg 1600w, https:\/\/agora.xtec.cat\/escolalacustaria\/wp-content\/uploads\/usu1252\/2025\/02\/1739364663308-300x225.jpg 300w, https:\/\/agora.xtec.cat\/escolalacustaria\/wp-content\/uploads\/usu1252\/2025\/02\/1739364663308-1024x768.jpg 1024w, https:\/\/agora.xtec.cat\/escolalacustaria\/wp-content\/uploads\/usu1252\/2025\/02\/1739364663308-768x576.jpg 768w, https:\/\/agora.xtec.cat\/escolalacustaria\/wp-content\/uploads\/usu1252\/2025\/02\/1739364663308-1536x1152.jpg 1536w, https:\/\/agora.xtec.cat\/escolalacustaria\/wp-content\/uploads\/usu1252\/2025\/02\/1739364663308-200x150.jpg 200w\" sizes=\"auto, (max-width: 343px) 100vw, 343px\" \/><\/a><\/p>\n<p>___________________________________________________________________________________<\/p>\n<p>Dilluns 3 de febrer, l&#8217;alumnat de comit\u00e8 verd va abonar els arbres del pati amb el marr\u00f3 de caf\u00e8 que el persona de l&#8217;escola produeix. A m\u00e9s a m\u00e9s, tamb\u00e9 van plantar esqueixos nous i van trasplantar plantes que necessitaven una segona oportunitat.<\/p>\n<p><a href=\"https:\/\/agora.xtec.cat\/escolalacustaria\/wp-content\/uploads\/usu1252\/2025\/02\/1739365817890.jpg\"><img loading=\"lazy\" decoding=\"async\" class=\"alignnone  wp-image-23952\" src=\"https:\/\/agora.xtec.cat\/escolalacustaria\/wp-content\/uploads\/usu1252\/2025\/02\/1739365817890.jpg\" alt=\"\" width=\"339\" height=\"254\" srcset=\"https:\/\/agora.xtec.cat\/escolalacustaria\/wp-content\/uploads\/usu1252\/2025\/02\/1739365817890.jpg 2448w, https:\/\/agora.xtec.cat\/escolalacustaria\/wp-content\/uploads\/usu1252\/2025\/02\/1739365817890-300x225.jpg 300w, https:\/\/agora.xtec.cat\/escolalacustaria\/wp-content\/uploads\/usu1252\/2025\/02\/1739365817890-1024x768.jpg 1024w, https:\/\/agora.xtec.cat\/escolalacustaria\/wp-content\/uploads\/usu1252\/2025\/02\/1739365817890-768x576.jpg 768w, https:\/\/agora.xtec.cat\/escolalacustaria\/wp-content\/uploads\/usu1252\/2025\/02\/1739365817890-1536x1152.jpg 1536w, https:\/\/agora.xtec.cat\/escolalacustaria\/wp-content\/uploads\/usu1252\/2025\/02\/1739365817890-2048x1536.jpg 2048w, https:\/\/agora.xtec.cat\/escolalacustaria\/wp-content\/uploads\/usu1252\/2025\/02\/1739365817890-200x150.jpg 200w\" sizes=\"auto, (max-width: 339px) 100vw, 339px\" \/><\/a> <a href=\"https:\/\/agora.xtec.cat\/escolalacustaria\/wp-content\/uploads\/usu1252\/2025\/02\/1739365817878.jpg\"><img loading=\"lazy\" decoding=\"async\" class=\"alignnone  wp-image-23953\" src=\"https:\/\/agora.xtec.cat\/escolalacustaria\/wp-content\/uploads\/usu1252\/2025\/02\/1739365817878.jpg\" alt=\"\" width=\"344\" height=\"258\" srcset=\"https:\/\/agora.xtec.cat\/escolalacustaria\/wp-content\/uploads\/usu1252\/2025\/02\/1739365817878.jpg 2448w, https:\/\/agora.xtec.cat\/escolalacustaria\/wp-content\/uploads\/usu1252\/2025\/02\/1739365817878-300x225.jpg 300w, https:\/\/agora.xtec.cat\/escolalacustaria\/wp-content\/uploads\/usu1252\/2025\/02\/1739365817878-1024x768.jpg 1024w, https:\/\/agora.xtec.cat\/escolalacustaria\/wp-content\/uploads\/usu1252\/2025\/02\/1739365817878-768x576.jpg 768w, https:\/\/agora.xtec.cat\/escolalacustaria\/wp-content\/uploads\/usu1252\/2025\/02\/1739365817878-1536x1152.jpg 1536w, https:\/\/agora.xtec.cat\/escolalacustaria\/wp-content\/uploads\/usu1252\/2025\/02\/1739365817878-2048x1536.jpg 2048w, https:\/\/agora.xtec.cat\/escolalacustaria\/wp-content\/uploads\/usu1252\/2025\/02\/1739365817878-200x150.jpg 200w\" sizes=\"auto, (max-width: 344px) 100vw, 344px\" \/><\/a> <a href=\"https:\/\/agora.xtec.cat\/escolalacustaria\/wp-content\/uploads\/usu1252\/2025\/02\/1739365672616.jpg\"><img loading=\"lazy\" decoding=\"async\" class=\"alignnone  wp-image-23954\" src=\"https:\/\/agora.xtec.cat\/escolalacustaria\/wp-content\/uploads\/usu1252\/2025\/02\/1739365672616.jpg\" alt=\"\" width=\"335\" height=\"229\" srcset=\"https:\/\/agora.xtec.cat\/escolalacustaria\/wp-content\/uploads\/usu1252\/2025\/02\/1739365672616.jpg 1225w, https:\/\/agora.xtec.cat\/escolalacustaria\/wp-content\/uploads\/usu1252\/2025\/02\/1739365672616-300x205.jpg 300w, https:\/\/agora.xtec.cat\/escolalacustaria\/wp-content\/uploads\/usu1252\/2025\/02\/1739365672616-1024x700.jpg 1024w, https:\/\/agora.xtec.cat\/escolalacustaria\/wp-content\/uploads\/usu1252\/2025\/02\/1739365672616-768x525.jpg 768w\" sizes=\"auto, (max-width: 335px) 100vw, 335px\" \/><\/a> <a href=\"https:\/\/agora.xtec.cat\/escolalacustaria\/wp-content\/uploads\/usu1252\/2025\/02\/1739365672673.jpg\"><img loading=\"lazy\" decoding=\"async\" class=\"alignnone  wp-image-23955\" src=\"https:\/\/agora.xtec.cat\/escolalacustaria\/wp-content\/uploads\/usu1252\/2025\/02\/1739365672673.jpg\" alt=\"\" width=\"238\" height=\"267\" srcset=\"https:\/\/agora.xtec.cat\/escolalacustaria\/wp-content\/uploads\/usu1252\/2025\/02\/1739365672673.jpg 795w, https:\/\/agora.xtec.cat\/escolalacustaria\/wp-content\/uploads\/usu1252\/2025\/02\/1739365672673-267x300.jpg 267w, https:\/\/agora.xtec.cat\/escolalacustaria\/wp-content\/uploads\/usu1252\/2025\/02\/1739365672673-768x864.jpg 768w\" sizes=\"auto, (max-width: 238px) 100vw, 238px\" \/><\/a><\/p>\n<p>___________________________________________________________________________________<\/p>\n<p>Aquest curs 2024-2025 hem tornat a reactivar les trobades del comit\u00e8 verd de l&#8217;escola. Ens reunim cada dues o tres setmanes per tractar temes relacionats amb el disseny, execuci\u00f3 i avaluaci\u00f3 d&#8217;actuacions i activitats que fomenten la sostenibilitat i la cura del nostre entorn.<\/p>\n<p>Una de les primeres accions que es van valorar va ser la producci\u00f3 i malbaratament del paper. D&#8217;aquesta manera van proposar fer un taller de reciclatge de paper per tot l&#8217;alumnat de l&#8217;escola.<\/p>\n<p>Aqu\u00ed teniu una petita mostra de com ells han comen\u00e7at a elaborar aquest taller i que m\u00e9s tard han explicat a les aules i els alumnes de l&#8217;escola estan posant en marxa al llarg del curs.<\/p>\n<p>Tamb\u00e9 us deixem l<a href=\"https:\/\/tuit.cat\/d8wTN\">&#8216;enlla\u00e7<\/a> del document elaborat per l&#8217;alumnat del comit\u00e8 verd per si alguna fam\u00edlia s&#8217;anima a fer aquest taller a casa.<\/p>\n<p>Fins aviat,<\/p>\n<p><a href=\"https:\/\/agora.xtec.cat\/escolalacustaria\/wp-content\/uploads\/usu1252\/2025\/02\/1731524800729.jpg\"><img loading=\"lazy\" decoding=\"async\" class=\"alignnone wp-image-23947\" src=\"https:\/\/agora.xtec.cat\/escolalacustaria\/wp-content\/uploads\/usu1252\/2025\/02\/1731524800729.jpg\" alt=\"\" width=\"320\" height=\"240\" srcset=\"https:\/\/agora.xtec.cat\/escolalacustaria\/wp-content\/uploads\/usu1252\/2025\/02\/1731524800729.jpg 2448w, https:\/\/agora.xtec.cat\/escolalacustaria\/wp-content\/uploads\/usu1252\/2025\/02\/1731524800729-300x225.jpg 300w, https:\/\/agora.xtec.cat\/escolalacustaria\/wp-content\/uploads\/usu1252\/2025\/02\/1731524800729-1024x768.jpg 1024w, https:\/\/agora.xtec.cat\/escolalacustaria\/wp-content\/uploads\/usu1252\/2025\/02\/1731524800729-768x576.jpg 768w, https:\/\/agora.xtec.cat\/escolalacustaria\/wp-content\/uploads\/usu1252\/2025\/02\/1731524800729-1536x1152.jpg 1536w, https:\/\/agora.xtec.cat\/escolalacustaria\/wp-content\/uploads\/usu1252\/2025\/02\/1731524800729-2048x1536.jpg 2048w, https:\/\/agora.xtec.cat\/escolalacustaria\/wp-content\/uploads\/usu1252\/2025\/02\/1731524800729-200x150.jpg 200w\" sizes=\"auto, (max-width: 320px) 100vw, 320px\" \/>\u00a0 \u00a0<\/a><a href=\"https:\/\/agora.xtec.cat\/escolalacustaria\/wp-content\/uploads\/usu1252\/2025\/02\/1732718931360.jpg\"><img loading=\"lazy\" decoding=\"async\" class=\"alignnone wp-image-23949\" src=\"https:\/\/agora.xtec.cat\/escolalacustaria\/wp-content\/uploads\/usu1252\/2025\/02\/1732718931360.jpg\" alt=\"\" width=\"242\" height=\"322\" srcset=\"https:\/\/agora.xtec.cat\/escolalacustaria\/wp-content\/uploads\/usu1252\/2025\/02\/1732718931360.jpg 1836w, https:\/\/agora.xtec.cat\/escolalacustaria\/wp-content\/uploads\/usu1252\/2025\/02\/1732718931360-225x300.jpg 225w, https:\/\/agora.xtec.cat\/escolalacustaria\/wp-content\/uploads\/usu1252\/2025\/02\/1732718931360-768x1024.jpg 768w, https:\/\/agora.xtec.cat\/escolalacustaria\/wp-content\/uploads\/usu1252\/2025\/02\/1732718931360-1152x1536.jpg 1152w, https:\/\/agora.xtec.cat\/escolalacustaria\/wp-content\/uploads\/usu1252\/2025\/02\/1732718931360-1536x2048.jpg 1536w\" sizes=\"auto, (max-width: 242px) 100vw, 242px\" \/><\/a> <a href=\"https:\/\/agora.xtec.cat\/escolalacustaria\/wp-content\/uploads\/usu1252\/2025\/02\/1732105697397.jpg\"><img loading=\"lazy\" decoding=\"async\" class=\"alignnone wp-image-23948\" src=\"https:\/\/agora.xtec.cat\/escolalacustaria\/wp-content\/uploads\/usu1252\/2025\/02\/1732105697397.jpg\" alt=\"\" width=\"421\" height=\"316\" srcset=\"https:\/\/agora.xtec.cat\/escolalacustaria\/wp-content\/uploads\/usu1252\/2025\/02\/1732105697397.jpg 2448w, https:\/\/agora.xtec.cat\/escolalacustaria\/wp-content\/uploads\/usu1252\/2025\/02\/1732105697397-300x225.jpg 300w, https:\/\/agora.xtec.cat\/escolalacustaria\/wp-content\/uploads\/usu1252\/2025\/02\/1732105697397-1024x768.jpg 1024w, https:\/\/agora.xtec.cat\/escolalacustaria\/wp-content\/uploads\/usu1252\/2025\/02\/1732105697397-768x576.jpg 768w, https:\/\/agora.xtec.cat\/escolalacustaria\/wp-content\/uploads\/usu1252\/2025\/02\/1732105697397-1536x1152.jpg 1536w, https:\/\/agora.xtec.cat\/escolalacustaria\/wp-content\/uploads\/usu1252\/2025\/02\/1732105697397-2048x1536.jpg 2048w, https:\/\/agora.xtec.cat\/escolalacustaria\/wp-content\/uploads\/usu1252\/2025\/02\/1732105697397-200x150.jpg 200w\" sizes=\"auto, (max-width: 421px) 100vw, 421px\" \/><\/a><\/p>\n<p>&nbsp;<\/p>\n<p>___________________________________________________________________________________<\/p>\n<p style=\"text-align: justify;\">El <b>Comit\u00e8 Verd neix l\u2019any 2009<\/b> arrel de la necessitat de treballar per la millora de la gesti\u00f3 socioambiental del centre, de manera coordinada, i aconseguir un projecte transversal que impliqui tots els alumnes i mestres de l\u2019escola.<\/p>\n<p style=\"text-align: justify;\">Es tracta de donar <b>protagonisme als alumnes<\/b>, facilitant la seva participaci\u00f3 en el projecte d\u2019escola verda del centre, per tal que es sentin implicats en les accions que es porten a terme, formant part de la presa de decisions i de l\u2019organitzaci\u00f3 de les activitats.<\/p>\n<p style=\"text-align: justify;\">El Comit\u00e8 Verd est\u00e0 format per un\/a representant de cada aula de Prim\u00e0ria i el\/la mestre\/a responsable, el qual forma part, juntament amb altres mestres, del grup de treball d\u2019escola verda de l\u2019escola. Les reunions s\u00f3n mensuals i es realitzen dins l\u2019horari escolar a l\u2019aula polivalent.<\/p>\n<p style=\"text-align: justify;\">Cada curs, despr\u00e9s d\u2019analitzar la funci\u00f3 que han de tenir els representants, cada grup-classe escull per votaci\u00f3 democr\u00e0tica el propi representant.<\/p>\n<p style=\"text-align: justify;\">Cada representant, a la sessi\u00f3 de tutoria grupal, s\u2019encarrega de recollir les propostes i\/o necessitats que s\u2019han detectat. Les propostes es plantegen a les reunions mensuals del Comit\u00e8, on s\u00f3n analitzades i debatudes. Cada representant porta les decisions i acords que se n\u2019extreuen, a cada grup-classe.<\/p>\n<p style=\"text-align: justify;\">Alhora, des del grup de treball d\u2019escola verda, els mestres preparen les din\u00e0miques que es desenvoluparan amb els alumnes del comit\u00e8 en funci\u00f3 de les necessitats de l\u2019escola i de les accions que s\u2019han comprom\u00e8s a desenvolupar en el Pla Anual (PA).<\/p>\n","protected":false},"excerpt":{"rendered":"<p>Aquest dilluns passat, 10 de febrer, vam fer una trobada amb l&#8217;alumnat de PFI. Ens van presentar les seves propostes per rehabilitar l&#8217;espai de l&#8217;estructura de fusta del pati (al costat de l&#8217;hort de prim\u00e0ria). Despr\u00e9s de sospesar totes les propostes s&#8217;ha valorat realitzar un espai de calma i tranquil\u00b7litat amb bancs, coixins i plantes [&hellip;]<\/p>\n","protected":false},"author":1,"featured_media":0,"parent":2489,"menu_order":0,"comment_status":"closed","ping_status":"closed","template":"","meta":{"_bbp_topic_count":0,"_bbp_reply_count":0,"_bbp_total_topic_count":0,"_bbp_total_reply_count":0,"_bbp_voice_count":0,"_bbp_anonymous_reply_count":0,"_bbp_topic_count_hidden":0,"_bbp_reply_count_hidden":0,"_bbp_forum_subforum_count":0,"site-sidebar-layout":"default","site-content-layout":"","ast-site-content-layout":"","site-content-style":"default","site-sidebar-style":"default","ast-global-header-display":"","ast-banner-title-visibility":"","ast-main-header-display":"","ast-hfb-above-header-display":"","ast-hfb-below-header-display":"","ast-hfb-mobile-header-display":"","site-post-title":"","ast-breadcrumbs-content":"","ast-featured-img":"","footer-sml-layout":"","theme-transparent-header-meta":"","adv-header-id-meta":"","stick-header-meta":"","header-above-stick-meta":"","header-main-stick-meta":"","header-below-stick-meta":"","astra-migrate-meta-layouts":"default","ast-page-background-enabled":"default","ast-page-background-meta":{"desktop":{"background-color":"var(--ast-global-color-4)","background-image":"","background-repeat":"repeat","background-position":"center center","background-size":"auto","background-attachment":"scroll","background-type":"","background-media":"","overlay-type":"","overlay-color":"","overlay-opacity":"","overlay-gradient":""},"tablet":{"background-color":"","background-image":"","background-repeat":"repeat","background-position":"center center","background-size":"auto","background-attachment":"scroll","background-type":"","background-media":"","overlay-type":"","overlay-color":"","overlay-opacity":"","overlay-gradient":""},"mobile":{"background-color":"","background-image":"","background-repeat":"repeat","background-position":"center center","background-size":"auto","background-attachment":"scroll","background-type":"","background-media":"","overlay-type":"","overlay-color":"","overlay-opacity":"","overlay-gradient":""}},"ast-content-background-meta":{"desktop":{"background-color":"var(--ast-global-color-5)","background-image":"","background-repeat":"repeat","background-position":"center center","background-size":"auto","background-attachment":"scroll","background-type":"","background-media":"","overlay-type":"","overlay-color":"","overlay-opacity":"","overlay-gradient":""},"tablet":{"background-color":"var(--ast-global-color-5)","background-image":"","background-repeat":"repeat","background-position":"center center","background-size":"auto","background-attachment":"scroll","background-type":"","background-media":"","overlay-type":"","overlay-color":"","overlay-opacity":"","overlay-gradient":""},"mobile":{"background-color":"var(--ast-global-color-5)","background-image":"","background-repeat":"repeat","background-position":"center center","background-size":"auto","background-attachment":"scroll","background-type":"","background-media":"","overlay-type":"","overlay-color":"","overlay-opacity":"","overlay-gradient":""}},"footnotes":""},"class_list":["post-13038","page","type-page","status-publish","hentry"],"post_mailing_queue_ids":[],"_links":{"self":[{"href":"https:\/\/agora.xtec.cat\/escolalacustaria\/wp-json\/wp\/v2\/pages\/13038","targetHints":{"allow":["GET"]}}],"collection":[{"href":"https:\/\/agora.xtec.cat\/escolalacustaria\/wp-json\/wp\/v2\/pages"}],"about":[{"href":"https:\/\/agora.xtec.cat\/escolalacustaria\/wp-json\/wp\/v2\/types\/page"}],"author":[{"embeddable":true,"href":"https:\/\/agora.xtec.cat\/escolalacustaria\/wp-json\/wp\/v2\/users\/1"}],"replies":[{"embeddable":true,"href":"https:\/\/agora.xtec.cat\/escolalacustaria\/wp-json\/wp\/v2\/comments?post=13038"}],"version-history":[{"count":6,"href":"https:\/\/agora.xtec.cat\/escolalacustaria\/wp-json\/wp\/v2\/pages\/13038\/revisions"}],"predecessor-version":[{"id":23956,"href":"https:\/\/agora.xtec.cat\/escolalacustaria\/wp-json\/wp\/v2\/pages\/13038\/revisions\/23956"}],"up":[{"embeddable":true,"href":"https:\/\/agora.xtec.cat\/escolalacustaria\/wp-json\/wp\/v2\/pages\/2489"}],"wp:attachment":[{"href":"https:\/\/agora.xtec.cat\/escolalacustaria\/wp-json\/wp\/v2\/media?parent=13038"}],"curies":[{"name":"wp","href":"https:\/\/api.w.org\/{rel}","templated":true}]}}