{"id":12179,"date":"2018-10-22T12:55:42","date_gmt":"2018-10-22T10:55:42","guid":{"rendered":"http:\/\/agora.xtec.cat\/escolalacustaria\/?page_id=12179"},"modified":"2022-10-03T12:36:06","modified_gmt":"2022-10-03T10:36:06","slug":"families","status":"publish","type":"page","link":"https:\/\/agora.xtec.cat\/escolalacustaria\/lescola\/families\/","title":{"rendered":"Acc\u00e9s als COMPTES de l&#8217;ESCOLA  (Drive i Classroom)"},"content":{"rendered":"<p>&nbsp;<\/p>\n<p>Per poder veure les fotografies dels alumnes entreu al seg\u00fcent enlla\u00e7, Google Drive:<\/p>\n<h3 style=\"text-align: center;\"><a href=\"https:\/\/drive.google.com\/a\/escolalacustaria.cat\" target=\"_blank\" rel=\"noopener noreferrer\"><strong>COMPTE ESCOLA<\/strong><\/a><\/h3>\n<p><a href=\"https:\/\/drive.google.com\/a\/escolalacustaria.cat\" target=\"_blank\" rel=\"noopener noreferrer\"><img loading=\"lazy\" decoding=\"async\" class=\"aligncenter size-medium wp-image-16211\" src=\"https:\/\/agora.xtec.cat\/escolalacustaria\/wp-content\/uploads\/usu1252\/2020\/07\/drive-300x160.jpg\" alt=\"\" width=\"300\" height=\"160\" srcset=\"https:\/\/agora.xtec.cat\/escolalacustaria\/wp-content\/uploads\/usu1252\/2020\/07\/drive-300x160.jpg 300w, https:\/\/agora.xtec.cat\/escolalacustaria\/wp-content\/uploads\/usu1252\/2020\/07\/drive.jpg 518w\" sizes=\"auto, (max-width: 300px) 100vw, 300px\" \/><\/a><\/p>\n<div class=\"container-wrapper-genially\" style=\"position: relative; min-height: 300px; max-width: 100%;\">\n<p><video class=\"loader-genially\" style=\"position: absolute; top: 45%; left: 50%; transform: translate(-50%, -50%); width: 80px; height: 80px; margin-bottom: 10%;\" autoplay=\"autoplay\" loop=\"loop\" muted=\"muted\" width=\"200\" height=\"50\"><source src=\"https:\/\/static.genial.ly\/resources\/panel-loader-low.mp4\" type=\"video\/mp4\" \/>Your browser does not support the video tag.<\/video><\/p>\n<div id=\"5e908d03fba9d40d9e447ba3\" class=\"genially-embed\" style=\"margin: 0px auto; position: relative; height: auto; width: 100%;\"><\/div>\n<\/div>\n<p><script>(function (d) { var js, id = \"genially-embed-js\", ref = d.getElementsByTagName(\"script\")[0]; if (d.getElementById(id)) { return; } js = d.createElement(\"script\"); js.id = id; js.async = true; js.src = \"https:\/\/view.genial.ly\/static\/embed\/embed.js\"; ref.parentNode.insertBefore(js, ref); }(document));<\/script><\/p>\n<p>&nbsp;<\/p>\n<p>&nbsp;<\/p>\n<p>&nbsp;<\/p>\n<p>Si voleu instal\u00b7lar-vos el <strong>compte de Google Workspace<\/strong>\u00a0dels vostres fills\/es al m\u00f2bil us facilitem el seg\u00fcent tutorial:<\/p>\n<p><a href=\"https:\/\/drive.google.com\/file\/d\/171engSa76OO6sdx6_vJEffHAFaVg3vOQ\/view?usp=sharing\" target=\"_blank\" rel=\"noopener noreferrer\">Com instal\u00b7lar el compte de l&#8217;escola amb ANDROID<\/a><\/p>\n<p><a href=\"https:\/\/drive.google.com\/file\/d\/1jHxiHGPoCXs08sjQ7u_TPrKDRV-KAiIt\/view?usp=sharing\" target=\"_blank\" rel=\"noopener noreferrer\">Com instal\u00b7lar el compte de l&#8217;escola amb IOS<\/a><\/p>\n<p><a href=\"https:\/\/www.youtube.com\/watch?v=WnKNuqZTw5g&amp;feature=youtu.be\" target=\"_blank\" rel=\"noopener noreferrer\">Com entrar als comptes de l&#8217;alumnat des d&#8217;un ordinador<\/a><\/p>\n<h3><\/h3>\n<p>&nbsp;<\/p>\n<h3><strong>Tutorials per Drive i Classroom:<\/strong><\/h3>\n<p><span class=\"gmail_default\">\u200b<\/span> <a href=\"https:\/\/www.youtube.com\/watch?v=WnKNuqZTw5g&amp;feature=youtu.be\" target=\"_blank\" rel=\"noopener noreferrer\" data-saferedirecturl=\"https:\/\/www.google.com\/url?q=https:\/\/www.youtube.com\/watch?v%3DaGG23reP5dM&amp;source=gmail&amp;ust=1585751810384000&amp;usg=AFQjCNEKkjURqAUXmAK-suA3dv_bw8Dq9g\">&#8211; Entrar al Drive i Classroom des d&#8217;un ordinador.<\/a><\/p>\n<p><a href=\"https:\/\/www.youtube.com\/watch?v=UUZ0YpEghFE&amp;t=54s\" target=\"_blank\" rel=\"noopener noreferrer\" data-saferedirecturl=\"https:\/\/www.google.com\/url?q=https:\/\/www.youtube.com\/watch?v%3DUUZ0YpEghFE%26t%3D54s&amp;source=gmail&amp;ust=1585749703523000&amp;usg=AFQjCNEtNhDrGLBmld4GryQV6JNoMPiSfQ\">\u00a0&#8211; Veure i editar la carpeta personal del Drive (mitjans)<\/a><\/p>\n<p><a style=\"font-family: inherit; font-size: 1em;\" href=\"https:\/\/youtu.be\/3kZTGOc4NbI\" target=\"_blank\" rel=\"noopener noreferrer\" data-saferedirecturl=\"https:\/\/www.google.com\/url?q=https:\/\/youtu.be\/3kZTGOc4NbI&amp;source=gmail&amp;ust=1585749703523000&amp;usg=AFQjCNFM7xiYtpGEzGShXCxbUNPbkRtMbQ\">\u00a0 &#8211; Afegir documents a la carpeta personal des del m\u00f2bil (Android). <\/a><\/p>\n<p><a style=\"font-family: inherit; font-size: 1em;\" href=\"https:\/\/www.youtube.com\/watch?v=ReTZSN6E8OY\" target=\"_blank\" rel=\"noopener noreferrer\" data-saferedirecturl=\"https:\/\/www.google.com\/url?q=https:\/\/www.youtube.com\/watch?v%3DReTZSN6E8OY&amp;source=gmail&amp;ust=1585749703523000&amp;usg=AFQjCNGUF9Tc5WdGzxapQ5nBJOBaqXDFuw\">\u00a0 &#8211; Pujar un arxiu i compartir-lo amb els mestres (Grans)<\/a><\/p>\n<p>&#8211; <a href=\"https:\/\/view.genial.ly\/5f44dd15b8f2da0d414ebf52\/presentation-classroom-per-alumnes\" target=\"_blank\" rel=\"noopener noreferrer\">Benvinguda al Classroom (tutorial per alumnat i fam\u00edlies)<\/a><\/p>\n<h3><\/h3>\n<h3><strong>Tutorials per Meet:<\/strong><\/h3>\n<p>&#8211; <a href=\"https:\/\/youtu.be\/YeJDCUjoV2I\" target=\"_blank\" rel=\"noopener noreferrer\">Instal\u00b7lar Classroom i Google Meet al m\u00f2bil o tauleta (3r i Grans)<\/a><\/p>\n<p>&#8211; <a href=\"https:\/\/youtu.be\/WnKNuqZTw5g\" target=\"_blank\" rel=\"noopener noreferrer\">Entrar a una videoconfer\u00e8ncia a trav\u00e9s de Classroom amb l&#8217;ordinador o Chromebook (3r i Grans)<\/a><\/p>\n<p>&#8211; <a href=\"https:\/\/www.youtube.com\/watch?v=iKKvuuyH4O0\" target=\"_blank\" rel=\"noopener noreferrer\">Entrar a una videoconfer\u00e8ncia a trav\u00e9s de Classroom amb el m\u00f2bil o tauleta (3r i Grans)<\/a><\/p>\n<p>&nbsp;<\/p>\n<p><a href=\"https:\/\/youtu.be\/yZD106qsa3g\" target=\"_blank\" rel=\"noopener noreferrer\">&#8211; Accedir, i instal\u00b7lar l&#8217;aplicaci\u00f3, a una videotrucada a trav\u00e9s del correu electr\u00f2nic amb el m\u00f2bil o tauleta (Petits i 1r i 2n)<\/a><\/p>\n<p><a href=\"https:\/\/youtu.be\/HZG_pXC1eJw\" target=\"_blank\" rel=\"noopener noreferrer\">&#8211; Accedir a una videotrucada des del correu electr\u00f2nic amb l&#8217;ordinador\u00a0<\/a><\/p>\n<p>&nbsp;<\/p>\n<h3><strong>CODE<\/strong><\/h3>\n<p>&#8211; <a href=\"https:\/\/youtu.be\/kfVSa23v-LQ\">Com entrar al CODE<\/a><\/p>\n<p>&#8211; <a href=\"https:\/\/youtu.be\/CENdZkoWti0\">Quan he acabat un curs de CODE, com vaig al seg\u00fcent?<\/a><\/p>\n<p>&nbsp;<\/p>\n<p>Aquests i altres videotutorials els trobareu al nostre <a href=\"https:\/\/www.youtube.com\/channel\/UC4ZzUU5u4Pw0LwIR0khvTpA\/playlists\">Canal de Youtube<\/a><\/p>\n<p>Qualsevol\u00a0dubte podeu adre\u00e7ar-vos a la seg\u00fcent adre\u00e7a electr\u00f2nica:<\/p>\n<p>admin@escolalacustaria.cat<\/p>\n<p>&nbsp;<\/p>\n","protected":false},"excerpt":{"rendered":"<p>&nbsp; Per poder veure les fotografies dels alumnes entreu al seg\u00fcent enlla\u00e7, Google Drive: COMPTE ESCOLA Your browser does not support the video tag. &nbsp; &nbsp; &nbsp; Si voleu instal\u00b7lar-vos el compte de Google Workspace\u00a0dels vostres fills\/es al m\u00f2bil us facilitem el seg\u00fcent tutorial: Com instal\u00b7lar el compte de l&#8217;escola amb ANDROID Com instal\u00b7lar el [&hellip;]<\/p>\n","protected":false},"author":1,"featured_media":0,"parent":22,"menu_order":0,"comment_status":"closed","ping_status":"closed","template":"","meta":{"_bbp_topic_count":0,"_bbp_reply_count":0,"_bbp_total_topic_count":0,"_bbp_total_reply_count":0,"_bbp_voice_count":0,"_bbp_anonymous_reply_count":0,"_bbp_topic_count_hidden":0,"_bbp_reply_count_hidden":0,"_bbp_forum_subforum_count":0,"site-sidebar-layout":"default","site-content-layout":"","ast-site-content-layout":"","site-content-style":"default","site-sidebar-style":"default","ast-global-header-display":"","ast-banner-title-visibility":"","ast-main-header-display":"","ast-hfb-above-header-display":"","ast-hfb-below-header-display":"","ast-hfb-mobile-header-display":"","site-post-title":"","ast-breadcrumbs-content":"","ast-featured-img":"","footer-sml-layout":"","theme-transparent-header-meta":"","adv-header-id-meta":"","stick-header-meta":"","header-above-stick-meta":"","header-main-stick-meta":"","header-below-stick-meta":"","astra-migrate-meta-layouts":"default","ast-page-background-enabled":"default","ast-page-background-meta":{"desktop":{"background-color":"var(--ast-global-color-4)","background-image":"","background-repeat":"repeat","background-position":"center center","background-size":"auto","background-attachment":"scroll","background-type":"","background-media":"","overlay-type":"","overlay-color":"","overlay-opacity":"","overlay-gradient":""},"tablet":{"background-color":"","background-image":"","background-repeat":"repeat","background-position":"center center","background-size":"auto","background-attachment":"scroll","background-type":"","background-media":"","overlay-type":"","overlay-color":"","overlay-opacity":"","overlay-gradient":""},"mobile":{"background-color":"","background-image":"","background-repeat":"repeat","background-position":"center center","background-size":"auto","background-attachment":"scroll","background-type":"","background-media":"","overlay-type":"","overlay-color":"","overlay-opacity":"","overlay-gradient":""}},"ast-content-background-meta":{"desktop":{"background-color":"var(--ast-global-color-5)","background-image":"","background-repeat":"repeat","background-position":"center center","background-size":"auto","background-attachment":"scroll","background-type":"","background-media":"","overlay-type":"","overlay-color":"","overlay-opacity":"","overlay-gradient":""},"tablet":{"background-color":"var(--ast-global-color-5)","background-image":"","background-repeat":"repeat","background-position":"center center","background-size":"auto","background-attachment":"scroll","background-type":"","background-media":"","overlay-type":"","overlay-color":"","overlay-opacity":"","overlay-gradient":""},"mobile":{"background-color":"var(--ast-global-color-5)","background-image":"","background-repeat":"repeat","background-position":"center center","background-size":"auto","background-attachment":"scroll","background-type":"","background-media":"","overlay-type":"","overlay-color":"","overlay-opacity":"","overlay-gradient":""}},"footnotes":""},"class_list":["post-12179","page","type-page","status-publish","hentry"],"post_mailing_queue_ids":[],"_links":{"self":[{"href":"https:\/\/agora.xtec.cat\/escolalacustaria\/wp-json\/wp\/v2\/pages\/12179","targetHints":{"allow":["GET"]}}],"collection":[{"href":"https:\/\/agora.xtec.cat\/escolalacustaria\/wp-json\/wp\/v2\/pages"}],"about":[{"href":"https:\/\/agora.xtec.cat\/escolalacustaria\/wp-json\/wp\/v2\/types\/page"}],"author":[{"embeddable":true,"href":"https:\/\/agora.xtec.cat\/escolalacustaria\/wp-json\/wp\/v2\/users\/1"}],"replies":[{"embeddable":true,"href":"https:\/\/agora.xtec.cat\/escolalacustaria\/wp-json\/wp\/v2\/comments?post=12179"}],"version-history":[{"count":4,"href":"https:\/\/agora.xtec.cat\/escolalacustaria\/wp-json\/wp\/v2\/pages\/12179\/revisions"}],"predecessor-version":[{"id":20858,"href":"https:\/\/agora.xtec.cat\/escolalacustaria\/wp-json\/wp\/v2\/pages\/12179\/revisions\/20858"}],"up":[{"embeddable":true,"href":"https:\/\/agora.xtec.cat\/escolalacustaria\/wp-json\/wp\/v2\/pages\/22"}],"wp:attachment":[{"href":"https:\/\/agora.xtec.cat\/escolalacustaria\/wp-json\/wp\/v2\/media?parent=12179"}],"curies":[{"name":"wp","href":"https:\/\/api.w.org\/{rel}","templated":true}]}}