{"id":87,"date":"2014-09-18T14:28:12","date_gmt":"2014-09-18T13:28:12","guid":{"rendered":"http:\/\/agora.xtec.cat\/escolalaclosa\/?page_id=87"},"modified":"2015-10-27T10:05:19","modified_gmt":"2015-10-27T09:05:19","slug":"nivells","status":"publish","type":"page","link":"https:\/\/agora.xtec.cat\/escolalaclosa\/nivells\/","title":{"rendered":"Nivells"},"content":{"rendered":"<p>De P3 a 6\u00e8 cada nivell t\u00e9 una p\u00e0gina pr\u00f2pia, que es creen mitjan\u00e7ant les categories.<\/p>\n<p>Les categories es defineixen des del men\u00fa de les entrades del blog. Paral\u00b7lelament als nivells tamb\u00e9 es poden definir m\u00e9s categories.<\/p>\n<p>Ja estan definides les categories: Educaci\u00f3 infantil, P3, P4, P5, Educaci\u00f3 prim\u00e0ria, 1r curs, 2n curs, 3r curs, 4t curs, 5\u00e8 curs, 6\u00e8 curs.<\/p>\n","protected":false},"excerpt":{"rendered":"<p>De P3 a 6\u00e8 cada nivell t\u00e9 una p\u00e0gina pr\u00f2pia, que es creen mitjan\u00e7ant les categories.<br \/>\nLes categories es defineixen des del men\u00fa de les entrades del blog. Paral\u00b7lelament als nivells tamb\u00e9 es poden definir m\u00e9s categories.<br \/>\nJa estan definides les categories: Educaci\u00f3 infantil, P3, P4, P5,&hellip;  <a href=\"https:\/\/agora.xtec.cat\/escolalaclosa\/nivells\/\" title=\"Read Nivells\">Llegeix m\u00e9s\u00bb<\/a><\/p>\n","protected":false},"author":1,"featured_media":0,"parent":0,"menu_order":0,"comment_status":"closed","ping_status":"closed","template":"page-templates\/side-menu.php","meta":{"_bbp_topic_count":0,"_bbp_reply_count":0,"_bbp_total_topic_count":0,"_bbp_total_reply_count":0,"_bbp_voice_count":0,"_bbp_anonymous_reply_count":0,"_bbp_topic_count_hidden":0,"_bbp_reply_count_hidden":0,"_bbp_forum_subforum_count":0,"footnotes":""},"class_list":["post-87","page","type-page","status-publish","hentry"],"post_mailing_queue_ids":[],"_links":{"self":[{"href":"https:\/\/agora.xtec.cat\/escolalaclosa\/wp-json\/wp\/v2\/pages\/87","targetHints":{"allow":["GET"]}}],"collection":[{"href":"https:\/\/agora.xtec.cat\/escolalaclosa\/wp-json\/wp\/v2\/pages"}],"about":[{"href":"https:\/\/agora.xtec.cat\/escolalaclosa\/wp-json\/wp\/v2\/types\/page"}],"author":[{"embeddable":true,"href":"https:\/\/agora.xtec.cat\/escolalaclosa\/wp-json\/wp\/v2\/users\/1"}],"replies":[{"embeddable":true,"href":"https:\/\/agora.xtec.cat\/escolalaclosa\/wp-json\/wp\/v2\/comments?post=87"}],"version-history":[{"count":3,"href":"https:\/\/agora.xtec.cat\/escolalaclosa\/wp-json\/wp\/v2\/pages\/87\/revisions"}],"predecessor-version":[{"id":138,"href":"https:\/\/agora.xtec.cat\/escolalaclosa\/wp-json\/wp\/v2\/pages\/87\/revisions\/138"}],"wp:attachment":[{"href":"https:\/\/agora.xtec.cat\/escolalaclosa\/wp-json\/wp\/v2\/media?parent=87"}],"curies":[{"name":"wp","href":"https:\/\/api.w.org\/{rel}","templated":true}]}}