{"id":5874,"date":"2021-06-17T20:52:22","date_gmt":"2021-06-17T18:52:22","guid":{"rendered":"http:\/\/agora.xtec.cat\/escolalaclosa\/?page_id=5874"},"modified":"2022-05-25T18:15:17","modified_gmt":"2022-05-25T16:15:17","slug":"a-un-sol-pas-de-salvar-vides","status":"publish","type":"page","link":"https:\/\/agora.xtec.cat\/escolalaclosa\/a-un-sol-pas-de-salvar-vides\/","title":{"rendered":"PROJECTES DE COMUNICACI\u00d3 INTEGRATS"},"content":{"rendered":"<div><strong><em>PROJECTE DE COMUNICACI\u00d3 INTEGRAT CICLE MITJ\u00c0<\/em><\/strong><\/div>\n<div><\/div>\n<div><strong><a href=\"https:\/\/view.genial.ly\/60b615333e770a0d4cdc7706\/presentation-fevem-lebe\">\u27a1F\u00c8VEM L&#8217;EBE\u26f7\ud83c\udfbf<\/a><\/strong><\/div>\n<div><\/div>\n<div><a href=\"https:\/\/agora.xtec.cat\/escolalaclosa\/wp-content\/uploads\/usu692\/2022\/05\/Sense-titol-2.jpg\"><img loading=\"lazy\" decoding=\"async\" class=\"alignleft wp-image-6804 size-full\" src=\"https:\/\/agora.xtec.cat\/escolalaclosa\/wp-content\/uploads\/usu692\/2022\/05\/Sense-titol-2.jpg\" alt=\"\" width=\"996\" height=\"541\" srcset=\"https:\/\/agora.xtec.cat\/escolalaclosa\/wp-content\/uploads\/usu692\/2022\/05\/Sense-titol-2.jpg 996w, https:\/\/agora.xtec.cat\/escolalaclosa\/wp-content\/uploads\/usu692\/2022\/05\/Sense-titol-2-300x163.jpg 300w, https:\/\/agora.xtec.cat\/escolalaclosa\/wp-content\/uploads\/usu692\/2022\/05\/Sense-titol-2-768x417.jpg 768w\" sizes=\"auto, (max-width: 996px) 100vw, 996px\" \/><\/a><\/div>\n<div><\/div>\n<div><\/div>\n<div><\/div>\n<div><\/div>\n<div><\/div>\n<div><\/div>\n<div><\/div>\n<div><\/div>\n<div><\/div>\n<div><\/div>\n<div><\/div>\n<div><\/div>\n<div><\/div>\n<div><\/div>\n<div><\/div>\n<div><\/div>\n<div><\/div>\n<div><\/div>\n<div><\/div>\n<div><\/div>\n<div><\/div>\n<div><\/div>\n<div><\/div>\n<div><\/div>\n<div><\/div>\n<div><\/div>\n<div><\/div>\n<div><\/div>\n<div><\/div>\n<div><strong><em>PROJECTE DE COMUNICACI\u00d3 INTEGRAT CICLE SUPERIOR<\/em><\/strong><\/div>\n<div><\/div>\n<div>\n<div style=\"width: 100%;\">\n<div style=\"position: relative; padding-bottom: 81.36%; padding-top: 0; height: 0;\"><iframe loading=\"lazy\" style=\"position: absolute; top: 0; left: 0; width: 100%; height: 100%;\" src=\"https:\/\/view.genial.ly\/60cb22419124a70dd0d747bb\" width=\"719\" height=\"585\" frameborder=\"0\" scrolling=\"yes\" allowfullscreen=\"allowfullscreen\"><\/iframe><\/div>\n<\/div>\n<\/div>\n<p>&nbsp;<\/p>\n<p>&nbsp;<\/p>\n","protected":false},"excerpt":{"rendered":"<p>PROJECTE DE COMUNICACI\u00d3 INTEGRAT CICLE MITJ\u00c0<\/p>\n<p><a href=\"https:\/\/view.genial.ly\/60b615333e770a0d4cdc7706\/presentation-fevem-lebe\">\u27a1F\u00c8VEM L&#8217;EBE\u26f7\ud83c\udfbf<\/a><\/p>\n<p><a href=\"https:\/\/agora.xtec.cat\/escolalaclosa\/wp-content\/uploads\/usu692\/2022\/05\/Sense-titol-2.jpg\"><\/a><\/p>\n<p>PROJECTE DE COMUNICACI\u00d3 INTEGRAT CICLE SUPERIOR<\/p>\n<p>&nbsp;<br \/>\n&nbsp;<\/p>\n","protected":false},"author":1,"featured_media":0,"parent":0,"menu_order":0,"comment_status":"closed","ping_status":"closed","template":"","meta":{"_bbp_topic_count":0,"_bbp_reply_count":0,"_bbp_total_topic_count":0,"_bbp_total_reply_count":0,"_bbp_voice_count":0,"_bbp_anonymous_reply_count":0,"_bbp_topic_count_hidden":0,"_bbp_reply_count_hidden":0,"_bbp_forum_subforum_count":0,"footnotes":""},"class_list":["post-5874","page","type-page","status-publish","hentry"],"post_mailing_queue_ids":[],"_links":{"self":[{"href":"https:\/\/agora.xtec.cat\/escolalaclosa\/wp-json\/wp\/v2\/pages\/5874","targetHints":{"allow":["GET"]}}],"collection":[{"href":"https:\/\/agora.xtec.cat\/escolalaclosa\/wp-json\/wp\/v2\/pages"}],"about":[{"href":"https:\/\/agora.xtec.cat\/escolalaclosa\/wp-json\/wp\/v2\/types\/page"}],"author":[{"embeddable":true,"href":"https:\/\/agora.xtec.cat\/escolalaclosa\/wp-json\/wp\/v2\/users\/1"}],"replies":[{"embeddable":true,"href":"https:\/\/agora.xtec.cat\/escolalaclosa\/wp-json\/wp\/v2\/comments?post=5874"}],"version-history":[{"count":3,"href":"https:\/\/agora.xtec.cat\/escolalaclosa\/wp-json\/wp\/v2\/pages\/5874\/revisions"}],"predecessor-version":[{"id":6807,"href":"https:\/\/agora.xtec.cat\/escolalaclosa\/wp-json\/wp\/v2\/pages\/5874\/revisions\/6807"}],"wp:attachment":[{"href":"https:\/\/agora.xtec.cat\/escolalaclosa\/wp-json\/wp\/v2\/media?parent=5874"}],"curies":[{"name":"wp","href":"https:\/\/api.w.org\/{rel}","templated":true}]}}