{"id":402,"date":"2016-04-08T14:24:26","date_gmt":"2016-04-08T13:24:26","guid":{"rendered":"http:\/\/agora.xtec.cat\/escolalaclosa\/?page_id=402"},"modified":"2016-06-27T11:11:02","modified_gmt":"2016-06-27T10:11:02","slug":"lescola-de-les-valls-daneu","status":"publish","type":"page","link":"https:\/\/agora.xtec.cat\/escolalaclosa\/lescola\/lescola-de-les-valls-daneu\/","title":{"rendered":"L&#8217;escola de les Valls d&#8217;\u00c0neu"},"content":{"rendered":"<p>A continuaci\u00f3 oferim un mapa d&#8217;alguns dels pobles de les Valls d&#8217;\u00c0neu des d&#8217;on arriben els nostres alumnes.<\/p>\n<p>&nbsp;<\/p>\n<p><iframe loading=\"lazy\" src=\"https:\/\/www.google.com\/maps\/d\/embed?mid=1352gEhdxVKf-XOvOePHSLEpgMq8\" width=\"640\" height=\"480\"><\/iframe><\/p>\n","protected":false},"excerpt":{"rendered":"<p>A continuaci\u00f3 oferim un mapa d&#8217;alguns dels pobles de les Valls d&#8217;\u00c0neu des d&#8217;on arriben els nostres alumnes.<br \/>\n&nbsp;<\/p>\n","protected":false},"author":1,"featured_media":0,"parent":22,"menu_order":55,"comment_status":"closed","ping_status":"closed","template":"","meta":{"_bbp_topic_count":0,"_bbp_reply_count":0,"_bbp_total_topic_count":0,"_bbp_total_reply_count":0,"_bbp_voice_count":0,"_bbp_anonymous_reply_count":0,"_bbp_topic_count_hidden":0,"_bbp_reply_count_hidden":0,"_bbp_forum_subforum_count":0,"footnotes":""},"class_list":["post-402","page","type-page","status-publish","hentry"],"post_mailing_queue_ids":[],"_links":{"self":[{"href":"https:\/\/agora.xtec.cat\/escolalaclosa\/wp-json\/wp\/v2\/pages\/402","targetHints":{"allow":["GET"]}}],"collection":[{"href":"https:\/\/agora.xtec.cat\/escolalaclosa\/wp-json\/wp\/v2\/pages"}],"about":[{"href":"https:\/\/agora.xtec.cat\/escolalaclosa\/wp-json\/wp\/v2\/types\/page"}],"author":[{"embeddable":true,"href":"https:\/\/agora.xtec.cat\/escolalaclosa\/wp-json\/wp\/v2\/users\/1"}],"replies":[{"embeddable":true,"href":"https:\/\/agora.xtec.cat\/escolalaclosa\/wp-json\/wp\/v2\/comments?post=402"}],"version-history":[{"count":3,"href":"https:\/\/agora.xtec.cat\/escolalaclosa\/wp-json\/wp\/v2\/pages\/402\/revisions"}],"predecessor-version":[{"id":716,"href":"https:\/\/agora.xtec.cat\/escolalaclosa\/wp-json\/wp\/v2\/pages\/402\/revisions\/716"}],"up":[{"embeddable":true,"href":"https:\/\/agora.xtec.cat\/escolalaclosa\/wp-json\/wp\/v2\/pages\/22"}],"wp:attachment":[{"href":"https:\/\/agora.xtec.cat\/escolalaclosa\/wp-json\/wp\/v2\/media?parent=402"}],"curies":[{"name":"wp","href":"https:\/\/api.w.org\/{rel}","templated":true}]}}