{"id":38,"date":"2014-09-18T12:34:08","date_gmt":"2014-09-18T11:34:08","guid":{"rendered":"http:\/\/agora.xtec.cat\/escolalaclosa\/?page_id=38"},"modified":"2016-04-19T08:40:50","modified_gmt":"2016-04-19T07:40:50","slug":"salut","status":"publish","type":"page","link":"https:\/\/agora.xtec.cat\/escolalaclosa\/lescola\/salut\/","title":{"rendered":"Salut"},"content":{"rendered":"<div class=\"entry-content\">\n<h5><strong>Medicaments<\/strong><\/h5>\n<p>A l\u2019escola no s\u2019administrar\u00e0 cap medicament que no vagi acompanyat del corresponent justificant i recepta m\u00e8dica, i l\u2019<a href=\"http:\/\/agora.xtec.cat\/escolalaclosa\/lescola\/circulars\/\">autoritzaci\u00f3<\/a> de les fam\u00edlies als mestres i personal del centre a administrar el\u00a0medicament.<\/p>\n<p>Es recorda a les fam\u00edlies la possibilitat d\u2019administrar el medicament fora de l\u2019horari lectiu, sempre i quan la dosi hor\u00e0ria ho permeti, o b\u00e9, que sigui el mateix pare\/mare\/tutor\/a legal de l\u2019alumne\/a qui vingui al centre a administrar-ho al seu fill\/a.<\/p>\n<h5><strong>Al\u00b7l\u00e8rgies i intoler\u00e0ncies<\/strong><\/h5>\n<p>Si algun alumne presenta algun tipus d\u2019intoler\u00e0ncia i\/o al\u00b7l\u00e8rgia \u00e9s responsabilitat de les fam\u00edlies comunicar-ho al centre, aix\u00ed com tamb\u00e9, entregar una c\u00f2pia del\u00a0justificant m\u00e8dic pertinent a inici de curs.<\/p>\n<h5><strong>Tractaments pediculicides (polls)<\/strong><\/h5>\n<p>Cal que, des de casa, reviseu el cap dels vostres fills\/es peri\u00f2dicament. En cas que trobeu polls, cal avisar immediatament al centre i deixar el nen\/a a casa fent el tractament per tal d\u2019evitar contagis.<\/p>\n<p>Quan s&#8217;hagi eliminat la infecci\u00f3 de polls, l\u2019alumne\/a pot tornar al centre.<\/p>\n<p>Si, des de l\u2019escola, detectem algun cas de polls, avisarem a la fam\u00edlia. En cas que no es porti a terme cap tractament per a la desinfecci\u00f3, enviarem el nen\/a a casa.<\/p>\n<\/div>\n","protected":false},"excerpt":{"rendered":"<p>Medicaments<br \/>\nA l\u2019escola no s\u2019administrar\u00e0 cap medicament que no vagi acompanyat del corresponent justificant i recepta m\u00e8dica, i l\u2019<a href=\"http:\/\/agora.xtec.cat\/escolalaclosa\/lescola\/circulars\/\">autoritzaci\u00f3<\/a> de les fam\u00edlies als mestres i personal del centre a administrar el\u00a0medicament.<br \/>\nEs recorda a les fam\u00edlies la possibilitat d\u2019administrar el medicament fora de l\u2019horari lectiu, sempre&hellip;  <a href=\"https:\/\/agora.xtec.cat\/escolalaclosa\/lescola\/salut\/\" title=\"Read Salut\">Llegeix m\u00e9s\u00bb<\/a><\/p>\n","protected":false},"author":1,"featured_media":0,"parent":22,"menu_order":80,"comment_status":"closed","ping_status":"closed","template":"page-templates\/side-menu.php","meta":{"_bbp_topic_count":0,"_bbp_reply_count":0,"_bbp_total_topic_count":0,"_bbp_total_reply_count":0,"_bbp_voice_count":0,"_bbp_anonymous_reply_count":0,"_bbp_topic_count_hidden":0,"_bbp_reply_count_hidden":0,"_bbp_forum_subforum_count":0,"footnotes":""},"class_list":["post-38","page","type-page","status-publish","hentry"],"post_mailing_queue_ids":[],"_links":{"self":[{"href":"https:\/\/agora.xtec.cat\/escolalaclosa\/wp-json\/wp\/v2\/pages\/38","targetHints":{"allow":["GET"]}}],"collection":[{"href":"https:\/\/agora.xtec.cat\/escolalaclosa\/wp-json\/wp\/v2\/pages"}],"about":[{"href":"https:\/\/agora.xtec.cat\/escolalaclosa\/wp-json\/wp\/v2\/types\/page"}],"author":[{"embeddable":true,"href":"https:\/\/agora.xtec.cat\/escolalaclosa\/wp-json\/wp\/v2\/users\/1"}],"replies":[{"embeddable":true,"href":"https:\/\/agora.xtec.cat\/escolalaclosa\/wp-json\/wp\/v2\/comments?post=38"}],"version-history":[{"count":3,"href":"https:\/\/agora.xtec.cat\/escolalaclosa\/wp-json\/wp\/v2\/pages\/38\/revisions"}],"predecessor-version":[{"id":462,"href":"https:\/\/agora.xtec.cat\/escolalaclosa\/wp-json\/wp\/v2\/pages\/38\/revisions\/462"}],"up":[{"embeddable":true,"href":"https:\/\/agora.xtec.cat\/escolalaclosa\/wp-json\/wp\/v2\/pages\/22"}],"wp:attachment":[{"href":"https:\/\/agora.xtec.cat\/escolalaclosa\/wp-json\/wp\/v2\/media?parent=38"}],"curies":[{"name":"wp","href":"https:\/\/api.w.org\/{rel}","templated":true}]}}