{"id":3460,"date":"2019-10-30T09:43:03","date_gmt":"2019-10-30T08:43:03","guid":{"rendered":"http:\/\/agora.xtec.cat\/escolalaclosa\/?page_id=3460"},"modified":"2024-11-08T11:38:12","modified_gmt":"2024-11-08T10:38:12","slug":"projecte-educatiu-de-centre-en-revisio","status":"publish","type":"page","link":"https:\/\/agora.xtec.cat\/escolalaclosa\/projecte-educatiu-de-centre-en-revisio\/","title":{"rendered":"PROJECTE EDUCATIU DE CENTRE (en revisi\u00f3)"},"content":{"rendered":"<p>&nbsp;<\/p>\n<div style=\"text-align: center;\">\n<div style=\"margin: 8px 0px 4px;\"><a href=\"https:\/\/www.calameo.com\/books\/004680857c8a707648484\" target=\"_blank\" rel=\"noopener\">Presentaci\u00f3 Reuni\u00f3 Fam\u00edlies 24 25 Pptx<\/a><\/div>\n<p><iframe loading=\"lazy\" style=\"margin: 0 auto;\" src=\"\/\/v.calameo.com\/?bkcode=004680857c8a707648484&amp;mode=mini\" width=\"480\" height=\"300\" frameborder=\"0\" scrolling=\"no\" allowfullscreen=\"allowfullscreen\" data-mce-fragment=\"1\"><\/iframe><\/p>\n<div style=\"margin: 4px 0px 8px;\"><a href=\"http:\/\/www.calameo.com\/\" target=\"_blank\" rel=\"noopener\">Read more publications on Calam\u00e9o<\/a><\/div>\n<\/div>\n","protected":false},"excerpt":{"rendered":"<p>&nbsp;<\/p>\n<p><a href=\"https:\/\/www.calameo.com\/books\/004680857c8a707648484\" target=\"_blank\" rel=\"noopener\">Presentaci\u00f3 Reuni\u00f3 Fam\u00edlies 24 25 Pptx<\/a><\/p>\n<p><a href=\"http:\/\/www.calameo.com\/\" target=\"_blank\" rel=\"noopener\">Read more publications on Calam\u00e9o<\/a><\/p>\n","protected":false},"author":1,"featured_media":0,"parent":0,"menu_order":0,"comment_status":"closed","ping_status":"closed","template":"","meta":{"_bbp_topic_count":0,"_bbp_reply_count":0,"_bbp_total_topic_count":0,"_bbp_total_reply_count":0,"_bbp_voice_count":0,"_bbp_anonymous_reply_count":0,"_bbp_topic_count_hidden":0,"_bbp_reply_count_hidden":0,"_bbp_forum_subforum_count":0,"footnotes":""},"class_list":["post-3460","page","type-page","status-publish","hentry"],"post_mailing_queue_ids":[],"_links":{"self":[{"href":"https:\/\/agora.xtec.cat\/escolalaclosa\/wp-json\/wp\/v2\/pages\/3460","targetHints":{"allow":["GET"]}}],"collection":[{"href":"https:\/\/agora.xtec.cat\/escolalaclosa\/wp-json\/wp\/v2\/pages"}],"about":[{"href":"https:\/\/agora.xtec.cat\/escolalaclosa\/wp-json\/wp\/v2\/types\/page"}],"author":[{"embeddable":true,"href":"https:\/\/agora.xtec.cat\/escolalaclosa\/wp-json\/wp\/v2\/users\/1"}],"replies":[{"embeddable":true,"href":"https:\/\/agora.xtec.cat\/escolalaclosa\/wp-json\/wp\/v2\/comments?post=3460"}],"version-history":[{"count":4,"href":"https:\/\/agora.xtec.cat\/escolalaclosa\/wp-json\/wp\/v2\/pages\/3460\/revisions"}],"predecessor-version":[{"id":9030,"href":"https:\/\/agora.xtec.cat\/escolalaclosa\/wp-json\/wp\/v2\/pages\/3460\/revisions\/9030"}],"wp:attachment":[{"href":"https:\/\/agora.xtec.cat\/escolalaclosa\/wp-json\/wp\/v2\/media?parent=3460"}],"curies":[{"name":"wp","href":"https:\/\/api.w.org\/{rel}","templated":true}]}}