{"id":26,"date":"2014-09-18T12:24:32","date_gmt":"2014-09-18T11:24:32","guid":{"rendered":"http:\/\/agora.xtec.cat\/escolalaclosa\/?page_id=26"},"modified":"2020-02-07T15:46:03","modified_gmt":"2020-02-07T14:46:03","slug":"historia","status":"publish","type":"page","link":"https:\/\/agora.xtec.cat\/escolalaclosa\/lescola\/historia\/","title":{"rendered":"Hist\u00f2ria"},"content":{"rendered":"<ul>\n<li><strong>Breu hist\u00f2ria de l\u2019 escola i actual edifici<\/strong>.<\/li>\n<li>Fins a finals dels anys 60 l\u2019 escola d\u2019 Esterri era unit\u00e0ria, amb una classe per a nens, una altra per a nenes i un parvulari. Llavors es van crear dues aules m\u00e9s i es va introduir la coeducaci\u00f3. El curs 72-73 es va convertir en una graduada amb 10 mestres per donar classes i dos mestres de lleure, encarregats de l&#8217;internat. La finalitat d&#8217;aquest era concentrar els alumnes dels pobles de la comarca del Pallars Sobir\u00e0, que per motius de disminuci\u00f3 del cens escolars, havien quedat sense escola als seus pobles.<\/li>\n<li>L&#8217;edifici de l&#8217;escola la Closa l&#8217;any 1997, es reforma per tal d&#8217;ubicar-hi l&#8217;ensenyament secundari. Durant aquests anys l&#8217;escola forma part de la ZER Alt Pallars que agrupa totes les escoles de la comarca excepte la de la capital Sort. L&#8217;escola s&#8217;organitzava per cicles. \u2028L&#8217;any 2003 amb l\u2019augment d\u2019alumnat, l\u2019escola deixa de formar part de la ZER Alt Pallars. Acabades les obres d\u2019ampliaci\u00f3 de l\u2019edifici escolar, aquest queda distribu\u00eft en dues plantes la primera planta s\u2019 ubica Infantil i Prim\u00e0ria i en la segona, l\u2019Institut Morell\u00f3 i tamb\u00e9, l\u2019 aula d\u2019inform\u00e0tica, la de ci\u00e8ncies i una petita aula de refor\u00e7. Compartim tots dos centres: la sala de m\u00fasica i la sala polivalent, que es troben ubicades a la segona planta i un poliesportiu. Cal destacar la seva ubicaci\u00f3, c\u00e8ntrica i amb un pati espai\u00f3s.<\/li>\n<\/ul>\n","protected":false},"excerpt":{"rendered":"<ul>\n<li>Breu hist\u00f2ria de l\u2019 escola i actual edifici.<\/li>\n<li>Fins a finals dels anys 60 l\u2019 escola d\u2019 Esterri era unit\u00e0ria, amb una classe per a nens, una altra per a nenes i un parvulari. Llavors es van crear dues aules m\u00e9s i es va introduir la&hellip;  <a href=\"https:\/\/agora.xtec.cat\/escolalaclosa\/lescola\/historia\/\" title=\"Read Hist\u00f2ria\">Llegeix m\u00e9s\u00bb<\/a><br \/>\n","protected":false},"author":1,"featured_media":0,"parent":22,"menu_order":20,"comment_status":"closed","ping_status":"closed","template":"page-templates\/side-menu.php","meta":{"_bbp_topic_count":0,"_bbp_reply_count":0,"_bbp_total_topic_count":0,"_bbp_total_reply_count":0,"_bbp_voice_count":0,"_bbp_anonymous_reply_count":0,"_bbp_topic_count_hidden":0,"_bbp_reply_count_hidden":0,"_bbp_forum_subforum_count":0,"footnotes":""},"class_list":["post-26","page","type-page","status-publish","hentry"],"post_mailing_queue_ids":[],"_links":{"self":[{"href":"https:\/\/agora.xtec.cat\/escolalaclosa\/wp-json\/wp\/v2\/pages\/26","targetHints":{"allow":["GET"]}}],"collection":[{"href":"https:\/\/agora.xtec.cat\/escolalaclosa\/wp-json\/wp\/v2\/pages"}],"about":[{"href":"https:\/\/agora.xtec.cat\/escolalaclosa\/wp-json\/wp\/v2\/types\/page"}],"author":[{"embeddable":true,"href":"https:\/\/agora.xtec.cat\/escolalaclosa\/wp-json\/wp\/v2\/users\/1"}],"replies":[{"embeddable":true,"href":"https:\/\/agora.xtec.cat\/escolalaclosa\/wp-json\/wp\/v2\/comments?post=26"}],"version-history":[{"count":3,"href":"https:\/\/agora.xtec.cat\/escolalaclosa\/wp-json\/wp\/v2\/pages\/26\/revisions"}],"predecessor-version":[{"id":4127,"href":"https:\/\/agora.xtec.cat\/escolalaclosa\/wp-json\/wp\/v2\/pages\/26\/revisions\/4127"}],"up":[{"embeddable":true,"href":"https:\/\/agora.xtec.cat\/escolalaclosa\/wp-json\/wp\/v2\/pages\/22"}],"wp:attachment":[{"href":"https:\/\/agora.xtec.cat\/escolalaclosa\/wp-json\/wp\/v2\/media?parent=26"}],"curies":[{"name":"wp","href":"https:\/\/api.w.org\/{rel}","templated":true}]}}