{"id":660,"date":"2020-11-24T20:22:58","date_gmt":"2020-11-24T19:22:58","guid":{"rendered":"https:\/\/agora.xtec.cat\/escolalabobila\/?page_id=660"},"modified":"2023-02-01T19:01:25","modified_gmt":"2023-02-01T18:01:25","slug":"parlem-ne","status":"publish","type":"page","link":"https:\/\/agora.xtec.cat\/escolalabobila\/projecte-educatiu\/parlem-ne\/","title":{"rendered":"Parlem-ne"},"content":{"rendered":"<p><strong><a href=\"https:\/\/agora.xtec.cat\/escolalabobila\/wp-content\/uploads\/usu2422\/2020\/11\/mans.png\"><img loading=\"lazy\" decoding=\"async\" class=\" wp-image-661 aligncenter\" src=\"https:\/\/agora.xtec.cat\/escolalabobila\/wp-content\/uploads\/usu2422\/2020\/11\/mans-300x147.png\" alt=\"\" width=\"363\" height=\"178\" srcset=\"https:\/\/agora.xtec.cat\/escolalabobila\/wp-content\/uploads\/usu2422\/2020\/11\/mans-300x147.png 300w, https:\/\/agora.xtec.cat\/escolalabobila\/wp-content\/uploads\/usu2422\/2020\/11\/mans.png 548w\" sizes=\"auto, (max-width: 363px) 100vw, 363px\" \/><\/a><\/strong><\/p>\n<p><strong>El projecte Parlem-ne!<\/strong> va n\u00e9ixer el curs 2017-2018 de la voluntat de fomentar la participaci\u00f3 de l\u2018alumnat de l&#8217;escola i crear les condicions perqu\u00e8 pugui ser una realitat quotidiana en la vida del centre educatiu. El projecte <strong>Parlem-ne!<\/strong> es concreta en actuacions i metodologies orientades a desenvolupar compet\u00e8ncies personals per formar persones responsables i una ciutadania compromesa i solid\u00e0ria.<br \/>\nAix\u00ed doncs, el nomenament de delegats i la realitzaci\u00f3 d&#8217;assemblees de classe i d&#8217;escola resulten estrat\u00e8gies que ajuden i motiven l\u2019alumnat d&#8217;Educaci\u00f3 Prim\u00e0ria a participar en les activitats de l&#8217;aula, del centre i de l\u2019entorn, faciliten la seva pres\u00e8ncia en la vida del centre, el di\u00e0leg i la coresponsabilitzaci\u00f3. En resum, afavoreixen el comprom\u00eds de l&#8217;alumnat en l\u2019activitat educativa i propicien la seva formaci\u00f3 en els h\u00e0bits democr\u00e0tics de conviv\u00e8ncia.<br \/>\nA l\u2019educaci\u00f3 infantil es realitza una primera aproximaci\u00f3 a aquest projecte amb les converses en rotllana.<\/p>\n<p style=\"text-align: center;\"><a href=\"https:\/\/agora.xtec.cat\/escolalabobila\/wp-content\/uploads\/usu2422\/2020\/11\/participa.png\"><img loading=\"lazy\" decoding=\"async\" class=\"alignnone size-full wp-image-662\" src=\"https:\/\/agora.xtec.cat\/escolalabobila\/wp-content\/uploads\/usu2422\/2020\/11\/participa.png\" alt=\"\" width=\"258\" height=\"198\" \/><\/a><\/p>\n<h2 style=\"text-align: center;\">CURS 2022-2023<\/h2>\n<p>El dia 16 de gener va tenir lloc la primera assemblea d&#8217;escola des de que vam haver de suspendre el projecte pel C\u00f2vid. Vam presentar els nous delegats i delegades, escollits per les seves aules.<\/p>\n<p>Aquest any l&#8217;assemblea d&#8217;escola decidir\u00e0 com volem que sigui el nostre barri, el voltant de l&#8217;escola.<\/p>\n<p>De ben segur que els nenes i nenes de l&#8217;escola tindran moltes idees per millorar el nostre entorn. A la seg\u00fcent assemblea d&#8217;escola, tindrem la pres\u00e8ncia de l&#8217;alcalde de l&#8217;Ajuntament de Cambrils, el senyor Oliver Klein, i els nostres delegats i delegades li faran arribar les idees que han sorgit a cada aula.<\/p>\n<p>Us presentem els delegats i delegades d&#8217;aquest curs.<\/p>\n<p><a href=\"https:\/\/agora.xtec.cat\/escolalabobila\/wp-content\/uploads\/usu2422\/2023\/02\/WhatsApp-Image-2023-02-01-at-18.59.57.jpeg\"><img loading=\"lazy\" decoding=\"async\" class=\"alignnone  wp-image-2106 aligncenter\" src=\"https:\/\/agora.xtec.cat\/escolalabobila\/wp-content\/uploads\/usu2422\/2023\/02\/WhatsApp-Image-2023-02-01-at-18.59.57-1024x768.jpeg\" alt=\"\" width=\"581\" height=\"436\" srcset=\"https:\/\/agora.xtec.cat\/escolalabobila\/wp-content\/uploads\/usu2422\/2023\/02\/WhatsApp-Image-2023-02-01-at-18.59.57-1024x768.jpeg 1024w, https:\/\/agora.xtec.cat\/escolalabobila\/wp-content\/uploads\/usu2422\/2023\/02\/WhatsApp-Image-2023-02-01-at-18.59.57-300x225.jpeg 300w, https:\/\/agora.xtec.cat\/escolalabobila\/wp-content\/uploads\/usu2422\/2023\/02\/WhatsApp-Image-2023-02-01-at-18.59.57-768x576.jpeg 768w, https:\/\/agora.xtec.cat\/escolalabobila\/wp-content\/uploads\/usu2422\/2023\/02\/WhatsApp-Image-2023-02-01-at-18.59.57-1536x1152.jpeg 1536w, https:\/\/agora.xtec.cat\/escolalabobila\/wp-content\/uploads\/usu2422\/2023\/02\/WhatsApp-Image-2023-02-01-at-18.59.57-200x150.jpeg 200w, https:\/\/agora.xtec.cat\/escolalabobila\/wp-content\/uploads\/usu2422\/2023\/02\/WhatsApp-Image-2023-02-01-at-18.59.57.jpeg 2000w\" sizes=\"auto, (max-width: 581px) 100vw, 581px\" \/><\/a><\/p>\n<p>&nbsp;<\/p>\n<h2 style=\"text-align: center;\">CURS 2019-2020<\/h2>\n<p style=\"text-align: justify;\">El passat 20 de novembre de 2019 va tenir lloc la primera <strong>assemblea d\u2019escola<\/strong> del primer trimestre, on vam poder presentar els nous delegats\u00a0 i delegades d\u2019aula d\u2019aquest curs.<\/p>\n<p style=\"text-align: justify;\">Vam repassar les q\u00fcestions pendents del curs passat i vam repartir les llibretes de delegats\/delegades on aniran anotant al llarg del curs les propostes i reflexions que vagin sortint en les diferents assemblees que s\u2019aniran fent a cada\u00a0classe amb els seus companys i companyes.<\/p>\n<p style=\"text-align: justify;\">Mireu que macos els delegats i delegades d\u2019enguany!<\/p>\n<p><iframe loading=\"lazy\" title=\"Video Player\" id=\"vp1659w8\" width=\"500\" height=\"281\" frameborder=\"0\" src=\"https:\/\/s3.amazonaws.com\/embed.animoto.com\/play.html?w=swf\/production\/vp1&#038;e=1720315718&#038;f=659w8LYKThBZ92iFeTsX6w&#038;d=0&#038;m=p&#038;r=360p&#038;i=m&#038;asset_domain=s3-p.animoto.com&#038;animoto_domain=animoto.com&#038;options=\" allowfullscreen><\/iframe><\/p>\n<h2 style=\"text-align: center;\"><strong>CURS 2018-2019<\/strong><\/h2>\n<p style=\"text-align: justify;\">El passat 23 de novembre\u00a0 de 2018 es va celebrar l&#8217;assemblea d&#8217;escola amb la presentaci\u00f3 dels nous alumnes delegats i delegades de 3r a 6\u00e8 votats en les assemblees d&#8217;aula.<\/p>\n<p style=\"text-align: justify;\">Mireu els nostres representants!!<\/p>\n<p style=\"text-align: justify;\"><a href=\"http:\/\/blocs.xtec.cat\/labobila\/files\/2018\/02\/1-1.jpg\"><img loading=\"lazy\" decoding=\"async\" class=\"size-large wp-image-5581 aligncenter\" src=\"http:\/\/blocs.xtec.cat\/labobila\/files\/2018\/02\/1-1-1024x600.jpg\" alt=\"\" width=\"474\" height=\"278\" \/><\/a><\/p>\n<p style=\"text-align: justify;\">En aquesta primera trobada v\u00e0rem fer la presentaci\u00f3 de delegats, delegades i de tots els membres de l\u2019assemblea, en vam explicar el seu\u00a0 funcionament i ens vam ficar a treballar repassant els\u00a0 temes tractats durant el curs passat 2017-2018 aix\u00ed com la presentaci\u00f3 del nou tema d&#8217;aquest curs 2018-2019.<\/p>\n<p style=\"text-align: center;\"><strong>PROPOSTES PER A UNA ESCOLA + SOSTENIBLE<\/strong><\/p>\n<p style=\"text-align: center;\"><a href=\"http:\/\/blocs.xtec.cat\/labobila\/files\/2018\/02\/1-2.jpg\"><img loading=\"lazy\" decoding=\"async\" class=\"alignnone size-full wp-image-5587\" src=\"http:\/\/blocs.xtec.cat\/labobila\/files\/2018\/02\/1-2.jpg\" alt=\"\" width=\"279\" height=\"265\" \/><\/a><\/p>\n<p style=\"text-align: justify;\"><a href=\"http:\/\/blocs.xtec.cat\/labobila\/files\/2018\/02\/2-1.jpg\"><img loading=\"lazy\" decoding=\"async\" class=\"size-large wp-image-5583 aligncenter\" src=\"http:\/\/blocs.xtec.cat\/labobila\/files\/2018\/02\/2-1-1024x292.jpg\" alt=\"\" width=\"474\" height=\"135\" \/><\/a> <a href=\"http:\/\/blocs.xtec.cat\/labobila\/files\/2018\/02\/3.jpg\"><img loading=\"lazy\" decoding=\"async\" class=\"size-large wp-image-5584 aligncenter\" src=\"http:\/\/blocs.xtec.cat\/labobila\/files\/2018\/02\/3-1024x480.jpg\" alt=\"\" width=\"474\" height=\"222\" \/><\/a><\/p>\n<p style=\"text-align: justify;\">De la voluntat de fomentar la participaci\u00f3 de l\u2018alumnat i crear les condicions perqu\u00e8 pugui ser una realitat quotidiana en la vida del centre educatiu, el curs passat 2017-2018 vam engegar a l&#8217;escola els projectes<strong> &#8220;Parlem-ne&#8221;<\/strong> a Educaci\u00f3 Prim\u00e0ria i <strong>&#8220;Conversa a la rotllana&#8221;<\/strong> a Educaci\u00f3 Infantil.<\/p>\n<p style=\"text-align: justify;\">Mitjan\u00e7ant aquests projectes el segon trimestre es va treballar i debatre a l&#8217;aula &#8220;Com ens agradaria que fos el nostre pati de l&#8217;escola&#8221;.<\/p>\n<p style=\"text-align: justify;\"><a href=\"http:\/\/blocs.xtec.cat\/labobila\/files\/2018\/02\/4.jpg\"><img loading=\"lazy\" decoding=\"async\" class=\"size-full wp-image-5323 aligncenter\" src=\"http:\/\/blocs.xtec.cat\/labobila\/files\/2018\/02\/4.jpg\" alt=\"\" width=\"528\" height=\"170\" \/><\/a><\/p>\n<p style=\"text-align: justify;\">De tot el treball realitzat va sortir tot un seguit de propostes per a millorar els patis de l&#8217;escola que es van portar a l&#8217;assemblea d&#8217;escola.\u00a0\u00a0 Per exemple, els alumnes de cicle mitj\u00e0 i superior van dir que els agradaria poder jugar al pati a jocs tradicionals, a jocs de taula,\u00a0 a tennis taula,\u00a0 o fins i tot poder tenir un espai per a ballar.\u00a0 Els nens i nenes de cicle inicial tamb\u00e9 van demanar poder ballar a l&#8217;hora del pati i anar a la biblioteca a llegir de la mateixa manera que fins al curs passat feien els nens i les nenes de 3r, 4t, 5\u00e8 i 6\u00e8.<\/p>\n<h2 style=\"text-align: center;\"><strong>CURS 2017-2018<\/strong><\/h2>\n<p>Aquest curs escolar a l&#8217;escola hem engegat el Projecte\u00a0<span style=\"color: #800080;\"><strong>Parlem-ne!!<\/strong><\/span><\/p>\n<p style=\"text-align: justify;\">Un projecte que neix de la voluntat de fomentar la participaci\u00f3 de l\u2018alumnat i crear les condicions perqu\u00e8 pugui ser una realitat quotidiana en la vida de l&#8217;escola.\u00a0 A l&#8217;hora ajudarem al nostre alumnat\u00a0 a desenvolupar compet\u00e8ncies personals per formar persones responsables i una ciutadania compromesa i solid\u00e0ria.<br \/>\nAix\u00ed doncs, el primer que hem fet aquest primer trimestre, ha estat escollir i nomenar els delegats de classe de 3r a 6\u00e8 i realitzar les primeres\u00a0<strong><span style=\"color: #800080;\">assemblees de classe<\/span><\/strong>\u00a0a tota la prim\u00e0ria.<\/p>\n<p style=\"text-align: justify;\">Ara ens toca participar en l<strong>&#8216;<span style=\"color: #800080;\">assemblea d&#8217;escola<\/span>\u00a0<\/strong>que tindr\u00e0 lloc al gener.\u00a0<strong><em>Esperem tenir moltes estrat\u00e8gies i trobar acords comuns que afavoreixen el comprom\u00eds de l&#8217;alumnat en l\u2019activitat educativa i propici\u00efn la seva formaci\u00f3 en els h\u00e0bits democr\u00e0tics de conviv\u00e8ncia.<\/em><\/strong><\/p>\n<p style=\"text-align: justify;\">A l&#8217;educaci\u00f3 infantil tamb\u00e9 s&#8217;inicia aquest projecte mitjan\u00e7ant l&#8217;activitat \u201cconversa a la rotllana\u201c.<\/p>\n<p style=\"text-align: justify;\"><span style=\"color: #008000;\"><em><strong>\u00a0La participaci\u00f3 educativa \u00e9s el cam\u00ed per avan\u00e7ar en processos comunitaris de treball i d\u2019aprenentatge en xarxa, orientats a l\u2019\u00e8xit educatiu, a l\u2019afavoriment de la conviv\u00e8ncia i a la millora de l\u2019entorn.<\/strong><\/em><\/span><\/p>\n<p style=\"text-align: justify;\">Aqu\u00ed us presentem els delegats de classe!!<\/p>\n<p style=\"text-align: justify;\"><a href=\"http:\/\/blocs.xtec.cat\/labobila\/files\/2017\/12\/20171215_155647.jpg\"><img loading=\"lazy\" decoding=\"async\" class=\"size-large wp-image-4584 aligncenter\" src=\"http:\/\/blocs.xtec.cat\/labobila\/files\/2017\/12\/20171215_155647-1024x576.jpg\" alt=\"\" width=\"474\" height=\"267\" \/><\/a><\/p>\n<p style=\"text-align: justify;\"><em>Cada\u00a0classe de 3r a 6\u00e8 va escollir un delegat\/delegada d&#8217;aula. Aquest delegat\/delegada t\u00e9 una missi\u00f3 molt important, recollir totes les idees i propostes que han sortit de les assembles d&#8217;aula de la seva classe i presentar-les a les assemblees d&#8217;escola juntament amb les Coordinadores de cicle d&#8217;educaci\u00f3 prim\u00e0ria i l&#8217;Equip directiu. Els cursos de Cicle Inicial no escullen delegat d&#8217;aula per\u00f2 la seva coordinadora \u00e9s la responsable de portar totes les propostes que els nens i nenes de 1r i 2n han debatut a la seva aula.<\/em><\/p>\n<p style=\"text-align: justify;\">I aix\u00ed fem les assemblees de classe, mireu!!<\/p>\n<p style=\"text-align: justify;\"><a href=\"http:\/\/blocs.xtec.cat\/labobila\/files\/2017\/12\/1-1.jpg\"><img loading=\"lazy\" decoding=\"async\" class=\"size-large wp-image-4588 aligncenter\" src=\"http:\/\/blocs.xtec.cat\/labobila\/files\/2017\/12\/1-1-1024x608.jpg\" alt=\"\" width=\"474\" height=\"281\" \/><\/a>\u00a0<a href=\"http:\/\/blocs.xtec.cat\/labobila\/files\/2017\/12\/2.jpg\"><img loading=\"lazy\" decoding=\"async\" class=\"size-large wp-image-4590 aligncenter\" src=\"http:\/\/blocs.xtec.cat\/labobila\/files\/2017\/12\/2-1024x732.jpg\" alt=\"\" width=\"474\" height=\"339\" \/><\/a><\/p>\n<p style=\"text-align: justify;\">El tema de la primera Assemblea va ser &#8220;Les paraulotes i els insults&#8221;. A cada\u00a0classe d&#8217;educaci\u00f3 prim\u00e0ria vam fer dues assemblees d&#8217;aula on vam parlar i debatre sobre com podem aconseguir que els nens i nenes no diguem paraulotes ni utilitzem l&#8217;insult com a eina per a resoldre els conflictes.<\/p>\n<p style=\"text-align: justify;\">El passat\u00a0dijous 1 de febrer vam portar a terme la primera assemblea d&#8217;escola, on es van escollir les millors propostes d&#8217;entre totes les sorgides a les aules del primer tema assembleari. Els nens i nenes havien fet una gran tasca i realment ens va costar for\u00e7a\u00a0escollir les millors propostes perqu\u00e8 n&#8217;hi havia moltes i de molt bones.<\/p>\n<p style=\"text-align: justify;\">Ara, els delegats d&#8217;aula hauran de fer el retorn a la seva aula. Aquestes properes setmanes explicaran a la seva\u00a0classe quines s\u00f3n les propostes que tota l&#8217;escola portarem a terme i com ho farem.<\/p>\n<p style=\"text-align: justify;\">D&#8217;aqu\u00ed ben poc, una vegada acabat el treball cooperatiu d&#8217;aquesta primera assemblea d&#8217;escola, comen\u00e7arem a debatre a les assemblees d&#8217;aula el segon tema d&#8217;aquest curs. Un tema que segur els agradar\u00e0 molt a tots els nens i nenes i que necessitarem l&#8217;ajuda de les seves fam\u00edlies!<\/p>\n<pre style=\"text-align: justify;\"><em>El primer agent de socialitzaci\u00f3 per a l\u2019infant \u00e9s la seva fam\u00edlia, el seu entorn m\u00e9s proper per mitj\u00e0 del qual aprendr\u00e0 les primeres paraules i les primeres pautes de conducta. Posteriorment, en una segona fase de la seva sociabilitat, intervendran altres agents social com \u00e9s l\u2019escola, els companys i companyes i els mitjans audiovisuals.<\/em><\/pre>\n<div id=\"main\">\n<div id=\"cnt\" class=\"big\">\n<div id=\"rcnt\">\n<div class=\"col\">\n<div id=\"center_col\">\n<div id=\"res\" class=\"med\">\n<div id=\"search\" data-jiis=\"uc\">\n<div data-ved=\"0ahUKEwjc7YK4tI7ZAhUqLcAKHTbQCzsQGgg5\">\n<div id=\"ires\" data-async-context=\"query:turu\">\n<div id=\"rso\">\n<div id=\"isr_mc\">\n<div id=\"irc_bg\" class=\"irc_land irc_bg\">\n<div id=\"_YTc\">\n<div id=\"irc_cc\">\n<div class=\"irc_c i8187 immersive-container\" data-hveid=\"15\" data-ved=\"0ahUKEwiB2qO_tI7ZAhXhCcAKHSz6Dz8Q-z8IDw\" data-item-id=\"FT3kO9jnIeYJBM:\">\n<div class=\"irc_t i30052\" data-hveid=\"16\" data-ved=\"0ahUKEwiB2qO_tI7ZAhXhCcAKHSz6Dz8Q5OoBCBA\" data-noload=\"\">\n<div class=\"irc_mic r-iyL9s3_fqLaw\">\n<div class=\"irc_mimg irc_hic iyL9s3_fqLaw-lvVgf-rIiHk\" style=\"text-align: justify;\"><a class=\"irc_mil i3597 iyL9s3_fqLaw-zixyDjKkw5M\" tabindex=\"0\" href=\"https:\/\/www.google.es\/url?sa=i&amp;rct=j&amp;q=&amp;esrc=s&amp;source=images&amp;cd=&amp;cad=rja&amp;uact=8&amp;ved=0ahUKEwiB2qO_tI7ZAhXhCcAKHSz6Dz8QjRwIBw&amp;url=http%3A%2F%2Fwww.alasbarricadas.org%2Fforums%2Fviewtopic.php%3Ff%3D16%26t%3D57773&amp;psig=AOvVaw3895Tg4qWqz-R86oxQ1OLy&amp;ust=1517907559058842\" target=\"_blank\" rel=\"noopener noreferrer\" data-ved=\"0ahUKEwiB2qO_tI7ZAhXhCcAKHSz6Dz8QjRwIBw\" data-noload=\"\" data-ctbtn=\"2\" data-cthref=\"\/url?sa=i&amp;rct=j&amp;q=&amp;esrc=s&amp;source=images&amp;cd=&amp;cad=rja&amp;uact=8&amp;ved=0ahUKEwiB2qO_tI7ZAhXhCcAKHSz6Dz8QjRwIBw&amp;url=http%3A%2F%2Fwww.alasbarricadas.org%2Fforums%2Fviewtopic.php%3Ff%3D16%26t%3D57773&amp;psig=AOvVaw3895Tg4qWqz-R86oxQ1OLy&amp;ust=1517907559058842\"><img loading=\"lazy\" decoding=\"async\" class=\"irc_mi aligncenter\" src=\"http:\/\/4.bp.blogspot.com\/-bUTYdI6YYys\/UiyBewH2DbI\/AAAAAAAAM9Y\/JgBupn_K4ho\/s1600\/educaci%C3%B3.jpg\" alt=\"Resultado de imagen de turu\" width=\"184\" height=\"130\" \/><\/a><\/div>\n<\/div>\n<\/div>\n<\/div>\n<\/div>\n<\/div>\n<\/div>\n<\/div>\n<\/div>\n<\/div>\n<\/div>\n<\/div>\n<\/div>\n<\/div>\n<\/div>\n<\/div>\n<\/div>\n<\/div>\n<p style=\"text-align: justify;\"><em>Us deixem aqu\u00ed sota unes quantes fotografies de l&#8217;Assemblea d&#8217;Escola del passat dia 1 de febrer.<\/em><\/p>\n<div style=\"visibility: visible; width: 460px; margin: auto;\">\n<p><em><embed width=\"460\" height=\"350\" name=\"assemblea\" flashvars=\"ql=2&amp;src1=http:\/\/pic20.picturetrail.com:80\/VOL1614\/13727277\/flicks\/1\/9171275\" src=\"http:\/\/flash.picturetrail.com\/pflicks\/3\/spflick.swf\" bgcolor=\"#000000\" align=\"middle\" quality=\"high\" allowscriptaccess=\"sameDomain\" type=\"application\/x-shockwave-flash\"><\/embed><\/em><\/p>\n<p style=\"text-align: justify;\">Al llarg del segon i tercer trimestre hem treballat conjuntament a les assemblees d&#8217;aula el segon tema d&#8217;aquest curs:<\/p>\n<p style=\"text-align: justify;\"><strong><em>&#8220;Com m&#8217;agradaria que fos el meu pati&#8221;<\/em><\/strong><\/p>\n<p style=\"text-align: justify;\">Ha estat un gran tema on tots els nens i nenes hi han participat activament i han aportat grans idees que hem posat en com\u00fa a la segona assembles d&#8217;escola.<\/p>\n<p style=\"text-align: justify;\">Despr\u00e9s d&#8217;un temps de reflexi\u00f3 i una posada en com\u00fa conjunta veurem els resultats\u00a0d&#8217;aquest gran tema tant important com s\u00f3n els patis de l&#8217;escola.<\/p>\n<p style=\"text-align: justify;\"><a href=\"http:\/\/blocs.xtec.cat\/labobila\/files\/2018\/02\/4.jpg\"><img loading=\"lazy\" decoding=\"async\" class=\"alignnone size-full wp-image-5323\" src=\"http:\/\/blocs.xtec.cat\/labobila\/files\/2018\/02\/4.jpg\" alt=\"\" width=\"528\" height=\"170\" \/><\/a><\/p>\n<p style=\"text-align: justify;\">Espereu i veureu&#8230;&#8230;&#8230;&#8230;&#8230;&#8230;&#8230;&#8230;&#8230;&#8230;.<\/p>\n<p style=\"text-align: justify;\"><em>Us deixem aqu\u00ed sota\u00a0les fotografies de l&#8217;Assemblea d&#8217;Escola del passat dia\u00a07 de juny.<\/em><\/p>\n<p><a href=\"http:\/\/blocs.xtec.cat\/labobila\/files\/2018\/02\/1.jpg\"><img loading=\"lazy\" decoding=\"async\" class=\"alignnone size-large wp-image-5321\" src=\"http:\/\/blocs.xtec.cat\/labobila\/files\/2018\/02\/1-1024x466.jpg\" alt=\"\" width=\"474\" height=\"216\" \/><\/a><a href=\"http:\/\/blocs.xtec.cat\/labobila\/files\/2018\/02\/2.jpg\"><img loading=\"lazy\" decoding=\"async\" class=\"alignnone size-large wp-image-5322\" src=\"http:\/\/blocs.xtec.cat\/labobila\/files\/2018\/02\/2-1024x507.jpg\" alt=\"\" width=\"474\" height=\"235\" \/><\/a><\/p>\n<\/div>\n","protected":false},"excerpt":{"rendered":"<p><a href=\"https:\/\/agora.xtec.cat\/escolalabobila\/wp-content\/uploads\/usu2422\/2020\/11\/mans.png\"><\/a><br \/>\nEl projecte Parlem-ne! va n\u00e9ixer el curs 2017-2018 de la voluntat de fomentar la participaci\u00f3 de l\u2018alumnat de l&#8217;escola i crear les condicions perqu\u00e8 pugui ser una realitat quotidiana en la vida del centre educatiu. El projecte Parlem-ne! es concreta en actuacions i metodologies&hellip;  <a href=\"https:\/\/agora.xtec.cat\/escolalabobila\/projecte-educatiu\/parlem-ne\/\" title=\"Read Parlem-ne\">Llegeix m\u00e9s\u00bb<\/a><\/p>\n","protected":false},"author":3,"featured_media":0,"parent":64,"menu_order":30,"comment_status":"closed","ping_status":"closed","template":"page-templates\/side-menu.php","meta":{"_bbp_topic_count":0,"_bbp_reply_count":0,"_bbp_total_topic_count":0,"_bbp_total_reply_count":0,"_bbp_voice_count":0,"_bbp_anonymous_reply_count":0,"_bbp_topic_count_hidden":0,"_bbp_reply_count_hidden":0,"_bbp_forum_subforum_count":0,"footnotes":""},"class_list":["post-660","page","type-page","status-publish","hentry"],"post_mailing_queue_ids":[],"_links":{"self":[{"href":"https:\/\/agora.xtec.cat\/escolalabobila\/wp-json\/wp\/v2\/pages\/660","targetHints":{"allow":["GET"]}}],"collection":[{"href":"https:\/\/agora.xtec.cat\/escolalabobila\/wp-json\/wp\/v2\/pages"}],"about":[{"href":"https:\/\/agora.xtec.cat\/escolalabobila\/wp-json\/wp\/v2\/types\/page"}],"author":[{"embeddable":true,"href":"https:\/\/agora.xtec.cat\/escolalabobila\/wp-json\/wp\/v2\/users\/3"}],"replies":[{"embeddable":true,"href":"https:\/\/agora.xtec.cat\/escolalabobila\/wp-json\/wp\/v2\/comments?post=660"}],"version-history":[{"count":3,"href":"https:\/\/agora.xtec.cat\/escolalabobila\/wp-json\/wp\/v2\/pages\/660\/revisions"}],"predecessor-version":[{"id":2107,"href":"https:\/\/agora.xtec.cat\/escolalabobila\/wp-json\/wp\/v2\/pages\/660\/revisions\/2107"}],"up":[{"embeddable":true,"href":"https:\/\/agora.xtec.cat\/escolalabobila\/wp-json\/wp\/v2\/pages\/64"}],"wp:attachment":[{"href":"https:\/\/agora.xtec.cat\/escolalabobila\/wp-json\/wp\/v2\/media?parent=660"}],"curies":[{"name":"wp","href":"https:\/\/api.w.org\/{rel}","templated":true}]}}