{"id":654,"date":"2020-11-24T20:06:28","date_gmt":"2020-11-24T19:06:28","guid":{"rendered":"https:\/\/agora.xtec.cat\/escolalabobila\/?page_id=654"},"modified":"2023-02-01T18:54:11","modified_gmt":"2023-02-01T17:54:11","slug":"estones-en-familia","status":"publish","type":"page","link":"https:\/\/agora.xtec.cat\/escolalabobila\/projecte-educatiu\/estones-en-familia\/","title":{"rendered":"Estones en fam\u00edlia"},"content":{"rendered":"<p style=\"text-align: center;\" align=\"justify\"><a href=\"https:\/\/agora.xtec.cat\/escolalabobila\/wp-content\/uploads\/usu2422\/2020\/11\/arbre.jpg\"><img loading=\"lazy\" decoding=\"async\" class=\"alignnone size-medium wp-image-657\" src=\"https:\/\/agora.xtec.cat\/escolalabobila\/wp-content\/uploads\/usu2422\/2020\/11\/arbre-300x231.jpg\" alt=\"\" width=\"300\" height=\"231\" srcset=\"https:\/\/agora.xtec.cat\/escolalabobila\/wp-content\/uploads\/usu2422\/2020\/11\/arbre-300x231.jpg 300w, https:\/\/agora.xtec.cat\/escolalabobila\/wp-content\/uploads\/usu2422\/2020\/11\/arbre-768x592.jpg 768w, https:\/\/agora.xtec.cat\/escolalabobila\/wp-content\/uploads\/usu2422\/2020\/11\/arbre-1024x789.jpg 1024w, https:\/\/agora.xtec.cat\/escolalabobila\/wp-content\/uploads\/usu2422\/2020\/11\/arbre.jpg 1278w\" sizes=\"auto, (max-width: 300px) 100vw, 300px\" \/><\/a><\/p>\n<p>Per tal d\u2019apropar la realitat de les fam\u00edlies als alumnes de l\u2019escola, des del curs 2017-2018 es porten a terme uns tallers dins l\u2019aula, les Estones en fam\u00edlia, on els pares i familiars col\u00b7laboren i participen de la vida di\u00e0ria de l\u2019aula. D\u2019aquesta manera tamb\u00e9 es vol aconseguir la implicaci\u00f3 de les fam\u00edlies en l\u2019aprenentatge dels seus fills i que se sentin part d\u2019aquest proc\u00e9s.<\/p>\n<p>Al llarg dels cursos diversos pares, mares, avis, \u00e0vies&#8230; aniran passant per les aules d\u2019educaci\u00f3 infantil a realitzar tallers relacionats amb la seva \u00a0vida, les seves costums, els seus oficis&#8230; per a qu\u00e8 els alumnes aprenguin de manera m\u00e9s vivencial i l\u00fadica el seu propi entorn.<\/p>\n<p>Les fam\u00edlies s\u00f3n el primer agent socialitzador amb qui es troba l&#8217;infant. Cada fam\u00edlia t\u00e9 una valors, costums i tradicions diverses que enriqueixen als infants i \u00e9s per aix\u00f2 que volem que vinguin a compartir-ho a l&#8217;escola.<\/p>\n<p>Per l&#8217;infant compartir aquella estona amb algun membre de la seva fam\u00edlia, amb\u00a0 la resta de companys i amb els mestres fa enriquir el seu propi aprenentatge i refor\u00e7ar la seva autoestima. L&#8217;escola est\u00e0 oberta a acollir, escoltar i que ens expliqueu coses.<\/p>\n<p><strong><span style=\"color: #339966;\">LA FELICITAT DE L&#8217;INFANT \u00c9S EL SEU CREIXEMENT HARM\u00d2NIC<\/span><\/strong> i aquest dep\u00e8n de tots.\u00a0 Si mireu el bloc de l&#8217;escola ja tenim alguns articles penjats d&#8217;estones en fam\u00edlia. Us deixem l&#8217;enlla\u00e7: <a href=\"https:\/\/blocs.xtec.cat\/labobila\/category\/estones-en-familia\/\">https:\/\/blocs.xtec.cat\/labobila\/category\/estones-en-familia\/<\/a><\/p>\n","protected":false},"excerpt":{"rendered":"<p><a href=\"https:\/\/agora.xtec.cat\/escolalabobila\/wp-content\/uploads\/usu2422\/2020\/11\/arbre.jpg\"><\/a><br \/>\nPer tal d\u2019apropar la realitat de les fam\u00edlies als alumnes de l\u2019escola, des del curs 2017-2018 es porten a terme uns tallers dins l\u2019aula, les Estones en fam\u00edlia, on els pares i familiars col\u00b7laboren i participen de la vida di\u00e0ria de l\u2019aula. D\u2019aquesta manera&hellip;  <a href=\"https:\/\/agora.xtec.cat\/escolalabobila\/projecte-educatiu\/estones-en-familia\/\" title=\"Read Estones en fam\u00edlia\">Llegeix m\u00e9s\u00bb<\/a><\/p>\n","protected":false},"author":3,"featured_media":0,"parent":64,"menu_order":20,"comment_status":"closed","ping_status":"closed","template":"page-templates\/side-menu.php","meta":{"_bbp_topic_count":0,"_bbp_reply_count":0,"_bbp_total_topic_count":0,"_bbp_total_reply_count":0,"_bbp_voice_count":0,"_bbp_anonymous_reply_count":0,"_bbp_topic_count_hidden":0,"_bbp_reply_count_hidden":0,"_bbp_forum_subforum_count":0,"footnotes":""},"class_list":["post-654","page","type-page","status-publish","hentry"],"post_mailing_queue_ids":[],"_links":{"self":[{"href":"https:\/\/agora.xtec.cat\/escolalabobila\/wp-json\/wp\/v2\/pages\/654","targetHints":{"allow":["GET"]}}],"collection":[{"href":"https:\/\/agora.xtec.cat\/escolalabobila\/wp-json\/wp\/v2\/pages"}],"about":[{"href":"https:\/\/agora.xtec.cat\/escolalabobila\/wp-json\/wp\/v2\/types\/page"}],"author":[{"embeddable":true,"href":"https:\/\/agora.xtec.cat\/escolalabobila\/wp-json\/wp\/v2\/users\/3"}],"replies":[{"embeddable":true,"href":"https:\/\/agora.xtec.cat\/escolalabobila\/wp-json\/wp\/v2\/comments?post=654"}],"version-history":[{"count":4,"href":"https:\/\/agora.xtec.cat\/escolalabobila\/wp-json\/wp\/v2\/pages\/654\/revisions"}],"predecessor-version":[{"id":2104,"href":"https:\/\/agora.xtec.cat\/escolalabobila\/wp-json\/wp\/v2\/pages\/654\/revisions\/2104"}],"up":[{"embeddable":true,"href":"https:\/\/agora.xtec.cat\/escolalabobila\/wp-json\/wp\/v2\/pages\/64"}],"wp:attachment":[{"href":"https:\/\/agora.xtec.cat\/escolalabobila\/wp-json\/wp\/v2\/media?parent=654"}],"curies":[{"name":"wp","href":"https:\/\/api.w.org\/{rel}","templated":true}]}}