{"id":3820,"date":"2025-10-09T20:00:14","date_gmt":"2025-10-09T18:00:14","guid":{"rendered":"https:\/\/agora.xtec.cat\/escolalabobila\/?page_id=3820"},"modified":"2026-04-08T10:26:16","modified_gmt":"2026-04-08T08:26:16","slug":"que-sona-a-lescola","status":"publish","type":"page","link":"https:\/\/agora.xtec.cat\/escolalabobila\/projecte-educatiu\/que-sona-a-lescola\/","title":{"rendered":"Qu\u00e8 sona a l&#8217;escola?"},"content":{"rendered":"<div><a href=\"https:\/\/agora.xtec.cat\/escolalabobila\/wp-content\/uploads\/usu2422\/2025\/10\/Captura-de-pantalla-2025-10-09-195901.jpg\"><img loading=\"lazy\" decoding=\"async\" class=\"size-large wp-image-3821 aligncenter\" src=\"https:\/\/agora.xtec.cat\/escolalabobila\/wp-content\/uploads\/usu2422\/2025\/10\/Captura-de-pantalla-2025-10-09-195901-1024x228.jpg\" alt=\"\" width=\"1024\" height=\"228\" srcset=\"https:\/\/agora.xtec.cat\/escolalabobila\/wp-content\/uploads\/usu2422\/2025\/10\/Captura-de-pantalla-2025-10-09-195901-1024x228.jpg 1024w, https:\/\/agora.xtec.cat\/escolalabobila\/wp-content\/uploads\/usu2422\/2025\/10\/Captura-de-pantalla-2025-10-09-195901-300x67.jpg 300w, https:\/\/agora.xtec.cat\/escolalabobila\/wp-content\/uploads\/usu2422\/2025\/10\/Captura-de-pantalla-2025-10-09-195901-768x171.jpg 768w, https:\/\/agora.xtec.cat\/escolalabobila\/wp-content\/uploads\/usu2422\/2025\/10\/Captura-de-pantalla-2025-10-09-195901-1536x342.jpg 1536w, https:\/\/agora.xtec.cat\/escolalabobila\/wp-content\/uploads\/usu2422\/2025\/10\/Captura-de-pantalla-2025-10-09-195901.jpg 1911w\" sizes=\"auto, (max-width: 1024px) 100vw, 1024px\" \/><\/a><\/div>\n<div>\n<div>\n<p>&nbsp;<\/p>\n<p style=\"text-align: justify;\">La m\u00fasica \u00e9s un llenguatge universal capa\u00e7 de connectar-nos, emocionar-nos i fins i tot de transformar el nostre estat d&#8217;\u00e0nim. Ens acompanya en molts moments significatius de la vida: celebracions, festes, recordatoris, viatges, la dutxa&#8230; de vegades amb m\u00e9s pres\u00e8ncia i de vegades amb menys, per\u00f2 sempre engalanant la nostra exist\u00e8ncia. La m\u00fasica tamb\u00e9 ens ajuda a expressar all\u00f2 que les paraules sovint no poden dir, i t\u00e9 el poder d\u2019unir persones de cultures, edats i lleng\u00fces diferents.<\/p>\n<p style=\"text-align: justify;\">A m\u00e9s a m\u00e9s, escoltar o practicar m\u00fasica estimula la creativitat, millora la concentraci\u00f3 i afavoreix el benestar emocional. A les escoles, la m\u00fasica no nom\u00e9s forma o\u00efdes sensibles, sin\u00f3 tamb\u00e9 cors oberts i ments curioses.<\/p>\n<p style=\"text-align: justify;\">Com cada curs escolar, per la megafonia de l&#8217;escola sona una m\u00fasica que indica a l&#8217;alumnat, mestres i personal no docent de l&#8217;escola, que \u00e9s\u00a0hora d&#8217;entrar a l&#8217;escola, de sortir al pati, o de marxar a dinar o cap a casa.<\/p>\n<hr \/>\n<\/div>\n<p><strong>Setmanes del 7 al 17 d&#8217;abril: THE GRAMOPHONE ALLSTARS.<\/strong><\/p>\n<p><span class=\"a_GcMg font-feature-liga-off font-feature-clig-off font-feature-calt-off text-decoration-none text-strikethrough-none\">The Gramophone Allstars <\/span><span class=\"a_GcMg font-feature-liga-off font-feature-clig-off font-feature-calt-off text-decoration-none text-strikethrough-none\">\u00e9s un grup de m\u00fasica que fusiona la m\u00fasica jamaicana dels anys seixanta (ska, rocksteady i reggae) amb diferents estils de m\u00fasica negra com el soul o el jazz entre molts d\u2019altres. Amb Barcelona com a centre neur\u00e0lgic, i sota la batuta del saxofonista bisbalenc Gen\u00eds Bou, el grup ha publicat sis \u00e0lbums i ha actuat pels principals festivals, sales i festes del pa\u00eds, fins a convertir-se en un del projectes musicals m\u00e9s consolidats de l\u2019actual escena de m\u00fasica negra.<\/span><\/p>\n<p><a href=\"https:\/\/agora.xtec.cat\/escolalabobila\/wp-content\/uploads\/usu2422\/2026\/04\/Captura-de-pantalla-2026-04-08-102317.png\"><img loading=\"lazy\" decoding=\"async\" class=\"alignnone size-full wp-image-4401\" src=\"https:\/\/agora.xtec.cat\/escolalabobila\/wp-content\/uploads\/usu2422\/2026\/04\/Captura-de-pantalla-2026-04-08-102317.png\" alt=\"\" width=\"940\" height=\"619\" srcset=\"https:\/\/agora.xtec.cat\/escolalabobila\/wp-content\/uploads\/usu2422\/2026\/04\/Captura-de-pantalla-2026-04-08-102317.png 940w, https:\/\/agora.xtec.cat\/escolalabobila\/wp-content\/uploads\/usu2422\/2026\/04\/Captura-de-pantalla-2026-04-08-102317-300x198.png 300w, https:\/\/agora.xtec.cat\/escolalabobila\/wp-content\/uploads\/usu2422\/2026\/04\/Captura-de-pantalla-2026-04-08-102317-768x506.png 768w\" sizes=\"auto, (max-width: 940px) 100vw, 940px\" \/><\/a><\/p>\n<hr \/>\n<p><strong>Setmanes del 16 al 27 de mar\u00e7: KELLY ISAIAH.<\/strong><\/p>\n<p><span class=\"a_GcMg font-feature-liga-off font-feature-clig-off font-feature-calt-off text-decoration-none text-strikethrough-none\">Kelly Isaiah Ogbebor<\/span><span class=\"a_GcMg font-feature-liga-off font-feature-clig-off font-feature-calt-off text-decoration-none text-strikethrough-none\"> (Benin City, 1993) \u00e9s un cantant i m\u00fasic catal\u00e0 d&#8217;origen nigeri\u00e0. Viu a Lleida des que tenia deu anys. \u00c9s vocalista i membre fundador de la banda lleidatana de reggae en catal\u00e0 Koers, creada el 2014; ha publicat dos discs i un EP amb aquest grup. L&#8217;any 2020, va guanyar la setena edici\u00f3 del concurs musical La Voz d&#8217;Antena 3, havent passat pels equips d&#8217;Alejandro Sanz, M\u00edriam Rodr\u00edguez i Laura Pausini.<\/span><\/p>\n<p><a href=\"https:\/\/agora.xtec.cat\/escolalabobila\/wp-content\/uploads\/usu2422\/2026\/03\/KELLY-ISAIAH.jpg\"><img loading=\"lazy\" decoding=\"async\" class=\"alignnone size-large wp-image-4374\" src=\"https:\/\/agora.xtec.cat\/escolalabobila\/wp-content\/uploads\/usu2422\/2026\/03\/KELLY-ISAIAH-819x1024.jpg\" alt=\"\" width=\"819\" height=\"1024\" srcset=\"https:\/\/agora.xtec.cat\/escolalabobila\/wp-content\/uploads\/usu2422\/2026\/03\/KELLY-ISAIAH-819x1024.jpg 819w, https:\/\/agora.xtec.cat\/escolalabobila\/wp-content\/uploads\/usu2422\/2026\/03\/KELLY-ISAIAH-240x300.jpg 240w, https:\/\/agora.xtec.cat\/escolalabobila\/wp-content\/uploads\/usu2422\/2026\/03\/KELLY-ISAIAH-768x960.jpg 768w, https:\/\/agora.xtec.cat\/escolalabobila\/wp-content\/uploads\/usu2422\/2026\/03\/KELLY-ISAIAH.jpg 1080w\" sizes=\"auto, (max-width: 819px) 100vw, 819px\" \/><\/a><\/p>\n<hr \/>\n<p><strong>Setmanes del 2 al 13 de mar\u00e7: ROBA ESTESA.<\/strong><\/p>\n<p class=\"cvGsUA direction-ltr align-justify para-style-body\"><span class=\"a_GcMg font-feature-liga-off font-feature-clig-off font-feature-calt-off text-decoration-none text-strikethrough-none\">Roba Estesa <\/span><span class=\"a_GcMg font-feature-liga-off font-feature-clig-off font-feature-calt-off text-decoration-none text-strikethrough-none\">\u00e9s un octet amb to feminista que va n\u00e9ixer l\u2019any 2013 a les comarques del <\/span><a class=\"a_GcMg font-feature-liga-off font-feature-clig-off font-feature-calt-off text-decoration-none text-strikethrough-none\" draggable=\"false\" href=\"https:\/\/ca.wikipedia.org\/wiki\/Camp_de_Tarragona\" target=\"_blank\" rel=\"noopener\">Camp de Tarragona<\/a><span class=\"a_GcMg font-feature-liga-off font-feature-clig-off font-feature-calt-off text-decoration-none text-strikethrough-none\">.<\/span><\/p>\n<p class=\"cvGsUA direction-ltr align-justify para-style-body\"><span class=\"a_GcMg font-feature-liga-off font-feature-clig-off font-feature-calt-off text-decoration-none text-strikethrough-none\">Han batejat la seva m\u00fasica com a \u00abfolk calent\u00f3\u00bb i aposten per la fusi\u00f3 de <\/span><a class=\"a_GcMg font-feature-liga-off font-feature-clig-off font-feature-calt-off text-decoration-underline text-strikethrough-none\" draggable=\"false\" href=\"https:\/\/ca.wikipedia.org\/wiki\/Folk\" target=\"_blank\" rel=\"noopener\">folk<\/a><span class=\"a_GcMg font-feature-liga-off font-feature-clig-off font-feature-calt-off text-decoration-none text-strikethrough-none\">, <\/span><a class=\"a_GcMg font-feature-liga-off font-feature-clig-off font-feature-calt-off text-decoration-underline text-strikethrough-none\" draggable=\"false\" href=\"https:\/\/ca.wikipedia.org\/wiki\/Rumba_catalana\" target=\"_blank\" rel=\"noopener\">rumba catalana<\/a><span class=\"a_GcMg font-feature-liga-off font-feature-clig-off font-feature-calt-off text-decoration-none text-strikethrough-none\">, <\/span><a class=\"a_GcMg font-feature-liga-off font-feature-clig-off font-feature-calt-off text-decoration-underline text-strikethrough-none\" draggable=\"false\" href=\"https:\/\/ca.wikipedia.org\/wiki\/C%C3%BAmbia\" target=\"_blank\" rel=\"noopener\">c\u00fambia<\/a><span class=\"a_GcMg font-feature-liga-off font-feature-clig-off font-feature-calt-off text-decoration-none text-strikethrough-none\"> i can\u00e7ons populars i d&#8217;autor. Consideren que \u00abel tradicional i popular\u00bb se situa en un canvi i transformaci\u00f3 constant, per aix\u00f2 reinterpreten can\u00e7ons i en modifiquen els ritmes i les melodies.<\/span><\/p>\n<p><a href=\"https:\/\/agora.xtec.cat\/escolalabobila\/wp-content\/uploads\/usu2422\/2026\/03\/roba_estesa.jpg\"><img loading=\"lazy\" decoding=\"async\" class=\"alignnone size-full wp-image-4373\" src=\"https:\/\/agora.xtec.cat\/escolalabobila\/wp-content\/uploads\/usu2422\/2026\/03\/roba_estesa.jpg\" alt=\"\" width=\"970\" height=\"687\" srcset=\"https:\/\/agora.xtec.cat\/escolalabobila\/wp-content\/uploads\/usu2422\/2026\/03\/roba_estesa.jpg 970w, https:\/\/agora.xtec.cat\/escolalabobila\/wp-content\/uploads\/usu2422\/2026\/03\/roba_estesa-300x212.jpg 300w, https:\/\/agora.xtec.cat\/escolalabobila\/wp-content\/uploads\/usu2422\/2026\/03\/roba_estesa-768x544.jpg 768w\" sizes=\"auto, (max-width: 970px) 100vw, 970px\" \/><\/a><\/p>\n<div>\n<hr \/>\n<p><strong>Setmanes del 17 al 27 de febrer: GINEST\u00c0.<\/strong><\/p>\n<p>Ginest\u00e0 \u00e9s un grup de m\u00fasica format pels germans <a draggable=\"false\" href=\"https:\/\/ca.wikipedia.org\/wiki\/J%C3%BAlia_Serrasolsas\" target=\"_blank\" rel=\"noopener\">J\u00falia Serrasolsas<\/a> i <a draggable=\"false\" href=\"https:\/\/ca.wikipedia.org\/wiki\/Pau_Serrasolsas\" target=\"_blank\" rel=\"noopener\">Pau Serrasolsas<\/a>, del barri de <a draggable=\"false\" href=\"https:\/\/ca.wikipedia.org\/wiki\/Sant_Andreu_de_Palomar\" target=\"_blank\" rel=\"noopener\">Sant Andreu de Palomar<\/a> de <a draggable=\"false\" href=\"https:\/\/ca.wikipedia.org\/wiki\/Barcelona\" target=\"_blank\" rel=\"noopener\">Barcelona<\/a>. Les seves can\u00e7ons barregen estils de <a draggable=\"false\" href=\"https:\/\/ca.wikipedia.org\/wiki\/M%C3%BAsica_pop\" target=\"_blank\" rel=\"noopener\">m\u00fasica pop<\/a>, <a draggable=\"false\" href=\"https:\/\/ca.wikipedia.org\/wiki\/M%C3%BAsica_experimental\" target=\"_blank\" rel=\"noopener\">sons experimentals<\/a> i <a draggable=\"false\" href=\"https:\/\/ca.wikipedia.org\/wiki\/Folk\" target=\"_blank\" rel=\"noopener\">folk<\/a>. La banda es completa amb la guitarrista Andrea Puig, el bateria Xicu i el teclista Gerard Sala.<\/p>\n<p>El nom del grup vol retre homenatge a <a draggable=\"false\" href=\"https:\/\/ca.wikipedia.org\/wiki\/Marina_Ginest%C3%A0_i_Coloma\" target=\"_blank\" rel=\"noopener\">Marina Ginest\u00e0 i Coloma<\/a>.<\/p>\n<p><a href=\"https:\/\/agora.xtec.cat\/escolalabobila\/wp-content\/uploads\/usu2422\/2026\/02\/ginesta-vida-meva-album-portada-scaled.jpg\"><img loading=\"lazy\" decoding=\"async\" class=\"alignnone size-large wp-image-4287\" src=\"https:\/\/agora.xtec.cat\/escolalabobila\/wp-content\/uploads\/usu2422\/2026\/02\/ginesta-vida-meva-album-portada-1024x1024.jpg\" alt=\"\" width=\"1024\" height=\"1024\" srcset=\"https:\/\/agora.xtec.cat\/escolalabobila\/wp-content\/uploads\/usu2422\/2026\/02\/ginesta-vida-meva-album-portada-1024x1024.jpg 1024w, https:\/\/agora.xtec.cat\/escolalabobila\/wp-content\/uploads\/usu2422\/2026\/02\/ginesta-vida-meva-album-portada-300x300.jpg 300w, https:\/\/agora.xtec.cat\/escolalabobila\/wp-content\/uploads\/usu2422\/2026\/02\/ginesta-vida-meva-album-portada-150x150.jpg 150w, https:\/\/agora.xtec.cat\/escolalabobila\/wp-content\/uploads\/usu2422\/2026\/02\/ginesta-vida-meva-album-portada-768x768.jpg 768w, https:\/\/agora.xtec.cat\/escolalabobila\/wp-content\/uploads\/usu2422\/2026\/02\/ginesta-vida-meva-album-portada-1536x1536.jpg 1536w, https:\/\/agora.xtec.cat\/escolalabobila\/wp-content\/uploads\/usu2422\/2026\/02\/ginesta-vida-meva-album-portada-2048x2048.jpg 2048w\" sizes=\"auto, (max-width: 1024px) 100vw, 1024px\" \/><\/a><\/p>\n<hr \/>\n<p><strong>Setmana del 9 al 13 de febrer: m\u00fasica de carnestoltes.<\/strong><\/p>\n<p><a href=\"https:\/\/agora.xtec.cat\/escolalabobila\/wp-content\/uploads\/usu2422\/2026\/02\/carnestoltes.jpg\"><img loading=\"lazy\" decoding=\"async\" class=\"alignnone wp-image-4270\" src=\"https:\/\/agora.xtec.cat\/escolalabobila\/wp-content\/uploads\/usu2422\/2026\/02\/carnestoltes-682x1024.jpg\" alt=\"\" width=\"469\" height=\"704\" srcset=\"https:\/\/agora.xtec.cat\/escolalabobila\/wp-content\/uploads\/usu2422\/2026\/02\/carnestoltes-682x1024.jpg 682w, https:\/\/agora.xtec.cat\/escolalabobila\/wp-content\/uploads\/usu2422\/2026\/02\/carnestoltes-200x300.jpg 200w, https:\/\/agora.xtec.cat\/escolalabobila\/wp-content\/uploads\/usu2422\/2026\/02\/carnestoltes-768x1153.jpg 768w, https:\/\/agora.xtec.cat\/escolalabobila\/wp-content\/uploads\/usu2422\/2026\/02\/carnestoltes-1023x1536.jpg 1023w, https:\/\/agora.xtec.cat\/escolalabobila\/wp-content\/uploads\/usu2422\/2026\/02\/carnestoltes.jpg 1066w\" sizes=\"auto, (max-width: 469px) 100vw, 469px\" \/><\/a><\/p>\n<hr \/>\n<p><strong>Del 26 de gener al 9 de febrer: Playing for Change\u00a0<\/strong>(pel 30 de gener, dia de la pau)<\/p>\n<p><a href=\"https:\/\/agora.xtec.cat\/escolalabobila\/wp-content\/uploads\/usu2422\/2026\/02\/logo-playing.png\"><img loading=\"lazy\" decoding=\"async\" class=\"alignnone wp-image-4269\" src=\"https:\/\/agora.xtec.cat\/escolalabobila\/wp-content\/uploads\/usu2422\/2026\/02\/logo-playing.png\" alt=\"\" width=\"394\" height=\"394\" srcset=\"https:\/\/agora.xtec.cat\/escolalabobila\/wp-content\/uploads\/usu2422\/2026\/02\/logo-playing.png 860w, https:\/\/agora.xtec.cat\/escolalabobila\/wp-content\/uploads\/usu2422\/2026\/02\/logo-playing-300x300.png 300w, https:\/\/agora.xtec.cat\/escolalabobila\/wp-content\/uploads\/usu2422\/2026\/02\/logo-playing-150x150.png 150w, https:\/\/agora.xtec.cat\/escolalabobila\/wp-content\/uploads\/usu2422\/2026\/02\/logo-playing-768x768.png 768w\" sizes=\"auto, (max-width: 394px) 100vw, 394px\" \/><\/a><\/p>\n<\/div>\n<p class=\"cvGsUA direction-ltr align-justify para-style-body\"><span class=\"a_GcMg font-feature-liga-off font-feature-clig-off font-feature-calt-off text-decoration-none text-strikethrough-none\">Playing For Change<\/span><span class=\"a_GcMg font-feature-liga-off font-feature-clig-off font-feature-calt-off text-decoration-none text-strikethrough-none\"> \u00e9s una associaci\u00f3 que va ser fundada el 2002 per Mark Johnson i Whitney Kroenke. La seva missi\u00f3 principal \u00e9s la de connectar el m\u00f3n a trav\u00e9s de la m\u00fasica.<\/span><\/p>\n<p class=\"cvGsUA direction-ltr align-justify para-style-body\"><span class=\"a_GcMg font-feature-liga-off font-feature-clig-off font-feature-calt-off text-decoration-none text-strikethrough-none\">Viatjant pel m\u00f3n amb un petit equip de cinema i gravaci\u00f3, els productors Johnson i Enzo Buono van desenvolupar un estudi de gravaci\u00f3 m\u00f2bil per gravar i filmar m\u00fasics en directe a l&#8217;aire lliure, i editant progressivament tots els artistes per separat, creant un \u00fanic v\u00eddeo.<\/span> <span class=\"a_GcMg font-feature-liga-off font-feature-clig-off font-feature-calt-off text-decoration-none text-strikethrough-none\">Johnson ha gravat i filmat m\u00fasica a m\u00e9s de 50 pa\u00efsos d&#8217;arreu del m\u00f3n.<\/span><\/p>\n<hr \/>\n<div>\n<p><strong>Del 12 al 23 de gener sona: I.A.<\/strong><\/p>\n<p><a href=\"https:\/\/agora.xtec.cat\/escolalabobila\/wp-content\/uploads\/usu2422\/2026\/01\/SONA-A-LESCOLA-06-1.jpg\"><img loading=\"lazy\" decoding=\"async\" class=\"alignnone size-large wp-image-4199\" src=\"https:\/\/agora.xtec.cat\/escolalabobila\/wp-content\/uploads\/usu2422\/2026\/01\/SONA-A-LESCOLA-06-1-724x1024.jpg\" alt=\"\" width=\"724\" height=\"1024\" srcset=\"https:\/\/agora.xtec.cat\/escolalabobila\/wp-content\/uploads\/usu2422\/2026\/01\/SONA-A-LESCOLA-06-1-724x1024.jpg 724w, https:\/\/agora.xtec.cat\/escolalabobila\/wp-content\/uploads\/usu2422\/2026\/01\/SONA-A-LESCOLA-06-1-212x300.jpg 212w, https:\/\/agora.xtec.cat\/escolalabobila\/wp-content\/uploads\/usu2422\/2026\/01\/SONA-A-LESCOLA-06-1-768x1086.jpg 768w, https:\/\/agora.xtec.cat\/escolalabobila\/wp-content\/uploads\/usu2422\/2026\/01\/SONA-A-LESCOLA-06-1-1086x1536.jpg 1086w, https:\/\/agora.xtec.cat\/escolalabobila\/wp-content\/uploads\/usu2422\/2026\/01\/SONA-A-LESCOLA-06-1.jpg 1414w\" sizes=\"auto, (max-width: 724px) 100vw, 724px\" \/><\/a><\/p>\n<hr \/>\n<p><strong>Del 8 al 19 de desembre sona: Disc de la Marat\u00f3 de Tv3<\/strong><\/p>\n<p><a href=\"https:\/\/agora.xtec.cat\/escolalabobila\/wp-content\/uploads\/usu2422\/2026\/01\/SONA-A-LESCOLA-05.jpg\"><img loading=\"lazy\" decoding=\"async\" class=\"alignnone size-large wp-image-4198\" src=\"https:\/\/agora.xtec.cat\/escolalabobila\/wp-content\/uploads\/usu2422\/2026\/01\/SONA-A-LESCOLA-05-724x1024.jpg\" alt=\"\" width=\"724\" height=\"1024\" srcset=\"https:\/\/agora.xtec.cat\/escolalabobila\/wp-content\/uploads\/usu2422\/2026\/01\/SONA-A-LESCOLA-05-724x1024.jpg 724w, https:\/\/agora.xtec.cat\/escolalabobila\/wp-content\/uploads\/usu2422\/2026\/01\/SONA-A-LESCOLA-05-212x300.jpg 212w, https:\/\/agora.xtec.cat\/escolalabobila\/wp-content\/uploads\/usu2422\/2026\/01\/SONA-A-LESCOLA-05-768x1086.jpg 768w, https:\/\/agora.xtec.cat\/escolalabobila\/wp-content\/uploads\/usu2422\/2026\/01\/SONA-A-LESCOLA-05-1086x1536.jpg 1086w, https:\/\/agora.xtec.cat\/escolalabobila\/wp-content\/uploads\/usu2422\/2026\/01\/SONA-A-LESCOLA-05.jpg 1414w\" sizes=\"auto, (max-width: 724px) 100vw, 724px\" \/><\/a><\/p>\n<hr \/>\n<p><strong>Del 17 de novembre al 5 de desembre sona: Rosalia<\/strong><\/p>\n<p><strong>Rosalia Vila i Tobella<\/strong> \u00e9s el nom complet de la cantant catalana coneguda a nivell mundial. Natural de Sant Esteve Sesrovires, va n\u00e9ixer el 25 de setembre de 1992.<\/p>\n<p>Va comen\u00e7ar la seva formaci\u00f3 musical professional als 16 anys al Taller de M\u00fasics de Barcelona. Despr\u00e9s de 6 cursos i m\u00faltiples recomanacions veient les seves altes capacitats, es va traslladar a l&#8217;Escola Superior de M\u00fasica de Catalunya per acabar els estudis. Tamb\u00e9 va treballar de forma aut\u00f2noma com a cantant independent en casaments i bars musicals, per la qual cosa cobrava una mica m\u00e9s de 80 euros o canviava la feina per un sopar.<\/p>\n<p>Escoltem el seu \u00faltim disc LUX. Segons ha explicat la mateixa cantant, aquest \u00e0lbum representa la seva evoluci\u00f3 personal: un viatge cap al descobriment de la seva aut\u00e8ntica personalitat. El disc cont\u00e9 fragments cantats en 13 lleng\u00fces diferents i diversos estils musicals, i ha requerit un proc\u00e9s de 3 anys de creaci\u00f3. Per a la seva reproducci\u00f3 a l&#8217;escola, ha calgut retallar alguna can\u00e7\u00f3 per contenir lletra poc apropiada.<\/p>\n<p><a href=\"https:\/\/agora.xtec.cat\/escolalabobila\/wp-content\/uploads\/usu2422\/2025\/11\/rosalia.jpg\"><img loading=\"lazy\" decoding=\"async\" class=\"alignnone size-large wp-image-4061\" src=\"https:\/\/agora.xtec.cat\/escolalabobila\/wp-content\/uploads\/usu2422\/2025\/11\/rosalia-1024x538.jpg\" alt=\"\" width=\"1024\" height=\"538\" srcset=\"https:\/\/agora.xtec.cat\/escolalabobila\/wp-content\/uploads\/usu2422\/2025\/11\/rosalia-1024x538.jpg 1024w, https:\/\/agora.xtec.cat\/escolalabobila\/wp-content\/uploads\/usu2422\/2025\/11\/rosalia-300x158.jpg 300w, https:\/\/agora.xtec.cat\/escolalabobila\/wp-content\/uploads\/usu2422\/2025\/11\/rosalia-768x403.jpg 768w, https:\/\/agora.xtec.cat\/escolalabobila\/wp-content\/uploads\/usu2422\/2025\/11\/rosalia.jpg 1200w\" sizes=\"auto, (max-width: 1024px) 100vw, 1024px\" \/><\/a><\/p>\n<hr \/>\n<p><strong>Setmanes del 3 al 14 de novembre: Lady Gaga<\/strong><\/p>\n<p style=\"text-align: left;\">Lady Gaga \u00e9s el nom art\u00edstic de la Stefani Joanne Angelina.\u00a0 Va n\u00e9ixer a Nova York el 28 de mar\u00e7 de 1986, i \u00e9s cantant, compositora, actriu, pianista, activista i empres\u00e0ria estatunidenca.<\/p>\n<p style=\"text-align: left;\">Ha publicat set \u00e0lbums d&#8217;estudi en solitari. Al llarg de la seva carrera, ha guanyat 12 premis Grammy, set premis Billboard Music, tres premis Brit, i 18 premis MTV entre molts d&#8217;altres. Tamb\u00e9 t\u00e9 un lloc dins el Sal\u00f3 de la Fama dels Compositors, aix\u00ed com un Oscar i dos Globus d&#8217;Or gr\u00e0cies als seus papers com a actriu a A Star is Born i American Horror Story.<\/p>\n<p style=\"text-align: left;\">Les seves inspiracions s\u00f3n artistes glam rock com David Bowie i Queen, aix\u00ed com estrelles del pop com Madonna i Michael Jackson. Tamb\u00e9 ha manifestat que una font d&#8217;inspiraci\u00f3 per a les seves lletres, la seva m\u00fasica, la seva est\u00e8tica i les seves actuacions, organitzades pel seu equip art\u00edstic Haus of Gaga, s\u00f3n la moda, el moviment LGTB i l&#8217;escena drag.<\/p>\n<p><a href=\"https:\/\/agora.xtec.cat\/escolalabobila\/wp-content\/uploads\/usu2422\/2025\/11\/17429956750477.jpg\"><img loading=\"lazy\" decoding=\"async\" class=\"size-full wp-image-3999\" src=\"https:\/\/agora.xtec.cat\/escolalabobila\/wp-content\/uploads\/usu2422\/2025\/11\/17429956750477.jpg\" alt=\"\" width=\"1024\" height=\"645\" srcset=\"https:\/\/agora.xtec.cat\/escolalabobila\/wp-content\/uploads\/usu2422\/2025\/11\/17429956750477.jpg 1024w, https:\/\/agora.xtec.cat\/escolalabobila\/wp-content\/uploads\/usu2422\/2025\/11\/17429956750477-300x189.jpg 300w, https:\/\/agora.xtec.cat\/escolalabobila\/wp-content\/uploads\/usu2422\/2025\/11\/17429956750477-768x484.jpg 768w\" sizes=\"auto, (max-width: 1024px) 100vw, 1024px\" \/><\/a><\/p>\n<hr \/>\n<p><strong>Setmana del 27 al 31 d&#8217;octubre:\u00a0<\/strong> <strong>LA CASTANYERA, I CAN\u00c7ONS DE TARDOR.<\/strong><\/p>\n<p>La can\u00e7\u00f3 de la castanyera \u00e9s considerada per tots nosaltres com una can\u00e7\u00f3 popular tradicional catalana, per\u00f2 realment \u00e9s una can\u00e7\u00f3 moderna (des del punt de vista hist\u00f2ric). El seu origen \u00e9s desconegut, per\u00f2 sembla que la can\u00e7\u00f3 tal i com la coneixem avui dia, va ser creada per mestres de m\u00fasica a mitjans del segle XX per a celebrar la castanyada a les escoles.<\/p>\n<p style=\"text-align: center;\"><a href=\"https:\/\/agora.xtec.cat\/escolalabobila\/wp-content\/uploads\/usu2422\/2025\/10\/Captura-2.png\"><img loading=\"lazy\" decoding=\"async\" class=\"alignnone size-full wp-image-3944\" src=\"https:\/\/agora.xtec.cat\/escolalabobila\/wp-content\/uploads\/usu2422\/2025\/10\/Captura-2.png\" alt=\"\" width=\"321\" height=\"450\" srcset=\"https:\/\/agora.xtec.cat\/escolalabobila\/wp-content\/uploads\/usu2422\/2025\/10\/Captura-2.png 321w, https:\/\/agora.xtec.cat\/escolalabobila\/wp-content\/uploads\/usu2422\/2025\/10\/Captura-2-214x300.png 214w\" sizes=\"auto, (max-width: 321px) 100vw, 321px\" \/><\/a><\/p>\n<p>&nbsp;<\/p>\n<hr \/>\n<p><strong style=\"font-family: inherit; font-size: 1em;\"><u>Setmanes del 13 al 24 d&#8217;octubreEd Sheeran<\/u><\/strong><\/p>\n<\/div>\n<p style=\"text-align: justify;\"><strong>Edward Christopher Sheeran<\/strong> (Halifax, Yorkshire Occidental; 17 de febrer de 1991), art\u00edsticament conegut com a <strong>Ed Sheeran,<\/strong> \u00e9s un cantant i compositor angl\u00e8s. Ha venut ja m\u00e9s de 200 milions de discos, i \u00e9s un dels artistes musicals m\u00e9s venuts del m\u00f3n.<\/p>\n<p style=\"text-align: justify;\">Ed Sheeran \u00e9s un m\u00fasic que sap aprofitar els recursos disponibles. \u00c9s h\u00e0bil, llest, i amb una gran capacitat per crear \u00e8xits musicals a escala mundial i, com hem vist darrerament en alguns programes de televisi\u00f3, una persona entranyable, sensible, i intel\u00b7ligent.<\/p>\n<p style=\"text-align: justify;\">Amb el seu darrer disc, Play, torna a demostrar la seva m\u00e0gia creativa, amb can\u00e7ons que poden fer sentir b\u00e9 a persones de tot el m\u00f3n i de totes les cultures.<\/p>\n<p><a href=\"https:\/\/agora.xtec.cat\/escolalabobila\/wp-content\/uploads\/usu2422\/2025\/10\/unnamed.jpg\"><img loading=\"lazy\" decoding=\"async\" class=\"alignnone wp-image-3830 aligncenter\" src=\"https:\/\/agora.xtec.cat\/escolalabobila\/wp-content\/uploads\/usu2422\/2025\/10\/unnamed-1024x576.jpg\" alt=\"\" width=\"629\" height=\"354\" srcset=\"https:\/\/agora.xtec.cat\/escolalabobila\/wp-content\/uploads\/usu2422\/2025\/10\/unnamed-1024x576.jpg 1024w, https:\/\/agora.xtec.cat\/escolalabobila\/wp-content\/uploads\/usu2422\/2025\/10\/unnamed-300x169.jpg 300w, https:\/\/agora.xtec.cat\/escolalabobila\/wp-content\/uploads\/usu2422\/2025\/10\/unnamed-768x432.jpg 768w, https:\/\/agora.xtec.cat\/escolalabobila\/wp-content\/uploads\/usu2422\/2025\/10\/unnamed.jpg 1280w\" sizes=\"auto, (max-width: 629px) 100vw, 629px\" \/><\/a><\/p>\n<\/div>\n","protected":false},"excerpt":{"rendered":"<p><a href=\"https:\/\/agora.xtec.cat\/escolalabobila\/wp-content\/uploads\/usu2422\/2025\/10\/Captura-de-pantalla-2025-10-09-195901.jpg\"><\/a><\/p>\n<p>&nbsp;<br \/>\nLa m\u00fasica \u00e9s un llenguatge universal capa\u00e7 de connectar-nos, emocionar-nos i fins i tot de transformar el nostre estat d&#8217;\u00e0nim. Ens acompanya en molts moments significatius de la vida: celebracions, festes, recordatoris, viatges, la dutxa&#8230; de vegades amb m\u00e9s pres\u00e8ncia i de vegades amb&hellip;  <a href=\"https:\/\/agora.xtec.cat\/escolalabobila\/projecte-educatiu\/que-sona-a-lescola\/\" title=\"Read Qu\u00e8 sona a l&#8217;escola?\">Llegeix m\u00e9s\u00bb<\/a><\/p>\n","protected":false},"author":3,"featured_media":0,"parent":64,"menu_order":70,"comment_status":"closed","ping_status":"closed","template":"page-templates\/side-menu.php","meta":{"_bbp_topic_count":0,"_bbp_reply_count":0,"_bbp_total_topic_count":0,"_bbp_total_reply_count":0,"_bbp_voice_count":0,"_bbp_anonymous_reply_count":0,"_bbp_topic_count_hidden":0,"_bbp_reply_count_hidden":0,"_bbp_forum_subforum_count":0,"footnotes":""},"class_list":["post-3820","page","type-page","status-publish","hentry"],"post_mailing_queue_ids":[],"_links":{"self":[{"href":"https:\/\/agora.xtec.cat\/escolalabobila\/wp-json\/wp\/v2\/pages\/3820","targetHints":{"allow":["GET"]}}],"collection":[{"href":"https:\/\/agora.xtec.cat\/escolalabobila\/wp-json\/wp\/v2\/pages"}],"about":[{"href":"https:\/\/agora.xtec.cat\/escolalabobila\/wp-json\/wp\/v2\/types\/page"}],"author":[{"embeddable":true,"href":"https:\/\/agora.xtec.cat\/escolalabobila\/wp-json\/wp\/v2\/users\/3"}],"replies":[{"embeddable":true,"href":"https:\/\/agora.xtec.cat\/escolalabobila\/wp-json\/wp\/v2\/comments?post=3820"}],"version-history":[{"count":6,"href":"https:\/\/agora.xtec.cat\/escolalabobila\/wp-json\/wp\/v2\/pages\/3820\/revisions"}],"predecessor-version":[{"id":4402,"href":"https:\/\/agora.xtec.cat\/escolalabobila\/wp-json\/wp\/v2\/pages\/3820\/revisions\/4402"}],"up":[{"embeddable":true,"href":"https:\/\/agora.xtec.cat\/escolalabobila\/wp-json\/wp\/v2\/pages\/64"}],"wp:attachment":[{"href":"https:\/\/agora.xtec.cat\/escolalabobila\/wp-json\/wp\/v2\/media?parent=3820"}],"curies":[{"name":"wp","href":"https:\/\/api.w.org\/{rel}","templated":true}]}}