{"id":28,"date":"2014-09-18T12:29:35","date_gmt":"2014-09-18T11:29:35","guid":{"rendered":"http:\/\/agora.xtec.cat\/escolalabobila\/?page_id=28"},"modified":"2023-07-04T17:36:33","modified_gmt":"2023-07-04T15:36:33","slug":"consell-escolar","status":"publish","type":"page","link":"https:\/\/agora.xtec.cat\/escolalabobila\/lescola\/consell-escolar\/","title":{"rendered":"Consell escolar"},"content":{"rendered":"<h2 style=\"color: #444444; text-align: center;\"><strong>ACORDS DEL CONSELL ESCOLAR<\/strong><\/h2>\n<p><strong>CONSELL ESCOLAR ORDINARI &#8211; 30\/01\/2023<\/strong><\/p>\n<ul>\n<li>S&#8217;aprova el pressupost per al curs 2022-2023.<\/li>\n<li>S&#8217;explica que s\u00f3n les motxilles escolars, els ajuts econ\u00f2mics a les fam\u00edlies d&#8217;alumnes NEE B d&#8217;I3.<\/li>\n<li>S&#8217;informa dels resultats del simulacre d&#8217;evacuaci\u00f3 realitzat al primer trimestre.<\/li>\n<\/ul>\n<p><strong>CONSELL ESCOLAR ORDINARI &#8211; 05\/05\/2023<\/strong><\/p>\n<ul>\n<li>S&#8217;aprova l&#8217;actualitzaci\u00f3 i modificaci\u00f3 de les NOFC que entren en vigor l&#8217;endem\u00e0 de la reuni\u00f3.<\/li>\n<li>S&#8217;informa dels resultats de la preinscripci\u00f3 per al curs 2023-2024.<\/li>\n<li>S&#8217;informa de les modificacions que es realitzaran al pla d&#8217;acollida. S&#8217;hi afegeix el pla d&#8217;acollida digital.<\/li>\n<li>S&#8217;informa del preu m\u00e0xim del menjador per al curs 2023-2024 marcat per la Generalitat de Catalunya.<\/li>\n<li>S&#8217;explica l&#8217;Avaldir de 4t any. S&#8217;escullen dues persones volunt\u00e0ries per participar en l&#8217;avaluaci\u00f3 de 4t any del director.<\/li>\n<\/ul>\n<p><strong>CONSELL ESCOLAR ORDINARI &#8211; 19\/06\/2023<\/strong><\/p>\n<ul>\n<li>S&#8217;informa del calendari escolar per al curs 2023-2024.<\/li>\n<li>S&#8217;informa dels dies de lliure disposici\u00f3 per al curs 2023-2024 escollits pel consell escolar municipal.<\/li>\n<li>S&#8217;aprova demanar la jornada intensiva des del 5 al 21 de juny de 2024.<\/li>\n<li>S&#8217;aprova demanar la jornada intensiva per al dia 20 de desembre de 2023.<\/li>\n<li>S&#8217;aprova el pla d&#8217;acollida que l&#8217;escola ha actualitzat.<\/li>\n<li>Es presenta el POCAT de l&#8217;escola.<\/li>\n<li>S&#8217;acorda la modificaci\u00f3 de quotes per al curs 2023-2024. 30\u20ac a cicle inicial i 25\u20ac a cicle mitj\u00e0 i cicle superior.<\/li>\n<\/ul>\n<p>&nbsp;<\/p>\n","protected":false},"excerpt":{"rendered":"<p>ACORDS DEL CONSELL ESCOLAR<br \/>\nCONSELL ESCOLAR ORDINARI &#8211; 30\/01\/2023<\/p>\n<ul>\n<li>S&#8217;aprova el pressupost per al curs 2022-2023.<\/li>\n<li>S&#8217;explica que s\u00f3n les motxilles escolars, els ajuts econ\u00f2mics a les fam\u00edlies d&#8217;alumnes NEE B d&#8217;I3.<\/li>\n<li>S&#8217;informa dels resultats del simulacre d&#8217;evacuaci\u00f3 realitzat al primer trimestre.<\/li>\n<\/ul>\n<p>CONSELL ESCOLAR ORDINARI &#8211; 05\/05\/2023<\/p>\n<ul>\n<li>S&#8217;aprova l&#8217;actualitzaci\u00f3 i modificaci\u00f3&hellip;  <a href=\"https:\/\/agora.xtec.cat\/escolalabobila\/lescola\/consell-escolar\/\" title=\"Read Consell escolar\">Llegeix m\u00e9s\u00bb<\/a><br \/>\n","protected":false},"author":1,"featured_media":0,"parent":22,"menu_order":30,"comment_status":"closed","ping_status":"closed","template":"page-templates\/side-menu.php","meta":{"_bbp_topic_count":0,"_bbp_reply_count":0,"_bbp_total_topic_count":0,"_bbp_total_reply_count":0,"_bbp_voice_count":0,"_bbp_anonymous_reply_count":0,"_bbp_topic_count_hidden":0,"_bbp_reply_count_hidden":0,"_bbp_forum_subforum_count":0,"footnotes":""},"class_list":["post-28","page","type-page","status-publish","hentry"],"post_mailing_queue_ids":[],"_links":{"self":[{"href":"https:\/\/agora.xtec.cat\/escolalabobila\/wp-json\/wp\/v2\/pages\/28","targetHints":{"allow":["GET"]}}],"collection":[{"href":"https:\/\/agora.xtec.cat\/escolalabobila\/wp-json\/wp\/v2\/pages"}],"about":[{"href":"https:\/\/agora.xtec.cat\/escolalabobila\/wp-json\/wp\/v2\/types\/page"}],"author":[{"embeddable":true,"href":"https:\/\/agora.xtec.cat\/escolalabobila\/wp-json\/wp\/v2\/users\/1"}],"replies":[{"embeddable":true,"href":"https:\/\/agora.xtec.cat\/escolalabobila\/wp-json\/wp\/v2\/comments?post=28"}],"version-history":[{"count":3,"href":"https:\/\/agora.xtec.cat\/escolalabobila\/wp-json\/wp\/v2\/pages\/28\/revisions"}],"predecessor-version":[{"id":2538,"href":"https:\/\/agora.xtec.cat\/escolalabobila\/wp-json\/wp\/v2\/pages\/28\/revisions\/2538"}],"up":[{"embeddable":true,"href":"https:\/\/agora.xtec.cat\/escolalabobila\/wp-json\/wp\/v2\/pages\/22"}],"wp:attachment":[{"href":"https:\/\/agora.xtec.cat\/escolalabobila\/wp-json\/wp\/v2\/media?parent=28"}],"curies":[{"name":"wp","href":"https:\/\/api.w.org\/{rel}","templated":true}]}}