{"id":1183,"date":"2022-02-13T11:22:57","date_gmt":"2022-02-13T10:22:57","guid":{"rendered":"https:\/\/agora.xtec.cat\/escolalabobila\/?page_id=1183"},"modified":"2026-04-23T13:13:02","modified_gmt":"2026-04-23T11:13:02","slug":"preinscripcio-i-matricula","status":"publish","type":"page","link":"https:\/\/agora.xtec.cat\/escolalabobila\/lescola\/preinscripcio-i-matricula\/","title":{"rendered":"Preinscripci\u00f3 i Matr\u00edcula"},"content":{"rendered":"<p>&nbsp;<\/p>\n<h2 style=\"text-align: center;\"><span style=\"color: #0000ff;\">Oferta provisional de places\u00a0<\/span><\/h2>\n<p style=\"text-align: center;\"><a href=\"https:\/\/agora.xtec.cat\/escolalabobila\/docs\/oferta-inicial-3\/?bp-attachment=INFORME_OFERTA_OME_INFORME_OFERTA.pdf\"><img loading=\"lazy\" decoding=\"async\" class=\"alignnone wp-image-2278 size-thumbnail\" src=\"https:\/\/agora.xtec.cat\/escolalabobila\/wp-content\/uploads\/usu2422\/2023\/04\/baixa-150x150.png\" alt=\"\" width=\"150\" height=\"150\" srcset=\"https:\/\/agora.xtec.cat\/escolalabobila\/wp-content\/uploads\/usu2422\/2023\/04\/baixa-150x150.png 150w, https:\/\/agora.xtec.cat\/escolalabobila\/wp-content\/uploads\/usu2422\/2023\/04\/baixa.png 225w\" sizes=\"auto, (max-width: 150px) 100vw, 150px\" \/><\/a><\/p>\n<h2 style=\"text-align: center;\"><a href=\"https:\/\/agora.xtec.cat\/escolalabobila\/docs\/oferta-inicial-3\/?bp-attachment=INFORME_OFERTA_OME_INFORME_OFERTA.pdf\">Oferta Inicial (3 de mar\u00e7)<\/a><\/h2>\n<p>&nbsp;<\/p>\n<h2 style=\"text-align: center;\"><span style=\"color: #0000ff;\"><strong>Calendari de la preinscripci\u00f3 2026-2027<\/strong><\/span><\/h2>\n<div class=\"list-item-wrapper\">\n<div class=\"col icon-col\">\n<div class=\"icon\" style=\"text-align: justify;\"><img decoding=\"async\" src=\"https:\/\/preinscripcio.gencat.cat\/web\/.content\/icones\/sollicitud-off.png_2044584825.png\" alt=\"\" \/><\/div>\n<\/div>\n<div class=\"col content-col\" style=\"text-align: justify;\">\n<h3>Del 4 al 18 de mar\u00e7 de 2026:<\/h3>\n<div class=\"bloc-mobil\">\n<div class=\"descripcio\">\n<p>\u00c9s molt important respectar les dates, perqu\u00e8 les sol\u00b7licituds que es presentin fora d&#8217;aquest termini perdran totes les prioritats que haurien pogut tenir a l&#8217;hora d&#8217;obtenir la pla\u00e7a. Els criteris de prioritat serveixen per donar una puntuaci\u00f3 a cada sol\u00b7licitud. D&#8217;aquesta manera s&#8217;estableix l&#8217;ordre d&#8217;acc\u00e9s a les places de cada centre. Cal presentar la sol\u00b7licitud i adjuntar-hi la documentaci\u00f3 d&#8217;identificaci\u00f3 o de criteris que correspongui.<\/p>\n<p><a href=\"https:\/\/tramits.gencat.cat\/ca\/tramits\/tramits-temes\/perinscripcio-obligatoris?moda=1\">Presenta aqu\u00ed la sol\u00b7licitud de preinscripci\u00f3<\/a><\/p>\n<\/div>\n<\/div>\n<\/div>\n<\/div>\n<div class=\"list-item-wrapper\" style=\"text-align: justify;\">\n<div class=\"col icon-col\">\n<div class=\"icon\"><img decoding=\"async\" src=\"https:\/\/preinscripcio.gencat.cat\/web\/.content\/icones\/presentar-doc-off.png_2044584825.png\" alt=\"\" \/><\/div>\n<\/div>\n<div class=\"col content-col\">\n<h3>Fins al 19 de mar\u00e7 de 2026: presentaci\u00f3 de documentaci\u00f3<\/h3>\n<div class=\"bloc-mobil\">\n<div class=\"descripcio\">\n<p>Aquests dies pots presentar documentaci\u00f3 acreditativa que no hagis pogut adjuntar durant el per\u00edode de presentaci\u00f3 de sol\u00b7licituds.<\/p>\n<\/div>\n<\/div>\n<\/div>\n<\/div>\n<div class=\"list-item-wrapper\" style=\"text-align: justify;\">\n<div class=\"col icon-col\">\n<div class=\"icon\"><img decoding=\"async\" src=\"https:\/\/preinscripcio.gencat.cat\/web\/.content\/icones\/consulta-revisa1-off.png_2044584825.png\" alt=\"\" \/><\/div>\n<\/div>\n<div class=\"col content-col\">\n<h3>15 d&#8217;abril de 2026: llista de sol\u00b7licituds amb la puntuaci\u00f3 provisional<\/h3>\n<div class=\"bloc-mobil\">\n<div class=\"descripcio\">\n<p>Un cop acabat el per\u00edode de presentaci\u00f3 de sol\u00b7licituds, els centres educatius estudien cadascuna de les peticions que han rebut: n&#8217;analitzen les dades, els criteris que les fam\u00edlies demanen que es tinguin en compte, i tamb\u00e9 els documents justificatius. Tot seguit, publiquen la llista de sol\u00b7licituds amb la puntuaci\u00f3 provisional. En aquesta llista hi ha les sol\u00b7licituds ordenades alfab\u00e8ticament amb la puntuaci\u00f3 que ha rebut cada sol\u00b7licitud en aplicar-hi el barem.<\/p>\n<p><a href=\"https:\/\/agora.xtec.cat\/escolalabobila\/docs\/llistat-amb-barem-provisional\/?bp-attachment=INFORME_BAREM_PROVISIONAL_BAREM.pdf\"><img loading=\"lazy\" decoding=\"async\" class=\"alignnone wp-image-2278 size-thumbnail\" src=\"https:\/\/agora.xtec.cat\/escolalabobila\/wp-content\/uploads\/usu2422\/2023\/04\/baixa-150x150.png\" alt=\"\" width=\"150\" height=\"150\" srcset=\"https:\/\/agora.xtec.cat\/escolalabobila\/wp-content\/uploads\/usu2422\/2023\/04\/baixa-150x150.png 150w, https:\/\/agora.xtec.cat\/escolalabobila\/wp-content\/uploads\/usu2422\/2023\/04\/baixa.png 225w\" sizes=\"auto, (max-width: 150px) 100vw, 150px\" \/><\/a><\/p>\n<p><a href=\"https:\/\/agora.xtec.cat\/escolalabobila\/docs\/llistat-amb-barem-provisional\/?bp-attachment=INFORME_BAREM_PROVISIONAL_BAREM.pdf\">LLISTAT_BAREM_PROVISIONAL<\/a><\/p>\n<p>&nbsp;<\/p>\n<\/div>\n<\/div>\n<\/div>\n<\/div>\n<div class=\"list-item-wrapper\" style=\"text-align: justify;\">\n<div class=\"col icon-col\">\n<div class=\"icon\"><img decoding=\"async\" src=\"https:\/\/preinscripcio.gencat.cat\/web\/.content\/icones\/llapis-off.png_2044584825.png\" alt=\"\" \/><\/div>\n<\/div>\n<div class=\"col content-col\">\n<h3>Del 15 al 20 d&#8217;abril de 2026: presentaci\u00f3 de reclamacions<\/h3>\n<div class=\"bloc-mobil\">\n<div class=\"descripcio\">\n<p>Durant aquest per\u00edode, si detectes alguna errada o anomalia en el barem assignat, pots presentar una reclamaci\u00f3 (utilitzant l&#8217;eina electr\u00f2nica per adjuntar reclamacions).<\/p>\n<p>&nbsp;<\/p>\n<\/div>\n<\/div>\n<\/div>\n<\/div>\n<div class=\"list-item-wrapper\" style=\"text-align: justify;\">\n<div class=\"col icon-col\">\n<div class=\"icon\"><img decoding=\"async\" src=\"https:\/\/preinscripcio.gencat.cat\/web\/.content\/icones\/consulta-revisa1-off.png_2044584825.png\" alt=\"\" \/><\/div>\n<\/div>\n<div class=\"col content-col\">\n<h3>23 d&#8217;abril de 2026: llista de sol\u00b7licituds amb la puntuaci\u00f3 un cop resoltes les reclamacions<\/h3>\n<div class=\"bloc-mobil\">\n<div class=\"descripcio\">\n<p>Un cop resoltes totes les reclamacions presentades, el centre publica la llista de sol\u00b7licituds amb la puntuaci\u00f3 i el n\u00famero de desempat corresponent.<\/p>\n<p><a href=\"https:\/\/agora.xtec.cat\/escolalabobila\/docs\/llistat-amb-les-reclamacions-resoltes\/?bp-attachment=INFORME_BAREM_RESOLTES_BAREM.pdf\"><img loading=\"lazy\" decoding=\"async\" class=\"alignnone wp-image-2278 size-thumbnail\" src=\"https:\/\/agora.xtec.cat\/escolalabobila\/wp-content\/uploads\/usu2422\/2023\/04\/baixa-150x150.png\" alt=\"\" width=\"150\" height=\"150\" srcset=\"https:\/\/agora.xtec.cat\/escolalabobila\/wp-content\/uploads\/usu2422\/2023\/04\/baixa-150x150.png 150w, https:\/\/agora.xtec.cat\/escolalabobila\/wp-content\/uploads\/usu2422\/2023\/04\/baixa.png 225w\" sizes=\"auto, (max-width: 150px) 100vw, 150px\" \/><\/a><\/p>\n<p><a href=\"https:\/\/agora.xtec.cat\/escolalabobila\/docs\/llistat-amb-les-reclamacions-resoltes\/?bp-attachment=INFORME_BAREM_RESOLTES_BAREM.pdf\">LLISTAT AMB LES RECLAMACIONS RESOLTES<\/a><\/p>\n<\/div>\n<\/div>\n<\/div>\n<\/div>\n<div class=\"list-item-wrapper\" style=\"text-align: justify;\">\n<div class=\"col icon-col\">\n<div class=\"icon\"><img decoding=\"async\" src=\"https:\/\/preinscripcio.gencat.cat\/web\/.content\/icones\/campaneta-off.png_2044584825.png\" alt=\"\" \/><\/div>\n<\/div>\n<div class=\"col content-col\">\n<h3>28 d&#8217;abril de 2026: sorteig per resoldre les sol\u00b7licituds de preinscripci\u00f3 empatades en punts<\/h3>\n<div class=\"bloc-mobil\">\n<div class=\"descripcio\">\n<p>El nombre de places a cada centre educatiu \u00e9s limitat. Si el nombre de peticions supera el d&#8217;alumnes que l&#8217;escola pot acollir, cal aplicar un sistema de desempat entre les sol\u00b7licituds que tenen la mateixa puntuaci\u00f3. Per fer-ho, s&#8217;obt\u00e9 un n\u00famero per sorteig a partir del qual s&#8217;ordenen totes les peticions empatades en punts, tenint en compte el n\u00famero de desempat que s&#8217;ha assignat a cada sol\u00b7licitud. El sorteig tindr\u00e0 lloc a les 11 hores, als serveis centrals del Departament d&#8217;Educaci\u00f3 (Via Augusta, 202-226, Barcelona).<\/p>\n<p>EL N\u00daMERO DE DESEMPAT PER AQUEST 2026 \u00c9S:<\/p>\n<p>&nbsp;<\/p>\n<div class=\"col icon-col\">\n<div class=\"icon\"><\/div>\n<\/div>\n<div class=\"col content-col\">\n<h3>29 d&#8217;abril de 2026: llista de sol\u00b7licituds ordenades per puntuaci\u00f3<\/h3>\n<div class=\"bloc-mobil\">\n<div class=\"descripcio\">\n<p>Un cop resoltes totes les reclamacions presentades, el centre publica la llista de sol\u00b7licituds ordenades per la puntuaci\u00f3.<\/p>\n<\/div>\n<\/div>\n<p><img loading=\"lazy\" decoding=\"async\" class=\"alignnone wp-image-2278 size-thumbnail\" src=\"https:\/\/agora.xtec.cat\/escolalabobila\/wp-content\/uploads\/usu2422\/2023\/04\/baixa-150x150.png\" alt=\"\" width=\"150\" height=\"150\" srcset=\"https:\/\/agora.xtec.cat\/escolalabobila\/wp-content\/uploads\/usu2422\/2023\/04\/baixa-150x150.png 150w, https:\/\/agora.xtec.cat\/escolalabobila\/wp-content\/uploads\/usu2422\/2023\/04\/baixa.png 225w\" sizes=\"auto, (max-width: 150px) 100vw, 150px\" \/><\/p>\n<\/div>\n<\/div>\n<\/div>\n<\/div>\n<p>LLISTAT ORDENAT AMB EL BAREM DEFINITIU<\/p>\n<\/div>\n<div class=\"list-item-wrapper\" style=\"text-align: justify;\">\n<div class=\"col icon-col\">\n<div class=\"icon\"><img decoding=\"async\" src=\"https:\/\/preinscripcio.gencat.cat\/web\/.content\/icones\/martell-off.png_2044584825.png\" alt=\"\" \/><\/div>\n<\/div>\n<div class=\"col content-col\">\n<div class=\"list-item-wrapper\" style=\"text-align: justify;\">\n<div class=\"col content-col\">\n<h3>Del 13 al 14 de maig de 2026: ampliaci\u00f3 de peticions de preinscripci\u00f3 per a <span style=\"color: #0000ff;\">alumnes NEEB<\/span> sense pla\u00e7a assignada a cap centre<\/h3>\n<div class=\"bloc-mobil\">\n<div class=\"descripcio\">\n<p>Si no s&#8217;accedeix a cap pla\u00e7a en els centres demanats i es tracta de sol\u00b7licituds en les quals s&#8217;ha marcat expressament que es vol una assignaci\u00f3 d&#8217;ofici, durant aquest per\u00edode es poden ampliar les peticions originals i demanar places en centres que en tinguin de disponibles.<\/p>\n<p>Despr\u00e9s d&#8217;aquesta ampliaci\u00f3 de la sol\u00b7licitud, s&#8217;acaba el proc\u00e9s d&#8217;assignaci\u00f3 tenint en compte aquestes peticions ampliades.<\/p>\n<\/div>\n<\/div>\n<\/div>\n<\/div>\n<div class=\"list-item-wrapper\" style=\"text-align: justify;\">\n<div class=\"col icon-col\">\n<div class=\"icon\"><img decoding=\"async\" src=\"https:\/\/preinscripcio.gencat.cat\/web\/.content\/icones\/persona-off.png_2044584825.png\" alt=\"\" \/><\/div>\n<\/div>\n<div class=\"col content-col\">\n<h3><\/h3>\n<\/div>\n<\/div>\n<h3>Del 1 al 3 de juny de 2026: ampliaci\u00f3 de peticions de preinscripci\u00f3 per a <span style=\"color: #0000ff;\">alumnes ordinaris<\/span> sense pla\u00e7a assignada a cap centre<\/h3>\n<div class=\"bloc-mobil\">\n<div class=\"descripcio\">\n<p>Si no s&#8217;accedeix a cap pla\u00e7a en els centres demanats i es tracta de sol\u00b7licituds en les quals s&#8217;ha marcat expressament que es vol una assignaci\u00f3 d&#8217;ofici, durant aquest per\u00edode es poden ampliar les peticions originals i demanar places en centres que en tinguin de disponibles.<\/p>\n<p>Despr\u00e9s d&#8217;aquesta ampliaci\u00f3 de la sol\u00b7licitud, s&#8217;acaba el proc\u00e9s d&#8217;assignaci\u00f3 tenint en compte aquestes peticions ampliades.<\/p>\n<\/div>\n<\/div>\n<\/div>\n<\/div>\n<div class=\"list-item-wrapper\" style=\"text-align: justify;\">\n<div class=\"col icon-col\">\n<div class=\"icon\"><img decoding=\"async\" src=\"https:\/\/preinscripcio.gencat.cat\/web\/.content\/icones\/persona-off.png_2044584825.png\" alt=\"\" \/><\/div>\n<\/div>\n<div class=\"col content-col\">\n<h3>10 de juny de 2026: oferta final de places escolars<\/h3>\n<div class=\"bloc-mobil\">\n<div class=\"descripcio\">\n<p>Publicaci\u00f3 del nombre de places escolars per centre i curs definitiva.<\/p>\n<p><img decoding=\"async\" src=\"https:\/\/preinscripcio.gencat.cat\/web\/.content\/icones\/consulta-revisa1-off.png_2044584825.png\" alt=\"\" \/><\/p>\n<\/div>\n<\/div>\n<\/div>\n<\/div>\n<div class=\"list-item-wrapper\">\n<div class=\"col content-col\">\n<h3 style=\"text-align: justify;\">10 de juny de 2026: llista d&#8217;alumnes admesos i llista d&#8217;espera<\/h3>\n<div class=\"bloc-mobil\">\n<div class=\"descripcio\">\n<p style=\"text-align: justify;\">Llista d&#8217;alumnes admesos al centre i tamb\u00e9 la llista d&#8217;espera.<\/p>\n<p>&nbsp;<\/p>\n<table style=\"border-collapse: collapse; width: 37.2325%;\">\n<tbody>\n<tr>\n<td style=\"width: 18.6164%;\"><img loading=\"lazy\" decoding=\"async\" class=\"alignnone wp-image-2278 size-thumbnail\" src=\"https:\/\/agora.xtec.cat\/escolalabobila\/wp-content\/uploads\/usu2422\/2023\/04\/baixa-150x150.png\" alt=\"\" width=\"150\" height=\"150\" srcset=\"https:\/\/agora.xtec.cat\/escolalabobila\/wp-content\/uploads\/usu2422\/2023\/04\/baixa-150x150.png 150w, https:\/\/agora.xtec.cat\/escolalabobila\/wp-content\/uploads\/usu2422\/2023\/04\/baixa.png 225w\" sizes=\"auto, (max-width: 150px) 100vw, 150px\" \/><\/p>\n<p>Llista d&#8217;admesos<\/td>\n<td style=\"width: 18.6163%;\"><img loading=\"lazy\" decoding=\"async\" class=\"alignnone wp-image-2278 size-thumbnail\" src=\"https:\/\/agora.xtec.cat\/escolalabobila\/wp-content\/uploads\/usu2422\/2023\/04\/baixa-150x150.png\" alt=\"\" width=\"150\" height=\"150\" srcset=\"https:\/\/agora.xtec.cat\/escolalabobila\/wp-content\/uploads\/usu2422\/2023\/04\/baixa-150x150.png 150w, https:\/\/agora.xtec.cat\/escolalabobila\/wp-content\/uploads\/usu2422\/2023\/04\/baixa.png 225w\" sizes=\"auto, (max-width: 150px) 100vw, 150px\" \/><\/p>\n<p style=\"text-align: left;\">Llista d&#8217;espera<\/p>\n<\/td>\n<\/tr>\n<\/tbody>\n<\/table>\n<p>&nbsp;<\/p>\n<div class=\"col icon-col\" style=\"text-align: justify;\">\n<div class=\"icon\"><img decoding=\"async\" src=\"https:\/\/preinscripcio.gencat.cat\/web\/.content\/icones\/consulta-revisa1-off.png_2044584825.png\" alt=\"\" \/><\/div>\n<\/div>\n<div class=\"col content-col\">\n<h3 style=\"text-align: justify;\">Del 22 de juny al 30 de juny de 2026: Per\u00edode de matr\u00edcula<\/h3>\n<\/div>\n<p>&nbsp;<\/p>\n<\/div>\n<\/div>\n<\/div>\n<\/div>\n<h2 class=\"NG-menu__title\" style=\"text-align: center;\"><strong><span style=\"color: #0000ff;\">El sistema de puntuacions en la preinscripci\u00f3 escolar del curs <span style=\"color: #ff0000;\">2026-2027<\/span><\/span><\/strong><\/h2>\n<p>&nbsp;<\/p>\n<p>&nbsp;<\/p>\n<p>En la preinscripci\u00f3 escolar 2026-2027, els <strong>criteris prioritaris<\/strong>\u00a0i les puntuacions corresponents s\u00f3n els seg\u00fcents:<\/p>\n<ul>\n<li>L&#8217;exist\u00e8ncia de germans o germanes que ja estudi\u00efn en el mateix centre educatiu, <strong>50 punts.<\/strong><\/li>\n<li>La proximitat geogr\u00e0fica de l&#8217;escola al domicili de l&#8217;infant o jove, o al centre de treball del pare o mare, de <strong>10 a 30 punts<\/strong>, en funci\u00f3 del que s&#8217;al\u00b7legui.<\/li>\n<li>Si el pare o la mare percep l&#8217;ajut de la renda garantida de ciutadania, <strong>15 punts.<\/strong><\/li>\n<\/ul>\n<p>Tot seguit, si hi ha un empat en la puntuaci\u00f3 de les sol\u00b7licituds, s&#8217;aplica la puntuaci\u00f3 dels\u00a0<strong>criteris complementaris<\/strong>, que serveixen per desempatar. Els criteris complementaris i les puntuacions s\u00f3n els seg\u00fcents:<\/p>\n<p>L&#8217;exist\u00e8ncia d&#8217;un membre de la unitat familiar amb una discapacitat superior al 33%, <strong>15 punts.<\/strong><\/p>\n<ul>\n<li>Si el pare o mare treballa al centre triat en primera opci\u00f3, <strong>10 punts.<\/strong><\/li>\n<li>Si l&#8217;alumne o alumna forma part d&#8217;una fam\u00edlia nombrosa o monoparental, <strong>10 punts.<\/strong><\/li>\n<li>Si l&#8217;alumne o alumna que es preinscriu t\u00e9 germans bessons, <strong>10 punts.<\/strong><\/li>\n<li>Si l&#8217;alumne o alumna que es preinscriu es troba en situaci\u00f3 d&#8217;acolliment familiar, <strong>10 punts.<\/strong><\/li>\n<li>Si es t\u00e9 la condici\u00f3 de v\u00edctima de viol\u00e8ncia de g\u00e8nere o terrorisme, <strong>10 punts.<\/strong><\/li>\n<\/ul>\n<h2 style=\"text-align: center;\"><span style=\"color: #0000ff;\"><strong>Quina documentaci\u00f3 \u00e9s necess\u00e0ria?<\/strong><\/span><\/h2>\n<p>&nbsp;<\/p>\n<h4 id=\"FW_bloc_64c3baaf-55e8-11e4-aafa-000c29f68999_1\" class=\"Estilo3\">Documentaci\u00f3 identificativa<\/h4>\n<p class=\"Estilo2\">C\u00f2pia o fotografia del llibre de fam\u00edlia o altres documents relatius a la filiaci\u00f3. Si l&#8217;alumne o alumna est\u00e0 en situaci\u00f3 d&#8217;acolliment, la resoluci\u00f3 d&#8217;acolliment del Departament de Treball, Afers Socials i Fam\u00edlies.<\/p>\n<p class=\"Estilo2\" style=\"text-align: justify;\">C\u00f2pia o fotografia del DNI de la persona sol\u00b7licitant (nom\u00e9s en les sol\u00b7licituds presentades mitjan\u00e7ant suport inform\u00e0tic) o, si el sol\u00b7licitant \u00e9s estranger, de la targeta de resid\u00e8ncia on consta el NIE o el passaport. Si es tracta d&#8217;estrangers comunitaris, document d&#8217;identitat del pa\u00eds d&#8217;origen.<\/p>\n<h4 class=\"Estilo2\"><span class=\"Estilo3\">Documentaci\u00f3 acreditativa dels criteris de prioritat (Barem)<\/span><\/h4>\n<p class=\"Estilo2\" style=\"text-align: justify;\">Les persones que al\u00b7leguen el compliment d&#8217;un o m\u00e9s criteris de prioritat (general o complementari) han de presentar la <strong>documentaci\u00f3<\/strong> que s&#8217;indica per a cada criteri.<\/p>\n<p class=\"Estilo2\" style=\"text-align: justify;\">La falsedat o el frau en les dades al\u00b7legades o en la documentaci\u00f3 aportada comporta la invalidaci\u00f3 dels drets de prioritat i fins i tot, si escau, la p\u00e8rdua de la pla\u00e7a assignada; si \u00e9s el cas, el Departament d&#8217;Educaci\u00f3 comunica a l&#8217;autoritat competent el fet perqu\u00e8 aquesta adopti les mesures oportunes en relaci\u00f3 amb la responsabilitat que correspongui, tant del sol\u00b7licitant com de la persona que hagi em\u00e8s la documentaci\u00f3 acreditativa.<\/p>\n<h2 style=\"text-align: center;\"><span style=\"color: #0000ff;\"><strong>Qui ha de fer la preinscripci\u00f3?<\/strong><\/span><\/h2>\n<p class=\"Estilo2\"><span class=\"Estilo6\">Es poden matricular al <strong>primer <\/strong>curs de segon cicle d&#8217;educaci\u00f3<strong> infantil (I3) <\/strong> els infants que compleixen 3 anys el 2026<\/span>.<\/p>\n<p class=\"Estilo2\">Es poden matricular al <strong>segon <\/strong>curs de segon cicle d&#8217;educaci\u00f3<strong> infantil (I4) <\/strong> els infants que compleixen 4 anys el <span class=\"Estilo6\">2026 <\/span>i que actualment no estiguin matriculats al centre.<\/p>\n<p class=\"Estilo2\">Es poden matricular al <strong>tercer <\/strong>curs de segon cicle d&#8217;educaci\u00f3<strong> infantil (I5) <\/strong> els infants que compleixen 5 anys el <span class=\"Estilo6\">2026<\/span><span class=\"Estilo6\">\u00a0<\/span>i que actualment no estiguin matriculats al centre.<\/p>\n<p class=\"Estilo2\">S&#8217;han de matricular al <strong>primer <\/strong>curs de l&#8217;educaci\u00f3<strong> prim\u00e0ria <\/strong>els nens que compleixen 6 anys el <span class=\"Estilo6\">2026<\/span>, i que actualment no estiguin matriculats al centre.<\/p>\n<p class=\"Estilo2\">S&#8217;han de matricular al <strong>segon <\/strong>curs de l&#8217;educaci\u00f3<strong> prim\u00e0ria <\/strong>els nens que compleixen 7 anys el <span class=\"Estilo6\">2026<\/span>, i que actualment no estiguin matriculats al centre.<\/p>\n<p class=\"Estilo2\">S&#8217;han de matricular al <strong>tercer <\/strong>curs de l&#8217;educaci\u00f3<strong> prim\u00e0ria <\/strong>els nens que compleixen 8 anys el <span class=\"Estilo6\">2026<\/span>, i que actualment no estiguin matriculats al centre.<\/p>\n<p class=\"Estilo2\">S&#8217;han de matricular al <strong>quart <\/strong>curs de l&#8217;educaci\u00f3<strong> prim\u00e0ria <\/strong>els nens que compleixen 9 anys el <span class=\"Estilo6\">2026<\/span>, i que actualment no estiguin matriculats al centre.<\/p>\n<p class=\"Estilo2\">S&#8217;han de matricular al <strong>cinqu\u00e8 <\/strong>curs de l&#8217;educaci\u00f3<strong> prim\u00e0ria <\/strong>els nens que compleixen 10 anys el <span class=\"Estilo6\">2026<\/span>, i que actualment no estiguin matriculats al centre.<\/p>\n<p class=\"Estilo2\">S&#8217;han de matricular al <strong>sis\u00e8 <\/strong>curs de l&#8217;educaci\u00f3<strong> prim\u00e0ria <\/strong>els nens que compleixen 11 anys el <span class=\"Estilo6\">2026<\/span>, i que actualment no estiguin matriculats al centre.<\/p>\n<p class=\"Estilo2\">S&#8217;han de matricular al <strong>primer<\/strong> curs d&#8217;educaci\u00f3<strong> secund\u00e0ria <\/strong>obligat\u00f2ria (ESO) els nens que compleixen 12 anys el 2<span class=\"Estilo6\">026 <\/span>.<\/p>\n<p>&nbsp;<\/p>\n<h2 style=\"text-align: center;\"><span style=\"color: #0000ff;\"><strong>Mapa escolar de Cambrils<\/strong><\/span><\/h2>\n<p><a href=\"https:\/\/www.cambrils.cat\/ca\/serveis\/educacio\/serveis\/ome\/preinscripcio-curs-2026-2027\/arees-d-influencia\">Enlla\u00e7<\/a> a la p\u00e0gina web de l&#8217;Ajuntament de Cambrils on hi ha el mapa escolar de Cambrils, on hi apareix la zonificaci\u00f3.<\/p>\n<p>&nbsp;<\/p>\n","protected":false},"excerpt":{"rendered":"<p>&nbsp;<br \/>\nOferta provisional de places\u00a0<br \/>\n<a href=\"https:\/\/agora.xtec.cat\/escolalabobila\/docs\/oferta-inicial-3\/?bp-attachment=INFORME_OFERTA_OME_INFORME_OFERTA.pdf\"><\/a><br \/>\n<a href=\"https:\/\/agora.xtec.cat\/escolalabobila\/docs\/oferta-inicial-3\/?bp-attachment=INFORME_OFERTA_OME_INFORME_OFERTA.pdf\">Oferta Inicial (3 de mar\u00e7)<\/a><br \/>\n&nbsp;<br \/>\nCalendari de la preinscripci\u00f3 2026-2027<\/p>\n<p>Del 4 al 18 de mar\u00e7 de 2026:<\/p>\n<p>\u00c9s molt important respectar les dates, perqu\u00e8 les sol\u00b7licituds que es presentin fora d&#8217;aquest termini perdran totes les prioritats que haurien pogut tenir a l&#8217;hora&hellip;  <a href=\"https:\/\/agora.xtec.cat\/escolalabobila\/lescola\/preinscripcio-i-matricula\/\" title=\"Read Preinscripci\u00f3 i Matr\u00edcula\">Llegeix m\u00e9s\u00bb<\/a><\/p>\n","protected":false},"author":3,"featured_media":0,"parent":22,"menu_order":90,"comment_status":"closed","ping_status":"closed","template":"page-templates\/side-menu.php","meta":{"_bbp_topic_count":0,"_bbp_reply_count":0,"_bbp_total_topic_count":0,"_bbp_total_reply_count":0,"_bbp_voice_count":0,"_bbp_anonymous_reply_count":0,"_bbp_topic_count_hidden":0,"_bbp_reply_count_hidden":0,"_bbp_forum_subforum_count":0,"footnotes":""},"class_list":["post-1183","page","type-page","status-publish","hentry"],"post_mailing_queue_ids":[],"_links":{"self":[{"href":"https:\/\/agora.xtec.cat\/escolalabobila\/wp-json\/wp\/v2\/pages\/1183","targetHints":{"allow":["GET"]}}],"collection":[{"href":"https:\/\/agora.xtec.cat\/escolalabobila\/wp-json\/wp\/v2\/pages"}],"about":[{"href":"https:\/\/agora.xtec.cat\/escolalabobila\/wp-json\/wp\/v2\/types\/page"}],"author":[{"embeddable":true,"href":"https:\/\/agora.xtec.cat\/escolalabobila\/wp-json\/wp\/v2\/users\/3"}],"replies":[{"embeddable":true,"href":"https:\/\/agora.xtec.cat\/escolalabobila\/wp-json\/wp\/v2\/comments?post=1183"}],"version-history":[{"count":7,"href":"https:\/\/agora.xtec.cat\/escolalabobila\/wp-json\/wp\/v2\/pages\/1183\/revisions"}],"predecessor-version":[{"id":4449,"href":"https:\/\/agora.xtec.cat\/escolalabobila\/wp-json\/wp\/v2\/pages\/1183\/revisions\/4449"}],"up":[{"embeddable":true,"href":"https:\/\/agora.xtec.cat\/escolalabobila\/wp-json\/wp\/v2\/pages\/22"}],"wp:attachment":[{"href":"https:\/\/agora.xtec.cat\/escolalabobila\/wp-json\/wp\/v2\/media?parent=1183"}],"curies":[{"name":"wp","href":"https:\/\/api.w.org\/{rel}","templated":true}]}}