{"id":1168,"date":"2022-02-10T15:56:15","date_gmt":"2022-02-10T14:56:15","guid":{"rendered":"https:\/\/agora.xtec.cat\/escolalabobila\/?page_id=1168"},"modified":"2022-02-10T16:10:43","modified_gmt":"2022-02-10T15:10:43","slug":"canco-de-la-bobila","status":"publish","type":"page","link":"https:\/\/agora.xtec.cat\/escolalabobila\/lescola\/canco-de-la-bobila\/","title":{"rendered":"Can\u00e7\u00f3 de la B\u00f2bila"},"content":{"rendered":"<p class=\"Estilo1\">El dimecres 24 d&#8217;abril de 2013 a l&#8217;escola la B\u00f2bila varem estrenar i presentar la nostra can\u00e7\u00f3. Una can\u00e7\u00f3 composada pel nostre mestre de m\u00fasica, en David Dempere P\u00e9rez.<\/p>\n<p class=\"Estilo1\">En David Dempere \u00e9s el mestre de m\u00fasica de la B\u00f2bila, per\u00f2 tamb\u00e9 \u00e9s un m\u00fasic semi-professional. De ben petit va estudiar dos anys de conservatori, que li van servir per a introduir-se m\u00e9s tard en el m\u00f3n de la m\u00fasica creativa.<br \/>\nAls 17 anys va formar la seva primera banda de rock amb quatre amics, i amb la qual comen\u00e7\u00e0 a tocar el baix el\u00e8ctric. A partir de l\u2019esfor\u00e7 i de la const\u00e0ncia, va anar aprenent el llenguatge musical de forma autodidacta i participant en altres projectes musicals. L\u2019any 2004, amb alguns companys de la universitat va formar la banda en qual encara toca: Contratempo (banda castellonenca formada per 9 membres i que toca diferents estils musicals jamaicans).<\/p>\n<p class=\"Estilo1\">Durant aquests darrers anys, ha dut a terme diferents cursos de pedagogia musical, de t\u00e8cnic de so, i d\u2019inform\u00e0tica musical; i s\u2019ha introdu\u00eft tamb\u00e9 en la producci\u00f3 musical creant diferents bases instrumentals com la de la can\u00e7\u00f3 de la B\u00f2bila.<\/p>\n<p class=\"Estilo1\">En David ens va explicar que va ser durant l&#8217;estiu del 2012 quan li va venir la idea de fer una can\u00e7\u00f3. Una can\u00e7\u00f3, que fes refer\u00e8ncia a tots nosaltres, a tota la comunitat educativa, per\u00f2 sobretot, que reflect\u00eds qui s\u00f3n, qu\u00e8 fan, i com creixen les persones m\u00e9s importants de la B\u00f2bila, els nostres alumnes.<\/p>\n<p class=\"Estilo1\">Aix\u00ed doncs pensant en el creixement any rere any de l\u2019escola, i pensant en el proper curs que tornaria a emprendre amb il\u00b7lusi\u00f3, les idees van comen\u00e7ar a fluir pel seu cap.<\/p>\n<p class=\"Estilo1\">La B\u00f2bila, creix. Els nens i nenes es fan grans aqu\u00ed, amb nosaltres, amb les fam\u00edlies&#8230; Per\u00f2 concretament aqu\u00ed, creixen, aprenen, gaudeixen. Aix\u00ed doncs, de tot aquest<br \/>\nplegat d\u2019idees, surt la nostra pr\u00f2pia can\u00e7\u00f3. Una can\u00e7\u00f3 amb estil musical de reggae.<\/p>\n<p class=\"Estilo1\">El reggae \u00e9s un estil de m\u00fasica que va n\u00e9ixer a finals dels anys 60 a l\u2019illa de Jamaica, i que r\u00e0pidament es va difondre per tot el m\u00f3n gr\u00e0cies a artistes com Bob Marley o Jimmy Cliff. Aquest estil musical es caracteritza pel seu ritme sincopat i el contratemps de les guitarres.<\/p>\n<p class=\"Estilo1\">Clicant amb el bot\u00f3 dret del ratol\u00ed a cada icona us podeu descarregar, la can\u00e7\u00f3 de la B\u00f2bila, la partitura, la base instrumental i la lletra.<\/p>\n<p class=\"Estilo1\">Donem les gr\u00e0cies al mestre David i desitgem que pugueu gaudir sempre que vulgueu de la can\u00e7\u00f3 de l&#8217;escola.<\/p>\n<table border=\"0\" width=\"100%\">\n<tbody>\n<tr>\n<td width=\"33%\">\n<div align=\"center\"><a href=\"http:\/\/www.escolalabobila.cat\/media\/altres\/himne.mp3\"><img loading=\"lazy\" decoding=\"async\" class=\"alignnone wp-image-1171\" src=\"https:\/\/agora.xtec.cat\/escolalabobila\/wp-content\/uploads\/usu2422\/2022\/02\/base.jpg\" alt=\"\" width=\"200\" height=\"200\" srcset=\"https:\/\/agora.xtec.cat\/escolalabobila\/wp-content\/uploads\/usu2422\/2022\/02\/base.jpg 425w, https:\/\/agora.xtec.cat\/escolalabobila\/wp-content\/uploads\/usu2422\/2022\/02\/base-300x300.jpg 300w, https:\/\/agora.xtec.cat\/escolalabobila\/wp-content\/uploads\/usu2422\/2022\/02\/base-150x150.jpg 150w\" sizes=\"auto, (max-width: 200px) 100vw, 200px\" \/><\/a><\/div>\n<\/td>\n<td width=\"34%\">\n<div align=\"center\"><a href=\"http:\/\/www.escolalabobila.cat\/media\/altres\/base%20b%F2bila.mp3\"><img loading=\"lazy\" decoding=\"async\" class=\"alignnone wp-image-1172\" src=\"https:\/\/agora.xtec.cat\/escolalabobila\/wp-content\/uploads\/usu2422\/2022\/02\/musica.jpg\" alt=\"\" width=\"201\" height=\"200\" srcset=\"https:\/\/agora.xtec.cat\/escolalabobila\/wp-content\/uploads\/usu2422\/2022\/02\/musica.jpg 425w, https:\/\/agora.xtec.cat\/escolalabobila\/wp-content\/uploads\/usu2422\/2022\/02\/musica-300x298.jpg 300w, https:\/\/agora.xtec.cat\/escolalabobila\/wp-content\/uploads\/usu2422\/2022\/02\/musica-150x150.jpg 150w\" sizes=\"auto, (max-width: 201px) 100vw, 201px\" \/><\/a><\/div>\n<\/td>\n<td width=\"33%\">\n<div align=\"center\"><a href=\"http:\/\/www.escolalabobila.cat\/media\/altres\/Partitura%20can%E7%F3%20de%20la%20b%F2bila.pdf\"><img loading=\"lazy\" decoding=\"async\" class=\"alignnone wp-image-1173\" src=\"https:\/\/agora.xtec.cat\/escolalabobila\/wp-content\/uploads\/usu2422\/2022\/02\/partitura.jpg\" alt=\"\" width=\"205\" height=\"187\" srcset=\"https:\/\/agora.xtec.cat\/escolalabobila\/wp-content\/uploads\/usu2422\/2022\/02\/partitura.jpg 350w, https:\/\/agora.xtec.cat\/escolalabobila\/wp-content\/uploads\/usu2422\/2022\/02\/partitura-300x273.jpg 300w\" sizes=\"auto, (max-width: 205px) 100vw, 205px\" \/><\/a><\/div>\n<\/td>\n<\/tr>\n<tr bgcolor=\"#FF9900\">\n<td>\n<div align=\"center\"><span style=\"color: #000000;\"><strong>Can\u00e7\u00f3<br \/>\nde la B\u00f2bila<\/strong><\/span><\/div>\n<\/td>\n<td>\n<div align=\"center\"><span style=\"color: #000000;\"><strong>Base<br \/>\nde la can\u00e7\u00f3<\/strong><\/span><\/div>\n<\/td>\n<td>\n<div align=\"center\"><span style=\"color: #000000;\"><strong>Partitura<br \/>\nde la can\u00e7\u00f3<\/strong><\/span><\/div>\n<\/td>\n<\/tr>\n<tr>\n<td>\n<div align=\"center\"><a href=\"http:\/\/www.escolalabobila.cat\/media\/altres\/lletrainf.pdf\"><img loading=\"lazy\" decoding=\"async\" class=\"alignnone wp-image-1170\" src=\"https:\/\/agora.xtec.cat\/escolalabobila\/wp-content\/uploads\/usu2422\/2022\/02\/lletrados.jpg\" alt=\"\" width=\"201\" height=\"173\" srcset=\"https:\/\/agora.xtec.cat\/escolalabobila\/wp-content\/uploads\/usu2422\/2022\/02\/lletrados.jpg 368w, https:\/\/agora.xtec.cat\/escolalabobila\/wp-content\/uploads\/usu2422\/2022\/02\/lletrados-300x258.jpg 300w\" sizes=\"auto, (max-width: 201px) 100vw, 201px\" \/><\/a><\/div>\n<\/td>\n<td>\n<div align=\"center\"><a href=\"http:\/\/www.escolalabobila.cat\/media\/altres\/lletraprim.pdf\"><img loading=\"lazy\" decoding=\"async\" class=\"alignnone wp-image-1170\" src=\"https:\/\/agora.xtec.cat\/escolalabobila\/wp-content\/uploads\/usu2422\/2022\/02\/lletrados.jpg\" alt=\"\" width=\"200\" height=\"172\" srcset=\"https:\/\/agora.xtec.cat\/escolalabobila\/wp-content\/uploads\/usu2422\/2022\/02\/lletrados.jpg 368w, https:\/\/agora.xtec.cat\/escolalabobila\/wp-content\/uploads\/usu2422\/2022\/02\/lletrados-300x258.jpg 300w\" sizes=\"auto, (max-width: 200px) 100vw, 200px\" \/><\/a><\/div>\n<\/td>\n<td>\n<div align=\"center\"><\/div>\n<\/td>\n<\/tr>\n<tr bgcolor=\"#FF9900\">\n<td>\n<div align=\"center\"><span style=\"color: #000000;\"><strong>Lletra<br \/>\nde la can\u00e7\u00f3 per a Educaci\u00f3 Infantil<\/strong><\/span><\/div>\n<\/td>\n<td>\n<div align=\"center\"><span style=\"color: #000000;\"><strong>Lletra<br \/>\nde la Can\u00e7\u00f3 per a Educaci\u00f3 Prim\u00e0ria<\/strong><\/span><\/div>\n<\/td>\n<td bgcolor=\"#FFFFFF\"><\/td>\n<\/tr>\n<tr>\n<td><\/td>\n<\/tr>\n<\/tbody>\n<\/table>\n","protected":false},"excerpt":{"rendered":"<p>El dimecres 24 d&#8217;abril de 2013 a l&#8217;escola la B\u00f2bila varem estrenar i presentar la nostra can\u00e7\u00f3. Una can\u00e7\u00f3 composada pel nostre mestre de m\u00fasica, en David Dempere P\u00e9rez.<br \/>\nEn David Dempere \u00e9s el mestre de m\u00fasica de la B\u00f2bila, per\u00f2 tamb\u00e9 \u00e9s un m\u00fasic semi-professional.&hellip;  <a href=\"https:\/\/agora.xtec.cat\/escolalabobila\/lescola\/canco-de-la-bobila\/\" title=\"Read Can\u00e7\u00f3 de la B\u00f2bila\">Llegeix m\u00e9s\u00bb<\/a><\/p>\n","protected":false},"author":3,"featured_media":0,"parent":22,"menu_order":80,"comment_status":"closed","ping_status":"closed","template":"page-templates\/side-menu.php","meta":{"_bbp_topic_count":0,"_bbp_reply_count":0,"_bbp_total_topic_count":0,"_bbp_total_reply_count":0,"_bbp_voice_count":0,"_bbp_anonymous_reply_count":0,"_bbp_topic_count_hidden":0,"_bbp_reply_count_hidden":0,"_bbp_forum_subforum_count":0,"footnotes":""},"class_list":["post-1168","page","type-page","status-publish","hentry"],"post_mailing_queue_ids":[],"_links":{"self":[{"href":"https:\/\/agora.xtec.cat\/escolalabobila\/wp-json\/wp\/v2\/pages\/1168","targetHints":{"allow":["GET"]}}],"collection":[{"href":"https:\/\/agora.xtec.cat\/escolalabobila\/wp-json\/wp\/v2\/pages"}],"about":[{"href":"https:\/\/agora.xtec.cat\/escolalabobila\/wp-json\/wp\/v2\/types\/page"}],"author":[{"embeddable":true,"href":"https:\/\/agora.xtec.cat\/escolalabobila\/wp-json\/wp\/v2\/users\/3"}],"replies":[{"embeddable":true,"href":"https:\/\/agora.xtec.cat\/escolalabobila\/wp-json\/wp\/v2\/comments?post=1168"}],"version-history":[{"count":3,"href":"https:\/\/agora.xtec.cat\/escolalabobila\/wp-json\/wp\/v2\/pages\/1168\/revisions"}],"predecessor-version":[{"id":1175,"href":"https:\/\/agora.xtec.cat\/escolalabobila\/wp-json\/wp\/v2\/pages\/1168\/revisions\/1175"}],"up":[{"embeddable":true,"href":"https:\/\/agora.xtec.cat\/escolalabobila\/wp-json\/wp\/v2\/pages\/22"}],"wp:attachment":[{"href":"https:\/\/agora.xtec.cat\/escolalabobila\/wp-json\/wp\/v2\/media?parent=1168"}],"curies":[{"name":"wp","href":"https:\/\/api.w.org\/{rel}","templated":true}]}}