{"id":334,"date":"2019-09-01T12:33:07","date_gmt":"2019-09-01T10:33:07","guid":{"rendered":"http:\/\/agora.xtec.cat\/escolajverdaguer\/?page_id=334"},"modified":"2025-10-21T10:33:22","modified_gmt":"2025-10-21T08:33:22","slug":"documents-del-centre","status":"publish","type":"page","link":"https:\/\/agora.xtec.cat\/escolajverdaguer\/documents-del-centre\/","title":{"rendered":"DOCUMENTS DEL CENTRE"},"content":{"rendered":"<p><a href=\"https:\/\/drive.google.com\/file\/d\/1C2Z9hEg0WDLBrSkQ07ZG0GfT-S7J9lvs\/view?usp=sharing\" target=\"_blank\" rel=\"noopener\">CALENDARI ESCOLAR CURS<\/a> <em><span style=\"color: #ff0000;\">(2024\/25)<\/span><\/em><\/p>\n<p><a href=\"https:\/\/drive.google.com\/file\/d\/1xHBZwdHWcrh0vTEzKOh_LHfi9rTHWsYE\/view?usp=sharing\" target=\"_blank\" rel=\"noopener\">DOSSIER INICI DE CURS<\/a> <em><span style=\"color: #ff0000;\">(2024\/25)<\/span><\/em><\/p>\n<p><a href=\"https:\/\/drive.google.com\/file\/d\/1svVZnaYdxAOvExyMf2CXa4oEBiDgjIYJ\/view?usp=sharing\" target=\"_blank\" rel=\"noopener\">PROJECTE EDUCACI\u00d3 CENTRE (PEC)<\/a> (Modificat 2024\/25)<\/p>\n<h5><a href=\"https:\/\/drive.google.com\/file\/d\/1jaDMuv27DlvuQlCfYrW0O8Z54U7nFLdt\/view?usp=sharing\" target=\"_blank\" rel=\"noopener\"><strong>PROJECTE DE DIRECCI\u00d3 DE<\/strong><strong> L&#8217;ESCOLA<\/strong><\/a> <em><span style=\"color: #ff0000;\">(2023-27)<\/span><\/em><\/h5>\n<p><a href=\"https:\/\/drive.google.com\/file\/d\/1qLZ3-vOOfsjykfdjmPsR6Ax5YpVS3am8\/view?usp=sharing\" target=\"_blank\" rel=\"noopener\"><strong>NORMES D&#8217;ORGANITZACI\u00d3 I FUNCIONAMENT DE CENTRE<\/strong> <\/a>(NOFC) <em>(Modificat 2020\/21)<\/em><\/p>\n<p><a href=\"https:\/\/drive.google.com\/open?id=1r05iPKH9AEvL7aqC1X-sPErMdwQ3j12O\" target=\"_blank\" rel=\"noopener noreferrer\">PROJECTE DE CONVIV\u00c8NCIA<\/a> <em>(Modificat Mar\u00e7\/2020)<\/em><\/p>\n<h5><a href=\"https:\/\/drive.google.com\/file\/d\/1THiHbO6YlBif7bQe-KkTGlD7maejubX0\/view?usp=sharing\" target=\"_blank\" rel=\"noopener\">PROJECTE LING\u00dc\u00cdSTIC<\/a><\/h5>\n<p><a href=\"https:\/\/sites.google.com\/xtec.cat\/edc-escola-jacint-verdaguer\/inici\" target=\"_blank\" rel=\"noopener\">ESTRAT\u00c8GIA DIGITAL DE CENTRE<\/a> <em>(2022\/23)<\/em><\/p>\n<p><strong>COMISSI\u00d3 DE CULTURA DIGITAL: del Consell Escolar de Catalunya,<a href=\"https:\/\/drive.google.com\/open?id=1jgv_xQBSUTsBbYhEbK7Hnf6C2jmsJ6p1\" target=\"_blank\" rel=\"noopener noreferrer\"> &#8220;dispositius m\u00f2bils als centres educatius&#8221;.<\/a><\/strong><\/p>\n<p><a href=\"https:\/\/drive.google.com\/drive\/folders\/1j9613mSyU_5DbqyGarXYzBRi175LhbZS?usp=drive_link\" target=\"_blank\" rel=\"noopener\"><strong>AUTORITZACIONS I PERMISOS<\/strong><\/a> (autoritzaci\u00f3 medicaci\u00f3&#8230;)<\/p>\n","protected":false},"excerpt":{"rendered":"<p>CALENDARI ESCOLAR CURS (2024\/25) DOSSIER INICI DE CURS (2024\/25) PROJECTE EDUCACI\u00d3 CENTRE (PEC) (Modificat 2024\/25) PROJECTE DE DIRECCI\u00d3 DE L&#8217;ESCOLA (2023-27) NORMES D&#8217;ORGANITZACI\u00d3 I FUNCIONAMENT DE CENTRE (NOFC) (Modificat 2020\/21) PROJECTE DE CONVIV\u00c8NCIA (Modificat Mar\u00e7\/2020) PROJECTE LING\u00dc\u00cdSTIC ESTRAT\u00c8GIA DIGITAL DE CENTRE (2022\/23) COMISSI\u00d3 DE CULTURA DIGITAL: del Consell Escolar de Catalunya, &#8220;dispositius m\u00f2bils als centres [&hellip;]<\/p>\n","protected":false},"author":1,"featured_media":0,"parent":0,"menu_order":0,"comment_status":"closed","ping_status":"closed","template":"","meta":{"_bbp_topic_count":0,"_bbp_reply_count":0,"_bbp_total_topic_count":0,"_bbp_total_reply_count":0,"_bbp_voice_count":0,"_bbp_anonymous_reply_count":0,"_bbp_topic_count_hidden":0,"_bbp_reply_count_hidden":0,"_bbp_forum_subforum_count":0,"site-sidebar-layout":"default","site-content-layout":"","ast-site-content-layout":"","site-content-style":"default","site-sidebar-style":"default","ast-global-header-display":"","ast-banner-title-visibility":"","ast-main-header-display":"","ast-hfb-above-header-display":"","ast-hfb-below-header-display":"","ast-hfb-mobile-header-display":"","site-post-title":"","ast-breadcrumbs-content":"","ast-featured-img":"","footer-sml-layout":"","theme-transparent-header-meta":"","adv-header-id-meta":"","stick-header-meta":"","header-above-stick-meta":"","header-main-stick-meta":"","header-below-stick-meta":"","astra-migrate-meta-layouts":"default","ast-page-background-enabled":"default","ast-page-background-meta":{"desktop":{"background-color":"var(--ast-global-color-4)","background-image":"","background-repeat":"repeat","background-position":"center center","background-size":"auto","background-attachment":"scroll","background-type":"","background-media":"","overlay-type":"","overlay-color":"","overlay-opacity":"","overlay-gradient":""},"tablet":{"background-color":"","background-image":"","background-repeat":"repeat","background-position":"center center","background-size":"auto","background-attachment":"scroll","background-type":"","background-media":"","overlay-type":"","overlay-color":"","overlay-opacity":"","overlay-gradient":""},"mobile":{"background-color":"","background-image":"","background-repeat":"repeat","background-position":"center center","background-size":"auto","background-attachment":"scroll","background-type":"","background-media":"","overlay-type":"","overlay-color":"","overlay-opacity":"","overlay-gradient":""}},"ast-content-background-meta":{"desktop":{"background-color":"var(--ast-global-color-5)","background-image":"","background-repeat":"repeat","background-position":"center center","background-size":"auto","background-attachment":"scroll","background-type":"","background-media":"","overlay-type":"","overlay-color":"","overlay-opacity":"","overlay-gradient":""},"tablet":{"background-color":"var(--ast-global-color-5)","background-image":"","background-repeat":"repeat","background-position":"center center","background-size":"auto","background-attachment":"scroll","background-type":"","background-media":"","overlay-type":"","overlay-color":"","overlay-opacity":"","overlay-gradient":""},"mobile":{"background-color":"var(--ast-global-color-5)","background-image":"","background-repeat":"repeat","background-position":"center center","background-size":"auto","background-attachment":"scroll","background-type":"","background-media":"","overlay-type":"","overlay-color":"","overlay-opacity":"","overlay-gradient":""}},"footnotes":""},"class_list":["post-334","page","type-page","status-publish","hentry"],"post_mailing_queue_ids":[],"_links":{"self":[{"href":"https:\/\/agora.xtec.cat\/escolajverdaguer\/wp-json\/wp\/v2\/pages\/334","targetHints":{"allow":["GET"]}}],"collection":[{"href":"https:\/\/agora.xtec.cat\/escolajverdaguer\/wp-json\/wp\/v2\/pages"}],"about":[{"href":"https:\/\/agora.xtec.cat\/escolajverdaguer\/wp-json\/wp\/v2\/types\/page"}],"author":[{"embeddable":true,"href":"https:\/\/agora.xtec.cat\/escolajverdaguer\/wp-json\/wp\/v2\/users\/1"}],"replies":[{"embeddable":true,"href":"https:\/\/agora.xtec.cat\/escolajverdaguer\/wp-json\/wp\/v2\/comments?post=334"}],"version-history":[{"count":6,"href":"https:\/\/agora.xtec.cat\/escolajverdaguer\/wp-json\/wp\/v2\/pages\/334\/revisions"}],"predecessor-version":[{"id":12628,"href":"https:\/\/agora.xtec.cat\/escolajverdaguer\/wp-json\/wp\/v2\/pages\/334\/revisions\/12628"}],"wp:attachment":[{"href":"https:\/\/agora.xtec.cat\/escolajverdaguer\/wp-json\/wp\/v2\/media?parent=334"}],"curies":[{"name":"wp","href":"https:\/\/api.w.org\/{rel}","templated":true}]}}