{"id":12782,"date":"2026-01-07T11:12:51","date_gmt":"2026-01-07T10:12:51","guid":{"rendered":"https:\/\/agora.xtec.cat\/escolajverdaguer\/?page_id=12782"},"modified":"2026-01-11T12:41:59","modified_gmt":"2026-01-11T11:41:59","slug":"pensament-computacional-pcmat","status":"publish","type":"page","link":"https:\/\/agora.xtec.cat\/escolajverdaguer\/pcmat_index-de-treball\/pensament-computacional-pcmat\/","title":{"rendered":"Pensament Computacional (PCMAT)"},"content":{"rendered":"<p>La nostra escola participa durant aquest curs en el <strong>programa PCMAT<\/strong>, una iniciativa que s\u2019emmarca dins del desplegament del programa\u00a0<strong>\u201cC\u00f3digo Escuela 4.0\u201d<\/strong>, impulsat pel\u00a0<strong>Ministeri d\u2019Educaci\u00f3, Formaci\u00f3 Professional i Esports<\/strong>\u00a0i coordinat pel\u00a0<strong>Departament d\u2019Educaci\u00f3 i Formaci\u00f3 Professional<\/strong>\u00a0de la Generalitat de Catalunya.<br \/>\nAquest projecte t\u00e9 com a finalitat\u00a0<strong>potenciar el desenvolupament de les compet\u00e8ncies matem\u00e0tiques a trav\u00e9s del pensament computacional<\/strong>.<\/p>\n<p>El programa PCMAT proposa treballar les matem\u00e0tiques des d\u2019una\u00a0<strong>visi\u00f3 competencial i interdisciplin\u00e0ria<\/strong>, fomentant la\u00a0<strong>resoluci\u00f3 de problemes, el raonament, la comunicaci\u00f3 matem\u00e0tica<\/strong>\u00a0i la\u00a0<strong>relaci\u00f3 amb situacions reals<\/strong>. L\u2019enfocament es basa en un aprenentatge actiu i significatiu, on l\u2019alumnat construeix coneixement a partir de l\u2019experimentaci\u00f3, la conversa i el treball cooperatiu.<\/p>\n<div class=\"entry-content clear\" data-ast-blocks-layout=\"true\">L\u2019objectiu principal d\u2019aquest programa \u00e9s <strong>millorar la compet\u00e8ncia matem\u00e0tica<\/strong> de l\u2019alumnat a trav\u00e9s del <strong>pensament computacional, la programaci\u00f3 i la rob\u00f2tica educativa<\/strong>, amb un acompanyament intensiu i personalitzat per al professorat.<\/div>\n<p>Les sessions del programa inclouen\u00a0<strong>activitats variades i din\u00e0miques<\/strong>, com ara l\u2019\u00fas de\u00a0<strong>materials manipulatius<\/strong>, la realitzaci\u00f3 de\u00a0<strong>reptes col\u00b7laboratius<\/strong>\u00a0i espais de\u00a0<strong>reflexi\u00f3 individual<\/strong>, amb l\u2019objectiu de desenvolupar el pensament l\u00f2gic i cr\u00edtic.<\/p>\n<blockquote class=\"wp-block-quote is-layout-flow wp-block-quote-is-layout-flow\"><p><em>\u201cEl pensament computacional facilita el treball de les matem\u00e0tiques, tot proporcionant un enfocament estructurat per resoldre problemes mitjan\u00e7ant t\u00e8cniques com la descomposici\u00f3, el reconeixement de patrons, l\u2019abstracci\u00f3 i el disseny d\u2019algorismes.\u201d<\/em><\/p><\/blockquote>\n","protected":false},"excerpt":{"rendered":"<p>La nostra escola participa durant aquest curs en el programa PCMAT, una iniciativa que s\u2019emmarca dins del desplegament del programa\u00a0\u201cC\u00f3digo Escuela 4.0\u201d, impulsat pel\u00a0Ministeri d\u2019Educaci\u00f3, Formaci\u00f3 Professional i Esports\u00a0i coordinat pel\u00a0Departament d\u2019Educaci\u00f3 i Formaci\u00f3 Professional\u00a0de la Generalitat de Catalunya. Aquest projecte t\u00e9 com a finalitat\u00a0potenciar el desenvolupament de les compet\u00e8ncies matem\u00e0tiques a trav\u00e9s del pensament [&hellip;]<\/p>\n","protected":false},"author":1,"featured_media":0,"parent":12862,"menu_order":0,"comment_status":"closed","ping_status":"closed","template":"","meta":{"_bbp_topic_count":0,"_bbp_reply_count":0,"_bbp_total_topic_count":0,"_bbp_total_reply_count":0,"_bbp_voice_count":0,"_bbp_anonymous_reply_count":0,"_bbp_topic_count_hidden":0,"_bbp_reply_count_hidden":0,"_bbp_forum_subforum_count":0,"site-sidebar-layout":"left-sidebar","site-content-layout":"","ast-site-content-layout":"default","site-content-style":"default","site-sidebar-style":"default","ast-global-header-display":"","ast-banner-title-visibility":"","ast-main-header-display":"","ast-hfb-above-header-display":"","ast-hfb-below-header-display":"","ast-hfb-mobile-header-display":"","site-post-title":"","ast-breadcrumbs-content":"","ast-featured-img":"","footer-sml-layout":"","theme-transparent-header-meta":"default","adv-header-id-meta":"","stick-header-meta":"","header-above-stick-meta":"","header-main-stick-meta":"","header-below-stick-meta":"","astra-migrate-meta-layouts":"set","ast-page-background-enabled":"default","ast-page-background-meta":{"desktop":{"background-color":"var(--ast-global-color-4)","background-image":"","background-repeat":"repeat","background-position":"center center","background-size":"auto","background-attachment":"scroll","background-type":"","background-media":"","overlay-type":"","overlay-color":"","overlay-opacity":"","overlay-gradient":""},"tablet":{"background-color":"","background-image":"","background-repeat":"repeat","background-position":"center center","background-size":"auto","background-attachment":"scroll","background-type":"","background-media":"","overlay-type":"","overlay-color":"","overlay-opacity":"","overlay-gradient":""},"mobile":{"background-color":"","background-image":"","background-repeat":"repeat","background-position":"center center","background-size":"auto","background-attachment":"scroll","background-type":"","background-media":"","overlay-type":"","overlay-color":"","overlay-opacity":"","overlay-gradient":""}},"ast-content-background-meta":{"desktop":{"background-color":"var(--ast-global-color-5)","background-image":"","background-repeat":"repeat","background-position":"center center","background-size":"auto","background-attachment":"scroll","background-type":"","background-media":"","overlay-type":"","overlay-color":"","overlay-opacity":"","overlay-gradient":""},"tablet":{"background-color":"var(--ast-global-color-5)","background-image":"","background-repeat":"repeat","background-position":"center center","background-size":"auto","background-attachment":"scroll","background-type":"","background-media":"","overlay-type":"","overlay-color":"","overlay-opacity":"","overlay-gradient":""},"mobile":{"background-color":"var(--ast-global-color-5)","background-image":"","background-repeat":"repeat","background-position":"center center","background-size":"auto","background-attachment":"scroll","background-type":"","background-media":"","overlay-type":"","overlay-color":"","overlay-opacity":"","overlay-gradient":""}},"footnotes":""},"class_list":["post-12782","page","type-page","status-publish","hentry"],"post_mailing_queue_ids":[],"_links":{"self":[{"href":"https:\/\/agora.xtec.cat\/escolajverdaguer\/wp-json\/wp\/v2\/pages\/12782","targetHints":{"allow":["GET"]}}],"collection":[{"href":"https:\/\/agora.xtec.cat\/escolajverdaguer\/wp-json\/wp\/v2\/pages"}],"about":[{"href":"https:\/\/agora.xtec.cat\/escolajverdaguer\/wp-json\/wp\/v2\/types\/page"}],"author":[{"embeddable":true,"href":"https:\/\/agora.xtec.cat\/escolajverdaguer\/wp-json\/wp\/v2\/users\/1"}],"replies":[{"embeddable":true,"href":"https:\/\/agora.xtec.cat\/escolajverdaguer\/wp-json\/wp\/v2\/comments?post=12782"}],"version-history":[{"count":1,"href":"https:\/\/agora.xtec.cat\/escolajverdaguer\/wp-json\/wp\/v2\/pages\/12782\/revisions"}],"predecessor-version":[{"id":12783,"href":"https:\/\/agora.xtec.cat\/escolajverdaguer\/wp-json\/wp\/v2\/pages\/12782\/revisions\/12783"}],"up":[{"embeddable":true,"href":"https:\/\/agora.xtec.cat\/escolajverdaguer\/wp-json\/wp\/v2\/pages\/12862"}],"wp:attachment":[{"href":"https:\/\/agora.xtec.cat\/escolajverdaguer\/wp-json\/wp\/v2\/media?parent=12782"}],"curies":[{"name":"wp","href":"https:\/\/api.w.org\/{rel}","templated":true}]}}