{"id":786,"date":"2023-05-18T16:03:33","date_gmt":"2023-05-18T14:03:33","guid":{"rendered":"https:\/\/agora.xtec.cat\/escolajungfrau\/?page_id=786"},"modified":"2024-02-01T11:25:02","modified_gmt":"2024-02-01T10:25:02","slug":"festes","status":"publish","type":"page","link":"https:\/\/agora.xtec.cat\/escolajungfrau\/projecte-educatiu\/festes\/","title":{"rendered":"Festes"},"content":{"rendered":"<p><strong>LES FESTES\u00a0 I DIADES A L\u2019ESCOLA<\/strong><\/p>\n<p>Considerem que les festes tradicionals i diades commemoratives constitueixen un tret d\u2019identitat referencial i diferencial. En aquest sentit es celebren i es treballen al centre, potenciant tots aquells aspectes de car\u00e0cter antropol\u00f2gic i sociol\u00f2gic que ultrapassen l\u2019\u00e0mbit estrictament religi\u00f3s. La viv\u00e8ncia d\u2019aquestes festes afavoreix el coneixement de Catalunya, l\u2019arrelament dels alumnes al pa\u00eds i el respecte a la conviv\u00e8ncia.<\/p>\n<ul>\n<li id=\"menu-item-21401\" class=\"menu-item menu-item-type-post_type menu-item-object-page page_item page-item-10039 menu-item-21401\"><a href=\"https:\/\/agora.xtec.cat\/escolajungfrau\/projecte-educatiu\/festes\/diada-europea-de-conscienciacio-sobre-laturada-cardiaca-16-doctubre\/\" aria-current=\"page\">Diada Europea de Conscienciaci\u00f3 sobre l\u2019Aturada Card\u00edaca: 16 d\u2019octubre<\/a><\/li>\n<li id=\"menu-item-21402\" class=\"menu-item menu-item-type-post_type menu-item-object-page menu-item-21402\"><a href=\"https:\/\/agora.xtec.cat\/escolajungfrau\/projecte-educatiu\/festes\/tardor-i-castanyada\/\">Tardor i castanyada<\/a><\/li>\n<li id=\"menu-item-21403\" class=\"menu-item menu-item-type-post_type menu-item-object-page menu-item-21403\"><a href=\"https:\/\/agora.xtec.cat\/escolajungfrau\/projecte-educatiu\/festes\/santa-cecilia\/\">Santa Cec\u00edlia<\/a><\/li>\n<li id=\"menu-item-21404\" class=\"menu-item menu-item-type-post_type menu-item-object-page menu-item-21404\"><a href=\"https:\/\/agora.xtec.cat\/escolajungfrau\/projecte-educatiu\/festes\/dia-universal-dels-drets-dels-infants\/\">Dia universal dels drets dels infants<\/a><\/li>\n<li id=\"menu-item-21405\" class=\"menu-item menu-item-type-post_type menu-item-object-page menu-item-21405\"><a href=\"https:\/\/agora.xtec.cat\/escolajungfrau\/projecte-educatiu\/festes\/lhivern-i-el-nadal\">L\u2019hivern i el Nadal<\/a><\/li>\n<li id=\"menu-item-21406\" class=\"menu-item menu-item-type-post_type menu-item-object-page menu-item-21406\"><a href=\"https:\/\/agora.xtec.cat\/escolajungfrau\/projecte-educatiu\/festes\/dia-de-la-pau\">Dia de la Pau<\/a><\/li>\n<li id=\"menu-item-21407\" class=\"menu-item menu-item-type-post_type menu-item-object-page menu-item-21407\"><a href=\"https:\/\/agora.xtec.cat\/escolajungfrau\/projecte-educatiu\/festes\/carnaval\">Carnaval<\/a><\/li>\n<li id=\"menu-item-21408\" class=\"menu-item menu-item-type-post_type menu-item-object-page menu-item-21408\"><a href=\"https:\/\/agora.xtec.cat\/escolajungfrau\/projecte-educatiu\/festes\/dia-de-la-dona\">Dia de la dona<\/a><\/li>\n<li id=\"menu-item-21409\" class=\"menu-item menu-item-type-post_type menu-item-object-page menu-item-21409\"><a href=\"https:\/\/agora.xtec.cat\/escolajungfrau\/projecte-educatiu\/festes\/la-mona\">La mona<\/a><\/li>\n<li id=\"menu-item-21410\" class=\"menu-item menu-item-type-post_type menu-item-object-page menu-item-21410\"><a href=\"https:\/\/agora.xtec.cat\/escolajungfrau\/projecte-educatiu\/festes\/sant-jordi\">Sant Jordi<\/a><\/li>\n<li id=\"menu-item-21411\" class=\"menu-item menu-item-type-post_type menu-item-object-page menu-item-21411\"><a href=\"https:\/\/agora.xtec.cat\/escolajungfrau\/projecte-educatiu\/festes\/festes-de-maig\">Festes de Maig<\/a><\/li>\n<li id=\"menu-item-21412\" class=\"menu-item menu-item-type-post_type menu-item-object-page menu-item-21412\"><a href=\"https:\/\/agora.xtec.cat\/escolajungfrau\/projecte-educatiu\/festes\/dia-mundial-del-medi-ambient\/\">Dia Mundial del Medi ambient<\/a><\/li>\n<li id=\"menu-item-21413\" class=\"menu-item menu-item-type-post_type menu-item-object-page menu-item-21413\"><a href=\"https:\/\/agora.xtec.cat\/escolajungfrau\/projecte-educatiu\/festes\/final-de-curs\">Final de curs<\/a><\/li>\n<\/ul>\n<p>&nbsp;<\/p>\n<p>&nbsp;<\/p>\n<p>&nbsp;<\/p>\n<p>&nbsp;<\/p>\n<p>&nbsp;<\/p>\n<h4 id=\"primavera\"><\/h4>\n<p>&nbsp;<\/p>\n<p>&nbsp;<\/p>\n<p>&nbsp;<\/p>\n<h4 id=\"stjordi\"><\/h4>\n<p>&nbsp;<\/p>\n<p>&nbsp;<\/p>\n","protected":false},"excerpt":{"rendered":"<p>LES FESTES\u00a0 I DIADES A L\u2019ESCOLA<br \/>\nConsiderem que les festes tradicionals i diades commemoratives constitueixen un tret d\u2019identitat referencial i diferencial. En aquest sentit es celebren i es treballen al centre, potenciant tots aquells aspectes de car\u00e0cter antropol\u00f2gic i sociol\u00f2gic que ultrapassen l\u2019\u00e0mbit estrictament religi\u00f3s. La&hellip;  <a href=\"https:\/\/agora.xtec.cat\/escolajungfrau\/projecte-educatiu\/festes\/\" title=\"Read Festes\">Llegeix m\u00e9s\u00bb<\/a><\/p>\n","protected":false},"author":3,"featured_media":0,"parent":64,"menu_order":12,"comment_status":"closed","ping_status":"closed","template":"page-templates\/side-menu.php","meta":{"_bbp_topic_count":0,"_bbp_reply_count":0,"_bbp_total_topic_count":0,"_bbp_total_reply_count":0,"_bbp_voice_count":0,"_bbp_anonymous_reply_count":0,"_bbp_topic_count_hidden":0,"_bbp_reply_count_hidden":0,"_bbp_forum_subforum_count":0,"footnotes":""},"class_list":["post-786","page","type-page","status-publish","hentry"],"post_mailing_queue_ids":[],"_links":{"self":[{"href":"https:\/\/agora.xtec.cat\/escolajungfrau\/wp-json\/wp\/v2\/pages\/786","targetHints":{"allow":["GET"]}}],"collection":[{"href":"https:\/\/agora.xtec.cat\/escolajungfrau\/wp-json\/wp\/v2\/pages"}],"about":[{"href":"https:\/\/agora.xtec.cat\/escolajungfrau\/wp-json\/wp\/v2\/types\/page"}],"author":[{"embeddable":true,"href":"https:\/\/agora.xtec.cat\/escolajungfrau\/wp-json\/wp\/v2\/users\/3"}],"replies":[{"embeddable":true,"href":"https:\/\/agora.xtec.cat\/escolajungfrau\/wp-json\/wp\/v2\/comments?post=786"}],"version-history":[{"count":7,"href":"https:\/\/agora.xtec.cat\/escolajungfrau\/wp-json\/wp\/v2\/pages\/786\/revisions"}],"predecessor-version":[{"id":21419,"href":"https:\/\/agora.xtec.cat\/escolajungfrau\/wp-json\/wp\/v2\/pages\/786\/revisions\/21419"}],"up":[{"embeddable":true,"href":"https:\/\/agora.xtec.cat\/escolajungfrau\/wp-json\/wp\/v2\/pages\/64"}],"wp:attachment":[{"href":"https:\/\/agora.xtec.cat\/escolajungfrau\/wp-json\/wp\/v2\/media?parent=786"}],"curies":[{"name":"wp","href":"https:\/\/api.w.org\/{rel}","templated":true}]}}