{"id":784,"date":"2023-05-18T16:03:14","date_gmt":"2023-05-18T14:03:14","guid":{"rendered":"https:\/\/agora.xtec.cat\/escolajungfrau\/?page_id=784"},"modified":"2025-01-14T13:32:27","modified_gmt":"2025-01-14T12:32:27","slug":"colonies","status":"publish","type":"page","link":"https:\/\/agora.xtec.cat\/escolajungfrau\/projecte-educatiu\/colonies\/","title":{"rendered":"Col\u00f2nies"},"content":{"rendered":"<p>Des dels seus inicis, l\u2019escola Jungfrau ha realitzat l\u2019activitat de les col\u00f2nies tant a infantil com a prim\u00e0ria.<\/p>\n<h5><span style=\"color: #008000;\">Col\u00f2nies a Educaci\u00f3 Infantil<\/span><\/h5>\n<p style=\"text-align: justify;\"><span style=\"color: #333333;\">Els nens i nenes d\u2019Educaci\u00f3 Infantil fan les col\u00f2nies a l\u2019escola. Aquestes s\u00f3n unes jornades l\u00fadiques en les quals els nens\/es d\u2019infantil comparteixen experi\u00e8ncies i viv\u00e8ncies amb els seus companys\/es dels altres nivells de la mateixa etapa, barrejant els nens\/es de I3, I4 i I5.<\/span><\/p>\n<p style=\"text-align: justify;\">Sempre s\u2019intenta escollir un tema que sigui motivador i que engresqui als\u00a0nens\/es: els indis, els pirates, el circ, els Gegants de la Jungfrau, personatges concrets o d\u2019actualitat&#8230;. I es realitzen una s\u00e8rie d\u2019activitats escollides pel seu car\u00e0cter l\u00fadic: gimcana de jocs i de pistes, pastetes de sorra i aigua, guerres d\u2019aigua amb globus, xeringues, galledes\u2026 muntatge de piscines per banyar-se i la cloenda final, una festa de l\u2019 escuma.<\/p>\n<p>&nbsp;<\/p>\n<p><a href=\"https:\/\/agora.xtec.cat\/escolajungfrau\/wp-content\/uploads\/usu2358\/2025\/01\/colonies-EI-min-scaled.jpg\"><img loading=\"lazy\" decoding=\"async\" class=\"alignnone size-large wp-image-22337\" src=\"https:\/\/agora.xtec.cat\/escolajungfrau\/wp-content\/uploads\/usu2358\/2025\/01\/colonies-EI-min-1024x771.jpg\" alt=\"\" width=\"1024\" height=\"771\" srcset=\"https:\/\/agora.xtec.cat\/escolajungfrau\/wp-content\/uploads\/usu2358\/2025\/01\/colonies-EI-min-1024x771.jpg 1024w, https:\/\/agora.xtec.cat\/escolajungfrau\/wp-content\/uploads\/usu2358\/2025\/01\/colonies-EI-min-300x226.jpg 300w, https:\/\/agora.xtec.cat\/escolajungfrau\/wp-content\/uploads\/usu2358\/2025\/01\/colonies-EI-min-768x578.jpg 768w, https:\/\/agora.xtec.cat\/escolajungfrau\/wp-content\/uploads\/usu2358\/2025\/01\/colonies-EI-min-1536x1157.jpg 1536w, https:\/\/agora.xtec.cat\/escolajungfrau\/wp-content\/uploads\/usu2358\/2025\/01\/colonies-EI-min-2048x1542.jpg 2048w, https:\/\/agora.xtec.cat\/escolajungfrau\/wp-content\/uploads\/usu2358\/2025\/01\/colonies-EI-min-200x150.jpg 200w\" sizes=\"auto, (max-width: 1024px) 100vw, 1024px\" \/><\/a><\/p>\n<p>&nbsp;<\/p>\n<p><a href=\"https:\/\/agora.xtec.cat\/escolajungfrau\/wp-content\/uploads\/usu2358\/2025\/01\/colonies-EI-2-min-scaled.jpg\"><img loading=\"lazy\" decoding=\"async\" class=\"alignnone size-large wp-image-22338\" src=\"https:\/\/agora.xtec.cat\/escolajungfrau\/wp-content\/uploads\/usu2358\/2025\/01\/colonies-EI-2-min-1024x768.jpg\" alt=\"\" width=\"1024\" height=\"768\" srcset=\"https:\/\/agora.xtec.cat\/escolajungfrau\/wp-content\/uploads\/usu2358\/2025\/01\/colonies-EI-2-min-1024x768.jpg 1024w, https:\/\/agora.xtec.cat\/escolajungfrau\/wp-content\/uploads\/usu2358\/2025\/01\/colonies-EI-2-min-300x225.jpg 300w, https:\/\/agora.xtec.cat\/escolajungfrau\/wp-content\/uploads\/usu2358\/2025\/01\/colonies-EI-2-min-768x576.jpg 768w, https:\/\/agora.xtec.cat\/escolajungfrau\/wp-content\/uploads\/usu2358\/2025\/01\/colonies-EI-2-min-1536x1152.jpg 1536w, https:\/\/agora.xtec.cat\/escolajungfrau\/wp-content\/uploads\/usu2358\/2025\/01\/colonies-EI-2-min-2048x1536.jpg 2048w, https:\/\/agora.xtec.cat\/escolajungfrau\/wp-content\/uploads\/usu2358\/2025\/01\/colonies-EI-2-min-200x150.jpg 200w\" sizes=\"auto, (max-width: 1024px) 100vw, 1024px\" \/><\/a><\/p>\n<p style=\"text-align: justify;\">S\u00f3n dies molt esperats i viscuts! On es trenquem rutines i el m\u00e9s important \u00e9s compartir i gaudir aprenent junts. Qu\u00e8 b\u00e9 ens ho passem banyant-nos a les piscines!!!!<\/p>\n<h5><span style=\"color: #008000;\">Col\u00f2nies a Prim\u00e0ria<\/span><\/h5>\n<p style=\"text-align: justify;\">Els objectius principals de les col\u00f2nies s\u00f3n: conviv\u00e8ncia, contacte amb la natura i el patrimoni, autonomia, servei, experimentaci\u00f3, coneixement, gaudir. \u00a0Segueix essent un objectiu que els nanos trepitgin un arrossar, que es passegin sobre la catifa de fulles grogues a la fageda, que olorin la gespa humida, que acaronin i cuidin animals, que observin els flamencs a cops de pedal i amb el vent de cara, o que escoltin el silenci del Croscat envoltat de boira al mat\u00ed. I segueix essent un objectiu encara m\u00e9s imprescindible cohesionar el grup, compartir, respectar i adaptar-se als ritmes de la majoria, participar, experimentar, conviure. Els dies de col\u00f2nies s\u00f3n de 3 dies en els cursos baixos i de 4 als superiors. La\u00a0filosofia de l\u2019escola \u00e9s que a les sortides, excursions i col\u00f2nies hi han d\u2019assistir tots els nens i nenes de la classe, sense discriminacions per raons econ\u00f2miques.\u00a0Totes les sortides comprenen unes activitats pr\u00e8vies a les classes, un treball \u00abde camp\u00bb, i el treball posterior.<\/p>\n<p>&nbsp;<\/p>\n<p><strong> <span style=\"color: #008000;\">Llistat de cases de col\u00f2nies de Prim\u00e0ria\u00a0<\/span><\/strong><\/p>\n<p><span style=\"color: #800000;\"><a style=\"color: #800000;\" href=\"https:\/\/drive.google.com\/file\/d\/1XT7XRoW9CczgWKSI6olxI8syx5ddLEzz\/view?usp=sharing\" target=\"_blank\" rel=\"noopener\">Llista de material que han de portar els de 1r.<\/a><\/span><\/p>\n<p><strong>1r Llebretes: <a href=\"https:\/\/www.lafiguera.cat\/\"><span lang=\"ES-TRAD\">La Figuera (Castellnou de Bages) 22 al 24 de maig de 2024.<\/span><\/a><\/strong><\/p>\n<p><a href=\"https:\/\/agora.xtec.cat\/escolajungfrau\/wp-content\/uploads\/usu2358\/2024\/03\/colonies-La-Figuera.jpg\"><img loading=\"lazy\" decoding=\"async\" class=\"aligncenter wp-image-21703\" src=\"https:\/\/agora.xtec.cat\/escolajungfrau\/wp-content\/uploads\/usu2358\/2024\/03\/colonies-La-Figuera.jpg\" alt=\"\" width=\"643\" height=\"240\" srcset=\"https:\/\/agora.xtec.cat\/escolajungfrau\/wp-content\/uploads\/usu2358\/2024\/03\/colonies-La-Figuera.jpg 367w, https:\/\/agora.xtec.cat\/escolajungfrau\/wp-content\/uploads\/usu2358\/2024\/03\/colonies-La-Figuera-300x112.jpg 300w\" sizes=\"auto, (max-width: 643px) 100vw, 643px\" \/><\/a><\/p>\n<p>&nbsp;<\/p>\n<p><a href=\"http:\/\/www.masmuxach.com\" target=\"_blank\" rel=\"noopener\"><strong><span style=\"color: #800000;\">2n Edelweis:<\/span> Mas Muxach (Brunyola) 22 al 24 de maig de 2024.<\/strong><\/a><\/p>\n<p><a href=\"https:\/\/agora.xtec.cat\/escolajungfrau\/wp-content\/uploads\/usu2358\/2024\/03\/Casa-Mas-Muxach.png\"><img loading=\"lazy\" decoding=\"async\" class=\"aligncenter wp-image-21706 \" src=\"https:\/\/agora.xtec.cat\/escolajungfrau\/wp-content\/uploads\/usu2358\/2024\/03\/Casa-Mas-Muxach.png\" alt=\"\" width=\"435\" height=\"435\" srcset=\"https:\/\/agora.xtec.cat\/escolajungfrau\/wp-content\/uploads\/usu2358\/2024\/03\/Casa-Mas-Muxach.png 400w, https:\/\/agora.xtec.cat\/escolajungfrau\/wp-content\/uploads\/usu2358\/2024\/03\/Casa-Mas-Muxach-300x300.png 300w, https:\/\/agora.xtec.cat\/escolajungfrau\/wp-content\/uploads\/usu2358\/2024\/03\/Casa-Mas-Muxach-150x150.png 150w\" sizes=\"auto, (max-width: 435px) 100vw, 435px\" \/><\/a><\/p>\n<p>&nbsp;<\/p>\n<p><a href=\"https:\/\/www.molidelariera.com\" target=\"_blank\" rel=\"noopener\"><strong><span style=\"color: #800000;\">3r Blauets<\/span> El mol\u00ed de la Riera (Sant Pere de Torell\u00f3) del 22 al 24 de maig de 2024.<\/strong><\/a><\/p>\n<p><a href=\"https:\/\/agora.xtec.cat\/escolajungfrau\/wp-content\/uploads\/usu2358\/2025\/01\/Moli-de-la-Riera-min.jpg\"><img loading=\"lazy\" decoding=\"async\" class=\"wp-image-22317 aligncenter\" src=\"https:\/\/agora.xtec.cat\/escolajungfrau\/wp-content\/uploads\/usu2358\/2025\/01\/Moli-de-la-Riera-min-1024x576.jpg\" alt=\"\" width=\"677\" height=\"381\" srcset=\"https:\/\/agora.xtec.cat\/escolajungfrau\/wp-content\/uploads\/usu2358\/2025\/01\/Moli-de-la-Riera-min-1024x576.jpg 1024w, https:\/\/agora.xtec.cat\/escolajungfrau\/wp-content\/uploads\/usu2358\/2025\/01\/Moli-de-la-Riera-min-300x169.jpg 300w, https:\/\/agora.xtec.cat\/escolajungfrau\/wp-content\/uploads\/usu2358\/2025\/01\/Moli-de-la-Riera-min-768x432.jpg 768w, https:\/\/agora.xtec.cat\/escolajungfrau\/wp-content\/uploads\/usu2358\/2025\/01\/Moli-de-la-Riera-min.jpg 1500w\" sizes=\"auto, (max-width: 677px) 100vw, 677px\" \/><\/a><\/p>\n<p>&nbsp;<\/p>\n<p><strong><span style=\"color: #800000;\">4t Castors<\/span>: <a href=\"https:\/\/cases.fundesplai.org\/equipament\/viladoms-de-baix\/\">Alberg ecol\u00f2gic de Viladoms de Baix del 17 al 15 de maig de 2024.<\/a><\/strong><\/p>\n<p><a href=\"https:\/\/agora.xtec.cat\/escolajungfrau\/wp-content\/uploads\/usu2358\/2024\/03\/Alberg-Viladoms-de-Baix.jpg\"><img loading=\"lazy\" decoding=\"async\" class=\"aligncenter wp-image-21707\" src=\"https:\/\/agora.xtec.cat\/escolajungfrau\/wp-content\/uploads\/usu2358\/2024\/03\/Alberg-Viladoms-de-Baix-1024x576.jpg\" alt=\"\" width=\"672\" height=\"378\" srcset=\"https:\/\/agora.xtec.cat\/escolajungfrau\/wp-content\/uploads\/usu2358\/2024\/03\/Alberg-Viladoms-de-Baix-1024x576.jpg 1024w, https:\/\/agora.xtec.cat\/escolajungfrau\/wp-content\/uploads\/usu2358\/2024\/03\/Alberg-Viladoms-de-Baix-300x169.jpg 300w, https:\/\/agora.xtec.cat\/escolajungfrau\/wp-content\/uploads\/usu2358\/2024\/03\/Alberg-Viladoms-de-Baix-768x432.jpg 768w, https:\/\/agora.xtec.cat\/escolajungfrau\/wp-content\/uploads\/usu2358\/2024\/03\/Alberg-Viladoms-de-Baix.jpg 1200w\" sizes=\"auto, (max-width: 672px) 100vw, 672px\" \/><\/a><\/p>\n<p>&nbsp;<\/p>\n<p>&nbsp;<\/p>\n<p><strong><span style=\"color: #800000;\">5\u00e8 \u00a0Mustangs:<a href=\"https:\/\/www.accac.cat\/index.php?seccio=cases&amp;id=47\"> La Capella Poblet del 22 al 24 de maig de 2024.<\/a><\/span><\/strong><\/p>\n<p><a href=\"https:\/\/agora.xtec.cat\/escolajungfrau\/wp-content\/uploads\/usu2358\/2024\/03\/Casa-La-Capella.jpg\"><img loading=\"lazy\" decoding=\"async\" class=\"aligncenter wp-image-21708\" src=\"https:\/\/agora.xtec.cat\/escolajungfrau\/wp-content\/uploads\/usu2358\/2024\/03\/Casa-La-Capella.jpg\" alt=\"\" width=\"645\" height=\"366\" srcset=\"https:\/\/agora.xtec.cat\/escolajungfrau\/wp-content\/uploads\/usu2358\/2024\/03\/Casa-La-Capella.jpg 846w, https:\/\/agora.xtec.cat\/escolajungfrau\/wp-content\/uploads\/usu2358\/2024\/03\/Casa-La-Capella-300x170.jpg 300w, https:\/\/agora.xtec.cat\/escolajungfrau\/wp-content\/uploads\/usu2358\/2024\/03\/Casa-La-Capella-768x436.jpg 768w\" sizes=\"auto, (max-width: 645px) 100vw, 645px\" \/><\/a><\/p>\n<p>&nbsp;<\/p>\n<p>&nbsp;<\/p>\n<p><strong>6\u00e8 Tuaregs:\u00a0 <a href=\"https:\/\/www.coloniesamadeo.com\/\">Casa Amadeo. Col\u00f2nies al Delte de l&#8217;Ebre, del 22 al 24 de maig de 2024.<\/a><\/strong><\/p>\n<p><a href=\"https:\/\/agora.xtec.cat\/escolajungfrau\/wp-content\/uploads\/usu2358\/2024\/03\/Casa-Amadeo.jpg\"><img loading=\"lazy\" decoding=\"async\" class=\"aligncenter wp-image-21709\" src=\"https:\/\/agora.xtec.cat\/escolajungfrau\/wp-content\/uploads\/usu2358\/2024\/03\/Casa-Amadeo.jpg\" alt=\"\" width=\"594\" height=\"397\" srcset=\"https:\/\/agora.xtec.cat\/escolajungfrau\/wp-content\/uploads\/usu2358\/2024\/03\/Casa-Amadeo.jpg 350w, https:\/\/agora.xtec.cat\/escolajungfrau\/wp-content\/uploads\/usu2358\/2024\/03\/Casa-Amadeo-300x201.jpg 300w\" sizes=\"auto, (max-width: 594px) 100vw, 594px\" \/><\/a><\/p>\n<h3><\/h3>\n<p>&nbsp;<\/p>\n<p>&nbsp;<\/p>\n","protected":false},"excerpt":{"rendered":"<p>Des dels seus inicis, l\u2019escola Jungfrau ha realitzat l\u2019activitat de les col\u00f2nies tant a infantil com a prim\u00e0ria.<br \/>\nCol\u00f2nies a Educaci\u00f3 Infantil<br \/>\nEls nens i nenes d\u2019Educaci\u00f3 Infantil fan les col\u00f2nies a l\u2019escola. Aquestes s\u00f3n unes jornades l\u00fadiques en les quals els nens\/es d\u2019infantil comparteixen experi\u00e8ncies i&hellip;  <a href=\"https:\/\/agora.xtec.cat\/escolajungfrau\/projecte-educatiu\/colonies\/\" title=\"Read Col\u00f2nies\">Llegeix m\u00e9s\u00bb<\/a><\/p>\n","protected":false},"author":3,"featured_media":0,"parent":64,"menu_order":11,"comment_status":"closed","ping_status":"closed","template":"page-templates\/side-menu.php","meta":{"_bbp_topic_count":0,"_bbp_reply_count":0,"_bbp_total_topic_count":0,"_bbp_total_reply_count":0,"_bbp_voice_count":0,"_bbp_anonymous_reply_count":0,"_bbp_topic_count_hidden":0,"_bbp_reply_count_hidden":0,"_bbp_forum_subforum_count":0,"footnotes":""},"class_list":["post-784","page","type-page","status-publish","hentry"],"post_mailing_queue_ids":[],"_links":{"self":[{"href":"https:\/\/agora.xtec.cat\/escolajungfrau\/wp-json\/wp\/v2\/pages\/784","targetHints":{"allow":["GET"]}}],"collection":[{"href":"https:\/\/agora.xtec.cat\/escolajungfrau\/wp-json\/wp\/v2\/pages"}],"about":[{"href":"https:\/\/agora.xtec.cat\/escolajungfrau\/wp-json\/wp\/v2\/types\/page"}],"author":[{"embeddable":true,"href":"https:\/\/agora.xtec.cat\/escolajungfrau\/wp-json\/wp\/v2\/users\/3"}],"replies":[{"embeddable":true,"href":"https:\/\/agora.xtec.cat\/escolajungfrau\/wp-json\/wp\/v2\/comments?post=784"}],"version-history":[{"count":6,"href":"https:\/\/agora.xtec.cat\/escolajungfrau\/wp-json\/wp\/v2\/pages\/784\/revisions"}],"predecessor-version":[{"id":22339,"href":"https:\/\/agora.xtec.cat\/escolajungfrau\/wp-json\/wp\/v2\/pages\/784\/revisions\/22339"}],"up":[{"embeddable":true,"href":"https:\/\/agora.xtec.cat\/escolajungfrau\/wp-json\/wp\/v2\/pages\/64"}],"wp:attachment":[{"href":"https:\/\/agora.xtec.cat\/escolajungfrau\/wp-json\/wp\/v2\/media?parent=784"}],"curies":[{"name":"wp","href":"https:\/\/api.w.org\/{rel}","templated":true}]}}