{"id":723,"date":"2023-05-02T13:54:36","date_gmt":"2023-05-02T11:54:36","guid":{"rendered":"https:\/\/agora.xtec.cat\/escolajungfrau\/?page_id=723"},"modified":"2025-02-11T11:07:33","modified_gmt":"2025-02-11T10:07:33","slug":"5e-mustangs","status":"publish","type":"page","link":"https:\/\/agora.xtec.cat\/escolajungfrau\/els-nostres-infants\/primaria\/5e-mustangs\/","title":{"rendered":"5\u00e8 Mustangs"},"content":{"rendered":"<p><a href=\"https:\/\/agora.xtec.cat\/escolajungfrau\/wp-content\/uploads\/usu2358\/2017\/02\/raza-mustang-americano.jpg\"><img loading=\"lazy\" decoding=\"async\" class=\"wp-image-4671 aligncenter\" src=\"https:\/\/agora.xtec.cat\/escolajungfrau\/wp-content\/uploads\/usu2358\/2017\/02\/raza-mustang-americano-1024x685.jpg\" alt=\"\" width=\"622\" height=\"416\" srcset=\"https:\/\/agora.xtec.cat\/escolajungfrau\/wp-content\/uploads\/usu2358\/2017\/02\/raza-mustang-americano-1024x685.jpg 1024w, https:\/\/agora.xtec.cat\/escolajungfrau\/wp-content\/uploads\/usu2358\/2017\/02\/raza-mustang-americano-300x201.jpg 300w, https:\/\/agora.xtec.cat\/escolajungfrau\/wp-content\/uploads\/usu2358\/2017\/02\/raza-mustang-americano-768x514.jpg 768w, https:\/\/agora.xtec.cat\/escolajungfrau\/wp-content\/uploads\/usu2358\/2017\/02\/raza-mustang-americano-1536x1028.jpg 1536w, https:\/\/agora.xtec.cat\/escolajungfrau\/wp-content\/uploads\/usu2358\/2017\/02\/raza-mustang-americano.jpg 1600w\" sizes=\"auto, (max-width: 622px) 100vw, 622px\" \/><\/a><\/p>\n<p><a href=\"https:\/\/agora.xtec.cat\/escolajungfrau\/categoria\/primaria\/mustangs\/\">Si cliqueu aqu\u00ed, trobareu la p\u00e0gina de la nostra web on es publiquen tots els articles publicats relacionats amb el nivell de 5\u00e8 de prim\u00e0ria.<\/a><\/p>\n","protected":false},"excerpt":{"rendered":"<p><a href=\"https:\/\/agora.xtec.cat\/escolajungfrau\/wp-content\/uploads\/usu2358\/2017\/02\/raza-mustang-americano.jpg\"><\/a><br \/>\n<a href=\"https:\/\/agora.xtec.cat\/escolajungfrau\/categoria\/primaria\/mustangs\/\">Si cliqueu aqu\u00ed, trobareu la p\u00e0gina de la nostra web on es publiquen tots els articles publicats relacionats amb el nivell de 5\u00e8 de prim\u00e0ria.<\/a><\/p>\n","protected":false},"author":3,"featured_media":0,"parent":22481,"menu_order":5,"comment_status":"closed","ping_status":"closed","template":"page-templates\/side-menu.php","meta":{"_bbp_topic_count":0,"_bbp_reply_count":0,"_bbp_total_topic_count":0,"_bbp_total_reply_count":0,"_bbp_voice_count":0,"_bbp_anonymous_reply_count":0,"_bbp_topic_count_hidden":0,"_bbp_reply_count_hidden":0,"_bbp_forum_subforum_count":0,"footnotes":""},"class_list":["post-723","page","type-page","status-publish","hentry"],"post_mailing_queue_ids":[],"_links":{"self":[{"href":"https:\/\/agora.xtec.cat\/escolajungfrau\/wp-json\/wp\/v2\/pages\/723","targetHints":{"allow":["GET"]}}],"collection":[{"href":"https:\/\/agora.xtec.cat\/escolajungfrau\/wp-json\/wp\/v2\/pages"}],"about":[{"href":"https:\/\/agora.xtec.cat\/escolajungfrau\/wp-json\/wp\/v2\/types\/page"}],"author":[{"embeddable":true,"href":"https:\/\/agora.xtec.cat\/escolajungfrau\/wp-json\/wp\/v2\/users\/3"}],"replies":[{"embeddable":true,"href":"https:\/\/agora.xtec.cat\/escolajungfrau\/wp-json\/wp\/v2\/comments?post=723"}],"version-history":[{"count":3,"href":"https:\/\/agora.xtec.cat\/escolajungfrau\/wp-json\/wp\/v2\/pages\/723\/revisions"}],"predecessor-version":[{"id":22535,"href":"https:\/\/agora.xtec.cat\/escolajungfrau\/wp-json\/wp\/v2\/pages\/723\/revisions\/22535"}],"up":[{"embeddable":true,"href":"https:\/\/agora.xtec.cat\/escolajungfrau\/wp-json\/wp\/v2\/pages\/22481"}],"wp:attachment":[{"href":"https:\/\/agora.xtec.cat\/escolajungfrau\/wp-json\/wp\/v2\/media?parent=723"}],"curies":[{"name":"wp","href":"https:\/\/api.w.org\/{rel}","templated":true}]}}