{"id":618,"date":"2023-01-17T10:32:11","date_gmt":"2023-01-17T09:32:11","guid":{"rendered":"https:\/\/agora.xtec.cat\/escolajungfrau\/?page_id=618"},"modified":"2024-12-19T16:42:41","modified_gmt":"2024-12-19T15:42:41","slug":"lhort-a-lescola","status":"publish","type":"page","link":"https:\/\/agora.xtec.cat\/escolajungfrau\/projecte-educatiu\/escola-verda\/lhort-a-lescola\/","title":{"rendered":"L&#8217;hort a l&#8217;escola"},"content":{"rendered":"<p>La nostra escola, des de sempre, ha tingut una estreta vinculaci\u00f3 amb la natura.<\/p>\n<p><strong>\u201cL\u2019hort \u00e9s el vincle que encara ens uneix a la terra, que ens permet a tots ser agricultors, obtenir els nostres propis aliments sense rec\u00f3rrer al sistema monetari. L\u2019hort ens connecta amb els nostres avantpassats\u201d (Escutia, 2009)<\/strong><\/p>\n<p>L\u2019hort de l\u2019escola\u00a0 \u00e9s un instrument complementari per\u00f2 imprescindible de l\u2019\u00e0rea de coneixement del medi natural. En definitiva,\u00a0 \u00e9s un projecte de treball en equip, de foment del respecte i sensibilitat envers el camp i les persones que hi treballen i de posada en valor de la import\u00e0ncia del medi natural.<\/p>\n<p>Actualment tenim dos horts. Un el gestiona l&#8217;alumnat de 2n de prim\u00e0ria i est\u00e0 situat al costat del menjador. L&#8217;altre, que \u00e9s m\u00e9s petit, el trobem al badiu de les classes d&#8217;I5 i s\u00f3n els infants d&#8217;aquests cursos qui\u00a0 observen el creixement de les plantes i tenen cura dels horts.<\/p>\n<p><a href=\"https:\/\/agora.xtec.cat\/escolajungfrau\/wp-content\/uploads\/usu2358\/2024\/01\/6hort1.jpg\"><img loading=\"lazy\" decoding=\"async\" class=\"wp-image-10071 aligncenter\" src=\"https:\/\/agora.xtec.cat\/escolajungfrau\/wp-content\/uploads\/usu2358\/2024\/01\/6hort1-768x1024.jpg\" alt=\"\" width=\"640\" height=\"854\" srcset=\"https:\/\/agora.xtec.cat\/escolajungfrau\/wp-content\/uploads\/usu2358\/2024\/01\/6hort1-768x1024.jpg 768w, https:\/\/agora.xtec.cat\/escolajungfrau\/wp-content\/uploads\/usu2358\/2024\/01\/6hort1-225x300.jpg 225w, https:\/\/agora.xtec.cat\/escolajungfrau\/wp-content\/uploads\/usu2358\/2024\/01\/6hort1-1152x1536.jpg 1152w, https:\/\/agora.xtec.cat\/escolajungfrau\/wp-content\/uploads\/usu2358\/2024\/01\/6hort1.jpg 1500w\" sizes=\"auto, (max-width: 640px) 100vw, 640px\" \/><\/a><\/p>\n<p>Cada curs, amb il\u00b7lusi\u00f3, ens fem c\u00e0rrec d\u2019aquest petit tros de terra on sembrem, cuidem i veiem cr\u00e9ixer diferents verdures que formen part de la nostra alimentaci\u00f3!<\/p>\n<p>&nbsp;<\/p>\n<h5><a href=\"https:\/\/agora.xtec.cat\/escolajungfrau\/wp-content\/uploads\/usu2358\/2024\/01\/hort.jpg\"><img loading=\"lazy\" decoding=\"async\" class=\"wp-image-10074 aligncenter\" src=\"https:\/\/agora.xtec.cat\/escolajungfrau\/wp-content\/uploads\/usu2358\/2024\/01\/hort-768x1024.jpg\" alt=\"\" width=\"527\" height=\"703\" srcset=\"https:\/\/agora.xtec.cat\/escolajungfrau\/wp-content\/uploads\/usu2358\/2024\/01\/hort-768x1024.jpg 768w, https:\/\/agora.xtec.cat\/escolajungfrau\/wp-content\/uploads\/usu2358\/2024\/01\/hort-225x300.jpg 225w, https:\/\/agora.xtec.cat\/escolajungfrau\/wp-content\/uploads\/usu2358\/2024\/01\/hort-1152x1536.jpg 1152w, https:\/\/agora.xtec.cat\/escolajungfrau\/wp-content\/uploads\/usu2358\/2024\/01\/hort.jpg 1200w\" sizes=\"auto, (max-width: 527px) 100vw, 527px\" \/><\/a><\/h5>\n","protected":false},"excerpt":{"rendered":"<p>La nostra escola, des de sempre, ha tingut una estreta vinculaci\u00f3 amb la natura.<br \/>\n\u201cL\u2019hort \u00e9s el vincle que encara ens uneix a la terra, que ens permet a tots ser agricultors, obtenir els nostres propis aliments sense rec\u00f3rrer al sistema monetari. L\u2019hort ens connecta amb&hellip;  <a href=\"https:\/\/agora.xtec.cat\/escolajungfrau\/projecte-educatiu\/escola-verda\/lhort-a-lescola\/\" title=\"Read L&#8217;hort a l&#8217;escola\">Llegeix m\u00e9s\u00bb<\/a><\/p>\n","protected":false},"author":1,"featured_media":0,"parent":509,"menu_order":1,"comment_status":"closed","ping_status":"closed","template":"page-templates\/side-menu.php","meta":{"_bbp_topic_count":0,"_bbp_reply_count":0,"_bbp_total_topic_count":0,"_bbp_total_reply_count":0,"_bbp_voice_count":0,"_bbp_anonymous_reply_count":0,"_bbp_topic_count_hidden":0,"_bbp_reply_count_hidden":0,"_bbp_forum_subforum_count":0,"footnotes":""},"class_list":["post-618","page","type-page","status-publish","hentry"],"post_mailing_queue_ids":[],"_links":{"self":[{"href":"https:\/\/agora.xtec.cat\/escolajungfrau\/wp-json\/wp\/v2\/pages\/618","targetHints":{"allow":["GET"]}}],"collection":[{"href":"https:\/\/agora.xtec.cat\/escolajungfrau\/wp-json\/wp\/v2\/pages"}],"about":[{"href":"https:\/\/agora.xtec.cat\/escolajungfrau\/wp-json\/wp\/v2\/types\/page"}],"author":[{"embeddable":true,"href":"https:\/\/agora.xtec.cat\/escolajungfrau\/wp-json\/wp\/v2\/users\/1"}],"replies":[{"embeddable":true,"href":"https:\/\/agora.xtec.cat\/escolajungfrau\/wp-json\/wp\/v2\/comments?post=618"}],"version-history":[{"count":6,"href":"https:\/\/agora.xtec.cat\/escolajungfrau\/wp-json\/wp\/v2\/pages\/618\/revisions"}],"predecessor-version":[{"id":22312,"href":"https:\/\/agora.xtec.cat\/escolajungfrau\/wp-json\/wp\/v2\/pages\/618\/revisions\/22312"}],"up":[{"embeddable":true,"href":"https:\/\/agora.xtec.cat\/escolajungfrau\/wp-json\/wp\/v2\/pages\/509"}],"wp:attachment":[{"href":"https:\/\/agora.xtec.cat\/escolajungfrau\/wp-json\/wp\/v2\/media?parent=618"}],"curies":[{"name":"wp","href":"https:\/\/api.w.org\/{rel}","templated":true}]}}