{"id":536,"date":"2022-11-29T11:41:27","date_gmt":"2022-11-29T10:41:27","guid":{"rendered":"https:\/\/agora.xtec.cat\/escolajungfrau\/?page_id=536"},"modified":"2025-01-14T13:20:39","modified_gmt":"2025-01-14T12:20:39","slug":"escola-i-entorn","status":"publish","type":"page","link":"https:\/\/agora.xtec.cat\/escolajungfrau\/projecte-educatiu\/escola-i-entorn\/","title":{"rendered":"Escola i entorn"},"content":{"rendered":"<p>L\u2019escola \u00e9s una instituci\u00f3 p\u00fablica, oberta i de servei a la comunitat, sense discriminaci\u00f3 de cap classe, i que col\u00b7labora amb la resta d\u2019escoles del barri i de la ciutat i amb les diferents entitats del seu entorn.<\/p>\n<p>\u00c9s en aquest sentit, que al llarg del curs participem en diferents activitats on interactuem i coneixem altres nens i nenes d\u2019altres escoles de la ciutat.<\/p>\n<p>&nbsp;<\/p>\n<p><strong>TROBADA DE NENS I NENES DANSAIRES DE LES ESCOLES DE BADALONA<\/strong><\/p>\n<p>&nbsp;<\/p>\n<p><a href=\"https:\/\/agora.xtec.cat\/escolajungfrau\/wp-content\/uploads\/usu2358\/2024\/05\/Danses-2024-scaled.jpg\"><img loading=\"lazy\" decoding=\"async\" class=\"alignnone size-large wp-image-21956\" src=\"https:\/\/agora.xtec.cat\/escolajungfrau\/wp-content\/uploads\/usu2358\/2024\/05\/Danses-2024-1024x768.jpg\" alt=\"\" width=\"1024\" height=\"768\" srcset=\"https:\/\/agora.xtec.cat\/escolajungfrau\/wp-content\/uploads\/usu2358\/2024\/05\/Danses-2024-1024x768.jpg 1024w, https:\/\/agora.xtec.cat\/escolajungfrau\/wp-content\/uploads\/usu2358\/2024\/05\/Danses-2024-300x225.jpg 300w, https:\/\/agora.xtec.cat\/escolajungfrau\/wp-content\/uploads\/usu2358\/2024\/05\/Danses-2024-768x576.jpg 768w, https:\/\/agora.xtec.cat\/escolajungfrau\/wp-content\/uploads\/usu2358\/2024\/05\/Danses-2024-1536x1152.jpg 1536w, https:\/\/agora.xtec.cat\/escolajungfrau\/wp-content\/uploads\/usu2358\/2024\/05\/Danses-2024-2048x1536.jpg 2048w, https:\/\/agora.xtec.cat\/escolajungfrau\/wp-content\/uploads\/usu2358\/2024\/05\/Danses-2024-200x150.jpg 200w\" sizes=\"auto, (max-width: 1024px) 100vw, 1024px\" \/><\/a><\/p>\n<p>Es fa generalment al maig o juny, al Palau Municipal d\u2019Esports.<\/p>\n<p>Aquesta Trobada est\u00e0 organitzada pel Grup de Treball de Mestres de M\u00fasica. Cada escola participant prepara els balls acordats i el dia de la trobada tots els nens i nenes del mateix curs ballen la mateixa dansa. Aquesta activitat \u00e9s oberta a les fam\u00edlies , de manera que \u00e9s un dia per compartir el treball fet abans i gaudir conjuntament comunitats educatives de diferents escoles: alumnes, mestres, pares i mares.<\/p>\n<p><strong>BADASPORT<\/strong><\/p>\n<p><a href=\"https:\/\/agora.xtec.cat\/escolajungfrau\/wp-content\/uploads\/usu2358\/2024\/12\/Badatlestisme-24-min.jpg\"><img loading=\"lazy\" decoding=\"async\" class=\"alignnone size-large wp-image-22269\" src=\"https:\/\/agora.xtec.cat\/escolajungfrau\/wp-content\/uploads\/usu2358\/2024\/12\/Badatlestisme-24-min-1024x461.jpg\" alt=\"\" width=\"1024\" height=\"461\" srcset=\"https:\/\/agora.xtec.cat\/escolajungfrau\/wp-content\/uploads\/usu2358\/2024\/12\/Badatlestisme-24-min-1024x461.jpg 1024w, https:\/\/agora.xtec.cat\/escolajungfrau\/wp-content\/uploads\/usu2358\/2024\/12\/Badatlestisme-24-min-300x135.jpg 300w, https:\/\/agora.xtec.cat\/escolajungfrau\/wp-content\/uploads\/usu2358\/2024\/12\/Badatlestisme-24-min-768x346.jpg 768w, https:\/\/agora.xtec.cat\/escolajungfrau\/wp-content\/uploads\/usu2358\/2024\/12\/Badatlestisme-24-min-1536x691.jpg 1536w, https:\/\/agora.xtec.cat\/escolajungfrau\/wp-content\/uploads\/usu2358\/2024\/12\/Badatlestisme-24-min.jpg 2000w\" sizes=\"auto, (max-width: 1024px) 100vw, 1024px\" \/><\/a><\/p>\n<p>Formem part del Grup de Mestres d\u2019Educaci\u00f3 F\u00edsica de Badalona i una de les activitats principals d\u2019aquest grup \u00e9s la creaci\u00f3 i aplicaci\u00f3 del<strong>\u00a0BADASPORT.<\/strong><\/p>\n<p><strong>El Badasport<\/strong>\u00a0\u00e9s un conjunt d\u2019activitats on hi participen les diferents escoles que formem part del grup MEF de Badalona.\u00a0 El Badasport integra les seg\u00fcents activitats intercentres:<\/p>\n<ul>\n<li><strong>Badatletisme:<\/strong>\u00a0Activitat d\u2019atletisme adre\u00e7ada al curs de 5\u00e8.<\/li>\n<li><strong>Badaorientaci\u00f3:<\/strong>\u00a0Activitat de curses d\u2019orientaci\u00f3 adre\u00e7ada al curs de 4t.<\/li>\n<li><strong>Badaplatja:<\/strong>\u00a0Activitat de jocs a la platja adre\u00e7ada al curs de 2n.<\/li>\n<li><strong>Badakorfbal:<\/strong>\u00a0Activitat de korfball adre\u00e7ada al curs de 6\u00e8.<\/li>\n<li><strong>Badajoc:<\/strong>\u00a0Activitat de jocs tradicionals i jocs cooperatius adre\u00e7ada al curs de 3r.<\/li>\n<\/ul>\n<p>En totes aquestes activitats, pren un valor important a m\u00e9s de l\u2018esport, el coneixement i relaci\u00f3 amb altres nens i nenes d\u2019altres escoles de la nostra ciutat.<\/p>\n<p>Gaudim junts fent esport!!!!<\/p>\n<p>&nbsp;<\/p>\n<p>&nbsp;<\/p>\n<p><strong>CONSELL DELS INFANTS<\/strong><\/p>\n<p><a href=\"https:\/\/agora.xtec.cat\/escolajungfrau\/wp-content\/uploads\/usu2358\/2025\/01\/consell-dels-infants.jpg\"><img loading=\"lazy\" decoding=\"async\" class=\" wp-image-22335 aligncenter\" src=\"https:\/\/agora.xtec.cat\/escolajungfrau\/wp-content\/uploads\/usu2358\/2025\/01\/consell-dels-infants.jpg\" alt=\"\" width=\"376\" height=\"376\" srcset=\"https:\/\/agora.xtec.cat\/escolajungfrau\/wp-content\/uploads\/usu2358\/2025\/01\/consell-dels-infants.jpg 224w, https:\/\/agora.xtec.cat\/escolajungfrau\/wp-content\/uploads\/usu2358\/2025\/01\/consell-dels-infants-150x150.jpg 150w\" sizes=\"auto, (max-width: 376px) 100vw, 376px\" \/><\/a><\/p>\n<p>Tamb\u00e9 formem part del Consell dels Infants que \u00e9s un \u00f2rgan de participaci\u00f3 on els infants, de 10 a 12 anys de les escoles, dels esplais i d\u2019altres centres educatius de la ciutat dialoguen, debaten, es comprometen, elaboren propostes i fan sentir la seva veu. El CIB \u00e9s un instrument educatiu que fomenta el di\u00e0leg, la interrelaci\u00f3 entre infants de tota la ciutat, la corresponsabilitat, la participaci\u00f3 significativa i la qualitat de la democr\u00e0cia.<\/p>\n<p>Per tal de dur a terme aquesta activitat, els alumnes de 5\u00e8 i 6\u00e8 escullen democr\u00e0ticament dos nens\/es (un de 5\u00e8 i un de 6\u00e8), encarregats de representar l\u2019escola i ser la veu dels\/de les alumnes a l\u2019Ajuntament.<\/p>\n<p>La web del consell dels infants<\/p>\n<p>&nbsp;<\/p>\n<p><strong>SORTIDES I VISITES A LA CIUTAT.<\/strong><\/p>\n<p>Al llarg de l\u2019escolaritat, dins del treball de l\u2019arrelament al barri i coneixement del propi municipi, es porten a terme diferents sortides com ara:<\/p>\n<ul>\n<li>Visita al Museu de Badalona, a la casa dels dofins\u2026<\/li>\n<li>Reforestaci\u00f3 a la Serralada de Marina<\/li>\n<li>Sortida a les pistes d\u2019atletisme<\/li>\n<li>Visita a l\u2019Escola del mar i a la Llotja<\/li>\n<li>Teatre a la ciutat (Zorrilla o C\u00edrcol o Blas Infante o Principal)<\/li>\n<li>Audici\u00f3 organitzada pel conservatori de m\u00fasica de la ciutat<\/li>\n<li>Visita a l\u2019Ajuntament<\/li>\n<li>Volta al barri, al mercat\u2026<\/li>\n<li>Sortida a veure el pessebre a la Pla\u00e7a de la Vila, o el dimoni per les festes de maig<\/li>\n<li>Visita a l\u2019escola de la gu\u00e0rdia urbana (educaci\u00f3 vial)<\/li>\n<\/ul>\n","protected":false},"excerpt":{"rendered":"<p>L\u2019escola \u00e9s una instituci\u00f3 p\u00fablica, oberta i de servei a la comunitat, sense discriminaci\u00f3 de cap classe, i que col\u00b7labora amb la resta d\u2019escoles del barri i de la ciutat i amb les diferents entitats del seu entorn.<br \/>\n\u00c9s en aquest sentit, que al llarg del&hellip;  <a href=\"https:\/\/agora.xtec.cat\/escolajungfrau\/projecte-educatiu\/escola-i-entorn\/\" title=\"Read Escola i entorn\">Llegeix m\u00e9s\u00bb<\/a><\/p>\n","protected":false},"author":3,"featured_media":0,"parent":64,"menu_order":8,"comment_status":"closed","ping_status":"closed","template":"page-templates\/side-menu.php","meta":{"_bbp_topic_count":0,"_bbp_reply_count":0,"_bbp_total_topic_count":0,"_bbp_total_reply_count":0,"_bbp_voice_count":0,"_bbp_anonymous_reply_count":0,"_bbp_topic_count_hidden":0,"_bbp_reply_count_hidden":0,"_bbp_forum_subforum_count":0,"footnotes":""},"class_list":["post-536","page","type-page","status-publish","hentry"],"post_mailing_queue_ids":[],"_links":{"self":[{"href":"https:\/\/agora.xtec.cat\/escolajungfrau\/wp-json\/wp\/v2\/pages\/536","targetHints":{"allow":["GET"]}}],"collection":[{"href":"https:\/\/agora.xtec.cat\/escolajungfrau\/wp-json\/wp\/v2\/pages"}],"about":[{"href":"https:\/\/agora.xtec.cat\/escolajungfrau\/wp-json\/wp\/v2\/types\/page"}],"author":[{"embeddable":true,"href":"https:\/\/agora.xtec.cat\/escolajungfrau\/wp-json\/wp\/v2\/users\/3"}],"replies":[{"embeddable":true,"href":"https:\/\/agora.xtec.cat\/escolajungfrau\/wp-json\/wp\/v2\/comments?post=536"}],"version-history":[{"count":6,"href":"https:\/\/agora.xtec.cat\/escolajungfrau\/wp-json\/wp\/v2\/pages\/536\/revisions"}],"predecessor-version":[{"id":22336,"href":"https:\/\/agora.xtec.cat\/escolajungfrau\/wp-json\/wp\/v2\/pages\/536\/revisions\/22336"}],"up":[{"embeddable":true,"href":"https:\/\/agora.xtec.cat\/escolajungfrau\/wp-json\/wp\/v2\/pages\/64"}],"wp:attachment":[{"href":"https:\/\/agora.xtec.cat\/escolajungfrau\/wp-json\/wp\/v2\/media?parent=536"}],"curies":[{"name":"wp","href":"https:\/\/api.w.org\/{rel}","templated":true}]}}