{"id":515,"date":"2022-11-29T11:01:25","date_gmt":"2022-11-29T10:01:25","guid":{"rendered":"https:\/\/agora.xtec.cat\/escolajungfrau\/?page_id=515"},"modified":"2023-12-12T10:50:16","modified_gmt":"2023-12-12T09:50:16","slug":"treball-cooperatiu","status":"publish","type":"page","link":"https:\/\/agora.xtec.cat\/escolajungfrau\/projecte-educatiu\/treball-cooperatiu\/","title":{"rendered":"Treball cooperatiu"},"content":{"rendered":"<figure id=\"attachment_1854\" class=\"wp-caption alignnone\" style=\"margin-bottom: 24px; vertical-align: bottom; border: 0px; color: #303030; font-family: Lato, sans-serif; width: 648px;\" data-shortcode=\"caption\" aria-describedby=\"caption-attachment-1854\"><figcaption id=\"caption-attachment-1854\" class=\"wp-caption-text\" style=\"padding: 12px 0px; border-bottom: 1px solid #f8f8f8; text-align: center; font-size: 0.875em; line-height: 1.71429em;\">Un alumne\/a pot esdevenir un bon mestre pel seu company<\/figcaption><\/figure>\n<p style=\"border: 0px; font-family: Lato, sans-serif; font-size: 16px; margin-bottom: 24px; outline: 0px; vertical-align: baseline; color: #303030;\"><span style=\"border: 0px; font-family: inherit; font-style: inherit; font-weight: bold; margin: 0px; outline: 0px; padding: 0px; vertical-align: baseline;\">TREBALL COOPERATIU: COOPERAR PER APRENDRE, APRENDRE A COOPERAR<\/span><\/p>\n<p style=\"border: 0px; font-family: Lato, sans-serif; font-size: 16px; margin-bottom: 24px; outline: 0px; vertical-align: baseline; color: #303030;\"><span style=\"border: 0px; font-family: inherit; font-style: inherit; font-weight: bold; margin: 0px; outline: 0px; padding: 0px; vertical-align: baseline;\">1.- Qu\u00e8 \u00e9s?<\/span><\/p>\n<p style=\"border: 0px; font-family: Lato, sans-serif; font-size: 16px; margin-bottom: 24px; outline: 0px; vertical-align: baseline; color: #303030;\">El treball cooperatiu \u00e9s una metodologia per gestionar l\u00b4aula i els aprenentatges dels alumnes. Des de fa temps, a l\u00b4escola, es treballen algunes unitats did\u00e0ctiques aplicant aquestes t\u00e8cniques. La nova orientaci\u00f3 competencial del curr\u00edculum de Prim\u00e0ria fa necessari que la metodologia cooperativa es vagi sistematitzant i aplicant a diverses \u00e0rees. Aprendre a treballar en equip esdev\u00e9 un element essencial per formar persones competents en un futur. Per aquest motiu, anem avan\u00e7ant cap aquest cam\u00ed.<\/p>\n<p style=\"border: 0px; font-family: Lato, sans-serif; font-size: 16px; margin-bottom: 24px; outline: 0px; vertical-align: baseline; color: #303030;\"><span style=\"border: 0px; font-family: inherit; font-style: inherit; font-weight: bold; margin: 0px; outline: 0px; padding: 0px; vertical-align: baseline;\">2.- Quins s\u00f3n els seus principis fonamentals?<\/span><\/p>\n<p style=\"border: 0px; font-family: Lato, sans-serif; font-size: 16px; margin-bottom: 24px; outline: 0px; vertical-align: baseline; color: #303030;\">Els principis en els que es fonamenta s\u00f3n:<\/p>\n<p style=\"border: 0px; font-family: Lato, sans-serif; font-size: 16px; margin-bottom: 24px; outline: 0px; vertical-align: baseline; color: #303030;\">1.- Treballar en equips redu\u00efts i heterogenis assegurant una participaci\u00f3 igualit\u00e0ria.<\/p>\n<p style=\"border: 0px; font-family: Lato, sans-serif; font-size: 16px; margin-bottom: 24px; outline: 0px; vertical-align: baseline; color: #303030;\">2.- Potenciar la interacci\u00f3 simult\u00e0nia entre ells; Aprenentatge entre iguals.<\/p>\n<p style=\"border: 0px; font-family: Lato, sans-serif; font-size: 16px; margin-bottom: 24px; outline: 0px; vertical-align: baseline; color: #303030;\">3.-Que els alumnes portin a terme els seus aprenentatges escolars i que tamb\u00e9 aprenguin a \u00a0\u00a0 treballar en equip; assegurant sempre aquesta doble vessant.<\/p>\n<p><a href=\"https:\/\/agora.xtec.cat\/escolajungfrau\/wp-content\/uploads\/usu2358\/2023\/12\/IMG_1028-1.jpg\"><img loading=\"lazy\" decoding=\"async\" class=\"aligncenter wp-image-10002 size-full\" src=\"https:\/\/agora.xtec.cat\/escolajungfrau\/wp-content\/uploads\/usu2358\/2023\/12\/IMG_1028-1.jpg\" alt=\"\" width=\"640\" height=\"480\" srcset=\"https:\/\/agora.xtec.cat\/escolajungfrau\/wp-content\/uploads\/usu2358\/2023\/12\/IMG_1028-1.jpg 640w, https:\/\/agora.xtec.cat\/escolajungfrau\/wp-content\/uploads\/usu2358\/2023\/12\/IMG_1028-1-300x225.jpg 300w, https:\/\/agora.xtec.cat\/escolajungfrau\/wp-content\/uploads\/usu2358\/2023\/12\/IMG_1028-1-200x150.jpg 200w\" sizes=\"auto, (max-width: 640px) 100vw, 640px\" \/><\/a><\/p>\n<figure id=\"attachment_1518\" class=\"wp-caption alignnone\" style=\"margin-bottom: 24px; vertical-align: bottom; border: 0px; color: #303030; font-family: Lato, sans-serif; width: 556px;\" data-shortcode=\"caption\" aria-describedby=\"caption-attachment-1518\"><figcaption id=\"caption-attachment-1518\" class=\"wp-caption-text\" style=\"padding: 12px 0px; border-bottom: 1px solid #f8f8f8; text-align: center; font-size: 0.875em; line-height: 1.71429em;\">\u00a0 \u00a0 \u00a0 \u00a0 \u00a0 \u00a0 \u00a0 \u00a0 \u00a0 \u00a0 \u00a0 \u00a0 \u00a0 \u00a0 \u00a0 \u00a0 \u00a0 \u00a0 \u00a0 \u00a0 \u00a0 \u00a0 \u00a0 \u00a0 \u00a0 \u00a0Equips redu\u00efts, participaci\u00f3 igualit\u00e0ria, interacci\u00f3<\/figcaption><\/figure>\n<p style=\"border: 0px; font-family: Lato, sans-serif; font-size: 16px; margin-bottom: 24px; outline: 0px; vertical-align: baseline; color: #303030;\"><span style=\"border: 0px; font-family: inherit; font-style: inherit; font-weight: bold; margin: 0px; outline: 0px; padding: 0px; vertical-align: baseline;\">3.- Per qu\u00e8 aplicar t\u00e8cniques cooperatives a la nostra escola? Quins s\u00f3n els punts forts d&#8217;aquesta metodologia?<\/span><\/p>\n<ul style=\"border: 0px; font-family: Lato, sans-serif; font-size: 16px; margin-bottom: 24px; margin-left: 0px; outline: 0px; vertical-align: baseline; list-style-position: inside; list-style-image: initial; color: #303030;\">\n<li style=\"border: 0px; font-family: inherit; font-style: inherit; font-weight: inherit; outline: 0px; vertical-align: baseline;\">L\u2019organitzaci\u00f3 i gesti\u00f3 del grup classe \u00e9s molt diferent: Diferents espais d\u2019intercanvi, comunicaci\u00f3, aprenentatge\u2026<\/li>\n<li style=\"border: 0px; font-family: inherit; font-style: inherit; font-weight: inherit; outline: 0px; vertical-align: baseline;\">Els alumnes prenen decisions, arriben a acords; hi ha treball simultani.<\/li>\n<li style=\"border: 0px; font-family: inherit; font-style: inherit; font-weight: inherit; outline: 0px; vertical-align: baseline;\">Planifiquen tasques conjuntament.<\/li>\n<li style=\"border: 0px; font-family: inherit; font-style: inherit; font-weight: inherit; outline: 0px; vertical-align: baseline;\">Els alumnes parlen i reflexionen sobre els continguts i estrat\u00e8gies d&#8217;aprenentatge\u2026 Tots tenen alguna cosa per aportar.<\/li>\n<li style=\"border: 0px; font-family: inherit; font-style: inherit; font-weight: inherit; outline: 0px; vertical-align: baseline;\">Hi ha feedback entre iguals i entre alumne-mestre-alumne.<\/li>\n<li style=\"border: 0px; font-family: inherit; font-style: inherit; font-weight: inherit; outline: 0px; vertical-align: baseline;\">Es millora el coneixement entre iguals i la cohesi\u00f3 de grup. Es promouen actituds d\u2019ajut, col\u00b7laboraci\u00f3, solidaritat, di\u00e0leg, empatia\u2026<\/li>\n<li style=\"border: 0px; font-family: inherit; font-style: inherit; font-weight: inherit; outline: 0px; vertical-align: baseline;\">El paper del mestre canvia. Esdev\u00e9 un guia, orientador, hi ha intercanvi veritable amb els seus alumnes.<\/li>\n<li style=\"border: 0px; font-family: inherit; font-style: inherit; font-weight: inherit; outline: 0px; vertical-align: baseline;\">\u00c9s un aprenentatge que els alumnes han de fer de cara al futur. Per ser persones competents en el seu propi aprenentatge cal que s\u00e0piguen treballar en equip de forma eficient.<\/li>\n<\/ul>\n<p style=\"border: 0px; font-family: Lato, sans-serif; font-size: 16px; margin-bottom: 24px; outline: 0px; vertical-align: baseline; color: #303030;\"><span style=\"border: 0px; font-family: inherit; font-style: inherit; font-weight: bold; margin: 0px; outline: 0px; padding: 0px; vertical-align: baseline;\">4.- Quan apliquem aquestes t\u00e8cniques?<\/span><\/p>\n<ul style=\"border: 0px; font-family: Lato, sans-serif; font-size: 16px; margin-bottom: 24px; margin-left: 0px; outline: 0px; vertical-align: baseline; list-style-position: inside; list-style-image: initial; color: #303030;\">\n<li style=\"border: 0px; font-family: inherit; font-style: inherit; font-weight: inherit; outline: 0px; vertical-align: baseline;\">Sempre que es porta a terme un projecte cal treballar en equip i, per tant, s\u2019apliquen t\u00e8cniques que permeten gestionar la feina del grup pr\u00f2piament dita i tamb\u00e9 aprendre com s\u2019ha de treballar en cooperaci\u00f3.<\/li>\n<li style=\"border: 0px; font-family: inherit; font-style: inherit; font-weight: inherit; outline: 0px; vertical-align: baseline;\">En activitats d&#8217;aula de les diferents \u00e0rees del curr\u00edculum, especialment llengua, resoluci\u00f3 de problemes i algunes unitats de coneixement del medi.<\/li>\n<\/ul>\n","protected":false},"excerpt":{"rendered":"<p>Un alumne\/a pot esdevenir un bon mestre pel seu company<br \/>\nTREBALL COOPERATIU: COOPERAR PER APRENDRE, APRENDRE A COOPERAR<br \/>\n1.- Qu\u00e8 \u00e9s?<br \/>\nEl treball cooperatiu \u00e9s una metodologia per gestionar l\u00b4aula i els aprenentatges dels alumnes. Des de fa temps, a l\u00b4escola, es treballen algunes unitats did\u00e0ctiques aplicant aquestes&hellip;  <a href=\"https:\/\/agora.xtec.cat\/escolajungfrau\/projecte-educatiu\/treball-cooperatiu\/\" title=\"Read Treball cooperatiu\">Llegeix m\u00e9s\u00bb<\/a><\/p>\n","protected":false},"author":3,"featured_media":0,"parent":64,"menu_order":10,"comment_status":"closed","ping_status":"closed","template":"page-templates\/side-menu.php","meta":{"_bbp_topic_count":0,"_bbp_reply_count":0,"_bbp_total_topic_count":0,"_bbp_total_reply_count":0,"_bbp_voice_count":0,"_bbp_anonymous_reply_count":0,"_bbp_topic_count_hidden":0,"_bbp_reply_count_hidden":0,"_bbp_forum_subforum_count":0,"footnotes":""},"class_list":["post-515","page","type-page","status-publish","hentry"],"post_mailing_queue_ids":[],"_links":{"self":[{"href":"https:\/\/agora.xtec.cat\/escolajungfrau\/wp-json\/wp\/v2\/pages\/515","targetHints":{"allow":["GET"]}}],"collection":[{"href":"https:\/\/agora.xtec.cat\/escolajungfrau\/wp-json\/wp\/v2\/pages"}],"about":[{"href":"https:\/\/agora.xtec.cat\/escolajungfrau\/wp-json\/wp\/v2\/types\/page"}],"author":[{"embeddable":true,"href":"https:\/\/agora.xtec.cat\/escolajungfrau\/wp-json\/wp\/v2\/users\/3"}],"replies":[{"embeddable":true,"href":"https:\/\/agora.xtec.cat\/escolajungfrau\/wp-json\/wp\/v2\/comments?post=515"}],"version-history":[{"count":6,"href":"https:\/\/agora.xtec.cat\/escolajungfrau\/wp-json\/wp\/v2\/pages\/515\/revisions"}],"predecessor-version":[{"id":10007,"href":"https:\/\/agora.xtec.cat\/escolajungfrau\/wp-json\/wp\/v2\/pages\/515\/revisions\/10007"}],"up":[{"embeddable":true,"href":"https:\/\/agora.xtec.cat\/escolajungfrau\/wp-json\/wp\/v2\/pages\/64"}],"wp:attachment":[{"href":"https:\/\/agora.xtec.cat\/escolajungfrau\/wp-json\/wp\/v2\/media?parent=515"}],"curies":[{"name":"wp","href":"https:\/\/api.w.org\/{rel}","templated":true}]}}