{"id":513,"date":"2022-11-29T11:01:00","date_gmt":"2022-11-29T10:01:00","guid":{"rendered":"https:\/\/agora.xtec.cat\/escolajungfrau\/?page_id=513"},"modified":"2025-01-13T11:24:03","modified_gmt":"2025-01-13T10:24:03","slug":"escola-i-tallers","status":"publish","type":"page","link":"https:\/\/agora.xtec.cat\/escolajungfrau\/projecte-educatiu\/escola-i-tallers\/","title":{"rendered":"Tallers"},"content":{"rendered":"<p>Per treballar l\u2019\u00e0rea d\u2019educaci\u00f3 visual i art\u00edstica hem organitzat diferents tallers. A fi de diversificar l\u2019oferta i poder treballar amb grups redu\u00efts, l\u2019alumnat d&#8217;un mateix cicle, \u00e9s a dir 4 cursos, s&#8217;organitza en 6 grups per poder treballar diferents continguts i t\u00e8cniques de l\u2019 \u00e0rea.<\/p>\n<div id=\"gallery-1587-10\" class=\"gallery galleryid-1587 gallery-columns-2 gallery-size-medium\" data-carousel-extra=\"{&quot;blog_id&quot;:112791216,&quot;permalink&quot;:&quot;https:\\\/\\\/escolajungfrau.wordpress.com\\\/que-fem\\\/tallers\\\/&quot;}\">\n<p><a href=\"https:\/\/agora.xtec.cat\/escolajungfrau\/wp-content\/uploads\/usu2358\/2023\/11\/1699741284449-2.jpg\"><img loading=\"lazy\" decoding=\"async\" class=\" wp-image-9912 aligncenter\" src=\"https:\/\/agora.xtec.cat\/escolajungfrau\/wp-content\/uploads\/usu2358\/2023\/11\/1699741284449-2-1024x609.jpg\" alt=\"\" width=\"710\" height=\"422\" srcset=\"https:\/\/agora.xtec.cat\/escolajungfrau\/wp-content\/uploads\/usu2358\/2023\/11\/1699741284449-2-1024x609.jpg 1024w, https:\/\/agora.xtec.cat\/escolajungfrau\/wp-content\/uploads\/usu2358\/2023\/11\/1699741284449-2-300x178.jpg 300w, https:\/\/agora.xtec.cat\/escolajungfrau\/wp-content\/uploads\/usu2358\/2023\/11\/1699741284449-2-768x457.jpg 768w, https:\/\/agora.xtec.cat\/escolajungfrau\/wp-content\/uploads\/usu2358\/2023\/11\/1699741284449-2-1536x914.jpg 1536w, https:\/\/agora.xtec.cat\/escolajungfrau\/wp-content\/uploads\/usu2358\/2023\/11\/1699741284449-2.jpg 2048w\" sizes=\"auto, (max-width: 710px) 100vw, 710px\" \/><\/a><\/p>\n<p>&nbsp;<\/p>\n<p><a href=\"https:\/\/agora.xtec.cat\/escolajungfrau\/wp-content\/uploads\/usu2358\/2023\/11\/1674576992396.jpg\"><img loading=\"lazy\" decoding=\"async\" class=\"wp-image-9923 aligncenter\" src=\"https:\/\/agora.xtec.cat\/escolajungfrau\/wp-content\/uploads\/usu2358\/2023\/11\/1674576992396-1024x768.jpg\" alt=\"\" width=\"710\" height=\"533\" srcset=\"https:\/\/agora.xtec.cat\/escolajungfrau\/wp-content\/uploads\/usu2358\/2023\/11\/1674576992396-1024x768.jpg 1024w, https:\/\/agora.xtec.cat\/escolajungfrau\/wp-content\/uploads\/usu2358\/2023\/11\/1674576992396-300x225.jpg 300w, https:\/\/agora.xtec.cat\/escolajungfrau\/wp-content\/uploads\/usu2358\/2023\/11\/1674576992396-768x576.jpg 768w, https:\/\/agora.xtec.cat\/escolajungfrau\/wp-content\/uploads\/usu2358\/2023\/11\/1674576992396-200x150.jpg 200w, https:\/\/agora.xtec.cat\/escolajungfrau\/wp-content\/uploads\/usu2358\/2023\/11\/1674576992396.jpg 1120w\" sizes=\"auto, (max-width: 710px) 100vw, 710px\" \/><\/a><\/p>\n<p>&nbsp;<\/p>\n<p><a href=\"https:\/\/agora.xtec.cat\/escolajungfrau\/wp-content\/uploads\/usu2358\/2023\/11\/1674577011111-scaled.jpg\"><img loading=\"lazy\" decoding=\"async\" class=\"wp-image-9924 aligncenter\" src=\"https:\/\/agora.xtec.cat\/escolajungfrau\/wp-content\/uploads\/usu2358\/2023\/11\/1674577011111-1024x548.jpg\" alt=\"\" width=\"708\" height=\"379\" srcset=\"https:\/\/agora.xtec.cat\/escolajungfrau\/wp-content\/uploads\/usu2358\/2023\/11\/1674577011111-1024x548.jpg 1024w, https:\/\/agora.xtec.cat\/escolajungfrau\/wp-content\/uploads\/usu2358\/2023\/11\/1674577011111-300x161.jpg 300w, https:\/\/agora.xtec.cat\/escolajungfrau\/wp-content\/uploads\/usu2358\/2023\/11\/1674577011111-768x411.jpg 768w, https:\/\/agora.xtec.cat\/escolajungfrau\/wp-content\/uploads\/usu2358\/2023\/11\/1674577011111-1536x822.jpg 1536w, https:\/\/agora.xtec.cat\/escolajungfrau\/wp-content\/uploads\/usu2358\/2023\/11\/1674577011111-2048x1097.jpg 2048w\" sizes=\"auto, (max-width: 708px) 100vw, 708px\" \/><\/a><\/p>\n<\/div>\n<div id=\"gallery-1587-10\" class=\"gallery galleryid-1587 gallery-columns-2 gallery-size-medium\" data-carousel-extra=\"{&quot;blog_id&quot;:112791216,&quot;permalink&quot;:&quot;https:\\\/\\\/escolajungfrau.wordpress.com\\\/que-fem\\\/tallers\\\/&quot;}\">\n<p>&nbsp;<\/p>\n<\/div>\n<p>Aquesta diversificaci\u00f3 de grups afavoreix les din\u00e0miques de col\u00b7laboraci\u00f3, coneixen\u00e7a, obertura de relaci\u00f3, cohesi\u00f3 i enriqueix el clima escolar.<\/p>\n<p><span style=\"font-family: inherit; font-size: 1em;\">Els tallers que s\u2019ofereixen s\u00f3n: pintura, fang, collage, plegat de paper, ceres, eco-manualitats, dibuix, costura, geometria, experiments, teatre, dibuix lineal, maquetes en paper, dibuix art\u00edstic i volum.<\/span><\/p>\n<div id=\"gallery-1587-7-slideshow\" class=\"jetpack-slideshow-window jetpack-slideshow jetpack-slideshow-black\" data-trans=\"fade\" data-autostart=\"1\" data-gallery=\"[{&quot;src&quot;:&quot;https:\\\/\\\/escolajungfrau.files.wordpress.com\\\/2016\\\/07\\\/pintura-0052.jpg&quot;,&quot;id&quot;:&quot;675&quot;,&quot;title&quot;:&quot;pintura 005&quot;,&quot;alt&quot;:&quot;&quot;,&quot;caption&quot;:&quot;&quot;,&quot;itemprop&quot;:&quot;image&quot;},{&quot;src&quot;:&quot;https:\\\/\\\/escolajungfrau.files.wordpress.com\\\/2016\\\/07\\\/pintura-0022.jpg&quot;,&quot;id&quot;:&quot;672&quot;,&quot;title&quot;:&quot;pintura 002&quot;,&quot;alt&quot;:&quot;&quot;,&quot;caption&quot;:&quot;&quot;,&quot;itemprop&quot;:&quot;image&quot;},{&quot;src&quot;:&quot;https:\\\/\\\/escolajungfrau.files.wordpress.com\\\/2016\\\/07\\\/48s.jpg&quot;,&quot;id&quot;:&quot;635&quot;,&quot;title&quot;:&quot;48s&quot;,&quot;alt&quot;:&quot;&quot;,&quot;caption&quot;:&quot;&quot;,&quot;itemprop&quot;:&quot;image&quot;},{&quot;src&quot;:&quot;https:\\\/\\\/escolajungfrau.files.wordpress.com\\\/2016\\\/07\\\/24s.jpg&quot;,&quot;id&quot;:&quot;631&quot;,&quot;title&quot;:&quot;24s&quot;,&quot;alt&quot;:&quot;&quot;,&quot;caption&quot;:&quot;&quot;,&quot;itemprop&quot;:&quot;image&quot;},{&quot;src&quot;:&quot;https:\\\/\\\/escolajungfrau.files.wordpress.com\\\/2016\\\/07\\\/56s.jpg&quot;,&quot;id&quot;:&quot;640&quot;,&quot;title&quot;:&quot;56s&quot;,&quot;alt&quot;:&quot;&quot;,&quot;caption&quot;:&quot;&quot;,&quot;itemprop&quot;:&quot;image&quot;},{&quot;src&quot;:&quot;https:\\\/\\\/escolajungfrau.files.wordpress.com\\\/2016\\\/07\\\/dsc06269.jpg&quot;,&quot;id&quot;:&quot;643&quot;,&quot;title&quot;:&quot;dsc06269&quot;,&quot;alt&quot;:&quot;&quot;,&quot;caption&quot;:&quot;&quot;,&quot;itemprop&quot;:&quot;image&quot;},{&quot;src&quot;:&quot;https:\\\/\\\/escolajungfrau.files.wordpress.com\\\/2016\\\/07\\\/dscn8235.jpg&quot;,&quot;id&quot;:&quot;644&quot;,&quot;title&quot;:&quot;dscn8235&quot;,&quot;alt&quot;:&quot;&quot;,&quot;caption&quot;:&quot;&quot;,&quot;itemprop&quot;:&quot;image&quot;},{&quot;src&quot;:&quot;https:\\\/\\\/escolajungfrau.files.wordpress.com\\\/2016\\\/07\\\/im000899.jpg&quot;,&quot;id&quot;:&quot;645&quot;,&quot;title&quot;:&quot;IM000899.JPG&quot;,&quot;alt&quot;:&quot;&quot;,&quot;caption&quot;:&quot;&quot;,&quot;itemprop&quot;:&quot;image&quot;},{&quot;src&quot;:&quot;https:\\\/\\\/escolajungfrau.files.wordpress.com\\\/2016\\\/07\\\/costura-003.jpg&quot;,&quot;id&quot;:&quot;648&quot;,&quot;title&quot;:&quot;costura 003&quot;,&quot;alt&quot;:&quot;&quot;,&quot;caption&quot;:&quot;&quot;,&quot;itemprop&quot;:&quot;image&quot;},{&quot;src&quot;:&quot;https:\\\/\\\/escolajungfrau.files.wordpress.com\\\/2016\\\/07\\\/57s.jpg&quot;,&quot;id&quot;:&quot;641&quot;,&quot;title&quot;:&quot;57s&quot;,&quot;alt&quot;:&quot;&quot;,&quot;caption&quot;:&quot;&quot;,&quot;itemprop&quot;:&quot;image&quot;},{&quot;src&quot;:&quot;https:\\\/\\\/escolajungfrau.files.wordpress.com\\\/2016\\\/07\\\/costura-005.jpg&quot;,&quot;id&quot;:&quot;650&quot;,&quot;title&quot;:&quot;costura 005&quot;,&quot;alt&quot;:&quot;&quot;,&quot;caption&quot;:&quot;&quot;,&quot;itemprop&quot;:&quot;image&quot;},{&quot;src&quot;:&quot;https:\\\/\\\/escolajungfrau.files.wordpress.com\\\/2016\\\/07\\\/pintura-003.jpg&quot;,&quot;id&quot;:&quot;654&quot;,&quot;title&quot;:&quot;pintura 003&quot;,&quot;alt&quot;:&quot;&quot;,&quot;caption&quot;:&quot;&quot;,&quot;itemprop&quot;:&quot;image&quot;},{&quot;src&quot;:&quot;https:\\\/\\\/escolajungfrau.files.wordpress.com\\\/2016\\\/07\\\/costura-002.jpg&quot;,&quot;id&quot;:&quot;647&quot;,&quot;title&quot;:&quot;costura 002&quot;,&quot;alt&quot;:&quot;&quot;,&quot;caption&quot;:&quot;&quot;,&quot;itemprop&quot;:&quot;image&quot;},{&quot;src&quot;:&quot;https:\\\/\\\/escolajungfrau.files.wordpress.com\\\/2016\\\/07\\\/pintura-0051.jpg&quot;,&quot;id&quot;:&quot;670&quot;,&quot;title&quot;:&quot;pintura 005&quot;,&quot;alt&quot;:&quot;&quot;,&quot;caption&quot;:&quot;&quot;,&quot;itemprop&quot;:&quot;image&quot;},{&quot;src&quot;:&quot;https:\\\/\\\/escolajungfrau.files.wordpress.com\\\/2016\\\/07\\\/dscn8543.jpg&quot;,&quot;id&quot;:&quot;698&quot;,&quot;title&quot;:&quot;dscn8543&quot;,&quot;alt&quot;:&quot;&quot;,&quot;caption&quot;:&quot;&quot;,&quot;itemprop&quot;:&quot;image&quot;}]\">\n<div><\/div>\n<\/div>\n","protected":false},"excerpt":{"rendered":"<p>Per treballar l\u2019\u00e0rea d\u2019educaci\u00f3 visual i art\u00edstica hem organitzat diferents tallers. A fi de diversificar l\u2019oferta i poder treballar amb grups redu\u00efts, l\u2019alumnat d&#8217;un mateix cicle, \u00e9s a dir 4 cursos, s&#8217;organitza en 6 grups per poder treballar diferents continguts i t\u00e8cniques de l\u2019 \u00e0rea.<\/p>\n<p><a&hellip;  <a href=\"https:\/\/agora.xtec.cat\/escolajungfrau\/projecte-educatiu\/escola-i-tallers\/\" title=\"Read Tallers\">Llegeix m\u00e9s\u00bb<\/a><\/p>\n","protected":false},"author":3,"featured_media":0,"parent":64,"menu_order":9,"comment_status":"closed","ping_status":"closed","template":"page-templates\/side-menu.php","meta":{"_bbp_topic_count":0,"_bbp_reply_count":0,"_bbp_total_topic_count":0,"_bbp_total_reply_count":0,"_bbp_voice_count":0,"_bbp_anonymous_reply_count":0,"_bbp_topic_count_hidden":0,"_bbp_reply_count_hidden":0,"_bbp_forum_subforum_count":0,"footnotes":""},"class_list":["post-513","page","type-page","status-publish","hentry"],"post_mailing_queue_ids":[],"_links":{"self":[{"href":"https:\/\/agora.xtec.cat\/escolajungfrau\/wp-json\/wp\/v2\/pages\/513","targetHints":{"allow":["GET"]}}],"collection":[{"href":"https:\/\/agora.xtec.cat\/escolajungfrau\/wp-json\/wp\/v2\/pages"}],"about":[{"href":"https:\/\/agora.xtec.cat\/escolajungfrau\/wp-json\/wp\/v2\/types\/page"}],"author":[{"embeddable":true,"href":"https:\/\/agora.xtec.cat\/escolajungfrau\/wp-json\/wp\/v2\/users\/3"}],"replies":[{"embeddable":true,"href":"https:\/\/agora.xtec.cat\/escolajungfrau\/wp-json\/wp\/v2\/comments?post=513"}],"version-history":[{"count":6,"href":"https:\/\/agora.xtec.cat\/escolajungfrau\/wp-json\/wp\/v2\/pages\/513\/revisions"}],"predecessor-version":[{"id":22316,"href":"https:\/\/agora.xtec.cat\/escolajungfrau\/wp-json\/wp\/v2\/pages\/513\/revisions\/22316"}],"up":[{"embeddable":true,"href":"https:\/\/agora.xtec.cat\/escolajungfrau\/wp-json\/wp\/v2\/pages\/64"}],"wp:attachment":[{"href":"https:\/\/agora.xtec.cat\/escolajungfrau\/wp-json\/wp\/v2\/media?parent=513"}],"curies":[{"name":"wp","href":"https:\/\/api.w.org\/{rel}","templated":true}]}}