{"id":505,"date":"2022-11-29T10:59:36","date_gmt":"2022-11-29T09:59:36","guid":{"rendered":"https:\/\/agora.xtec.cat\/escolajungfrau\/?page_id=505"},"modified":"2023-12-12T10:46:03","modified_gmt":"2023-12-12T09:46:03","slug":"reptes-daprenentatge-abp","status":"publish","type":"page","link":"https:\/\/agora.xtec.cat\/escolajungfrau\/projecte-educatiu\/reptes-daprenentatge-abp\/","title":{"rendered":"Reptes d&#8217;aprenentatge (ABP)"},"content":{"rendered":"<p><strong>QU\u00c8 S\u00d3N?<\/strong><\/p>\n<p>L\u2019aprenentatge basat en problemes \u00e9s una\u00a0<strong>metodologia d\u2019aprenentatge per descobriment guiat<\/strong>, que\u00a0<strong>permet\u00a0<\/strong>a l\u2019alumnat<strong>\u00a0anar construint el seu coneixement de forma aut\u00f2noma.<\/strong> S\u2019aplica des de 1r de Prim\u00e0ria fins a 6\u00e8 (dues sessions a la setmana).<\/p>\n<p>Consisteix a <strong>presentar<\/strong>\u00a0als alumnes\u00a0<strong>un problema o situaci\u00f3 real contextualitzada a resoldre<\/strong>. Aquesta situaci\u00f3 o problema est\u00e0 situat dins el seu entorn proper familiar, personal, escolar, social\u2026<\/p>\n<p><a href=\"https:\/\/agora.xtec.cat\/escolajungfrau\/wp-content\/uploads\/usu2358\/2023\/12\/IMG_1036-rotated.jpg\"><img loading=\"lazy\" decoding=\"async\" class=\"aligncenter wp-image-9999 size-full\" src=\"https:\/\/agora.xtec.cat\/escolajungfrau\/wp-content\/uploads\/usu2358\/2023\/12\/IMG_1036-rotated.jpg\" alt=\"\" width=\"480\" height=\"640\" srcset=\"https:\/\/agora.xtec.cat\/escolajungfrau\/wp-content\/uploads\/usu2358\/2023\/12\/IMG_1036-rotated.jpg 480w, https:\/\/agora.xtec.cat\/escolajungfrau\/wp-content\/uploads\/usu2358\/2023\/12\/IMG_1036-225x300.jpg 225w\" sizes=\"auto, (max-width: 480px) 100vw, 480px\" \/><\/a><\/p>\n<p>Trets fonamentals:<\/p>\n<ul>\n<li>Els alumnes han de treballar en\u00a0<strong>equips petits de forma cooperativa <\/strong>i el professorat esdev\u00e9 un orientador. Aquest tipus de gesti\u00f3 de l\u2019aula ha de vetllar per la interacci\u00f3 entre iguals.\u00a0<strong>Alternar el treball individual amb el treball en equip,<\/strong>\u00a0per\u00f2 en les dues situacions la interacci\u00f3 est\u00e0 garantida.<\/li>\n<li><strong>L\u2019alumnat va construint<\/strong>\u00a0durant el proc\u00e9s<strong>\u00a0el seu coneixement de forma guiada per\u00f2 aut\u00f2noma.<\/strong><\/li>\n<li>Es\u00a0<strong>treballen els sabers de forma integrada, no per disciplines.<\/strong><\/li>\n<li>La contextualitzaci\u00f3 afavoreix que els\u00a0<strong>aprenentatges siguin significatius\u00a0<\/strong>per l\u2019alumnat.<\/li>\n<li>Els alumnes\u00a0<strong>desenvolupen estrat\u00e8gies i habilitats molt diverses<\/strong>\u00a0i\u00a0<strong>transversals<\/strong>\u00a0que podran aplicar a la vida quotidiana.<\/li>\n<\/ul>\n<p><a href=\"https:\/\/agora.xtec.cat\/escolajungfrau\/wp-content\/uploads\/usu2358\/2023\/12\/IMG_1032-1.jpg\"><img loading=\"lazy\" decoding=\"async\" class=\"aligncenter wp-image-10004 size-full\" src=\"https:\/\/agora.xtec.cat\/escolajungfrau\/wp-content\/uploads\/usu2358\/2023\/12\/IMG_1032-1.jpg\" alt=\"\" width=\"640\" height=\"480\" srcset=\"https:\/\/agora.xtec.cat\/escolajungfrau\/wp-content\/uploads\/usu2358\/2023\/12\/IMG_1032-1.jpg 640w, https:\/\/agora.xtec.cat\/escolajungfrau\/wp-content\/uploads\/usu2358\/2023\/12\/IMG_1032-1-300x225.jpg 300w, https:\/\/agora.xtec.cat\/escolajungfrau\/wp-content\/uploads\/usu2358\/2023\/12\/IMG_1032-1-200x150.jpg 200w\" sizes=\"auto, (max-width: 640px) 100vw, 640px\" \/><\/a><\/p>\n","protected":false},"excerpt":{"rendered":"<p>QU\u00c8 S\u00d3N?<br \/>\nL\u2019aprenentatge basat en problemes \u00e9s una\u00a0metodologia d\u2019aprenentatge per descobriment guiat, que\u00a0permet\u00a0a l\u2019alumnat\u00a0anar construint el seu coneixement de forma aut\u00f2noma. S\u2019aplica des de 1r de Prim\u00e0ria fins a 6\u00e8 (dues sessions a la setmana).<br \/>\nConsisteix a presentar\u00a0als alumnes\u00a0un problema o situaci\u00f3 real contextualitzada a resoldre. Aquesta&hellip;  <a href=\"https:\/\/agora.xtec.cat\/escolajungfrau\/projecte-educatiu\/reptes-daprenentatge-abp\/\" title=\"Read Reptes d&#8217;aprenentatge (ABP)\">Llegeix m\u00e9s\u00bb<\/a><\/p>\n","protected":false},"author":3,"featured_media":0,"parent":64,"menu_order":4,"comment_status":"closed","ping_status":"closed","template":"page-templates\/side-menu.php","meta":{"_bbp_topic_count":0,"_bbp_reply_count":0,"_bbp_total_topic_count":0,"_bbp_total_reply_count":0,"_bbp_voice_count":0,"_bbp_anonymous_reply_count":0,"_bbp_topic_count_hidden":0,"_bbp_reply_count_hidden":0,"_bbp_forum_subforum_count":0,"footnotes":""},"class_list":["post-505","page","type-page","status-publish","hentry"],"post_mailing_queue_ids":[],"_links":{"self":[{"href":"https:\/\/agora.xtec.cat\/escolajungfrau\/wp-json\/wp\/v2\/pages\/505","targetHints":{"allow":["GET"]}}],"collection":[{"href":"https:\/\/agora.xtec.cat\/escolajungfrau\/wp-json\/wp\/v2\/pages"}],"about":[{"href":"https:\/\/agora.xtec.cat\/escolajungfrau\/wp-json\/wp\/v2\/types\/page"}],"author":[{"embeddable":true,"href":"https:\/\/agora.xtec.cat\/escolajungfrau\/wp-json\/wp\/v2\/users\/3"}],"replies":[{"embeddable":true,"href":"https:\/\/agora.xtec.cat\/escolajungfrau\/wp-json\/wp\/v2\/comments?post=505"}],"version-history":[{"count":6,"href":"https:\/\/agora.xtec.cat\/escolajungfrau\/wp-json\/wp\/v2\/pages\/505\/revisions"}],"predecessor-version":[{"id":10006,"href":"https:\/\/agora.xtec.cat\/escolajungfrau\/wp-json\/wp\/v2\/pages\/505\/revisions\/10006"}],"up":[{"embeddable":true,"href":"https:\/\/agora.xtec.cat\/escolajungfrau\/wp-json\/wp\/v2\/pages\/64"}],"wp:attachment":[{"href":"https:\/\/agora.xtec.cat\/escolajungfrau\/wp-json\/wp\/v2\/media?parent=505"}],"curies":[{"name":"wp","href":"https:\/\/api.w.org\/{rel}","templated":true}]}}