{"id":499,"date":"2022-11-29T10:57:02","date_gmt":"2022-11-29T09:57:02","guid":{"rendered":"https:\/\/agora.xtec.cat\/escolajungfrau\/?page_id=499"},"modified":"2025-02-04T10:33:32","modified_gmt":"2025-02-04T09:33:32","slug":"impuls-de-la-lectura","status":"publish","type":"page","link":"https:\/\/agora.xtec.cat\/escolajungfrau\/projecte-educatiu\/impuls-de-la-lectura\/","title":{"rendered":"Impuls de la lectura"},"content":{"rendered":"<p><a href=\"https:\/\/agora.xtec.cat\/escolajungfrau\/wp-content\/uploads\/usu2358\/2023\/11\/apadrinament-3-2.jpg\"><img loading=\"lazy\" decoding=\"async\" class=\"alignnone size-large wp-image-9896\" src=\"https:\/\/agora.xtec.cat\/escolajungfrau\/wp-content\/uploads\/usu2358\/2023\/11\/apadrinament-3-2-1024x969.jpg\" alt=\"\" width=\"1024\" height=\"969\" srcset=\"https:\/\/agora.xtec.cat\/escolajungfrau\/wp-content\/uploads\/usu2358\/2023\/11\/apadrinament-3-2-1024x969.jpg 1024w, https:\/\/agora.xtec.cat\/escolajungfrau\/wp-content\/uploads\/usu2358\/2023\/11\/apadrinament-3-2-300x284.jpg 300w, https:\/\/agora.xtec.cat\/escolajungfrau\/wp-content\/uploads\/usu2358\/2023\/11\/apadrinament-3-2-768x727.jpg 768w, https:\/\/agora.xtec.cat\/escolajungfrau\/wp-content\/uploads\/usu2358\/2023\/11\/apadrinament-3-2-1536x1453.jpg 1536w, https:\/\/agora.xtec.cat\/escolajungfrau\/wp-content\/uploads\/usu2358\/2023\/11\/apadrinament-3-2.jpg 1651w\" sizes=\"auto, (max-width: 1024px) 100vw, 1024px\" \/><\/a><\/p>\n<p>La lectura, la comprensi\u00f3, i l\u2019expressi\u00f3, tant oral com escrita i, al capdavall, la compet\u00e8ncia lectora i ling\u00fc\u00edstica, esdevenen un eix principal i un valor molt important dins la nostra escola.<\/p>\n<p>Els objectius principals de les activitats orientades a impulsar la lectura s\u00f3n:<\/p>\n<ul>\n<li><strong>Millorar la compet\u00e8ncia lectora.<\/strong><\/li>\n<li><strong>Promoure l\u2019autonomia per a l\u2019acc\u00e9s a la informaci\u00f3, la descoberta i l\u2019ampliaci\u00f3 de coneixements.<\/strong><\/li>\n<li><strong>Fomentar l\u2019h\u00e0bit lector i el plaer de la lectura.<\/strong><\/li>\n<\/ul>\n<p>Entre moltes altres activitats, a l\u2019escola fomentem la lectura a partir d\u2019unes propostes concretes com s\u00f3n:<\/p>\n<ul>\n<li>La Biblioteca<\/li>\n<li>Apadrinament lector: alumnes de 6\u00e8 apadrinen un alumne de 1r<\/li>\n<li>Lectura de contes dels nens i nenes de 4t a I4 i I5<\/li>\n<\/ul>\n<h5><strong>Biblioteca<\/strong><\/h5>\n<p>La biblioteca \u00a0de la nostra Escola \u00e9s un centre de recursos \u00a0amb documents en tot tipus de suport per a l\u2019aprenentatge i per a la recerca. \u00c9s un recurs per a totes les \u00e0rees i etapes educatives i es considera un element important per incentivar el foment de la lectura i l\u2019h\u00e0bit lector dels nostres alumnes.<\/p>\n<p><a href=\"https:\/\/agora.xtec.cat\/escolajungfrau\/wp-content\/uploads\/usu2358\/2023\/11\/biblioteca1-2-scaled.jpg\"><img loading=\"lazy\" decoding=\"async\" class=\"alignnone size-large wp-image-9898\" src=\"https:\/\/agora.xtec.cat\/escolajungfrau\/wp-content\/uploads\/usu2358\/2023\/11\/biblioteca1-2-1024x529.jpg\" alt=\"\" width=\"1024\" height=\"529\" srcset=\"https:\/\/agora.xtec.cat\/escolajungfrau\/wp-content\/uploads\/usu2358\/2023\/11\/biblioteca1-2-1024x529.jpg 1024w, https:\/\/agora.xtec.cat\/escolajungfrau\/wp-content\/uploads\/usu2358\/2023\/11\/biblioteca1-2-300x155.jpg 300w, https:\/\/agora.xtec.cat\/escolajungfrau\/wp-content\/uploads\/usu2358\/2023\/11\/biblioteca1-2-768x396.jpg 768w, https:\/\/agora.xtec.cat\/escolajungfrau\/wp-content\/uploads\/usu2358\/2023\/11\/biblioteca1-2-1536x793.jpg 1536w, https:\/\/agora.xtec.cat\/escolajungfrau\/wp-content\/uploads\/usu2358\/2023\/11\/biblioteca1-2-2048x1057.jpg 2048w\" sizes=\"auto, (max-width: 1024px) 100vw, 1024px\" \/><\/a><\/p>\n<p>La biblioteca d\u2019aula i la biblioteca d\u2019escola es complementen per promoure el gust per la lectura.<\/p>\n<p>Es proposen diferents activitats per motivar el gust per la lectura i l\u2019h\u00e0bit lector com: pr\u00e9stec de llibres, la lectura cooperativa, compartir valoracions de llibres llegits, presentaci\u00f3 de llibres, jocs orals a partir de personatges dels llibres llegits, modelatge per part del\/de la mestre\/a, tallers de lectura mec\u00e0nica i comprensiva, lectura col\u00b7lectiva, fitxes col\u00b7lectives de llibres,\u2026<\/p>\n<h5><strong id=\"apadrinament\">Apadrinament lector dels nens i les nenes de 6\u00e8 als de 1r.<\/strong><\/h5>\n<div align=\"CENTER\">\n<div align=\"CENTER\">\n<p class=\"esquerre\" align=\"LEFT\"><a href=\"https:\/\/agora.xtec.cat\/escolajungfrau\/wp-content\/uploads\/usu2358\/2023\/11\/apadrinament-1.jpg\"><img loading=\"lazy\" decoding=\"async\" class=\"alignnone size-large wp-image-9895\" src=\"https:\/\/agora.xtec.cat\/escolajungfrau\/wp-content\/uploads\/usu2358\/2023\/11\/apadrinament-1-1024x918.jpg\" alt=\"\" width=\"1024\" height=\"918\" srcset=\"https:\/\/agora.xtec.cat\/escolajungfrau\/wp-content\/uploads\/usu2358\/2023\/11\/apadrinament-1-1024x918.jpg 1024w, https:\/\/agora.xtec.cat\/escolajungfrau\/wp-content\/uploads\/usu2358\/2023\/11\/apadrinament-1-300x269.jpg 300w, https:\/\/agora.xtec.cat\/escolajungfrau\/wp-content\/uploads\/usu2358\/2023\/11\/apadrinament-1-768x688.jpg 768w, https:\/\/agora.xtec.cat\/escolajungfrau\/wp-content\/uploads\/usu2358\/2023\/11\/apadrinament-1-1536x1377.jpg 1536w, https:\/\/agora.xtec.cat\/escolajungfrau\/wp-content\/uploads\/usu2358\/2023\/11\/apadrinament-1.jpg 1650w\" sizes=\"auto, (max-width: 1024px) 100vw, 1024px\" \/><\/a><\/p>\n<p class=\"esquerre\" align=\"LEFT\">Des de fa uns cursos a l\u2019escola es duu terme l\u2019experi\u00e8ncia de l\u2019apadrinament lector entre alumnes de sis\u00e8 i primer.<\/p>\n<\/div>\n<div align=\"CENTER\">\n<p class=\"esquerre\" align=\"LEFT\">Cada alumne de sis\u00e8 \u00e9s padr\u00ed\/na d\u2019un alumne de primer que ser\u00e0 el seu fillol\/a.<\/p>\n<p class=\"esquerre\" align=\"LEFT\"><span class=\"dreta\">\u00c9s una activitat que es realitza un cop per setmana durant uns 30 minuts<\/span>.<\/p>\n<p class=\"esquerre\" align=\"LEFT\">Les parelles les fan entre els tutors dels 2 cursos intentant equilibrar-les.<\/p>\n<p class=\"esquerre\" align=\"LEFT\">Cada fillol tria un conte que li agradi de la biblioteca.<\/p>\n<\/div>\n<p>Els padrins tenen una fitxa on hi ha la foto del padr\u00ed i el fillol on hi van apuntant els llibres que van llegint i en fan un seguiment.<\/p>\n<p><a href=\"https:\/\/agora.xtec.cat\/escolajungfrau\/wp-content\/uploads\/usu2358\/2023\/11\/apadrinament2.jpg\"><img loading=\"lazy\" decoding=\"async\" class=\"alignnone size-large wp-image-9894\" src=\"https:\/\/agora.xtec.cat\/escolajungfrau\/wp-content\/uploads\/usu2358\/2023\/11\/apadrinament2-1024x673.jpg\" alt=\"\" width=\"1024\" height=\"673\" srcset=\"https:\/\/agora.xtec.cat\/escolajungfrau\/wp-content\/uploads\/usu2358\/2023\/11\/apadrinament2-1024x673.jpg 1024w, https:\/\/agora.xtec.cat\/escolajungfrau\/wp-content\/uploads\/usu2358\/2023\/11\/apadrinament2-300x197.jpg 300w, https:\/\/agora.xtec.cat\/escolajungfrau\/wp-content\/uploads\/usu2358\/2023\/11\/apadrinament2-768x505.jpg 768w, https:\/\/agora.xtec.cat\/escolajungfrau\/wp-content\/uploads\/usu2358\/2023\/11\/apadrinament2-1536x1009.jpg 1536w, https:\/\/agora.xtec.cat\/escolajungfrau\/wp-content\/uploads\/usu2358\/2023\/11\/apadrinament2.jpg 1947w\" sizes=\"auto, (max-width: 1024px) 100vw, 1024px\" \/><\/a><\/p>\n<div align=\"CENTER\">\n<h3 class=\"esquerre\" align=\"LEFT\"><\/h3>\n<p class=\"esquerre\" align=\"LEFT\"><strong>Objectius<\/strong><\/p>\n<ul>\n<li class=\"esquerre\" style=\"text-align: left;\">Motivar als alumnes en el gust per la lectura.<\/li>\n<li class=\"esquerre\" style=\"text-align: left;\">Adquirir l\u2019h\u00e0bit lector<\/li>\n<li class=\"esquerre\" style=\"text-align: left;\">Millorar l\u2019autoestima i fomentar la conviv\u00e8ncia.<\/li>\n<li class=\"esquerre\" style=\"text-align: left;\">Millorar i motivar el nivell lector de l\u2019alumnat.<\/li>\n<li class=\"esquerre\" style=\"text-align: left;\">Educar en la responsabilitat i el comprom\u00eds.<\/li>\n<li class=\"esquerre\" style=\"text-align: left;\">Treballar la cooperaci\u00f3 entre els cicles.<\/li>\n<\/ul>\n<p>&nbsp;<\/p>\n<div id=\"gallery-4273-4-slideshow\" class=\"jetpack-slideshow-window jetpack-slideshow jetpack-slideshow-black\" data-trans=\"fade\" data-autostart=\"1\" data-gallery=\"[{&quot;src&quot;:&quot;https:\\\/\\\/escolajungfrau.files.wordpress.com\\\/2016\\\/07\\\/img_6120.jpg&quot;,&quot;id&quot;:&quot;130&quot;,&quot;title&quot;:&quot;IMG_6120&quot;,&quot;alt&quot;:&quot;&quot;,&quot;caption&quot;:&quot;&quot;,&quot;itemprop&quot;:&quot;image&quot;},{&quot;src&quot;:&quot;https:\\\/\\\/escolajungfrau.files.wordpress.com\\\/2016\\\/07\\\/img_6111.jpg&quot;,&quot;id&quot;:&quot;128&quot;,&quot;title&quot;:&quot;IMG_6111&quot;,&quot;alt&quot;:&quot;&quot;,&quot;caption&quot;:&quot;&quot;,&quot;itemprop&quot;:&quot;image&quot;},{&quot;src&quot;:&quot;https:\\\/\\\/escolajungfrau.files.wordpress.com\\\/2016\\\/07\\\/img_6105.jpg&quot;,&quot;id&quot;:&quot;126&quot;,&quot;title&quot;:&quot;IMG_6105&quot;,&quot;alt&quot;:&quot;&quot;,&quot;caption&quot;:&quot;&quot;,&quot;itemprop&quot;:&quot;image&quot;},{&quot;src&quot;:&quot;https:\\\/\\\/escolajungfrau.files.wordpress.com\\\/2016\\\/07\\\/img_6106.jpg&quot;,&quot;id&quot;:&quot;127&quot;,&quot;title&quot;:&quot;IMG_6106&quot;,&quot;alt&quot;:&quot;&quot;,&quot;caption&quot;:&quot;&quot;,&quot;itemprop&quot;:&quot;image&quot;},{&quot;src&quot;:&quot;https:\\\/\\\/escolajungfrau.files.wordpress.com\\\/2016\\\/07\\\/img_6115-1.jpg&quot;,&quot;id&quot;:&quot;129&quot;,&quot;title&quot;:&quot;IMG_6115-1&quot;,&quot;alt&quot;:&quot;&quot;,&quot;caption&quot;:&quot;&quot;,&quot;itemprop&quot;:&quot;image&quot;},{&quot;src&quot;:&quot;https:\\\/\\\/escolajungfrau.files.wordpress.com\\\/2016\\\/12\\\/p_20161125_091804_bf.jpg&quot;,&quot;id&quot;:&quot;3801&quot;,&quot;title&quot;:&quot;p_20161125_091804_bf&quot;,&quot;alt&quot;:&quot;&quot;,&quot;caption&quot;:&quot;&quot;,&quot;itemprop&quot;:&quot;image&quot;},{&quot;src&quot;:&quot;https:\\\/\\\/escolajungfrau.files.wordpress.com\\\/2016\\\/07\\\/p_20161125_091916_bf.jpg&quot;,&quot;id&quot;:&quot;3822&quot;,&quot;title&quot;:&quot;p_20161125_091916_bf&quot;,&quot;alt&quot;:&quot;&quot;,&quot;caption&quot;:&quot;&quot;,&quot;itemprop&quot;:&quot;image&quot;}]\">\n<div class=\"jetpack-slideshow-slide\">\n<p style=\"text-align: left;\"><span class=\"jetpack-slideshow-line-height-hack\">\u00a0<\/span><strong style=\"font-size: 1.125em;\">Lectura de contes dels nens i nenes de 4t a I4 i I5\u00a0<\/strong><\/p>\n<\/div>\n<\/div>\n<\/div>\n<\/div>\n<p><a href=\"https:\/\/agora.xtec.cat\/escolajungfrau\/wp-content\/uploads\/usu2358\/2023\/11\/dsc_1476-2.png\"><img loading=\"lazy\" decoding=\"async\" class=\" wp-image-9897 aligncenter\" src=\"https:\/\/agora.xtec.cat\/escolajungfrau\/wp-content\/uploads\/usu2358\/2023\/11\/dsc_1476-2.png\" alt=\"\" width=\"850\" height=\"490\" srcset=\"https:\/\/agora.xtec.cat\/escolajungfrau\/wp-content\/uploads\/usu2358\/2023\/11\/dsc_1476-2.png 602w, https:\/\/agora.xtec.cat\/escolajungfrau\/wp-content\/uploads\/usu2358\/2023\/11\/dsc_1476-2-300x173.png 300w\" sizes=\"auto, (max-width: 850px) 100vw, 850px\" \/><\/a><\/p>\n<p>Els nens i nenes de 4t escullen amb molta il\u00b7lusi\u00f3 un conte per llegir a les classes dels Bambis i Barrufets. La setmana pr\u00e8via a la lectura, amb l\u2019ajut dels mestres, els lectors la preparen per assegurar-ne la flu\u00efdesa i entonaci\u00f3.<\/p>\n<p>Un cop per setmana aproximadament, 4 alumnes de 4t van a les aules de I4 i I5 per llegir-los el conte triat.<\/p>\n<p>&nbsp;<\/p>\n<p>\u00c9s una estona molt esperada pels petits a qui tots ja sabem els agrada molt que els expliquin contes i, m\u00e9s quan els conta-contes s\u00f3n alumnes m\u00e9s grans de l\u2019escola.<\/p>\n<p>\u00c9s un moment per gaudir i compartir, per llegir i escoltar, per explicar i imaginar !<\/p>\n","protected":false},"excerpt":{"rendered":"<p><a href=\"https:\/\/agora.xtec.cat\/escolajungfrau\/wp-content\/uploads\/usu2358\/2023\/11\/apadrinament-3-2.jpg\"><\/a><br \/>\nLa lectura, la comprensi\u00f3, i l\u2019expressi\u00f3, tant oral com escrita i, al capdavall, la compet\u00e8ncia lectora i ling\u00fc\u00edstica, esdevenen un eix principal i un valor molt important dins la nostra escola.<br \/>\nEls objectius principals de les activitats orientades a impulsar la lectura s\u00f3n:<\/p>\n<ul>\n<li>Millorar la compet\u00e8ncia&hellip;  <a href=\"https:\/\/agora.xtec.cat\/escolajungfrau\/projecte-educatiu\/impuls-de-la-lectura\/\" title=\"Read Impuls de la lectura\">Llegeix m\u00e9s\u00bb<\/a><br \/>\n","protected":false},"author":3,"featured_media":0,"parent":64,"menu_order":2,"comment_status":"closed","ping_status":"closed","template":"page-templates\/side-menu.php","meta":{"_bbp_topic_count":0,"_bbp_reply_count":0,"_bbp_total_topic_count":0,"_bbp_total_reply_count":0,"_bbp_voice_count":0,"_bbp_anonymous_reply_count":0,"_bbp_topic_count_hidden":0,"_bbp_reply_count_hidden":0,"_bbp_forum_subforum_count":0,"footnotes":""},"class_list":["post-499","page","type-page","status-publish","hentry"],"post_mailing_queue_ids":[],"_links":{"self":[{"href":"https:\/\/agora.xtec.cat\/escolajungfrau\/wp-json\/wp\/v2\/pages\/499","targetHints":{"allow":["GET"]}}],"collection":[{"href":"https:\/\/agora.xtec.cat\/escolajungfrau\/wp-json\/wp\/v2\/pages"}],"about":[{"href":"https:\/\/agora.xtec.cat\/escolajungfrau\/wp-json\/wp\/v2\/types\/page"}],"author":[{"embeddable":true,"href":"https:\/\/agora.xtec.cat\/escolajungfrau\/wp-json\/wp\/v2\/users\/3"}],"replies":[{"embeddable":true,"href":"https:\/\/agora.xtec.cat\/escolajungfrau\/wp-json\/wp\/v2\/comments?post=499"}],"version-history":[{"count":7,"href":"https:\/\/agora.xtec.cat\/escolajungfrau\/wp-json\/wp\/v2\/pages\/499\/revisions"}],"predecessor-version":[{"id":22456,"href":"https:\/\/agora.xtec.cat\/escolajungfrau\/wp-json\/wp\/v2\/pages\/499\/revisions\/22456"}],"up":[{"embeddable":true,"href":"https:\/\/agora.xtec.cat\/escolajungfrau\/wp-json\/wp\/v2\/pages\/64"}],"wp:attachment":[{"href":"https:\/\/agora.xtec.cat\/escolajungfrau\/wp-json\/wp\/v2\/media?parent=499"}],"curies":[{"name":"wp","href":"https:\/\/api.w.org\/{rel}","templated":true}]}}