{"id":28,"date":"2014-09-18T12:29:35","date_gmt":"2014-09-18T11:29:35","guid":{"rendered":"http:\/\/agora.xtec.cat\/escolajungfrau\/?page_id=28"},"modified":"2023-05-23T10:52:47","modified_gmt":"2023-05-23T08:52:47","slug":"consell-escolar","status":"publish","type":"page","link":"https:\/\/agora.xtec.cat\/escolajungfrau\/quisom\/consell-escolar\/","title":{"rendered":"Aspectes generals"},"content":{"rendered":"<ul>\n<li>\u00a0Castell\u00e0, a partir de 1r. de Prim\u00e0ria.<\/li>\n<li>\u00a0Angl\u00e8s, a partir de I5 i tallers i educaci\u00f3 f\u00edsica en angl\u00e8s al cicle Superior.<\/li>\n<li>\u00a0Atenci\u00f3 psicopedag\u00f2gica i logop\u00e8dica.<\/li>\n<li>\u00a0Professorat especialitzat en educaci\u00f3 especial, m\u00fasica, angl\u00e8s i educaci\u00f3 f\u00edsica.<\/li>\n<li>\u00a0Programa de salut infantil.<\/li>\n<li>\u00a0Sortides i col\u00f2nies.<\/li>\n<li>\u00a0Estreta coordinaci\u00f3 tutorial fam\u00edlia-escola.<\/li>\n<li>\u00a0Participaci\u00f3 dels diferents estaments de l\u2019escola en la gesti\u00f3 del centre.<\/li>\n<li>\u00a0Activitats extraescolars.<\/li>\n<li>\u00a0Continuaci\u00f3 assegurada dels estudis en un institut p\u00fablic d\u2019educaci\u00f3 secund\u00e0ria. (Els nostres referents s\u00f3n el B-7 i La Llauna).<\/li>\n<\/ul>\n","protected":false},"excerpt":{"rendered":"<ul>\n<li>\u00a0Castell\u00e0, a partir de 1r. de Prim\u00e0ria.<\/li>\n<li>\u00a0Angl\u00e8s, a partir de I5 i tallers i educaci\u00f3 f\u00edsica en angl\u00e8s al cicle Superior.<\/li>\n<li>\u00a0Atenci\u00f3 psicopedag\u00f2gica i logop\u00e8dica.<\/li>\n<li>\u00a0Professorat especialitzat en educaci\u00f3 especial, m\u00fasica, angl\u00e8s i educaci\u00f3 f\u00edsica.<\/li>\n<li>\u00a0Programa de salut infantil.<\/li>\n<li>\u00a0Sortides i col\u00f2nies.<\/li>\n<li>\u00a0Estreta coordinaci\u00f3 tutorial fam\u00edlia-escola.<\/li>\n<li>\u00a0Participaci\u00f3 dels diferents estaments de&hellip;  <a href=\"https:\/\/agora.xtec.cat\/escolajungfrau\/quisom\/consell-escolar\/\" title=\"Read Aspectes generals\">Llegeix m\u00e9s\u00bb<\/a><br \/>\n","protected":false},"author":1,"featured_media":0,"parent":22,"menu_order":3,"comment_status":"closed","ping_status":"closed","template":"page-templates\/side-menu.php","meta":{"_bbp_topic_count":0,"_bbp_reply_count":0,"_bbp_total_topic_count":0,"_bbp_total_reply_count":0,"_bbp_voice_count":0,"_bbp_anonymous_reply_count":0,"_bbp_topic_count_hidden":0,"_bbp_reply_count_hidden":0,"_bbp_forum_subforum_count":0,"footnotes":""},"class_list":["post-28","page","type-page","status-publish","hentry"],"post_mailing_queue_ids":[],"_links":{"self":[{"href":"https:\/\/agora.xtec.cat\/escolajungfrau\/wp-json\/wp\/v2\/pages\/28","targetHints":{"allow":["GET"]}}],"collection":[{"href":"https:\/\/agora.xtec.cat\/escolajungfrau\/wp-json\/wp\/v2\/pages"}],"about":[{"href":"https:\/\/agora.xtec.cat\/escolajungfrau\/wp-json\/wp\/v2\/types\/page"}],"author":[{"embeddable":true,"href":"https:\/\/agora.xtec.cat\/escolajungfrau\/wp-json\/wp\/v2\/users\/1"}],"replies":[{"embeddable":true,"href":"https:\/\/agora.xtec.cat\/escolajungfrau\/wp-json\/wp\/v2\/comments?post=28"}],"version-history":[{"count":3,"href":"https:\/\/agora.xtec.cat\/escolajungfrau\/wp-json\/wp\/v2\/pages\/28\/revisions"}],"predecessor-version":[{"id":678,"href":"https:\/\/agora.xtec.cat\/escolajungfrau\/wp-json\/wp\/v2\/pages\/28\/revisions\/678"}],"up":[{"embeddable":true,"href":"https:\/\/agora.xtec.cat\/escolajungfrau\/wp-json\/wp\/v2\/pages\/22"}],"wp:attachment":[{"href":"https:\/\/agora.xtec.cat\/escolajungfrau\/wp-json\/wp\/v2\/media?parent=28"}],"curies":[{"name":"wp","href":"https:\/\/api.w.org\/{rel}","templated":true}]}}