{"id":26,"date":"2014-09-18T12:24:32","date_gmt":"2014-09-18T11:24:32","guid":{"rendered":"http:\/\/agora.xtec.cat\/escolajungfrau\/?page_id=26"},"modified":"2025-11-09T20:04:33","modified_gmt":"2025-11-09T19:04:33","slug":"historia","status":"publish","type":"page","link":"https:\/\/agora.xtec.cat\/escolajungfrau\/quisom\/historia\/","title":{"rendered":"Trets d&#8217;indentitat"},"content":{"rendered":"<ul>\n<li>La nostra escola \u00e9s una escola p\u00fablica que imparteix les etapes d\u2019Educaci\u00f3 Infantil i de Prim\u00e0ria, ubicada al barri Coll i Pujol, de la ciutat de Badalona, al l\u00edmit dels barris de Dalt la Vila i Centre.<\/li>\n<li>Ens definim, des de la seva fundaci\u00f3 l\u2019any 1963, com escola catalana (treballant i promocionant, en aquest sentit, la llengua i els continguts socioculturals que ens identifiquen com a poble), laica, activa, des de la doble perspectiva de la formaci\u00f3 d\u2019alumnes i de la formaci\u00f3 continuada del professorat, que promociona els valors de la coeducaci\u00f3, l\u2019atenci\u00f3 a la diversitat i el respecte per les diferents maneres de viure i pensar de les persones, i amb una estructura de funcionament i participaci\u00f3 democr\u00e0tiques.<\/li>\n<li>Ens declarem escola\u00a0<strong>inclusiva, aconfessional i pluralista<\/strong>, compromesa amb el conjunt de valors democr\u00e0tics, de respecte als Drets Humans. A partir del respecte per la diversitat i assumint la pluriculturalitat com un fenomen enriquidor, volem promocionar els\u00a0<strong>valors<\/strong>\u00a0de comprensi\u00f3, toler\u00e0ncia, solidaritat i cooperaci\u00f3, des d\u2019una posici\u00f3 d\u2019igualtat envers all\u00f2 que socioculturalment definim com a divers i diferent.<\/li>\n<li>Entenem l\u2019educaci\u00f3 com un\u00a0<strong>proc\u00e9s integral\u00a0<\/strong>que va m\u00e9s enll\u00e0 de la simple instrucci\u00f3 o trasp\u00e0s de coneixements i, per tant, vetllem pel desenvolupament harm\u00f2nic de la persona en la seva globalitat.<\/li>\n<\/ul>\n<ul>\n<li>Partim dels principis de la\u00a0<strong>pedagogia activa<\/strong>\u00a0i prioritzem el treball\u00a0<strong>competencial<\/strong>, d\u2019adquisici\u00f3 d\u2019estrat\u00e8gies i habilitats, d\u2019h\u00e0bits, actituds i valors per davant de l\u2019aprenentatge de fets i conceptes que, malgrat tot, han de gaudir d\u2019un tractament adequat, procurant que no hi hagi desconnexi\u00f3 entre teoria i pr\u00e0ctica, entre treball i estudi.<\/li>\n<\/ul>\n<ul>\n<li>Les\u00a0<strong>sortides<\/strong>\u00a0de treball i les col\u00f2nies, que apropen l\u2019alumnat a l\u2019arrel de les situacions que es descriuen a l\u2019aula constitueixen una eina pedag\u00f2gica fonamental per a la nostra pr\u00e0ctica educativa.<\/li>\n<\/ul>\n<ul>\n<li>Amb la finalitat que els nostres alumnes esdevinguin persones que puguin interactuar amb normalitat en la societat actual, la nostra escola \u00a0\u00a0incorpora les\u00a0<strong>noves tecnologies<\/strong>\u00a0a l\u2019aula.<\/li>\n<\/ul>\n<ul>\n<li>Volem proporcionar a nens i nenes un ensenyament igualitari en un marc de\u00a0<strong>coeducaci\u00f3.<\/strong><\/li>\n<\/ul>\n<ul>\n<li>Des de l\u2019any 2015 som\u00a0<strong>escola verda \u00a0<\/strong>que treballa per educar en el respecte i cura del medi ambient, \u00a0que pren consci\u00e8ncia de les pr\u00f2pies accions i la incid\u00e8ncia en el nostre entorn natural.<\/li>\n<\/ul>\n<ul>\n<li>Manifestem el nostre comprom\u00eds amb el repte de\u00a0<strong>formar<\/strong>\u00a0bons i bones\u00a0<strong>professionals<\/strong>\u00a0que donin continu\u00eftat en el futur a una bona pr\u00e0ctica educativa i per aquesta ra\u00f3 som escola de pr\u00e0ctiques.<\/li>\n<\/ul>\n<ul>\n<li>El Claustre de Mestres, conseq\u00fcent amb els principis de l\u2019escola activa, manifesta el seu comprom\u00eds de\u00a0<strong>formaci\u00f3 permanent<\/strong>\u00a0i de treball en equip, amb la finalitat de definir una l\u00ednia pedag\u00f2gica de centre integradora, progressista, compromesa amb el pa\u00eds i professional.<\/li>\n<\/ul>\n<ul>\n<li>La gesti\u00f3 \u00e9s\u00a0<strong>participativa i democr\u00e0tica<\/strong>, i fomenta les relacions entre els diferents estaments de la comunitat educativa.<\/li>\n<\/ul>\n<ul>\n<li>Som una instituci\u00f3 p\u00fablica, oberta i de servei a la comunitat, sense discriminaci\u00f3 de cap classe, i que col\u00b7labora amb la resta d\u2019escoles del barri i de la ciutat i amb les diferents entitats del seu\u00a0<strong>entorn.<\/strong><\/li>\n<\/ul>\n<ul>\n<li>Des de sempre hem estat compromesos en la\u00a0<strong>inclusi\u00f3<\/strong>\u00a0d\u2019alumnes amb necessitats educatives especials. Des del curs 2005-06 l\u2019escola compta amb el recurs d\u2019una\u00a0<strong>SIEI<\/strong>\u00a0i des del curs 2006-07 som escola de concentraci\u00f3 d\u2019alumnes amb d\u00e8ficit auditiu. Entenem la diversitat com una caracter\u00edstica impl\u00edcita a tot grup, la qual genera una riquesa de valors (acceptaci\u00f3, cooperaci\u00f3\u2026), d\u2019intercanvis, d\u2019experi\u00e8ncies, formes de relaci\u00f3\u2026 que enriqueixen des d\u2019un punt de vista educatiu.<\/li>\n<\/ul>\n<p>&nbsp;<\/p>\n<p>&nbsp;<\/p>\n","protected":false},"excerpt":{"rendered":"<ul>\n<li>La nostra escola \u00e9s una escola p\u00fablica que imparteix les etapes d\u2019Educaci\u00f3 Infantil i de Prim\u00e0ria, ubicada al barri Coll i Pujol, de la ciutat de Badalona, al l\u00edmit dels barris de Dalt la Vila i Centre.<\/li>\n<li>Ens definim, des de la seva fundaci\u00f3 l\u2019any 1963,&hellip;  <a href=\"https:\/\/agora.xtec.cat\/escolajungfrau\/quisom\/historia\/\" title=\"Read Trets d&#8217;indentitat\">Llegeix m\u00e9s\u00bb<\/a><br \/>\n","protected":false},"author":1,"featured_media":0,"parent":22,"menu_order":2,"comment_status":"closed","ping_status":"closed","template":"page-templates\/side-menu.php","meta":{"_bbp_topic_count":0,"_bbp_reply_count":0,"_bbp_total_topic_count":0,"_bbp_total_reply_count":0,"_bbp_voice_count":0,"_bbp_anonymous_reply_count":0,"_bbp_topic_count_hidden":0,"_bbp_reply_count_hidden":0,"_bbp_forum_subforum_count":0,"footnotes":""},"class_list":["post-26","page","type-page","status-publish","hentry"],"post_mailing_queue_ids":[],"_links":{"self":[{"href":"https:\/\/agora.xtec.cat\/escolajungfrau\/wp-json\/wp\/v2\/pages\/26","targetHints":{"allow":["GET"]}}],"collection":[{"href":"https:\/\/agora.xtec.cat\/escolajungfrau\/wp-json\/wp\/v2\/pages"}],"about":[{"href":"https:\/\/agora.xtec.cat\/escolajungfrau\/wp-json\/wp\/v2\/types\/page"}],"author":[{"embeddable":true,"href":"https:\/\/agora.xtec.cat\/escolajungfrau\/wp-json\/wp\/v2\/users\/1"}],"replies":[{"embeddable":true,"href":"https:\/\/agora.xtec.cat\/escolajungfrau\/wp-json\/wp\/v2\/comments?post=26"}],"version-history":[{"count":5,"href":"https:\/\/agora.xtec.cat\/escolajungfrau\/wp-json\/wp\/v2\/pages\/26\/revisions"}],"predecessor-version":[{"id":22913,"href":"https:\/\/agora.xtec.cat\/escolajungfrau\/wp-json\/wp\/v2\/pages\/26\/revisions\/22913"}],"up":[{"embeddable":true,"href":"https:\/\/agora.xtec.cat\/escolajungfrau\/wp-json\/wp\/v2\/pages\/22"}],"wp:attachment":[{"href":"https:\/\/agora.xtec.cat\/escolajungfrau\/wp-json\/wp\/v2\/media?parent=26"}],"curies":[{"name":"wp","href":"https:\/\/api.w.org\/{rel}","templated":true}]}}