{"id":22364,"date":"2025-01-21T09:36:35","date_gmt":"2025-01-21T08:36:35","guid":{"rendered":"https:\/\/agora.xtec.cat\/escolajungfrau\/?page_id=22364"},"modified":"2025-01-23T16:22:40","modified_gmt":"2025-01-23T15:22:40","slug":"cultura-digital","status":"publish","type":"page","link":"https:\/\/agora.xtec.cat\/escolajungfrau\/documents-descola\/cultura-digital\/","title":{"rendered":"Cultura digital"},"content":{"rendered":"<p>La cultura digital \u00e9s el conjunt d\u2019accions, procediments, protocols i acords relacionats amb tots els \u00e0mbits digitals del centre organitzats en forma de recull i posat a disposici\u00f3 de la comunitat educativa.<\/p>\n<p>En el document de Cultura digital, trobareu la forma en qu\u00e8 s\u2019aborda i s\u2019utilitza la tecnologia al centre educatiu. Una cultura digital positiva en un centre educatiu implica que la tecnologia s\u2019utilitza de manera efectiva per millorar i refor\u00e7ar\u00a0 l\u2019aprenentatge.<\/p>\n<p>Est\u00e0 subdividit en tres apartats: Compet\u00e8ncia digital, comunicaci\u00f3 i maquinari.<\/p>\n<p><a href=\"https:\/\/agora.xtec.cat\/escolajungfrau\/wp-content\/uploads\/usu2358\/2025\/01\/Cultura-digital-1-min.jpg\"><img loading=\"lazy\" decoding=\"async\" class=\"alignnone size-full wp-image-22379\" src=\"https:\/\/agora.xtec.cat\/escolajungfrau\/wp-content\/uploads\/usu2358\/2025\/01\/Cultura-digital-1-min.jpg\" alt=\"\" width=\"961\" height=\"823\" srcset=\"https:\/\/agora.xtec.cat\/escolajungfrau\/wp-content\/uploads\/usu2358\/2025\/01\/Cultura-digital-1-min.jpg 961w, https:\/\/agora.xtec.cat\/escolajungfrau\/wp-content\/uploads\/usu2358\/2025\/01\/Cultura-digital-1-min-300x257.jpg 300w, https:\/\/agora.xtec.cat\/escolajungfrau\/wp-content\/uploads\/usu2358\/2025\/01\/Cultura-digital-1-min-768x658.jpg 768w\" sizes=\"auto, (max-width: 961px) 100vw, 961px\" \/><\/a><\/p>\n<p><a href=\"https:\/\/agora.xtec.cat\/escolajungfrau\/wp-content\/uploads\/usu2358\/2025\/01\/Cultura-digital-2-min.jpg\"><img loading=\"lazy\" decoding=\"async\" class=\"alignnone size-full wp-image-22380\" src=\"https:\/\/agora.xtec.cat\/escolajungfrau\/wp-content\/uploads\/usu2358\/2025\/01\/Cultura-digital-2-min.jpg\" alt=\"\" width=\"936\" height=\"826\" srcset=\"https:\/\/agora.xtec.cat\/escolajungfrau\/wp-content\/uploads\/usu2358\/2025\/01\/Cultura-digital-2-min.jpg 936w, https:\/\/agora.xtec.cat\/escolajungfrau\/wp-content\/uploads\/usu2358\/2025\/01\/Cultura-digital-2-min-300x265.jpg 300w, https:\/\/agora.xtec.cat\/escolajungfrau\/wp-content\/uploads\/usu2358\/2025\/01\/Cultura-digital-2-min-768x678.jpg 768w\" sizes=\"auto, (max-width: 936px) 100vw, 936px\" \/><\/a><\/p>\n<p><a href=\"https:\/\/agora.xtec.cat\/escolajungfrau\/wp-content\/uploads\/usu2358\/2025\/01\/Cultura-digital-3-min.jpg\"><img loading=\"lazy\" decoding=\"async\" class=\"alignnone size-large wp-image-22385\" src=\"https:\/\/agora.xtec.cat\/escolajungfrau\/wp-content\/uploads\/usu2358\/2025\/01\/Cultura-digital-3-min-1024x679.jpg\" alt=\"\" width=\"1024\" height=\"679\" srcset=\"https:\/\/agora.xtec.cat\/escolajungfrau\/wp-content\/uploads\/usu2358\/2025\/01\/Cultura-digital-3-min-1024x679.jpg 1024w, https:\/\/agora.xtec.cat\/escolajungfrau\/wp-content\/uploads\/usu2358\/2025\/01\/Cultura-digital-3-min-300x199.jpg 300w, https:\/\/agora.xtec.cat\/escolajungfrau\/wp-content\/uploads\/usu2358\/2025\/01\/Cultura-digital-3-min-768x509.jpg 768w, https:\/\/agora.xtec.cat\/escolajungfrau\/wp-content\/uploads\/usu2358\/2025\/01\/Cultura-digital-3-min.jpg 1077w\" sizes=\"auto, (max-width: 1024px) 100vw, 1024px\" \/><\/a><\/p>\n<p><a href=\"https:\/\/agora.xtec.cat\/escolajungfrau\/wp-content\/uploads\/usu2358\/2025\/01\/Cultura-digital3-4-min.jpg\"><img loading=\"lazy\" decoding=\"async\" class=\"alignnone size-large wp-image-22384\" src=\"https:\/\/agora.xtec.cat\/escolajungfrau\/wp-content\/uploads\/usu2358\/2025\/01\/Cultura-digital3-4-min-1024x288.jpg\" alt=\"\" width=\"1024\" height=\"288\" srcset=\"https:\/\/agora.xtec.cat\/escolajungfrau\/wp-content\/uploads\/usu2358\/2025\/01\/Cultura-digital3-4-min-1024x288.jpg 1024w, https:\/\/agora.xtec.cat\/escolajungfrau\/wp-content\/uploads\/usu2358\/2025\/01\/Cultura-digital3-4-min-300x84.jpg 300w, https:\/\/agora.xtec.cat\/escolajungfrau\/wp-content\/uploads\/usu2358\/2025\/01\/Cultura-digital3-4-min-768x216.jpg 768w, https:\/\/agora.xtec.cat\/escolajungfrau\/wp-content\/uploads\/usu2358\/2025\/01\/Cultura-digital3-4-min.jpg 1068w\" sizes=\"auto, (max-width: 1024px) 100vw, 1024px\" \/><\/a><\/p>\n<p><a href=\"https:\/\/agora.xtec.cat\/escolajungfrau\/wp-content\/uploads\/usu2358\/2025\/01\/Cultura-digital-4-min.jpg\"><img loading=\"lazy\" decoding=\"async\" class=\"alignnone size-full wp-image-22383\" src=\"https:\/\/agora.xtec.cat\/escolajungfrau\/wp-content\/uploads\/usu2358\/2025\/01\/Cultura-digital-4-min.jpg\" alt=\"\" width=\"1021\" height=\"621\" srcset=\"https:\/\/agora.xtec.cat\/escolajungfrau\/wp-content\/uploads\/usu2358\/2025\/01\/Cultura-digital-4-min.jpg 1021w, https:\/\/agora.xtec.cat\/escolajungfrau\/wp-content\/uploads\/usu2358\/2025\/01\/Cultura-digital-4-min-300x182.jpg 300w, https:\/\/agora.xtec.cat\/escolajungfrau\/wp-content\/uploads\/usu2358\/2025\/01\/Cultura-digital-4-min-768x467.jpg 768w\" sizes=\"auto, (max-width: 1021px) 100vw, 1021px\" \/><\/a><\/p>\n<p><a href=\"https:\/\/agora.xtec.cat\/escolajungfrau\/wp-content\/uploads\/usu2358\/2025\/01\/Cultura-digital-6-min.jpg\"><img loading=\"lazy\" decoding=\"async\" class=\"alignnone size-full wp-image-22387\" src=\"https:\/\/agora.xtec.cat\/escolajungfrau\/wp-content\/uploads\/usu2358\/2025\/01\/Cultura-digital-6-min.jpg\" alt=\"\" width=\"922\" height=\"238\" srcset=\"https:\/\/agora.xtec.cat\/escolajungfrau\/wp-content\/uploads\/usu2358\/2025\/01\/Cultura-digital-6-min.jpg 922w, https:\/\/agora.xtec.cat\/escolajungfrau\/wp-content\/uploads\/usu2358\/2025\/01\/Cultura-digital-6-min-300x77.jpg 300w, https:\/\/agora.xtec.cat\/escolajungfrau\/wp-content\/uploads\/usu2358\/2025\/01\/Cultura-digital-6-min-768x198.jpg 768w\" sizes=\"auto, (max-width: 922px) 100vw, 922px\" \/><\/a><\/p>\n<p><a href=\"https:\/\/agora.xtec.cat\/escolajungfrau\/wp-content\/uploads\/usu2358\/2025\/01\/Cultura-digital-7-min.jpg\"><img loading=\"lazy\" decoding=\"async\" class=\"alignnone size-full wp-image-22388\" src=\"https:\/\/agora.xtec.cat\/escolajungfrau\/wp-content\/uploads\/usu2358\/2025\/01\/Cultura-digital-7-min.jpg\" alt=\"\" width=\"990\" height=\"825\" srcset=\"https:\/\/agora.xtec.cat\/escolajungfrau\/wp-content\/uploads\/usu2358\/2025\/01\/Cultura-digital-7-min.jpg 990w, https:\/\/agora.xtec.cat\/escolajungfrau\/wp-content\/uploads\/usu2358\/2025\/01\/Cultura-digital-7-min-300x250.jpg 300w, https:\/\/agora.xtec.cat\/escolajungfrau\/wp-content\/uploads\/usu2358\/2025\/01\/Cultura-digital-7-min-768x640.jpg 768w\" sizes=\"auto, (max-width: 990px) 100vw, 990px\" \/><\/a><\/p>\n<p><a href=\"https:\/\/agora.xtec.cat\/escolajungfrau\/wp-content\/uploads\/usu2358\/2025\/01\/Cultura-digital-8-min.jpg\"><img loading=\"lazy\" decoding=\"async\" class=\"alignnone size-large wp-image-22389\" src=\"https:\/\/agora.xtec.cat\/escolajungfrau\/wp-content\/uploads\/usu2358\/2025\/01\/Cultura-digital-8-min-1024x355.jpg\" alt=\"\" width=\"1024\" height=\"355\" srcset=\"https:\/\/agora.xtec.cat\/escolajungfrau\/wp-content\/uploads\/usu2358\/2025\/01\/Cultura-digital-8-min-1024x355.jpg 1024w, https:\/\/agora.xtec.cat\/escolajungfrau\/wp-content\/uploads\/usu2358\/2025\/01\/Cultura-digital-8-min-300x104.jpg 300w, https:\/\/agora.xtec.cat\/escolajungfrau\/wp-content\/uploads\/usu2358\/2025\/01\/Cultura-digital-8-min-768x266.jpg 768w, https:\/\/agora.xtec.cat\/escolajungfrau\/wp-content\/uploads\/usu2358\/2025\/01\/Cultura-digital-8-min.jpg 1041w\" sizes=\"auto, (max-width: 1024px) 100vw, 1024px\" \/><\/a><\/p>\n","protected":false},"excerpt":{"rendered":"<p>La cultura digital \u00e9s el conjunt d\u2019accions, procediments, protocols i acords relacionats amb tots els \u00e0mbits digitals del centre organitzats en forma de recull i posat a disposici\u00f3 de la comunitat educativa.<br \/>\nEn el document de Cultura digital, trobareu la forma en qu\u00e8 s\u2019aborda i s\u2019utilitza&hellip;  <a href=\"https:\/\/agora.xtec.cat\/escolajungfrau\/documents-descola\/cultura-digital\/\" title=\"Read Cultura digital\">Llegeix m\u00e9s\u00bb<\/a><\/p>\n","protected":false},"author":3,"featured_media":0,"parent":562,"menu_order":4,"comment_status":"closed","ping_status":"closed","template":"page-templates\/side-menu.php","meta":{"_bbp_topic_count":0,"_bbp_reply_count":0,"_bbp_total_topic_count":0,"_bbp_total_reply_count":0,"_bbp_voice_count":0,"_bbp_anonymous_reply_count":0,"_bbp_topic_count_hidden":0,"_bbp_reply_count_hidden":0,"_bbp_forum_subforum_count":0,"footnotes":""},"class_list":["post-22364","page","type-page","status-publish","hentry"],"post_mailing_queue_ids":[],"_links":{"self":[{"href":"https:\/\/agora.xtec.cat\/escolajungfrau\/wp-json\/wp\/v2\/pages\/22364","targetHints":{"allow":["GET"]}}],"collection":[{"href":"https:\/\/agora.xtec.cat\/escolajungfrau\/wp-json\/wp\/v2\/pages"}],"about":[{"href":"https:\/\/agora.xtec.cat\/escolajungfrau\/wp-json\/wp\/v2\/types\/page"}],"author":[{"embeddable":true,"href":"https:\/\/agora.xtec.cat\/escolajungfrau\/wp-json\/wp\/v2\/users\/3"}],"replies":[{"embeddable":true,"href":"https:\/\/agora.xtec.cat\/escolajungfrau\/wp-json\/wp\/v2\/comments?post=22364"}],"version-history":[{"count":6,"href":"https:\/\/agora.xtec.cat\/escolajungfrau\/wp-json\/wp\/v2\/pages\/22364\/revisions"}],"predecessor-version":[{"id":22405,"href":"https:\/\/agora.xtec.cat\/escolajungfrau\/wp-json\/wp\/v2\/pages\/22364\/revisions\/22405"}],"up":[{"embeddable":true,"href":"https:\/\/agora.xtec.cat\/escolajungfrau\/wp-json\/wp\/v2\/pages\/562"}],"wp:attachment":[{"href":"https:\/\/agora.xtec.cat\/escolajungfrau\/wp-json\/wp\/v2\/media?parent=22364"}],"curies":[{"name":"wp","href":"https:\/\/api.w.org\/{rel}","templated":true}]}}