{"id":10049,"date":"2024-01-09T10:11:24","date_gmt":"2024-01-09T09:11:24","guid":{"rendered":"https:\/\/agora.xtec.cat\/escolajungfrau\/?page_id=10049"},"modified":"2025-02-04T12:46:04","modified_gmt":"2025-02-04T11:46:04","slug":"dia-de-la-pau","status":"publish","type":"page","link":"https:\/\/agora.xtec.cat\/escolajungfrau\/projecte-educatiu\/festes\/dia-de-la-pau\/","title":{"rendered":"Dia de la Pau"},"content":{"rendered":"<h4 id=\"pau\"><\/h4>\n<p><a href=\"https:\/\/agora.xtec.cat\/escolajungfrau\/wp-content\/uploads\/usu2358\/2023\/11\/IMG_9116-2-scaled.jpg\"><img loading=\"lazy\" decoding=\"async\" class=\"alignnone wp-image-9927\" src=\"https:\/\/agora.xtec.cat\/escolajungfrau\/wp-content\/uploads\/usu2358\/2023\/11\/IMG_9116-2-1024x599.jpg\" alt=\"\" width=\"892\" height=\"522\" srcset=\"https:\/\/agora.xtec.cat\/escolajungfrau\/wp-content\/uploads\/usu2358\/2023\/11\/IMG_9116-2-1024x599.jpg 1024w, https:\/\/agora.xtec.cat\/escolajungfrau\/wp-content\/uploads\/usu2358\/2023\/11\/IMG_9116-2-300x175.jpg 300w, https:\/\/agora.xtec.cat\/escolajungfrau\/wp-content\/uploads\/usu2358\/2023\/11\/IMG_9116-2-768x449.jpg 768w, https:\/\/agora.xtec.cat\/escolajungfrau\/wp-content\/uploads\/usu2358\/2023\/11\/IMG_9116-2-1536x898.jpg 1536w, https:\/\/agora.xtec.cat\/escolajungfrau\/wp-content\/uploads\/usu2358\/2023\/11\/IMG_9116-2-2048x1198.jpg 2048w\" sizes=\"auto, (max-width: 892px) 100vw, 892px\" \/><\/a><\/p>\n<p>Com cada any, el dia 30 de gener celebrem a l\u2019escola el Dia de la No Viol\u00e8ncia i la Pau.\u00a0<a href=\"http:\/\/fundipau.org\/\">El DENIP\u00a0<\/a>propugna una educaci\u00f3 permanent en i per a la conc\u00f2rdia, la toler\u00e0ncia, la solidaritat, el respecte als drets humans, la no-viol\u00e8ncia i la pau.<\/p>\n<p>A part del que expliquem m\u00e9s avall, de com es treballa l\u2019educaci\u00f3 per la Pau a l\u2019escola, uns dies abans es prepara un tema que varia cada curs, lligat en la majoria dels casos en la realitat d\u2019aquell moment.<\/p>\n<p>Tamb\u00e9 es fa\u00a0un colom de la pau entre tots que presideix l\u2019acte i ens recorda que el dia de la pau \u00e9s cada dia.<\/p>\n<p>Com treballem a l\u2019escola l\u2019educaci\u00f3 per la Pau<\/p>\n<p>L\u2019escola t\u00e9 com a objectiu prioritari la formaci\u00f3 integral de la persona fonamentada en l\u2019educaci\u00f3 en els valors i actituds de respecte, llibertat, solidaritat, cooperaci\u00f3 i no discriminaci\u00f3.<\/p>\n<p>El tema de la PAU a la nostra escola es treballa com a eix transversal al llarg de tot el curs. La transmissi\u00f3 i educaci\u00f3 en valors es fa en el dia a dia.<\/p>\n<p>Es prepara per cicles quins temes o aspectes es treballaran durant tot el curs i la setmana que es celebra la diada de la Pau se\u2019n fa coincidir un d\u2019ells.<\/p>\n<p>Generalment, en els cursos m\u00e9s baixos ens centrem amb l\u2019entorn m\u00e9s proper i amb els aspectes que van sorgint habitualment com: la relaci\u00f3 amb els amics, amb els adults, el respecte pels dem\u00e9s, per l\u2019entorn, per la diversitat, ser solidari, els drets i deures dels infants, etc.<\/p>\n<p>\u201cNo som iguals per\u00f2 tenim els mateixos drets\u201d<\/p>\n<p>En els cursos m\u00e9s alts es centren en els problemes actuals a nivell mundial.<\/p>\n<p>Sense perdre de vista que la cultura de pau \u00e9s un proc\u00e9s que s\u2019educa en el dia a dia, que comen\u00e7a en les nostres relacions quotidianes, en la manera com gestionem els conflictes des del di\u00e0leg, l\u2019escolta, l\u2019empatia, la cooperaci\u00f3, la ren\u00fancia, la participaci\u00f3.<\/p>\n<p>Ens preocupem d\u2019entendre el m\u00f3n i tenim voluntat de canviar-lo, s\u00ed, per\u00f2 comen\u00e7ant per la naturalesa de les relacions que establim amb el nostre entorn.<\/p>\n<p>En el cicle superior es fan jocs que simulen diferents problem\u00e0tiques com pot ser \u201cEl restaurant del m\u00f3n\u201d els Tuaregs i \u201cEl joc del deute\u201d els Mustangs<\/p>\n<p>&nbsp;<\/p>\n<p><strong><a href=\"https:\/\/drive.google.com\/file\/d\/1cp4fLJNdrC3kDZvQ5gPNMVNsJAJkKXyg\/view?usp=sharing\" target=\"_blank\" rel=\"noopener noreferrer\">Clica aqu\u00ed per veure \u201cEl restaurant del m\u00f3n\u201d<\/a><\/strong><\/p>\n<p><strong><a href=\"https:\/\/drive.google.com\/file\/d\/1UnDOLwQ8V1GLG-9NRcfQH9rfB4rX9AlW\/view?usp=sharing\" target=\"_blank\" rel=\"noopener noreferrer\">Poema: Podries<\/a><\/strong><\/p>\n<p><strong><a href=\"https:\/\/drive.google.com\/file\/d\/1KDofML70v0hRse4YsB6HzbB1EOK-HLSp\/view?usp=sharing\" target=\"_blank\" rel=\"noopener noreferrer\">Clica aqu\u00ed per veure el recull de Can\u00e7ons per la Pau<\/a><\/strong><\/p>\n","protected":false},"excerpt":{"rendered":"<p><a href=\"https:\/\/agora.xtec.cat\/escolajungfrau\/wp-content\/uploads\/usu2358\/2023\/11\/IMG_9116-2-scaled.jpg\"><\/a><br \/>\nCom cada any, el dia 30 de gener celebrem a l\u2019escola el Dia de la No Viol\u00e8ncia i la Pau.\u00a0<a href=\"http:\/\/fundipau.org\/\">El DENIP\u00a0<\/a>propugna una educaci\u00f3 permanent en i per a la conc\u00f2rdia, la toler\u00e0ncia, la solidaritat, el respecte als drets humans, la no-viol\u00e8ncia i la&hellip;  <a href=\"https:\/\/agora.xtec.cat\/escolajungfrau\/projecte-educatiu\/festes\/dia-de-la-pau\/\" title=\"Read Dia de la Pau\">Llegeix m\u00e9s\u00bb<\/a><\/p>\n","protected":false},"author":3,"featured_media":0,"parent":786,"menu_order":6,"comment_status":"closed","ping_status":"closed","template":"","meta":{"_bbp_topic_count":0,"_bbp_reply_count":0,"_bbp_total_topic_count":0,"_bbp_total_reply_count":0,"_bbp_voice_count":0,"_bbp_anonymous_reply_count":0,"_bbp_topic_count_hidden":0,"_bbp_reply_count_hidden":0,"_bbp_forum_subforum_count":0,"footnotes":""},"class_list":["post-10049","page","type-page","status-publish","hentry"],"post_mailing_queue_ids":[],"_links":{"self":[{"href":"https:\/\/agora.xtec.cat\/escolajungfrau\/wp-json\/wp\/v2\/pages\/10049","targetHints":{"allow":["GET"]}}],"collection":[{"href":"https:\/\/agora.xtec.cat\/escolajungfrau\/wp-json\/wp\/v2\/pages"}],"about":[{"href":"https:\/\/agora.xtec.cat\/escolajungfrau\/wp-json\/wp\/v2\/types\/page"}],"author":[{"embeddable":true,"href":"https:\/\/agora.xtec.cat\/escolajungfrau\/wp-json\/wp\/v2\/users\/3"}],"replies":[{"embeddable":true,"href":"https:\/\/agora.xtec.cat\/escolajungfrau\/wp-json\/wp\/v2\/comments?post=10049"}],"version-history":[{"count":2,"href":"https:\/\/agora.xtec.cat\/escolajungfrau\/wp-json\/wp\/v2\/pages\/10049\/revisions"}],"predecessor-version":[{"id":22463,"href":"https:\/\/agora.xtec.cat\/escolajungfrau\/wp-json\/wp\/v2\/pages\/10049\/revisions\/22463"}],"up":[{"embeddable":true,"href":"https:\/\/agora.xtec.cat\/escolajungfrau\/wp-json\/wp\/v2\/pages\/786"}],"wp:attachment":[{"href":"https:\/\/agora.xtec.cat\/escolajungfrau\/wp-json\/wp\/v2\/media?parent=10049"}],"curies":[{"name":"wp","href":"https:\/\/api.w.org\/{rel}","templated":true}]}}