{"id":10047,"date":"2024-01-09T10:10:27","date_gmt":"2024-01-09T09:10:27","guid":{"rendered":"https:\/\/agora.xtec.cat\/escolajungfrau\/?page_id=10047"},"modified":"2025-02-04T10:08:48","modified_gmt":"2025-02-04T09:08:48","slug":"lhivern-i-el-nadal","status":"publish","type":"page","link":"https:\/\/agora.xtec.cat\/escolajungfrau\/projecte-educatiu\/festes\/lhivern-i-el-nadal\/","title":{"rendered":"L&#8217;hivern i el Nadal"},"content":{"rendered":"<p>La festa de l\u2019hivern i el Nadal la celebrem cada any a l\u2019escola.<\/p>\n<p>Pl\u00e0sticament es decora l\u2019escola amb motius de l\u2019hivern i nadalencs.<\/p>\n<p>Despr\u00e9s de treballar els continguts, es fan activitats de tot tipus.<\/p>\n<p>Sortim a veure el Nadal a la nostra ciutat.\u00a0Educaci\u00f3 Infantil i cicle Inicial surten a veure el pessebre a la pla\u00e7a de la Vila i la fira de Nadal.<\/p>\n<p>Es prepara el concert de Nadal que s\u2019ofereix als familiars perqu\u00e8 puguin gaudir de les can\u00e7ons que han preparat a educaci\u00f3 infantil, acompanyats per l\u2019instrumental\u00a0dels Tuaregs.<\/p>\n<p><a href=\"https:\/\/agora.xtec.cat\/escolajungfrau\/wp-content\/uploads\/usu2358\/2025\/01\/1702639618538.jpg\"><img loading=\"lazy\" decoding=\"async\" class=\"alignnone size-large wp-image-22341\" src=\"https:\/\/agora.xtec.cat\/escolajungfrau\/wp-content\/uploads\/usu2358\/2025\/01\/1702639618538-1024x768.jpg\" alt=\"\" width=\"1024\" height=\"768\" srcset=\"https:\/\/agora.xtec.cat\/escolajungfrau\/wp-content\/uploads\/usu2358\/2025\/01\/1702639618538-1024x768.jpg 1024w, https:\/\/agora.xtec.cat\/escolajungfrau\/wp-content\/uploads\/usu2358\/2025\/01\/1702639618538-300x225.jpg 300w, https:\/\/agora.xtec.cat\/escolajungfrau\/wp-content\/uploads\/usu2358\/2025\/01\/1702639618538-768x576.jpg 768w, https:\/\/agora.xtec.cat\/escolajungfrau\/wp-content\/uploads\/usu2358\/2025\/01\/1702639618538-1536x1152.jpg 1536w, https:\/\/agora.xtec.cat\/escolajungfrau\/wp-content\/uploads\/usu2358\/2025\/01\/1702639618538-200x150.jpg 200w, https:\/\/agora.xtec.cat\/escolajungfrau\/wp-content\/uploads\/usu2358\/2025\/01\/1702639618538.jpg 1600w\" sizes=\"auto, (max-width: 1024px) 100vw, 1024px\" \/><\/a><\/p>\n<p>&nbsp;<\/p>\n<p>Els\/les m\u00e9s grans de l\u2019escola, els Tuaregs, representen la tradicional obra de teatre: Els pastorets, per tota l\u2019escola. Tamb\u00e9 la representaran als pares i mares.<\/p>\n<p><a href=\"https:\/\/agora.xtec.cat\/escolajungfrau\/wp-content\/uploads\/usu2358\/2025\/01\/1703070945873-3-scaled.jpg\"><img loading=\"lazy\" decoding=\"async\" class=\"alignnone size-large wp-image-22343\" src=\"https:\/\/agora.xtec.cat\/escolajungfrau\/wp-content\/uploads\/usu2358\/2025\/01\/1703070945873-3-1024x575.jpg\" alt=\"\" width=\"1024\" height=\"575\" srcset=\"https:\/\/agora.xtec.cat\/escolajungfrau\/wp-content\/uploads\/usu2358\/2025\/01\/1703070945873-3-1024x575.jpg 1024w, https:\/\/agora.xtec.cat\/escolajungfrau\/wp-content\/uploads\/usu2358\/2025\/01\/1703070945873-3-300x169.jpg 300w, https:\/\/agora.xtec.cat\/escolajungfrau\/wp-content\/uploads\/usu2358\/2025\/01\/1703070945873-3-768x432.jpg 768w, https:\/\/agora.xtec.cat\/escolajungfrau\/wp-content\/uploads\/usu2358\/2025\/01\/1703070945873-3-1536x863.jpg 1536w, https:\/\/agora.xtec.cat\/escolajungfrau\/wp-content\/uploads\/usu2358\/2025\/01\/1703070945873-3-2048x1151.jpg 2048w\" sizes=\"auto, (max-width: 1024px) 100vw, 1024px\" \/><\/a><\/p>\n<p>&nbsp;<\/p>\n<p>Els nens i nenes d\u2019Educaci\u00f3 Infantil i les Llebretes fan cagar el ti\u00f3. A m\u00e9s a m\u00e9s, els i les alumnes de 1r, tamb\u00e9\u00a0fan els tradicionals fanalets de Reis com activitat d\u2019expressi\u00f3 pl\u00e0stica.<\/p>\n<p><a href=\"https:\/\/agora.xtec.cat\/escolajungfrau\/wp-content\/uploads\/usu2358\/2025\/01\/tio-2024-min.jpg\"><img loading=\"lazy\" decoding=\"async\" class=\" wp-image-22344 aligncenter\" src=\"https:\/\/agora.xtec.cat\/escolajungfrau\/wp-content\/uploads\/usu2358\/2025\/01\/tio-2024-min.jpg\" alt=\"\" width=\"867\" height=\"650\" srcset=\"https:\/\/agora.xtec.cat\/escolajungfrau\/wp-content\/uploads\/usu2358\/2025\/01\/tio-2024-min.jpg 640w, https:\/\/agora.xtec.cat\/escolajungfrau\/wp-content\/uploads\/usu2358\/2025\/01\/tio-2024-min-300x225.jpg 300w, https:\/\/agora.xtec.cat\/escolajungfrau\/wp-content\/uploads\/usu2358\/2025\/01\/tio-2024-min-200x150.jpg 200w\" sizes=\"auto, (max-width: 867px) 100vw, 867px\" \/><\/a><\/p>\n<p>&nbsp;<\/p>\n<p>Us deixem dos enlla\u00e7os aqu\u00ed sota. Un de la lletra de les can\u00e7ons del ti\u00f3 i Els reis venen:<\/p>\n<p><a href=\"https:\/\/drive.google.com\/file\/d\/1VrUaiMaDhq4s6XmSxQJhZAFgB_vNM1sj\/view?usp=sharing\" target=\"_blank\" rel=\"noopener noreferrer\">Can\u00e7ons del ti\u00f3 i reis<\/a><\/p>\n<p>I aquest altre enlla\u00e7 per poder escriure la vostra carta als Reis Mags d&#8217;Orient!<\/p>\n<p><a href=\"https:\/\/drive.google.com\/file\/d\/1iY3w024-bNqHgfZziHN6J0pQVlKKtmjW\/view?usp=sharing\">Carta als reis, Merc\u00e8 Ar\u00e0nega<\/a><\/p>\n<p><img loading=\"lazy\" decoding=\"async\" width=\"300\" height=\"113\" class=\"alignnone size-full wp-image-1869\" src=\"https:\/\/agora.xtec.cat\/escolajungfrau\/wp-content\/uploads\/usu2358\/2016\/08\/trereis.jpg?w=648\" sizes=\"auto, (max-width: 300px) 100vw, 300px\" srcset=\"https:\/\/agora.xtec.cat\/escolajungfrau\/wp-content\/uploads\/usu2358\/2016\/08\/trereis.jpg 300w, https:\/\/agora.xtec.cat\/escolajungfrau\/wp-content\/uploads\/usu2358\/2016\/08\/trereis.jpg?w=150 150w\" alt=\"trereis\" data-attachment-id=\"1869\" data-permalink=\"https:\/\/escolajungfrau.wordpress.com\/que-fem\/les-festes\/trereis\/\" data-orig-file=\"https:\/\/agora.xtec.cat\/escolajungfrau\/wp-content\/uploads\/usu2358\/2016\/08\/trereis.jpg\" data-orig-size=\"300,113\" data-comments-opened=\"0\" data-image-meta=\"{&quot;aperture&quot;:&quot;0&quot;,&quot;credit&quot;:&quot;&quot;,&quot;camera&quot;:&quot;&quot;,&quot;caption&quot;:&quot;&quot;,&quot;created_timestamp&quot;:&quot;0&quot;,&quot;copyright&quot;:&quot;&quot;,&quot;focal_length&quot;:&quot;0&quot;,&quot;iso&quot;:&quot;0&quot;,&quot;shutter_speed&quot;:&quot;0&quot;,&quot;title&quot;:&quot;&quot;,&quot;orientation&quot;:&quot;0&quot;}\" data-image-title=\"trereis\" data-image-description=\"\" data-image-caption=\"\" data-medium-file=\"https:\/\/agora.xtec.cat\/escolajungfrau\/wp-content\/uploads\/usu2358\/2016\/08\/trereis.jpg?w=300\" data-large-file=\"https:\/\/agora.xtec.cat\/escolajungfrau\/wp-content\/uploads\/usu2358\/2016\/08\/trereis.jpg?w=300\" \/><\/p>\n<p>&nbsp;<\/p>\n","protected":false},"excerpt":{"rendered":"<p>La festa de l\u2019hivern i el Nadal la celebrem cada any a l\u2019escola.<br \/>\nPl\u00e0sticament es decora l\u2019escola amb motius de l\u2019hivern i nadalencs.<br \/>\nDespr\u00e9s de treballar els continguts, es fan activitats de tot tipus.<br \/>\nSortim a veure el Nadal a la nostra ciutat.\u00a0Educaci\u00f3 Infantil i cicle Inicial surten&hellip;  <a href=\"https:\/\/agora.xtec.cat\/escolajungfrau\/projecte-educatiu\/festes\/lhivern-i-el-nadal\/\" title=\"Read L&#8217;hivern i el Nadal\">Llegeix m\u00e9s\u00bb<\/a><\/p>\n","protected":false},"author":3,"featured_media":0,"parent":786,"menu_order":5,"comment_status":"closed","ping_status":"closed","template":"","meta":{"_bbp_topic_count":0,"_bbp_reply_count":0,"_bbp_total_topic_count":0,"_bbp_total_reply_count":0,"_bbp_voice_count":0,"_bbp_anonymous_reply_count":0,"_bbp_topic_count_hidden":0,"_bbp_reply_count_hidden":0,"_bbp_forum_subforum_count":0,"footnotes":""},"class_list":["post-10047","page","type-page","status-publish","hentry"],"post_mailing_queue_ids":[],"_links":{"self":[{"href":"https:\/\/agora.xtec.cat\/escolajungfrau\/wp-json\/wp\/v2\/pages\/10047","targetHints":{"allow":["GET"]}}],"collection":[{"href":"https:\/\/agora.xtec.cat\/escolajungfrau\/wp-json\/wp\/v2\/pages"}],"about":[{"href":"https:\/\/agora.xtec.cat\/escolajungfrau\/wp-json\/wp\/v2\/types\/page"}],"author":[{"embeddable":true,"href":"https:\/\/agora.xtec.cat\/escolajungfrau\/wp-json\/wp\/v2\/users\/3"}],"replies":[{"embeddable":true,"href":"https:\/\/agora.xtec.cat\/escolajungfrau\/wp-json\/wp\/v2\/comments?post=10047"}],"version-history":[{"count":6,"href":"https:\/\/agora.xtec.cat\/escolajungfrau\/wp-json\/wp\/v2\/pages\/10047\/revisions"}],"predecessor-version":[{"id":22449,"href":"https:\/\/agora.xtec.cat\/escolajungfrau\/wp-json\/wp\/v2\/pages\/10047\/revisions\/22449"}],"up":[{"embeddable":true,"href":"https:\/\/agora.xtec.cat\/escolajungfrau\/wp-json\/wp\/v2\/pages\/786"}],"wp:attachment":[{"href":"https:\/\/agora.xtec.cat\/escolajungfrau\/wp-json\/wp\/v2\/media?parent=10047"}],"curies":[{"name":"wp","href":"https:\/\/api.w.org\/{rel}","templated":true}]}}