{"id":10043,"date":"2024-01-09T10:07:57","date_gmt":"2024-01-09T09:07:57","guid":{"rendered":"https:\/\/agora.xtec.cat\/escolajungfrau\/?page_id=10043"},"modified":"2025-01-13T11:37:51","modified_gmt":"2025-01-13T10:37:51","slug":"santa-cecilia","status":"publish","type":"page","link":"https:\/\/agora.xtec.cat\/escolajungfrau\/projecte-educatiu\/festes\/santa-cecilia\/","title":{"rendered":"Santa Cec\u00edlia"},"content":{"rendered":"<p>El dia 22 de novembre celebrem a l&#8217;escola Santa Cec\u00edlia, la patrona de la m\u00fasica i dels m\u00fasics. La m\u00fasica forma part de la nostra vida, ens emociona, ens relaxa, ens ajuda a viure plenament.<\/p>\n<p>Durant tota la setmana gaudim de concerts d&#8217;alumnes, fam\u00edlies&#8230;.\u00a0El ritme i la melodia de la celebraci\u00f3 de Santa Cec\u00edlia aconsegueix crear una atmosfera m\u00e0gica a tota l\u2019escola.<\/p>\n<p>\u201cLA M\u00daSICA, AQUEST MERAVELL\u00d2S<br \/>\nLLENGUATGE UNIVERSAL, HAD\u2019\u00c9SSER<br \/>\nUNA FONTDE COMUNICACI\u00d3 ENTREELS HOMES.\u201d<\/p>\n<p>PAU CASALS<\/p>\n<p><a href=\"https:\/\/agora.xtec.cat\/escolajungfrau\/wp-content\/uploads\/usu2358\/2023\/12\/1700635236688-1-rotated.jpg\"><img loading=\"lazy\" decoding=\"async\" class=\"wp-image-10021 aligncenter\" src=\"https:\/\/agora.xtec.cat\/escolajungfrau\/wp-content\/uploads\/usu2358\/2023\/12\/1700635236688-1-1024x576.jpg\" alt=\"\" width=\"664\" height=\"374\" srcset=\"https:\/\/agora.xtec.cat\/escolajungfrau\/wp-content\/uploads\/usu2358\/2023\/12\/1700635236688-1-1024x576.jpg 1024w, https:\/\/agora.xtec.cat\/escolajungfrau\/wp-content\/uploads\/usu2358\/2023\/12\/1700635236688-1-300x169.jpg 300w, https:\/\/agora.xtec.cat\/escolajungfrau\/wp-content\/uploads\/usu2358\/2023\/12\/1700635236688-1-768x432.jpg 768w, https:\/\/agora.xtec.cat\/escolajungfrau\/wp-content\/uploads\/usu2358\/2023\/12\/1700635236688-1-rotated.jpg 1280w\" sizes=\"auto, (max-width: 664px) 100vw, 664px\" \/><\/a><\/p>\n<p>&nbsp;<\/p>\n<p><a href=\"https:\/\/agora.xtec.cat\/escolajungfrau\/wp-content\/uploads\/usu2358\/2023\/12\/1700562198539-3.jpg\"><img loading=\"lazy\" decoding=\"async\" class=\"wp-image-10020 aligncenter\" src=\"https:\/\/agora.xtec.cat\/escolajungfrau\/wp-content\/uploads\/usu2358\/2023\/12\/1700562198539-3-1024x353.jpg\" alt=\"\" width=\"647\" height=\"223\" srcset=\"https:\/\/agora.xtec.cat\/escolajungfrau\/wp-content\/uploads\/usu2358\/2023\/12\/1700562198539-3-1024x353.jpg 1024w, https:\/\/agora.xtec.cat\/escolajungfrau\/wp-content\/uploads\/usu2358\/2023\/12\/1700562198539-3-300x103.jpg 300w, https:\/\/agora.xtec.cat\/escolajungfrau\/wp-content\/uploads\/usu2358\/2023\/12\/1700562198539-3-768x265.jpg 768w, https:\/\/agora.xtec.cat\/escolajungfrau\/wp-content\/uploads\/usu2358\/2023\/12\/1700562198539-3-1536x530.jpg 1536w, https:\/\/agora.xtec.cat\/escolajungfrau\/wp-content\/uploads\/usu2358\/2023\/12\/1700562198539-3-2048x706.jpg 2048w\" sizes=\"auto, (max-width: 647px) 100vw, 647px\" \/><\/a><\/p>\n<p><a href=\"https:\/\/agora.xtec.cat\/escolajungfrau\/wp-content\/uploads\/usu2358\/2023\/12\/1700672908417-2.jpg\"><img loading=\"lazy\" decoding=\"async\" class=\"wp-image-10022 aligncenter\" src=\"https:\/\/agora.xtec.cat\/escolajungfrau\/wp-content\/uploads\/usu2358\/2023\/12\/1700672908417-2.jpg\" alt=\"\" width=\"638\" height=\"434\" srcset=\"https:\/\/agora.xtec.cat\/escolajungfrau\/wp-content\/uploads\/usu2358\/2023\/12\/1700672908417-2.jpg 873w, https:\/\/agora.xtec.cat\/escolajungfrau\/wp-content\/uploads\/usu2358\/2023\/12\/1700672908417-2-300x204.jpg 300w, https:\/\/agora.xtec.cat\/escolajungfrau\/wp-content\/uploads\/usu2358\/2023\/12\/1700672908417-2-768x523.jpg 768w\" sizes=\"auto, (max-width: 638px) 100vw, 638px\" \/><\/a><\/p>\n<p>&nbsp;<\/p>\n","protected":false},"excerpt":{"rendered":"<p>El dia 22 de novembre celebrem a l&#8217;escola Santa Cec\u00edlia, la patrona de la m\u00fasica i dels m\u00fasics. La m\u00fasica forma part de la nostra vida, ens emociona, ens relaxa, ens ajuda a viure plenament.<br \/>\nDurant tota la setmana gaudim de concerts d&#8217;alumnes, fam\u00edlies&#8230;.\u00a0El ritme i&hellip;  <a href=\"https:\/\/agora.xtec.cat\/escolajungfrau\/projecte-educatiu\/festes\/santa-cecilia\/\" title=\"Read Santa Cec\u00edlia\">Llegeix m\u00e9s\u00bb<\/a><\/p>\n","protected":false},"author":3,"featured_media":0,"parent":786,"menu_order":3,"comment_status":"closed","ping_status":"closed","template":"","meta":{"_bbp_topic_count":0,"_bbp_reply_count":0,"_bbp_total_topic_count":0,"_bbp_total_reply_count":0,"_bbp_voice_count":0,"_bbp_anonymous_reply_count":0,"_bbp_topic_count_hidden":0,"_bbp_reply_count_hidden":0,"_bbp_forum_subforum_count":0,"footnotes":""},"class_list":["post-10043","page","type-page","status-publish","hentry"],"post_mailing_queue_ids":[],"_links":{"self":[{"href":"https:\/\/agora.xtec.cat\/escolajungfrau\/wp-json\/wp\/v2\/pages\/10043","targetHints":{"allow":["GET"]}}],"collection":[{"href":"https:\/\/agora.xtec.cat\/escolajungfrau\/wp-json\/wp\/v2\/pages"}],"about":[{"href":"https:\/\/agora.xtec.cat\/escolajungfrau\/wp-json\/wp\/v2\/types\/page"}],"author":[{"embeddable":true,"href":"https:\/\/agora.xtec.cat\/escolajungfrau\/wp-json\/wp\/v2\/users\/3"}],"replies":[{"embeddable":true,"href":"https:\/\/agora.xtec.cat\/escolajungfrau\/wp-json\/wp\/v2\/comments?post=10043"}],"version-history":[{"count":2,"href":"https:\/\/agora.xtec.cat\/escolajungfrau\/wp-json\/wp\/v2\/pages\/10043\/revisions"}],"predecessor-version":[{"id":22320,"href":"https:\/\/agora.xtec.cat\/escolajungfrau\/wp-json\/wp\/v2\/pages\/10043\/revisions\/22320"}],"up":[{"embeddable":true,"href":"https:\/\/agora.xtec.cat\/escolajungfrau\/wp-json\/wp\/v2\/pages\/786"}],"wp:attachment":[{"href":"https:\/\/agora.xtec.cat\/escolajungfrau\/wp-json\/wp\/v2\/media?parent=10043"}],"curies":[{"name":"wp","href":"https:\/\/api.w.org\/{rel}","templated":true}]}}