{"id":668,"date":"2017-01-18T12:15:43","date_gmt":"2017-01-18T11:15:43","guid":{"rendered":"http:\/\/agora.xtec.cat\/escolajujol\/?page_id=668"},"modified":"2025-02-20T13:57:19","modified_gmt":"2025-02-20T12:57:19","slug":"monografic","status":"publish","type":"page","link":"https:\/\/agora.xtec.cat\/escolajujol\/projectes\/monografic\/","title":{"rendered":"Monogr\u00e0fic"},"content":{"rendered":"<p>El <strong>monogr\u00e0fic<\/strong> \u00e9s un projecte transdisciplinari que gira al voltant d&#8217;un tema d&#8217;inter\u00e8s i que es treballa al llarg del curs des d&#8217;I3 fins a 6\u00e8. El fet que tant alumnat com fam\u00edlies participin i s&#8217;impliquin activament en el projecte fa que sigui un tret identitari i molt caracter\u00edstic del projecte de centre.<\/p>\n<p>A partir del tema escollit, l&#8217;alumnat escull all\u00f2 que vol treballar en funci\u00f3 dels seus interessos i es planifiquen activitats vinculades a les diferents \u00e0rees que culminen amb una exposici\u00f3 dels productes finals que ha creat l&#8217;alumnat aix\u00ed com amb una festa on ens reunim tota la comunitat educativa per compartir all\u00f2 que hem apr\u00e8s i celebrar el monogr\u00e0fic.<\/p>\n<p>En els darrers cursos s&#8217;ha treballat al voltant de temes com el metro de Barcelona, el cinema i la volta al m\u00f3n. Enguany, dediquem el monogr\u00e0fic al <strong>M\u00f3n dels contes<\/strong>, ja que fa 150 anys de la mort de Hans Christian Andersen, autor de contes cl\u00e0ssics com <em>L&#8217;aneguet lleig<\/em>, <em>El vestit nou de l&#8217;emperador<\/em> o <em>La princesa i el p\u00e8sol<\/em>.<\/p>\n<p>Vols veure la nostra darrera revista del monogr\u00e0fic? <a href=\"https:\/\/www.calameo.com\/read\/006180035d38d110072c8\">100 anys del primer tram del metro a Barcelona.<\/a><\/p>\n<p>Vols veure el nostre recull de revistes d&#8217;altres anys?\u00a0<a style=\"color: #2795b6;\" href=\"https:\/\/drive.google.com\/drive\/folders\/1O3vbJ4WZMWK1v8xtx-dLhg_sI2KkET5O?usp=sharing\" target=\"_blank\" rel=\"noopener noreferrer\">Recull de revistes.<\/a><\/p>\n\n\t\t<style type=\"text\/css\">\n\t\t\t#gallery-1 {\n\t\t\t\tmargin: auto;\n\t\t\t}\n\t\t\t#gallery-1 .gallery-item {\n\t\t\t\tfloat: left;\n\t\t\t\tmargin-top: 10px;\n\t\t\t\ttext-align: center;\n\t\t\t\twidth: 33%;\n\t\t\t}\n\t\t\t#gallery-1 img {\n\t\t\t\tborder: 2px solid #cfcfcf;\n\t\t\t}\n\t\t\t#gallery-1 .gallery-caption {\n\t\t\t\tmargin-left: 0;\n\t\t\t}\n\t\t\t\/* see gallery_shortcode() in wp-includes\/media.php *\/\n\t\t<\/style>\n\t\t<div id='gallery-1' class='gallery galleryid-668 gallery-columns-3 gallery-size-medium'><dl class='gallery-item'>\n\t\t\t<dt class='gallery-icon landscape'>\n\t\t\t\t<a href='https:\/\/agora.xtec.cat\/escolajujol\/projectes\/monografic\/attachment\/amt_0702\/'><img loading=\"lazy\" decoding=\"async\" width=\"300\" height=\"200\" src=\"https:\/\/agora.xtec.cat\/escolajujol\/wp-content\/uploads\/usu1013\/2025\/02\/AMT_0702-300x200.jpg\" class=\"attachment-medium size-medium\" alt=\"\" srcset=\"https:\/\/agora.xtec.cat\/escolajujol\/wp-content\/uploads\/usu1013\/2025\/02\/AMT_0702-300x200.jpg 300w, https:\/\/agora.xtec.cat\/escolajujol\/wp-content\/uploads\/usu1013\/2025\/02\/AMT_0702-1024x683.jpg 1024w, https:\/\/agora.xtec.cat\/escolajujol\/wp-content\/uploads\/usu1013\/2025\/02\/AMT_0702-768x512.jpg 768w, https:\/\/agora.xtec.cat\/escolajujol\/wp-content\/uploads\/usu1013\/2025\/02\/AMT_0702-1536x1024.jpg 1536w, https:\/\/agora.xtec.cat\/escolajujol\/wp-content\/uploads\/usu1013\/2025\/02\/AMT_0702-2048x1366.jpg 2048w\" sizes=\"auto, (max-width: 300px) 100vw, 300px\" \/><\/a>\n\t\t\t<\/dt><\/dl><dl class='gallery-item'>\n\t\t\t<dt class='gallery-icon landscape'>\n\t\t\t\t<a href='https:\/\/agora.xtec.cat\/escolajujol\/projectes\/monografic\/attachment\/amt_0744\/'><img loading=\"lazy\" decoding=\"async\" width=\"300\" height=\"200\" src=\"https:\/\/agora.xtec.cat\/escolajujol\/wp-content\/uploads\/usu1013\/2025\/02\/AMT_0744-300x200.jpg\" class=\"attachment-medium size-medium\" alt=\"\" srcset=\"https:\/\/agora.xtec.cat\/escolajujol\/wp-content\/uploads\/usu1013\/2025\/02\/AMT_0744-300x200.jpg 300w, https:\/\/agora.xtec.cat\/escolajujol\/wp-content\/uploads\/usu1013\/2025\/02\/AMT_0744-1024x684.jpg 1024w, https:\/\/agora.xtec.cat\/escolajujol\/wp-content\/uploads\/usu1013\/2025\/02\/AMT_0744-768x513.jpg 768w, https:\/\/agora.xtec.cat\/escolajujol\/wp-content\/uploads\/usu1013\/2025\/02\/AMT_0744-1536x1026.jpg 1536w, https:\/\/agora.xtec.cat\/escolajujol\/wp-content\/uploads\/usu1013\/2025\/02\/AMT_0744.jpg 1676w\" sizes=\"auto, (max-width: 300px) 100vw, 300px\" \/><\/a>\n\t\t\t<\/dt><\/dl><dl class='gallery-item'>\n\t\t\t<dt class='gallery-icon landscape'>\n\t\t\t\t<a href='https:\/\/agora.xtec.cat\/escolajujol\/projectes\/monografic\/attachment\/img_0006\/'><img loading=\"lazy\" decoding=\"async\" width=\"300\" height=\"200\" src=\"https:\/\/agora.xtec.cat\/escolajujol\/wp-content\/uploads\/usu1013\/2025\/02\/IMG_0006-300x200.jpg\" class=\"attachment-medium size-medium\" alt=\"\" srcset=\"https:\/\/agora.xtec.cat\/escolajujol\/wp-content\/uploads\/usu1013\/2025\/02\/IMG_0006-300x200.jpg 300w, https:\/\/agora.xtec.cat\/escolajujol\/wp-content\/uploads\/usu1013\/2025\/02\/IMG_0006-1024x681.jpg 1024w, https:\/\/agora.xtec.cat\/escolajujol\/wp-content\/uploads\/usu1013\/2025\/02\/IMG_0006-768x511.jpg 768w, https:\/\/agora.xtec.cat\/escolajujol\/wp-content\/uploads\/usu1013\/2025\/02\/IMG_0006-1536x1021.jpg 1536w, https:\/\/agora.xtec.cat\/escolajujol\/wp-content\/uploads\/usu1013\/2025\/02\/IMG_0006.jpg 1600w\" sizes=\"auto, (max-width: 300px) 100vw, 300px\" \/><\/a>\n\t\t\t<\/dt><\/dl><br style=\"clear: both\" \/><dl class='gallery-item'>\n\t\t\t<dt class='gallery-icon landscape'>\n\t\t\t\t<a href='https:\/\/agora.xtec.cat\/escolajujol\/projectes\/monografic\/attachment\/amt_0578\/'><img loading=\"lazy\" decoding=\"async\" width=\"300\" height=\"189\" src=\"https:\/\/agora.xtec.cat\/escolajujol\/wp-content\/uploads\/usu1013\/2025\/02\/AMT_0578-300x189.jpg\" class=\"attachment-medium size-medium\" alt=\"\" srcset=\"https:\/\/agora.xtec.cat\/escolajujol\/wp-content\/uploads\/usu1013\/2025\/02\/AMT_0578-300x189.jpg 300w, https:\/\/agora.xtec.cat\/escolajujol\/wp-content\/uploads\/usu1013\/2025\/02\/AMT_0578-1024x646.jpg 1024w, https:\/\/agora.xtec.cat\/escolajujol\/wp-content\/uploads\/usu1013\/2025\/02\/AMT_0578-768x485.jpg 768w, https:\/\/agora.xtec.cat\/escolajujol\/wp-content\/uploads\/usu1013\/2025\/02\/AMT_0578-1536x970.jpg 1536w, https:\/\/agora.xtec.cat\/escolajujol\/wp-content\/uploads\/usu1013\/2025\/02\/AMT_0578-2048x1293.jpg 2048w\" sizes=\"auto, (max-width: 300px) 100vw, 300px\" \/><\/a>\n\t\t\t<\/dt><\/dl><dl class='gallery-item'>\n\t\t\t<dt class='gallery-icon portrait'>\n\t\t\t\t<a href='https:\/\/agora.xtec.cat\/escolajujol\/projectes\/monografic\/attachment\/e351b6fe-5bc2-4603-b77e-ea7c36ae98b1\/'><img loading=\"lazy\" decoding=\"async\" width=\"225\" height=\"300\" src=\"https:\/\/agora.xtec.cat\/escolajujol\/wp-content\/uploads\/usu1013\/2025\/01\/e351b6fe-5bc2-4603-b77e-ea7c36ae98b1-225x300.jpg\" class=\"attachment-medium size-medium\" alt=\"\" srcset=\"https:\/\/agora.xtec.cat\/escolajujol\/wp-content\/uploads\/usu1013\/2025\/01\/e351b6fe-5bc2-4603-b77e-ea7c36ae98b1-225x300.jpg 225w, https:\/\/agora.xtec.cat\/escolajujol\/wp-content\/uploads\/usu1013\/2025\/01\/e351b6fe-5bc2-4603-b77e-ea7c36ae98b1-768x1024.jpg 768w, https:\/\/agora.xtec.cat\/escolajujol\/wp-content\/uploads\/usu1013\/2025\/01\/e351b6fe-5bc2-4603-b77e-ea7c36ae98b1-1152x1536.jpg 1152w, https:\/\/agora.xtec.cat\/escolajujol\/wp-content\/uploads\/usu1013\/2025\/01\/e351b6fe-5bc2-4603-b77e-ea7c36ae98b1.jpg 1200w\" sizes=\"auto, (max-width: 225px) 100vw, 225px\" \/><\/a>\n\t\t\t<\/dt><\/dl><dl class='gallery-item'>\n\t\t\t<dt class='gallery-icon landscape'>\n\t\t\t\t<a href='https:\/\/agora.xtec.cat\/escolajujol\/projectes\/monografic\/attachment\/29bb64db-b1a0-40d9-8488-767c4dd5a64d\/'><img loading=\"lazy\" decoding=\"async\" width=\"300\" height=\"225\" src=\"https:\/\/agora.xtec.cat\/escolajujol\/wp-content\/uploads\/usu1013\/2025\/01\/29bb64db-b1a0-40d9-8488-767c4dd5a64d-300x225.jpg\" class=\"attachment-medium size-medium\" alt=\"\" srcset=\"https:\/\/agora.xtec.cat\/escolajujol\/wp-content\/uploads\/usu1013\/2025\/01\/29bb64db-b1a0-40d9-8488-767c4dd5a64d-300x225.jpg 300w, https:\/\/agora.xtec.cat\/escolajujol\/wp-content\/uploads\/usu1013\/2025\/01\/29bb64db-b1a0-40d9-8488-767c4dd5a64d-1024x768.jpg 1024w, https:\/\/agora.xtec.cat\/escolajujol\/wp-content\/uploads\/usu1013\/2025\/01\/29bb64db-b1a0-40d9-8488-767c4dd5a64d-768x576.jpg 768w, https:\/\/agora.xtec.cat\/escolajujol\/wp-content\/uploads\/usu1013\/2025\/01\/29bb64db-b1a0-40d9-8488-767c4dd5a64d-1536x1152.jpg 1536w, https:\/\/agora.xtec.cat\/escolajujol\/wp-content\/uploads\/usu1013\/2025\/01\/29bb64db-b1a0-40d9-8488-767c4dd5a64d-200x150.jpg 200w, https:\/\/agora.xtec.cat\/escolajujol\/wp-content\/uploads\/usu1013\/2025\/01\/29bb64db-b1a0-40d9-8488-767c4dd5a64d.jpg 1600w\" sizes=\"auto, (max-width: 300px) 100vw, 300px\" \/><\/a>\n\t\t\t<\/dt><\/dl><br style=\"clear: both\" \/>\n\t\t<\/div>\n\n<p><a href=\"https:\/\/agora.xtec.cat\/escolajujol\/wp-content\/uploads\/usu1013\/2025\/01\/e351b6fe-5bc2-4603-b77e-ea7c36ae98b1.jpg\">\u00a0\u00a0<\/a><\/p>\n<p><a href=\"https:\/\/agora.xtec.cat\/escolajujol\/wp-content\/uploads\/usu1013\/2025\/01\/e351b6fe-5bc2-4603-b77e-ea7c36ae98b1.jpg\">\u00a0 \u00a0 \u00a0 \u00a0 \u00a0 \u00a0<\/a><\/p>\n<h3><\/h3>\n<h3><\/h3>\n<h3 style=\"text-align: center;\"><\/h3>\n<p>&nbsp;<\/p>\n<p>&nbsp;<\/p>\n<p>&nbsp;<\/p>\n<p>&nbsp;<\/p>\n<p>&nbsp;<\/p>\n<p>&nbsp;<\/p>\n","protected":false},"excerpt":{"rendered":"<p>El monogr\u00e0fic \u00e9s un projecte transdisciplinari que gira al voltant d&#8217;un tema d&#8217;inter\u00e8s i que es treballa al llarg del curs des d&#8217;I3 fins a 6\u00e8. El fet que tant alumnat com fam\u00edlies participin i s&#8217;impliquin activament en el projecte fa que sigui un tret&hellip;  <a href=\"https:\/\/agora.xtec.cat\/escolajujol\/projectes\/monografic\/\" title=\"Read Monogr\u00e0fic\">Llegeix m\u00e9s\u00bb<\/a><\/p>\n","protected":false},"author":1,"featured_media":0,"parent":449,"menu_order":1,"comment_status":"closed","ping_status":"closed","template":"page-templates\/side-menu.php","meta":{"_bbp_topic_count":0,"_bbp_reply_count":0,"_bbp_total_topic_count":0,"_bbp_total_reply_count":0,"_bbp_voice_count":0,"_bbp_anonymous_reply_count":0,"_bbp_topic_count_hidden":0,"_bbp_reply_count_hidden":0,"_bbp_forum_subforum_count":0,"footnotes":""},"class_list":["post-668","page","type-page","status-publish","hentry"],"post_mailing_queue_ids":[],"_links":{"self":[{"href":"https:\/\/agora.xtec.cat\/escolajujol\/wp-json\/wp\/v2\/pages\/668","targetHints":{"allow":["GET"]}}],"collection":[{"href":"https:\/\/agora.xtec.cat\/escolajujol\/wp-json\/wp\/v2\/pages"}],"about":[{"href":"https:\/\/agora.xtec.cat\/escolajujol\/wp-json\/wp\/v2\/types\/page"}],"author":[{"embeddable":true,"href":"https:\/\/agora.xtec.cat\/escolajujol\/wp-json\/wp\/v2\/users\/1"}],"replies":[{"embeddable":true,"href":"https:\/\/agora.xtec.cat\/escolajujol\/wp-json\/wp\/v2\/comments?post=668"}],"version-history":[{"count":6,"href":"https:\/\/agora.xtec.cat\/escolajujol\/wp-json\/wp\/v2\/pages\/668\/revisions"}],"predecessor-version":[{"id":2578,"href":"https:\/\/agora.xtec.cat\/escolajujol\/wp-json\/wp\/v2\/pages\/668\/revisions\/2578"}],"up":[{"embeddable":true,"href":"https:\/\/agora.xtec.cat\/escolajujol\/wp-json\/wp\/v2\/pages\/449"}],"wp:attachment":[{"href":"https:\/\/agora.xtec.cat\/escolajujol\/wp-json\/wp\/v2\/media?parent=668"}],"curies":[{"name":"wp","href":"https:\/\/api.w.org\/{rel}","templated":true}]}}