{"id":663,"date":"2017-01-18T11:54:30","date_gmt":"2017-01-18T10:54:30","guid":{"rendered":"http:\/\/agora.xtec.cat\/escolajujol\/?page_id=663"},"modified":"2025-02-13T16:42:37","modified_gmt":"2025-02-13T15:42:37","slug":"ja-nedo","status":"publish","type":"page","link":"https:\/\/agora.xtec.cat\/escolajujol\/projectes\/ja-nedo\/","title":{"rendered":"Ja nedo!"},"content":{"rendered":"<p>Els nens i nenes de primer participen en l\u2019activitat <strong>Ja nedo<\/strong>, dins del projecte<a href=\"http:\/\/www.bcn.cat\/lesportensfamesgrans\/ca\/programes.html\" target=\"_blank\" rel=\"noopener\"> <u>Educar en l\u2019esport de l\u2019Ajuntament de Barcelona<\/u>.<\/a><\/p>\n<p>L&#8217;activitat est\u00e0 inclosa dins de l\u2019\u00e0rea d\u2019Educaci\u00f3 Fis\u00edca.<\/p>\n<p>Es realitza a les instal\u00b7lacions de l\u2019Eurofitness Perill i permet als alumnes experimentar noves possibilitats motrius per assolir els primers despla\u00e7aments aut\u00f2noms en el medi aqu\u00e0tic.<\/p>\n<p>El programa pret\u00e9n assegurar que l\u2019alumnat finalitzi l\u2019educaci\u00f3 Prim\u00e0ria havent adquirit els coneixements b\u00e0sics de nataci\u00f3.<\/p>\n<p>L\u2019activitat s\u2019obre a les fam\u00edlies dues vegades durant el curs, al desembre i al juny.<\/p>\n<p><img loading=\"lazy\" decoding=\"async\" class=\"wp-image-665 aligncenter\" src=\"http:\/\/agora.xtec.cat\/escolajujol\/wp-content\/uploads\/usu1013\/2017\/01\/IMG_0229-1-1024x1024.jpg\" alt=\"img_0229\" width=\"468\" height=\"468\" srcset=\"https:\/\/agora.xtec.cat\/escolajujol\/wp-content\/uploads\/usu1013\/2017\/01\/IMG_0229-1-1024x1024.jpg 1024w, https:\/\/agora.xtec.cat\/escolajujol\/wp-content\/uploads\/usu1013\/2017\/01\/IMG_0229-1-150x150.jpg 150w, https:\/\/agora.xtec.cat\/escolajujol\/wp-content\/uploads\/usu1013\/2017\/01\/IMG_0229-1-300x300.jpg 300w, https:\/\/agora.xtec.cat\/escolajujol\/wp-content\/uploads\/usu1013\/2017\/01\/IMG_0229-1-768x768.jpg 768w, https:\/\/agora.xtec.cat\/escolajujol\/wp-content\/uploads\/usu1013\/2017\/01\/IMG_0229-1.jpg 1936w\" sizes=\"auto, (max-width: 468px) 100vw, 468px\" \/><\/p>\n","protected":false},"excerpt":{"rendered":"<p>Els nens i nenes de primer participen en l\u2019activitat Ja nedo, dins del projecte<a href=\"http:\/\/www.bcn.cat\/lesportensfamesgrans\/ca\/programes.html\" target=\"_blank\" rel=\"noopener\"> Educar en l\u2019esport de l\u2019Ajuntament de Barcelona.<\/a><br \/>\nL&#8217;activitat est\u00e0 inclosa dins de l\u2019\u00e0rea d\u2019Educaci\u00f3 Fis\u00edca.<br \/>\nEs realitza a les instal\u00b7lacions de l\u2019Eurofitness Perill i permet als alumnes experimentar noves possibilitats&hellip;  <a href=\"https:\/\/agora.xtec.cat\/escolajujol\/projectes\/ja-nedo\/\" title=\"Read Ja nedo!\">Llegeix m\u00e9s\u00bb<\/a><\/p>\n","protected":false},"author":1,"featured_media":0,"parent":449,"menu_order":7,"comment_status":"closed","ping_status":"closed","template":"page-templates\/side-menu.php","meta":{"_bbp_topic_count":0,"_bbp_reply_count":0,"_bbp_total_topic_count":0,"_bbp_total_reply_count":0,"_bbp_voice_count":0,"_bbp_anonymous_reply_count":0,"_bbp_topic_count_hidden":0,"_bbp_reply_count_hidden":0,"_bbp_forum_subforum_count":0,"footnotes":""},"class_list":["post-663","page","type-page","status-publish","hentry"],"post_mailing_queue_ids":[],"_links":{"self":[{"href":"https:\/\/agora.xtec.cat\/escolajujol\/wp-json\/wp\/v2\/pages\/663","targetHints":{"allow":["GET"]}}],"collection":[{"href":"https:\/\/agora.xtec.cat\/escolajujol\/wp-json\/wp\/v2\/pages"}],"about":[{"href":"https:\/\/agora.xtec.cat\/escolajujol\/wp-json\/wp\/v2\/types\/page"}],"author":[{"embeddable":true,"href":"https:\/\/agora.xtec.cat\/escolajujol\/wp-json\/wp\/v2\/users\/1"}],"replies":[{"embeddable":true,"href":"https:\/\/agora.xtec.cat\/escolajujol\/wp-json\/wp\/v2\/comments?post=663"}],"version-history":[{"count":2,"href":"https:\/\/agora.xtec.cat\/escolajujol\/wp-json\/wp\/v2\/pages\/663\/revisions"}],"predecessor-version":[{"id":2677,"href":"https:\/\/agora.xtec.cat\/escolajujol\/wp-json\/wp\/v2\/pages\/663\/revisions\/2677"}],"up":[{"embeddable":true,"href":"https:\/\/agora.xtec.cat\/escolajujol\/wp-json\/wp\/v2\/pages\/449"}],"wp:attachment":[{"href":"https:\/\/agora.xtec.cat\/escolajujol\/wp-json\/wp\/v2\/media?parent=663"}],"curies":[{"name":"wp","href":"https:\/\/api.w.org\/{rel}","templated":true}]}}