{"id":588,"date":"2016-07-25T20:47:24","date_gmt":"2016-07-25T19:47:24","guid":{"rendered":"http:\/\/agora.xtec.cat\/escolajujol\/?page_id=588"},"modified":"2025-02-13T16:39:40","modified_gmt":"2025-02-13T15:39:40","slug":"afa","status":"publish","type":"page","link":"https:\/\/agora.xtec.cat\/escolajujol\/serveis\/afa\/","title":{"rendered":"AFA"},"content":{"rendered":"<p style=\"text-align: justify;\"><img loading=\"lazy\" decoding=\"async\" class=\"aligncenter size-full wp-image-826\" src=\"http:\/\/agora.xtec.cat\/escolajujol\/wp-content\/uploads\/usu1013\/2016\/07\/PM57rjvl_400x400.jpg\" alt=\"PM57rjvl_400x400\" width=\"400\" height=\"400\" srcset=\"https:\/\/agora.xtec.cat\/escolajujol\/wp-content\/uploads\/usu1013\/2016\/07\/PM57rjvl_400x400.jpg 400w, https:\/\/agora.xtec.cat\/escolajujol\/wp-content\/uploads\/usu1013\/2016\/07\/PM57rjvl_400x400-150x150.jpg 150w, https:\/\/agora.xtec.cat\/escolajujol\/wp-content\/uploads\/usu1013\/2016\/07\/PM57rjvl_400x400-300x300.jpg 300w\" sizes=\"auto, (max-width: 400px) 100vw, 400px\" \/><strong>Qu\u00e8 \u00e9s l&#8217;AFA?<\/strong><\/p>\n<p style=\"text-align: justify;\">L\u2019AFA \u00e9s l\u2019Associaci\u00f3 de Fam\u00edlies dels i de les Alumnes de l\u2019escola. Aquestes mares i aquests pares s\u2019ajunten per ajudar l\u2019escola en el seu funcionament i en les seves relacions amb les fam\u00edlies, i per oferir uns serveis que d\u2019altra manera l\u2019escola no podria oferir (guarderia, extraescolars, col\u00f2nies, casal, etc.). En una escola p\u00fablica com la Jujol, tenir una AFA forta vol dir tenir una escola forta.<\/p>\n<p><center><iframe loading=\"lazy\" style=\"border: 1px solid #CCC; border-width: 1px; margin-bottom: 5px; max-width: 100%;\" src=\"\/\/www.slideshare.net\/slideshow\/embed_code\/key\/vxDCgrqeENNmbK\" width=\"595\" height=\"485\" frameborder=\"0\" marginwidth=\"0\" marginheight=\"0\" scrolling=\"no\" allowfullscreen=\"allowfullscreen\"> <\/iframe><\/center><\/p>\n<p style=\"text-align: justify;\">Les fam\u00edlies col\u00b7laboren dins l\u2019AFA de dues maneres (que no s\u2019exclouen entre si): sent s\u00f2cies (abonant la quota anual) i treballant-hi de forma volunt\u00e0ria segons la seva disponibilitat. Aquests voluntaris s\u2019organitzen en una Junta i en diverses comissions. A la junta hi ha les quatre persones que prenen decisions i es fan responsables de les actuacions de l\u2019AFA i a les comissions hi ha els qui treballen temes espec\u00edfics sobre el terreny.<\/p>\n<p>Com veieu doncs, l\u2019AFA no \u00e9s un organisme abstracte ni un obscur centre de poder\u2026 s\u00f3n persones reals! Mames i papes de veritat! La presidenta, per exemple, \u00e9s la Isabel Sur\u00eds, mare de\u00a02n i\u00a0tamb\u00e9 de P4.<\/p>\n<p>Si voleu parlar amb alg\u00fa de la Junta, escriviu a <strong>afajujol@gmail.com<\/strong> posant en l\u2019assumpte \u201cJUNTA\u201d.<\/p>\n<p>Les tres mares que vau escollir l\u2019any pasat\u00a0van entrar a formar part del Consell Escolar, on tamb\u00e9 hi ha la directora de l\u2019escola i representants dels mestres, de l\u2019AFA, del personal administratiu i de l\u2019Ajuntament. Al Consell Escolar es prenen decisions sobre el funcionament del centre.<\/p>\n<p>Vejam ara qu\u00e8 s\u00f3n les \u00abcomissions\u00bb\u2026<\/p>\n<h3>Extraescolars<\/h3>\n<p>Les activitats que ha posat en marxa la Comissi\u00f3 d\u2019Extraescolars durant aquest curs estan funcionant molt b\u00e9. Els m\u00e9s moguts s\u2019ho passen pipa iniciant-se en l\u2019esport, jugant al futbol o al b\u00e0squet, patinant o \u00abtaekwondant\u00bb!! Sense oblidar els petitons que fan piscina. Per\u00f2 tamb\u00e9 hi ha temps per al teatre i la dansa creativa. A m\u00e9s de tot aix\u00f2, la gent de la comissi\u00f3 organitza el servei d\u2019acollida de matins i tarda.<\/p>\n<h3>Activitats familiars<\/h3>\n<p>La Comissi\u00f3 d\u2019Activitats Familiars organitza activitats subvencionades (sortides i activitats culturals i de lleure) dirigides a totes les fam\u00edlies d\u2019alumnes del nostre centre.\u00a0Si voleu rebre informaci\u00f3 puntual, escriviu a <strong>afajujol@gmail.com<\/strong> donant el vostre nom, el curs del vostre fill o filla (o fills o filles) i posant a l\u2019assumpte \u201cActivitats Familiars\u201d. Si no teniu adre\u00e7a electr\u00f2nica, mireu regularment el taulell d\u2019anuncis de l\u2019AFA, on anirem anunciant-les.<\/p>\n<h3>Festes<\/h3>\n<p>La Comissi\u00f3 de Festes \u00e9s, per for\u00e7a, molt \u00abcanyera\u00bb. No nom\u00e9s van organitzar amb gran \u00e8xit la Castanyada (recordeu aquell de \u00ables sabates li fan cloc cloc\u00bb? i els incre\u00efbles pastissos que van portar les fam\u00edlies?)\u2026 sin\u00f3 que encara van tenir forces per fer venir a l\u2019escola un Patge Reial i per portar-nos a la Rua de Carnestoltes del Barri. Ara, despr\u00e9s de col\u00b7laborar en la diada de Sant Jordi que organitza l\u2019escola, ja estan pensant en la festa de fi de curs de l\u2019AFA que es far\u00e0 al juny.<\/p>\n<h3>Agenda 21<\/h3>\n<p>L\u2019\u00abAgenda 21\u00bb \u00e9s un programa de les Nacions Unides que fa refer\u00e8ncia al desenvolupament sostenible. La Comissi\u00f3 que porta aquest nom s\u2019ocupa doncs de temes relacionats amb el medi ambient que van des del reciclatge del material de l\u2019escola fins a participar en reunions amb les autoritats municipals i de barri sobre mobilitat i sobre els problemes del nostre carrer, la riera de Sant Miquel.<\/p>\n<h3>Socialitzaci\u00f3<\/h3>\n<p>La socialitzaci\u00f3 de llibres \u00e9s un dels punts forts de la nostra escola, no nom\u00e9s perqu\u00e8 \u00e9s un dels centres pioners en aplicar-la, sin\u00f3 per l\u2019\u00e8xit total de la iniciativa. Suposa un gran estalvi per a les fam\u00edlies i promou valors com la solidaritat i el respecte. La tasca de la Comissi\u00f3 de Socialitzaci\u00f3 de l\u2019AFA, que treballa conjuntament amb l\u2019escola, \u00e9s vital perqu\u00e8 el projecte continu\u00ef, i se centra en la compra i distribuci\u00f3 dels llibres i en la gesti\u00f3 dels pagaments de les fam\u00edlies.<\/p>\n<h3>Coordinadora d\u2019AFA de Gr\u00e0cia<\/h3>\n<p>La Comissi\u00f3 de la Coordinadora d\u2019AFA de Gr\u00e0cia assisteix a les reunions que es fan un cop al mes amb representants d\u2019AFA de les altres escoles i instituts p\u00fablics del barri per parlar de temes i problemes comuns: matriculacions, subvencions o, per posar un exemple molt recent, la LEC, la nova Llei d\u2019Educaci\u00f3 que tanta pol\u00e8mica ha provocat (i tres vagues!). Si voleu saber-ne m\u00e9s, visiteu la <a href=\"http:\/\/www20.gencat.cat\/portal\/site\/Educacio\/menuitem.e83546861ce5ddfcf5732f02b0c0e1a0\/?vgnextoid=511f281884294110VgnVCM1000000b0c1e0aRCRD&amp;vgnextchannel=511f281884294110VgnVCM1000000b0c1e0aRCRD&amp;vgnextfmt=default\" target=\"_blank\" rel=\"noopener\">p\u00e0gina oficial del Departament d\u2019Educaci\u00f3<\/a> i <a href=\"http:\/\/www.fapac.net\/\" target=\"_blank\" rel=\"noopener\">la de la Federaci\u00f3 d\u2019AFA <\/a>, o les dels diferents sindicats d\u2019ensenyants.<\/p>\n<h3>Col\u00f2nies<\/h3>\n<p>A l&#8217;escola Jujol, les col\u00f2nies s\u00f3n totalment organitzades per l\u2019AFA. La Comissi\u00f3 de Col\u00f2nies contracta tots els serveis (inclosos la casa de col\u00f2nies i els autocars), fa el seguiment de les activitats i fins i tot acompanya el grup juntament amb els monitors d\u2019Eix Estels. El curs 2006-07 van anar a Caldes d\u2019 Estrat, al Maresme,\u00a0el 2007-08, a un antic convent totalment renovat (La Llobeta), a Aiguafreda, i el 2008-09\u00a0\u00a0a Mas Banyeres (a 2 km de Centelles i a 14 km de Vic). Les cases tenien uns voltants idonis perqu\u00e8 els nens i les nenes juguessin i campessin al seu aire (mai millor dit). La participaci\u00f3 sempre ha estat molt bona, i a vegades s\u2019han hagut d\u2019ampliar les 100 places ofertes. Sens dubte \u00e9s una de les tasques d\u2019AFA amb m\u00e9s responsabilitat, per\u00f2 tamb\u00e9 m\u00e9s enriquidora.<\/p>\n<h3>Casal d\u2019estiu<\/h3>\n<p>El Casal \u00e9s una activitat que es fa a finals de juny, tot el mes de juliol i primers de setembre, amb la intenci\u00f3 d\u2019ajudar les fam\u00edlies a conciliar els horaris laborals i familiars i (s\u00ed, tamb\u00e9!) perqu\u00e8 les nenes i els nens s\u2019ho passin b\u00e9 durant els calorosos dies d\u2019estiu a la ciutat. Hi assisteixen tant alumnes del Jujol com altres nens del barri, i s\u2019hi fan activitats esc\u00e8niques i tem\u00e0tiques i jocs organitzats pels monitors de l\u2019empresa que contracta l\u2019AFA. Tamb\u00e9 fan sortides setmanals a la piscina i excursions culturals o d\u2019oci. Sense oblidar el fam\u00f3s \u00abmanguerazo\u00bb al pati de l\u2019escola\u2026<\/p>\n<h3>Casalet<\/h3>\n<p>\u00c9s\u00a0el germ\u00e0 petit del ja cl\u00e0ssic Casal d\u2019Estiu,\u00a0un \u201cminicasal\u201d organitzat durant els dies del mes de juny en qu\u00e8 l\u2019escola fa horari intensiu. Ofereix activitats amb monitor als nens i nenes que es queden a l\u2019escola a partir de les 15.00 h, l\u2019hora en qu\u00e8 acaben les activitats lectives.<\/p>\n<h3>Acollida<\/h3>\n<p>Mai no has pensat que sempre som els mateixos a les reunions d\u2019AFA i d\u2019aula? Mai no t\u2019has fixat que hi ha poques fam\u00edlies nouvingudes i que, d\u2019aquestes poques, encara menys entenen el catal\u00e0? La recentment creada Comissi\u00f3 d\u2019Acollida de l\u2019AFA est\u00e0 buscant pares i mares voluntaris que disposin d\u2019una hora setmanal lliure per poder ajudar activament a la integraci\u00f3 dels pares i mares de fam\u00edlies nouvingudes que voldrien participar m\u00e9s en la vida escolar dels seus fills i no poden perqu\u00e8 la llengua els \u00e9s una barrera. Si tu tens aquesta hora lliure setmanal, escriu a <strong>afajujol@gmail.com<\/strong> posant a l\u2019assumpte \u00abComissi\u00f3 d\u2019acollida\u00bb i donant la teva franja hor\u00e0ria de prefer\u00e8ncia.<\/p>\n<p><em>\u00bfTe gustar\u00eda saber de qu\u00e9 se habla en las reuniones del AFA de la escuela y en las reuniones de aula y no puedes porque son en catal\u00e1n? Desde el AFA te ofrecemos la oportunidad de aprenderlo y practicarlo durante 1 hora semanal. Si te interesa, escribe a <strong>afajujol@gmail.com<\/strong>, pon en el asunto \u00abComissi\u00f3 d\u2019Acollida\u00bb y tu franja horaria de preferencia. O bien d\u00e9jale tus datos de contacto a Marta, en secretar\u00eda.<\/em><\/p>\n<p>Tamb\u00e9 hi ha la comissi\u00f3 de <strong>BIBLIOTECA<\/strong>, que aquest curs ha engegat un programa de recollida de DVD per enriquir el fons audiovisual de la biblioteca de l\u2019escola; la de <strong>DECORACIONS<\/strong>, que s\u2019encarrega de posar bonica l\u2019escola per fora; la de la <strong>SORTIDA DE SIS\u00c8<\/strong>, que organitza la sortida de fi de curs perqu\u00e8 els m\u00e9s grans marxin del Jujol amb bon record; la de <strong>PLA D\u2019ENTORN I PLA DE L\u2019ESPORT<\/strong> o la de <strong>BEQUES I SUBVENCIONS<\/strong>, dues comissions de car\u00e0cter molt t\u00e8cnic que resulten fonamentals per fer possibles i accessibles gran part de les activitats que es fan al Jujol; la del <strong>WEB<\/strong> i <strong>CORREU AFA<\/strong>, que gestiona la part del web de l\u2019escola corresponent a l\u2019AFA i redistribueix els correus que ens arriben; i, per \u00faltim, la de <strong>DIFUSI\u00d3<\/strong>, que fa el\u00a0butllet\u00ed, el blog i anuncis i fullets per difondre les activitats de l\u2019AFA.<\/p>\n<p style=\"text-align: justify;\">Per a m\u00e9s informaci\u00f3 visita el <a href=\"https:\/\/ampajujol.wordpress.com\" target=\"_blank\" rel=\"noopener\">blog<\/a> de l&#8217;AFA.<\/p>\n","protected":false},"excerpt":{"rendered":"<p>Qu\u00e8 \u00e9s l&#8217;AFA?<br \/>\nL\u2019AFA \u00e9s l\u2019Associaci\u00f3 de Fam\u00edlies dels i de les Alumnes de l\u2019escola. Aquestes mares i aquests pares s\u2019ajunten per ajudar l\u2019escola en el seu funcionament i en les seves relacions amb les fam\u00edlies, i per oferir uns serveis que d\u2019altra manera l\u2019escola no&hellip;  <a href=\"https:\/\/agora.xtec.cat\/escolajujol\/serveis\/afa\/\" title=\"Read AFA\">Llegeix m\u00e9s\u00bb<\/a><\/p>\n","protected":false},"author":1,"featured_media":0,"parent":66,"menu_order":5,"comment_status":"closed","ping_status":"closed","template":"page-templates\/side-menu.php","meta":{"_bbp_topic_count":0,"_bbp_reply_count":0,"_bbp_total_topic_count":0,"_bbp_total_reply_count":0,"_bbp_voice_count":0,"_bbp_anonymous_reply_count":0,"_bbp_topic_count_hidden":0,"_bbp_reply_count_hidden":0,"_bbp_forum_subforum_count":0,"footnotes":""},"class_list":["post-588","page","type-page","status-publish","hentry"],"post_mailing_queue_ids":[],"_links":{"self":[{"href":"https:\/\/agora.xtec.cat\/escolajujol\/wp-json\/wp\/v2\/pages\/588","targetHints":{"allow":["GET"]}}],"collection":[{"href":"https:\/\/agora.xtec.cat\/escolajujol\/wp-json\/wp\/v2\/pages"}],"about":[{"href":"https:\/\/agora.xtec.cat\/escolajujol\/wp-json\/wp\/v2\/types\/page"}],"author":[{"embeddable":true,"href":"https:\/\/agora.xtec.cat\/escolajujol\/wp-json\/wp\/v2\/users\/1"}],"replies":[{"embeddable":true,"href":"https:\/\/agora.xtec.cat\/escolajujol\/wp-json\/wp\/v2\/comments?post=588"}],"version-history":[{"count":4,"href":"https:\/\/agora.xtec.cat\/escolajujol\/wp-json\/wp\/v2\/pages\/588\/revisions"}],"predecessor-version":[{"id":2837,"href":"https:\/\/agora.xtec.cat\/escolajujol\/wp-json\/wp\/v2\/pages\/588\/revisions\/2837"}],"up":[{"embeddable":true,"href":"https:\/\/agora.xtec.cat\/escolajujol\/wp-json\/wp\/v2\/pages\/66"}],"wp:attachment":[{"href":"https:\/\/agora.xtec.cat\/escolajujol\/wp-json\/wp\/v2\/media?parent=588"}],"curies":[{"name":"wp","href":"https:\/\/api.w.org\/{rel}","templated":true}]}}