{"id":454,"date":"2021-09-13T10:00:13","date_gmt":"2021-09-13T08:00:13","guid":{"rendered":"http:\/\/agora.xtec.cat\/escolajujol\/?page_id=454"},"modified":"2025-02-13T13:41:25","modified_gmt":"2025-02-13T12:41:25","slug":"informacions","status":"publish","type":"page","link":"https:\/\/agora.xtec.cat\/escolajujol\/informacions\/","title":{"rendered":"Informacions Generals"},"content":{"rendered":"<p>Com tots sabem el compliment i el respecte de les normes afavoreix la conviv\u00e8ncia, el bon funcionament del centre i, sobretot, l\u2019adquisici\u00f3 d\u2019h\u00e0bits dels vostres fills i filles. \u00c9s per aix\u00f2 que preguem la vostra col\u00b7laboraci\u00f3 en el seu seguiment.<\/p>\n<p><strong>Assist\u00e8ncia a les classes i puntualitat<\/strong><br \/>\nL\u2019assist\u00e8ncia di\u00e0ria a l\u2019escola \u00e9s obligat\u00f2ria. Per tal d\u2019evitar la interrupci\u00f3 de les sessions i de la din\u00e0mica general del centre, la puntualitat esdev\u00e9 b\u00e0sica tant a les hores d&#8217;entrada com de sortida.<br \/>\nTingueu present que a l&#8217;entrada els alumnes que arriben tard, alteren el normal funcionament de la classe i ells ho saben.<br \/>\nd&#8217;altra banda, en cas de no poder arribar puntuals a recollir els nens, haureu d\u2019avisar pr\u00e8viament a l\u2019escola. Cal tenir en compte que els alumnes que no siguin recollits puntualment per les fam\u00edlies, passaran al servei d\u2019acollida de tarda, servei que s\u2019<strong>haur\u00e0 d\u2019abonar<\/strong>.<\/p>\n<p><strong>Malalties y medicaments<\/strong><br \/>\nEn cas de febre, malalties contagioses o simptomatologia associada a la COVID-19, el vostre fill\/a haur\u00e0 de romandre a casa, aix\u00ed mateix si t\u00e9 polls i\/o ll\u00e9menes, per tal de prevenir el contagi als companys.<br \/>\nEn cas d\u2019haver de donar algun medicament, haureu de <strong>signar una autoritzaci\u00f3<\/strong>, disponible a consergeria. Tots els medicaments han de portar escrit el <span style=\"text-decoration: underline;\">nom del medicament, la dosi i l&#8217;hora<\/span>.<br \/>\nSi per algun motiu l&#8217;alumne\/a est\u00e0 lesionat impedint aix\u00ed la realitzaci\u00f3 d&#8217;activitat f\u00edsica, s\u2019ha de fer saber mitjan\u00e7ant l\u2019agenda escolar i <span style=\"text-decoration: underline;\">aportant un certificat m\u00e8dic.<\/span><\/p>\n<p><strong>Joguines<\/strong><br \/>\nNo es poden portar a l\u2019escola joguines ni pilotes ja que l&#8217;escola en t\u00e9. Tampoc es poden portar cromos, llaminadures, sucs, m\u00f2bils, ni diners. En aquests dos \u00faltims casos, sempre que sigui necessari per q\u00fcestions d\u2019organitzaci\u00f3 familiar s\u2019haur\u00e0 de comunicar per escrit als tutors.<\/p>\n<h4><\/h4>\n<h4>Altres recomanacions:<\/h4>\n<ul style=\"list-style-type: circle;\">\n<li>Dormir i descansar les hores necess\u00e0ries.<\/li>\n<li>Mantenir una higiene di\u00e0ria tant corporal com bucal.<\/li>\n<li>Venir a l&#8217;escola ben esmorzat de casa.<\/li>\n<li>Portar per esmorzar un entrep\u00e0 o fruita. A l\u2019escola no considerem convenient menjar pastisseria industrial.<\/li>\n<li>Potenciar la lectura i els h\u00e0bits de treball i estudi adequats a l&#8217;edat.<\/li>\n<li>\u00c9s molt important que estigueu atents als continguts dels webs i xarxes socials a les que accedeixen els vostres fills i filles. Podeu consultar els consells i recomanacions sobre el tema al web de la <a href=\"https:\/\/educacio.gencat.cat\/ca\/arees-actuacio\/families\/us-tecnologies\/\" target=\"_blank\" rel=\"noopener\">Generalitat de Catalunya<\/a>.<\/li>\n<li>Cal revisar di\u00e0riament les motxilles dels vostres fills i filles especialment si van a Parvulari i Cicle Inicial, per veure si l&#8217;escola us envia alguna informaci\u00f3. Vigileu tamb\u00e9 que no portin exc\u00e9s de pes.<\/li>\n<li>Donar alguna petita responsabilitat (c\u00e0rrec) als vostres fills i filles a casa.<\/li>\n<li>Gaudir de\u00a0temps i espais familiars.<\/li>\n<\/ul>\n","protected":false},"excerpt":{"rendered":"<p>Com tots sabem el compliment i el respecte de les normes afavoreix la conviv\u00e8ncia, el bon funcionament del centre i, sobretot, l\u2019adquisici\u00f3 d\u2019h\u00e0bits dels vostres fills i filles. \u00c9s per aix\u00f2 que preguem la vostra col\u00b7laboraci\u00f3 en el seu seguiment.<br \/>\nAssist\u00e8ncia a les classes i puntualitat<br \/>\nL\u2019assist\u00e8ncia&hellip;  <a href=\"https:\/\/agora.xtec.cat\/escolajujol\/informacions\/\" title=\"Read Informacions Generals\">Llegeix m\u00e9s\u00bb<\/a><\/p>\n","protected":false},"author":1,"featured_media":0,"parent":0,"menu_order":0,"comment_status":"closed","ping_status":"closed","template":"page-templates\/side-menu.php","meta":{"_bbp_topic_count":0,"_bbp_reply_count":0,"_bbp_total_topic_count":0,"_bbp_total_reply_count":0,"_bbp_voice_count":0,"_bbp_anonymous_reply_count":0,"_bbp_topic_count_hidden":0,"_bbp_reply_count_hidden":0,"_bbp_forum_subforum_count":0,"footnotes":""},"class_list":["post-454","page","type-page","status-publish","hentry"],"post_mailing_queue_ids":[],"_links":{"self":[{"href":"https:\/\/agora.xtec.cat\/escolajujol\/wp-json\/wp\/v2\/pages\/454","targetHints":{"allow":["GET"]}}],"collection":[{"href":"https:\/\/agora.xtec.cat\/escolajujol\/wp-json\/wp\/v2\/pages"}],"about":[{"href":"https:\/\/agora.xtec.cat\/escolajujol\/wp-json\/wp\/v2\/types\/page"}],"author":[{"embeddable":true,"href":"https:\/\/agora.xtec.cat\/escolajujol\/wp-json\/wp\/v2\/users\/1"}],"replies":[{"embeddable":true,"href":"https:\/\/agora.xtec.cat\/escolajujol\/wp-json\/wp\/v2\/comments?post=454"}],"version-history":[{"count":3,"href":"https:\/\/agora.xtec.cat\/escolajujol\/wp-json\/wp\/v2\/pages\/454\/revisions"}],"predecessor-version":[{"id":1921,"href":"https:\/\/agora.xtec.cat\/escolajujol\/wp-json\/wp\/v2\/pages\/454\/revisions\/1921"}],"wp:attachment":[{"href":"https:\/\/agora.xtec.cat\/escolajujol\/wp-json\/wp\/v2\/media?parent=454"}],"curies":[{"name":"wp","href":"https:\/\/api.w.org\/{rel}","templated":true}]}}