{"id":26,"date":"2016-02-25T00:00:32","date_gmt":"2016-02-24T23:00:32","guid":{"rendered":"http:\/\/agora.xtec.cat\/escolajujol\/?page_id=26"},"modified":"2025-02-13T13:27:36","modified_gmt":"2025-02-13T12:27:36","slug":"historia","status":"publish","type":"page","link":"https:\/\/agora.xtec.cat\/escolajujol\/la-nostra-escola\/historia\/","title":{"rendered":"Hist\u00f2ria"},"content":{"rendered":"<p style=\"text-align: justify;\">En aquest p\u00e0gina podreu assabentar-vos de qui va ser en Josep Maria Jujol, qu\u00e8 va ser aquest edifici abans de ser una escola i per qu\u00e8 el carrer on est\u00e0 situat el nostre centre es diu Riera de Sant Miquel.<br \/>\nSegur que us interessar\u00e0!<\/p>\n<p style=\"text-align: justify;\"><strong>Hist\u00f2ria de l&#8217;escola<\/strong><br \/>\nLa nostra escola va comen\u00e7ar a funcionar l\u2019any 1986 i porta el nom d\u2019un dels millors arquitectes catalans de la primera meitat del segle XX: Josep Maria Jujol i Gilbert.<br \/>\nAls inicis de la seva carrera, Josep Maria Jujol va col\u00b7laborar estretament amb Gaud\u00ed, en obres tan importants com el parc G\u00fcell, la casa Batll\u00f3, la Pedrera o la Sagrada Fam\u00edlia. Va ser un arquitecte molt innovador que projectava edificis i interiors amb mobles, pintures, rajoles, llums\u2026 amb formes i colors espectaculars.<\/p>\n<figure class=\"figure wp-caption alignleft\"><img loading=\"lazy\" decoding=\"async\" class=\"wp-image-495\" title=\"Tallers Manyach obra de Josep M\u00aa Jujol, constru\u00efda el 1916.\" src=\"http:\/\/agora.xtec.cat\/escolajujol\/wp-content\/uploads\/usu1013\/2016\/02\/4edf8fd0b10fd_original.jpg\" alt=\"http:\/\/www.arxiusarquitectura.cat\/arquitectura_det.php?id=225 \" width=\"495\" height=\"359\" srcset=\"https:\/\/agora.xtec.cat\/escolajujol\/wp-content\/uploads\/usu1013\/2016\/02\/4edf8fd0b10fd_original.jpg 700w, https:\/\/agora.xtec.cat\/escolajujol\/wp-content\/uploads\/usu1013\/2016\/02\/4edf8fd0b10fd_original-300x218.jpg 300w\" sizes=\"auto, (max-width: 495px) 100vw, 495px\" \/><figcaption class=\"wp-caption-text\">Bach-Mora Arquitectes. Premi FAD, Restauraci\u00f3 (1987)<\/figcaption><\/figure>\n<p style=\"text-align: justify;\">Part de la nostra escola utilitza les instal\u00b7lacions d\u2019una antiga f\u00e0brica de claus, les m\u00e9s modernes de l\u2019\u00e8poca, que el Sr. Pere Manyac va encarregar a Josep Maria Jujol. Encara ara un munt d\u2019arquitectes d\u2019arreu del m\u00f3n v\u00e9nen a visitar l\u2019escola perqu\u00e8 \u00e9s un excel\u00b7lent exemple de l\u2019arquitectura modernista. Podeu veure el que era la nau del taller (ara, el pati cobert de l\u2019escola) i l\u2019espai d\u2019oficines (actualment, el gimn\u00e0s). I al sostre, s\u00f2lid i lleuger, s\u2019hi poden resseguir les vidrieres disposades per evitar els rajos de sol directes i que, alhora, deixessin passar tota la claror de la llum natural, teulades amb lluernes, contraforts\u00a0de ma\u00f3 de perfil dentat, amb refer\u00e8ncia a les claus, panys, forrellats, caixes fortes, etc. que s\u2019hi feien.Mentre la f\u00e0brica funcionava, i fins no fa gaires anys, al terreny on ara hi ha les aules va haver-hi l\u2019\u00faltim dels safarejos del barri de Gr\u00e0cia i la casa dels qui el feien funcionar.<\/p>\n<p style=\"text-align: justify;\">Tamb\u00e9 si us hi fixeu b\u00e9, podreu veure un rac\u00f3 estrany que fa corba i que tenia un pedestal. Sembla que all\u00f2 havia estat una capella. Fa molts i molts anys, abans de la f\u00e0brica, hi havia hagut un cementiri de la ciutat de Barcelona, cap el 1800. Aleshores Gr\u00e0cia encara era una vila amb camps, arbres i casetes, per\u00f2 la poblaci\u00f3 no parava de cr\u00e9ixer. Cap a mitjans del segle XIX, quan es va construir a Poble Nou un nou cementiri per a la ciutat de Barcelona, aquest va ser buidat i traslladat.<\/p>\n<p style=\"text-align: justify;\">Entre 1982 i 1987, el despatx d\u2019arquitectes Bach &#8220;&amp;&#8221; Mora va rebre l\u2019enc\u00e0rrec de projectar l\u2019actual escola respectant l\u2019estructura constru\u00efda per Jujol. Van rebre un premi FAD d\u2019arquitectura per aquest treball.<\/p>\n<p style=\"text-align: justify;\">Aquestes quatre pinzellades us donaran una idea de la hist\u00f2ria de la nostra escola. Us animem, per\u00f2, a seguir fent recerca per saber m\u00e9s coses. Com per exemple que la Riera de Sant Miquel es diu aix\u00ed perqu\u00e8 abans era una riera o un torrent que es deia de Cassoles, perqu\u00e8 tenia a la seva vora un cam\u00ed que portava a Sant Gervasi de les Cassoles, el barri que hi ha al costat de Gr\u00e0cia.<\/p>\n<p style=\"text-align: center;\">\r\n\t<div class=\"slideshow_container slideshow_container_style-light\" style=\"height: 500px; \" data-slideshow-id=\"497\" data-style-name=\"style-light\" data-style-version=\"2.3.1\" >\r\n\r\n\t\t\t\t\t<div class=\"slideshow_loading_icon\"><\/div>\r\n\t\t\r\n\t\t<div class=\"slideshow_content\" style=\"display: none;\">\r\n\r\n\t\t\t<div class=\"slideshow_view\">\r\n\t\t\t\t<div class=\"slideshow_slide slideshow_slide_image\">\r\n\t\t\t\t\t\t\t\t\t\t\t<img src=\"https:\/\/agora.xtec.cat\/escolajujol\/wp-content\/uploads\/usu1013\/2016\/07\/tallers-manach-1916-1918.jpg\" alt=\"tallers manach 1916-1918\" width=\"1122\" height=\"1600\" \/>\r\n\t\t\t\t\t\t\t\t\t\t<div class=\"slideshow_description_box slideshow_transparent\">\r\n\t\t\t\t\t\t<div class=\"slideshow_title\">tallers manach 1916-1918<\/div>\t\t\t\t\t\t\t\t\t\t\t<\/div>\r\n\t\t\t\t<\/div>\r\n\r\n\t\t\t\t\t\t<div style=\"clear: both;\"><\/div><\/div><div class=\"slideshow_view\">\r\n\t\t\t\t<div class=\"slideshow_slide slideshow_slide_image\">\r\n\t\t\t\t\t\t\t\t\t\t\t<img src=\"https:\/\/agora.xtec.cat\/escolajujol\/wp-content\/uploads\/usu1013\/2016\/02\/4edf8fd0b10fd_original.jpg\" alt=\"Tallers\" width=\"700\" height=\"508\" \/>\r\n\t\t\t\t\t\t\t\t\t\t<div class=\"slideshow_description_box slideshow_transparent\">\r\n\t\t\t\t\t\t<div class=\"slideshow_title\">Tallers<\/div>\t\t\t\t\t\t\t\t\t\t\t<\/div>\r\n\t\t\t\t<\/div>\r\n\r\n\t\t\t\t\t\t<div style=\"clear: both;\"><\/div><\/div><div class=\"slideshow_view\">\r\n\t\t\t\t<div class=\"slideshow_slide slideshow_slide_image\">\r\n\t\t\t\t\t\t\t\t\t\t\t<img src=\"https:\/\/agora.xtec.cat\/escolajujol\/wp-content\/uploads\/usu1013\/2016\/07\/06JosepJujolGibertTallersMa\u00f1ach.jpg\" alt=\"Entrada al pati de les Moreres\" width=\"1024\" height=\"768\" \/>\r\n\t\t\t\t\t\t\t\t\t\t<div class=\"slideshow_description_box slideshow_transparent\">\r\n\t\t\t\t\t\t<div class=\"slideshow_title\">Entrada al pati de les Moreres<\/div>\t\t\t\t\t\t\t\t\t\t\t<\/div>\r\n\t\t\t\t<\/div>\r\n\r\n\t\t\t\t\t\t<div style=\"clear: both;\"><\/div><\/div><div class=\"slideshow_view\">\r\n\t\t\t\t<div class=\"slideshow_slide slideshow_slide_image\">\r\n\t\t\t\t\t\t\t\t\t\t\t<img src=\"https:\/\/agora.xtec.cat\/escolajujol\/wp-content\/uploads\/usu1013\/2016\/07\/09JosepJujolGibertTallersMa\u00f1ach.jpg\" alt=\"Pati de les Moreres\" width=\"1024\" height=\"768\" \/>\r\n\t\t\t\t\t\t\t\t\t\t<div class=\"slideshow_description_box slideshow_transparent\">\r\n\t\t\t\t\t\t<div class=\"slideshow_title\">Pati de les Moreres<\/div>\t\t\t\t\t\t\t\t\t\t\t<\/div>\r\n\t\t\t\t<\/div>\r\n\r\n\t\t\t\t\t\t<div style=\"clear: both;\"><\/div><\/div><div class=\"slideshow_view\">\r\n\t\t\t\t<div class=\"slideshow_slide slideshow_slide_image\">\r\n\t\t\t\t\t\t\t\t\t\t\t<img src=\"https:\/\/agora.xtec.cat\/escolajujol\/wp-content\/uploads\/usu1013\/2016\/07\/open2013-050-wij_0494.jpg\" alt=\"48h OpenHouse\" width=\"900\" height=\"600\" \/>\r\n\t\t\t\t\t\t\t\t\t\t<div class=\"slideshow_description_box slideshow_transparent\">\r\n\t\t\t\t\t\t<div class=\"slideshow_title\">48h OpenHouse<\/div>\t\t\t\t\t\t\t\t\t\t\t<\/div>\r\n\t\t\t\t<\/div>\r\n\r\n\t\t\t\t\t\t<div style=\"clear: both;\"><\/div><\/div><div class=\"slideshow_view\">\r\n\t\t\t\t<div class=\"slideshow_slide slideshow_slide_image\">\r\n\t\t\t\t\t\t\t\t\t\t\t<img src=\"https:\/\/agora.xtec.cat\/escolajujol\/wp-content\/uploads\/usu1013\/2016\/07\/05JosepJujolGibertTallersMa\u00f1ach.jpg\" alt=\"Detall del pati\" width=\"768\" height=\"1024\" \/>\r\n\t\t\t\t\t\t\t\t\t\t<div class=\"slideshow_description_box slideshow_transparent\">\r\n\t\t\t\t\t\t<div class=\"slideshow_title\">Detall del pati<\/div>\t\t\t\t\t\t\t\t\t\t\t<\/div>\r\n\t\t\t\t<\/div>\r\n\r\n\t\t\t\t\t\t<div style=\"clear: both;\"><\/div><\/div><div class=\"slideshow_view\">\r\n\t\t\t\t<div class=\"slideshow_slide slideshow_slide_image\">\r\n\t\t\t\t\t\t\t\t\t\t\t<img src=\"https:\/\/agora.xtec.cat\/escolajujol\/wp-content\/uploads\/usu1013\/2016\/07\/04JosepJujolGibertTallersMa\u00f1ach.jpg\" alt=\"Tallers Ma\u00f1ach\" width=\"1024\" height=\"768\" \/>\r\n\t\t\t\t\t\t\t\t\t\t<div class=\"slideshow_description_box slideshow_transparent\">\r\n\t\t\t\t\t\t<div class=\"slideshow_title\">Tallers Ma\u00f1ach<\/div>\t\t\t\t\t\t\t\t\t\t\t<\/div>\r\n\t\t\t\t<\/div>\r\n\r\n\t\t\t\t\t\t<div style=\"clear: both;\"><\/div><\/div><div class=\"slideshow_view\">\r\n\t\t\t\t<div class=\"slideshow_slide slideshow_slide_image\">\r\n\t\t\t\t\t\t\t\t\t\t\t<img src=\"https:\/\/agora.xtec.cat\/escolajujol\/wp-content\/uploads\/usu1013\/2016\/07\/img-20150523-wa0015.jpg\" alt=\"Constru\u00efm el pati\" width=\"1280\" height=\"960\" \/>\r\n\t\t\t\t\t\t\t\t\t\t<div class=\"slideshow_description_box slideshow_transparent\">\r\n\t\t\t\t\t\t<div class=\"slideshow_title\">Constru\u00efm el pati<\/div>\t\t\t\t\t\t\t\t\t\t\t<\/div>\r\n\t\t\t\t<\/div>\r\n\r\n\t\t\t\t\t\t<div style=\"clear: both;\"><\/div><\/div><div class=\"slideshow_view\">\r\n\t\t\t\t<div class=\"slideshow_slide slideshow_slide_image\">\r\n\t\t\t\t\t\t\t\t\t\t\t<img src=\"https:\/\/agora.xtec.cat\/escolajujol\/wp-content\/uploads\/usu1013\/2016\/07\/img-20150523-wa0020.jpg\" alt=\"Entre tots fem el pati\" width=\"1280\" height=\"960\" \/>\r\n\t\t\t\t\t\t\t\t\t\t<div class=\"slideshow_description_box slideshow_transparent\">\r\n\t\t\t\t\t\t<div class=\"slideshow_title\">Entre tots fem el pati<\/div>\t\t\t\t\t\t\t\t\t\t\t<\/div>\r\n\t\t\t\t<\/div>\r\n\r\n\t\t\t\t\t\t<div style=\"clear: both;\"><\/div><\/div><div class=\"slideshow_view\">\r\n\t\t\t\t<div class=\"slideshow_slide slideshow_slide_image\">\r\n\t\t\t\t\t\t\t\t\t\t\t<img src=\"https:\/\/agora.xtec.cat\/escolajujol\/wp-content\/uploads\/usu1013\/2016\/02\/20160112_115322.jpg\" alt=\"Pati actual\" width=\"3200\" height=\"1920\" \/>\r\n\t\t\t\t\t\t\t\t\t\t<div class=\"slideshow_description_box slideshow_transparent\">\r\n\t\t\t\t\t\t<div class=\"slideshow_title\">Pati actual<\/div>\t\t\t\t\t\t\t\t\t\t\t<\/div>\r\n\t\t\t\t<\/div>\r\n\r\n\t\t\t\t\t\t<div style=\"clear: both;\"><\/div><\/div>\r\n\t\t<\/div>\r\n\r\n\t\t<div class=\"slideshow_controlPanel slideshow_transparent\" style=\"display: none;\"><ul><li class=\"slideshow_togglePlay\" data-play-text=\"Visualitza\" data-pause-text=\"Pausa\"><\/li><\/ul><\/div>\r\n\r\n\t\t<div class=\"slideshow_button slideshow_previous slideshow_transparent\" role=\"button\" data-previous-text=\"Anterior\" style=\"display: none;\"><\/div>\r\n\t\t<div class=\"slideshow_button slideshow_next slideshow_transparent\" role=\"button\" data-next-text=\"Seg\u00fcent\" style=\"display: none;\"><\/div>\r\n\r\n\t\t<div class=\"slideshow_pagination\" style=\"display: none;\" data-go-to-text=\"V\u00e9s a la diapositiva\"><div class=\"slideshow_pagination_center\"><\/div><\/div>\r\n\r\n\t\t<!-- WordPress Slideshow Version 2.3.1 -->\r\n\r\n\t\t\t<\/div>\r\n\r\n<\/p>\n<p style=\"text-align: justify;\">Imatges extretes de:<\/p>\n<p><a href=\"https:\/\/sites.google.com\/site\/barcelonamodernista\/talleres-maach\">Barcelona Modernista<\/a><\/p>\n<p><a href=\"http:\/\/www.arxiusarquitectura.cat\/arquitectura_det.php?id=225\">Arxius d&#8217;Arquitectura<\/a><\/p>\n<p><a href=\"https:\/\/elglobusvermell.wordpress.com\/2014\/12\/03\/arquitectes-per-un-dia-a-lescola-jujol\/\">Globus Vermell<\/a><\/p>\n<p><a href=\"http:\/\/www.48hopenhousebarcelona.org\/ca\/edifici\/tallers-manyach-escola-josep-maria-jujol\">48h Open House<\/a><\/p>\n<p><a href=\"https:\/\/ampajujol.wordpress.com\/2015\/05\/23\/estem-contruint-el-nou-pati\/img-20150523-wa0020\/\">AMPA Jujol<\/a><\/p>\n","protected":false},"excerpt":{"rendered":"<p>En aquest p\u00e0gina podreu assabentar-vos de qui va ser en Josep Maria Jujol, qu\u00e8 va ser aquest edifici abans de ser una escola i per qu\u00e8 el carrer on est\u00e0 situat el nostre centre es diu Riera de Sant Miquel.<br \/>\nSegur que us interessar\u00e0!<br \/>\nHist\u00f2ria de l&#8217;escola<br \/>\nLa&hellip;  <a href=\"https:\/\/agora.xtec.cat\/escolajujol\/la-nostra-escola\/historia\/\" title=\"Read Hist\u00f2ria\">Llegeix m\u00e9s\u00bb<\/a><\/p>\n","protected":false},"author":1,"featured_media":0,"parent":2568,"menu_order":1,"comment_status":"closed","ping_status":"closed","template":"page-templates\/side-menu.php","meta":{"_bbp_topic_count":0,"_bbp_reply_count":0,"_bbp_total_topic_count":0,"_bbp_total_reply_count":0,"_bbp_voice_count":0,"_bbp_anonymous_reply_count":0,"_bbp_topic_count_hidden":0,"_bbp_reply_count_hidden":0,"_bbp_forum_subforum_count":0,"footnotes":""},"class_list":["post-26","page","type-page","status-publish","hentry"],"post_mailing_queue_ids":[],"_links":{"self":[{"href":"https:\/\/agora.xtec.cat\/escolajujol\/wp-json\/wp\/v2\/pages\/26","targetHints":{"allow":["GET"]}}],"collection":[{"href":"https:\/\/agora.xtec.cat\/escolajujol\/wp-json\/wp\/v2\/pages"}],"about":[{"href":"https:\/\/agora.xtec.cat\/escolajujol\/wp-json\/wp\/v2\/types\/page"}],"author":[{"embeddable":true,"href":"https:\/\/agora.xtec.cat\/escolajujol\/wp-json\/wp\/v2\/users\/1"}],"replies":[{"embeddable":true,"href":"https:\/\/agora.xtec.cat\/escolajujol\/wp-json\/wp\/v2\/comments?post=26"}],"version-history":[{"count":4,"href":"https:\/\/agora.xtec.cat\/escolajujol\/wp-json\/wp\/v2\/pages\/26\/revisions"}],"predecessor-version":[{"id":2648,"href":"https:\/\/agora.xtec.cat\/escolajujol\/wp-json\/wp\/v2\/pages\/26\/revisions\/2648"}],"up":[{"embeddable":true,"href":"https:\/\/agora.xtec.cat\/escolajujol\/wp-json\/wp\/v2\/pages\/2568"}],"wp:attachment":[{"href":"https:\/\/agora.xtec.cat\/escolajujol\/wp-json\/wp\/v2\/media?parent=26"}],"curies":[{"name":"wp","href":"https:\/\/api.w.org\/{rel}","templated":true}]}}