{"id":2369,"date":"2023-06-26T13:27:27","date_gmt":"2023-06-26T11:27:27","guid":{"rendered":"https:\/\/agora.xtec.cat\/escolajujol\/?page_id=2369"},"modified":"2025-02-13T16:09:12","modified_gmt":"2025-02-13T15:09:12","slug":"estrategia-digital-de-centre","status":"publish","type":"page","link":"https:\/\/agora.xtec.cat\/escolajujol\/documents-de-centre\/estrategia-digital-de-centre\/","title":{"rendered":"Estrat\u00e8gia digital de Centre"},"content":{"rendered":"<p>L&#8217;escola disposa d&#8217;un nou document on queda recollida l&#8217;Estrat\u00e8gia Digital del Centre. Est\u00e0 elaborada en format de p\u00e0gina web per tal que sigui m\u00e9s intu\u00eftiva i accessible.<\/p>\n<p>Podeu accedir a aquest p\u00e0gina web clicant a la fotografia.<\/p>\n<p><a href=\"https:\/\/sites.google.com\/escolajujol.cat\/edcjujol\/inici\"><img loading=\"lazy\" decoding=\"async\" class=\"aligncenter size-full wp-image-2355\" src=\"https:\/\/agora.xtec.cat\/escolajujol\/wp-content\/uploads\/usu1013\/2023\/06\/site-edc-jujol.png\" alt=\"\" width=\"848\" height=\"257\" srcset=\"https:\/\/agora.xtec.cat\/escolajujol\/wp-content\/uploads\/usu1013\/2023\/06\/site-edc-jujol.png 848w, https:\/\/agora.xtec.cat\/escolajujol\/wp-content\/uploads\/usu1013\/2023\/06\/site-edc-jujol-300x91.png 300w, https:\/\/agora.xtec.cat\/escolajujol\/wp-content\/uploads\/usu1013\/2023\/06\/site-edc-jujol-768x233.png 768w\" sizes=\"auto, (max-width: 848px) 100vw, 848px\" \/><\/a><\/p>\n","protected":false},"excerpt":{"rendered":"<p>L&#8217;escola disposa d&#8217;un nou document on queda recollida l&#8217;Estrat\u00e8gia Digital del Centre. Est\u00e0 elaborada en format de p\u00e0gina web per tal que sigui m\u00e9s intu\u00eftiva i accessible.<br \/>\nPodeu accedir a aquest p\u00e0gina web clicant a la fotografia.<br \/>\n<a href=\"https:\/\/sites.google.com\/escolajujol.cat\/edcjujol\/inici\"><\/a><\/p>\n","protected":false},"author":1,"featured_media":0,"parent":2605,"menu_order":5,"comment_status":"closed","ping_status":"closed","template":"page-templates\/side-menu.php","meta":{"_bbp_topic_count":0,"_bbp_reply_count":0,"_bbp_total_topic_count":0,"_bbp_total_reply_count":0,"_bbp_voice_count":0,"_bbp_anonymous_reply_count":0,"_bbp_topic_count_hidden":0,"_bbp_reply_count_hidden":0,"_bbp_forum_subforum_count":0,"footnotes":""},"class_list":["post-2369","page","type-page","status-publish","hentry"],"post_mailing_queue_ids":[],"_links":{"self":[{"href":"https:\/\/agora.xtec.cat\/escolajujol\/wp-json\/wp\/v2\/pages\/2369","targetHints":{"allow":["GET"]}}],"collection":[{"href":"https:\/\/agora.xtec.cat\/escolajujol\/wp-json\/wp\/v2\/pages"}],"about":[{"href":"https:\/\/agora.xtec.cat\/escolajujol\/wp-json\/wp\/v2\/types\/page"}],"author":[{"embeddable":true,"href":"https:\/\/agora.xtec.cat\/escolajujol\/wp-json\/wp\/v2\/users\/1"}],"replies":[{"embeddable":true,"href":"https:\/\/agora.xtec.cat\/escolajujol\/wp-json\/wp\/v2\/comments?post=2369"}],"version-history":[{"count":2,"href":"https:\/\/agora.xtec.cat\/escolajujol\/wp-json\/wp\/v2\/pages\/2369\/revisions"}],"predecessor-version":[{"id":2372,"href":"https:\/\/agora.xtec.cat\/escolajujol\/wp-json\/wp\/v2\/pages\/2369\/revisions\/2372"}],"up":[{"embeddable":true,"href":"https:\/\/agora.xtec.cat\/escolajujol\/wp-json\/wp\/v2\/pages\/2605"}],"wp:attachment":[{"href":"https:\/\/agora.xtec.cat\/escolajujol\/wp-json\/wp\/v2\/media?parent=2369"}],"curies":[{"name":"wp","href":"https:\/\/api.w.org\/{rel}","templated":true}]}}