{"id":2028,"date":"2022-04-21T10:00:31","date_gmt":"2022-04-21T08:00:31","guid":{"rendered":"https:\/\/agora.xtec.cat\/escolajujol\/?page_id=2028"},"modified":"2026-03-02T13:01:18","modified_gmt":"2026-03-02T12:01:18","slug":"preinscripcio","status":"publish","type":"page","link":"https:\/\/agora.xtec.cat\/escolajujol\/informacions\/preinscripcio\/","title":{"rendered":"Preinscripci\u00f3"},"content":{"rendered":"<h5 style=\"text-align: center;\"><\/h5>\n<p><a href=\"https:\/\/view.genially.com\/69a5518289e1e84d7c4586cf\/guide-preinscripcio-26-27\"><img loading=\"lazy\" decoding=\"async\" class=\"aligncenter size-full wp-image-2957\" src=\"https:\/\/agora.xtec.cat\/escolajujol\/wp-content\/uploads\/usu1013\/2026\/03\/PREINSCRIPCIO-24-25-ALLARGAT.png\" alt=\"\" width=\"1584\" height=\"396\" srcset=\"https:\/\/agora.xtec.cat\/escolajujol\/wp-content\/uploads\/usu1013\/2026\/03\/PREINSCRIPCIO-24-25-ALLARGAT.png 1584w, https:\/\/agora.xtec.cat\/escolajujol\/wp-content\/uploads\/usu1013\/2026\/03\/PREINSCRIPCIO-24-25-ALLARGAT-300x75.png 300w, https:\/\/agora.xtec.cat\/escolajujol\/wp-content\/uploads\/usu1013\/2026\/03\/PREINSCRIPCIO-24-25-ALLARGAT-1024x256.png 1024w, https:\/\/agora.xtec.cat\/escolajujol\/wp-content\/uploads\/usu1013\/2026\/03\/PREINSCRIPCIO-24-25-ALLARGAT-768x192.png 768w, https:\/\/agora.xtec.cat\/escolajujol\/wp-content\/uploads\/usu1013\/2026\/03\/PREINSCRIPCIO-24-25-ALLARGAT-1536x384.png 1536w\" sizes=\"auto, (max-width: 1584px) 100vw, 1584px\" \/><\/a><\/p>\n<p>Benvolgudes fam\u00edlies, recordeu que el per\u00edode preinscripci\u00f3 \u00e9s del 4 al 18 de mar\u00e7 de 2026. Per obtenir m\u00e9s informaci\u00f3 feu clic a la imatge.<\/p>\n<p style=\"text-align: left;\">Trobareu m\u00e9s informaci\u00f3 a la p\u00e0gina web de preinscripci\u00f3 del<a href=\"https:\/\/preinscripcio.gencat.cat\/ca\/inici\" target=\"_blank\" rel=\"noopener\"> Departament d&#8217;Educaci\u00f3<\/a><a href=\"https:\/\/agora.xtec.cat\/escolajujol\/general\/preinscripcio-2022-2023\/\" target=\"_blank\" rel=\"noopener\"> i a la del <\/a><a href=\"https:\/\/www.edubcn.cat\/ca\/alumnat_i_familia\/informacio_general_matriculacio\/preinscripcio\" target=\"_blank\" rel=\"noopener\">Consorci d&#8217;Educaci\u00f3<\/a><\/p>\n","protected":false},"excerpt":{"rendered":"<p><a href=\"https:\/\/view.genially.com\/69a5518289e1e84d7c4586cf\/guide-preinscripcio-26-27\"><\/a><br \/>\nBenvolgudes fam\u00edlies, recordeu que el per\u00edode preinscripci\u00f3 \u00e9s del 4 al 18 de mar\u00e7 de 2026. Per obtenir m\u00e9s informaci\u00f3 feu clic a la imatge.<br \/>\nTrobareu m\u00e9s informaci\u00f3 a la p\u00e0gina web de preinscripci\u00f3 del<a href=\"https:\/\/preinscripcio.gencat.cat\/ca\/inici\" target=\"_blank\" rel=\"noopener\"> Departament d&#8217;Educaci\u00f3<\/a><a href=\"https:\/\/agora.xtec.cat\/escolajujol\/general\/preinscripcio-2022-2023\/\" target=\"_blank\" rel=\"noopener\"> i a&hellip;  <a href=\"https:\/\/agora.xtec.cat\/escolajujol\/informacions\/preinscripcio\/\" title=\"Read Preinscripci\u00f3\">Llegeix m\u00e9s\u00bb<\/a><\/p>\n","protected":false},"author":1,"featured_media":0,"parent":454,"menu_order":4,"comment_status":"closed","ping_status":"closed","template":"page-templates\/side-menu.php","meta":{"_bbp_topic_count":0,"_bbp_reply_count":0,"_bbp_total_topic_count":0,"_bbp_total_reply_count":0,"_bbp_voice_count":0,"_bbp_anonymous_reply_count":0,"_bbp_topic_count_hidden":0,"_bbp_reply_count_hidden":0,"_bbp_forum_subforum_count":0,"footnotes":""},"class_list":["post-2028","page","type-page","status-publish","hentry"],"post_mailing_queue_ids":[],"_links":{"self":[{"href":"https:\/\/agora.xtec.cat\/escolajujol\/wp-json\/wp\/v2\/pages\/2028","targetHints":{"allow":["GET"]}}],"collection":[{"href":"https:\/\/agora.xtec.cat\/escolajujol\/wp-json\/wp\/v2\/pages"}],"about":[{"href":"https:\/\/agora.xtec.cat\/escolajujol\/wp-json\/wp\/v2\/types\/page"}],"author":[{"embeddable":true,"href":"https:\/\/agora.xtec.cat\/escolajujol\/wp-json\/wp\/v2\/users\/1"}],"replies":[{"embeddable":true,"href":"https:\/\/agora.xtec.cat\/escolajujol\/wp-json\/wp\/v2\/comments?post=2028"}],"version-history":[{"count":7,"href":"https:\/\/agora.xtec.cat\/escolajujol\/wp-json\/wp\/v2\/pages\/2028\/revisions"}],"predecessor-version":[{"id":2964,"href":"https:\/\/agora.xtec.cat\/escolajujol\/wp-json\/wp\/v2\/pages\/2028\/revisions\/2964"}],"up":[{"embeddable":true,"href":"https:\/\/agora.xtec.cat\/escolajujol\/wp-json\/wp\/v2\/pages\/454"}],"wp:attachment":[{"href":"https:\/\/agora.xtec.cat\/escolajujol\/wp-json\/wp\/v2\/media?parent=2028"}],"curies":[{"name":"wp","href":"https:\/\/api.w.org\/{rel}","templated":true}]}}