{"id":1995,"date":"2022-02-07T10:40:36","date_gmt":"2022-02-07T09:40:36","guid":{"rendered":"https:\/\/agora.xtec.cat\/escolajujol\/?page_id=1995"},"modified":"2025-02-20T13:26:40","modified_gmt":"2025-02-20T12:26:40","slug":"consell-escolar","status":"publish","type":"page","link":"https:\/\/agora.xtec.cat\/escolajujol\/la-nostra-escola\/consell-escolar\/","title":{"rendered":"Consell Escolar"},"content":{"rendered":"<p>El consell escolar del centre \u00e9s l&#8217;<strong>\u00f2rgan col\u00b7legiat de participaci\u00f3<\/strong> de la comunitat escolar en el govern del centre. En el consell escolar hi ha representats tots els col\u00b7lectius que intervenen en la comunitat educativa.<\/p>\n<p>En els centres p\u00fablics, la funci\u00f3 principal del consell escolar \u00e9s participar en la presa de decisions en relaci\u00f3 amb aquells temes importants per al funcionament i l&#8217;organitzaci\u00f3 del centre: el projecte educatiu, la programaci\u00f3 general, la gesti\u00f3 econ\u00f2mica, etc.\u00a0Els membres del consell escolar s\u00f3n elegits per un per\u00edode de quatre anys i es renoven per meitats cada dos anys.<\/p>\n<p>Els membres que formen part del Consell Escolar de la nostra escola s\u00f3n:<\/p>\n<table style=\"width: 41.6059%; border-collapse: collapse; border-style: dashed; border-color: #086fcf;\">\n<tbody>\n<tr>\n<td style=\"width: 14.6854%;\"><strong>Equip Directiu<\/strong><\/td>\n<td style=\"width: 14.0585%;\">Director: Ivan Trillo<\/p>\n<p>Cap d&#8217;Estudis: Bet Lacalle<\/td>\n<\/tr>\n<tr>\n<td style=\"width: 14.6854%;\"><strong>Representants del sector mestres<\/strong><\/td>\n<td style=\"width: 14.0585%;\"><span style=\"font-weight: 400;\">Laura Collado<\/span><\/p>\n<p>Ernest Franc\u00e0s<\/p>\n<p><span style=\"font-weight: 400;\">Josep Maria Gr\u00e0cia<\/span><\/p>\n<p>Xavi Hern\u00e1ndez<\/p>\n<p><span style=\"font-weight: 400;\">Laura Parra<\/span><\/p>\n<p>Eduard Tarrida<\/td>\n<\/tr>\n<tr>\n<td style=\"width: 14.6854%;\"><strong>Representants del sector fam\u00edlies<\/strong><\/td>\n<td style=\"width: 14.0585%;\"><span style=\"font-weight: 400;\">Alexis Aldeguer<\/span><\/p>\n<p>Clara Bernardo<\/p>\n<p><span style=\"font-weight: 400;\">Mel\u00e0nia Ferrer<\/span><\/p>\n<p><span style=\"font-weight: 400;\">Clauci Gasperini<\/span><\/p>\n<p><span style=\"font-weight: 400;\">Irene Sol\u00eds<\/span><\/td>\n<\/tr>\n<tr>\n<td style=\"width: 14.6854%;\"><strong>Representant PAS<\/strong><\/td>\n<td style=\"width: 14.0585%;\"><span style=\"font-weight: 400;\">Carme Corrales\u00a0<\/span><\/td>\n<\/tr>\n<tr>\n<td style=\"width: 14.6854%;\"><strong>Representant de l\u2019AFA<\/strong><\/td>\n<td style=\"width: 14.0585%;\"><span style=\"font-weight: 400;\">Jordi Sanch\u00eds<\/span><\/td>\n<\/tr>\n<tr>\n<td style=\"width: 14.6854%;\"><strong>Representant de l\u2019Ajuntament<\/strong><\/td>\n<td style=\"width: 14.0585%;\"><span style=\"font-weight: 400;\">Paula Reyes<\/span><\/td>\n<\/tr>\n<tr>\n<td style=\"width: 14.6854%;\"><strong>Secret\u00e0ria del Consell<\/strong><\/td>\n<td style=\"width: 14.0585%;\"><span style=\"font-weight: 400;\">Ares Liesa<\/span><\/td>\n<\/tr>\n<\/tbody>\n<\/table>\n<p>&nbsp;<\/p>\n","protected":false},"excerpt":{"rendered":"<p>El consell escolar del centre \u00e9s l&#8217;\u00f2rgan col\u00b7legiat de participaci\u00f3 de la comunitat escolar en el govern del centre. En el consell escolar hi ha representats tots els col\u00b7lectius que intervenen en la comunitat educativa.<br \/>\nEn els centres p\u00fablics, la funci\u00f3 principal del consell escolar \u00e9s&hellip;  <a href=\"https:\/\/agora.xtec.cat\/escolajujol\/la-nostra-escola\/consell-escolar\/\" title=\"Read Consell Escolar\">Llegeix m\u00e9s\u00bb<\/a><\/p>\n","protected":false},"author":1,"featured_media":0,"parent":2568,"menu_order":5,"comment_status":"closed","ping_status":"closed","template":"page-templates\/side-menu.php","meta":{"_bbp_topic_count":0,"_bbp_reply_count":0,"_bbp_total_topic_count":0,"_bbp_total_reply_count":0,"_bbp_voice_count":0,"_bbp_anonymous_reply_count":0,"_bbp_topic_count_hidden":0,"_bbp_reply_count_hidden":0,"_bbp_forum_subforum_count":0,"footnotes":""},"class_list":["post-1995","page","type-page","status-publish","hentry"],"post_mailing_queue_ids":[],"_links":{"self":[{"href":"https:\/\/agora.xtec.cat\/escolajujol\/wp-json\/wp\/v2\/pages\/1995","targetHints":{"allow":["GET"]}}],"collection":[{"href":"https:\/\/agora.xtec.cat\/escolajujol\/wp-json\/wp\/v2\/pages"}],"about":[{"href":"https:\/\/agora.xtec.cat\/escolajujol\/wp-json\/wp\/v2\/types\/page"}],"author":[{"embeddable":true,"href":"https:\/\/agora.xtec.cat\/escolajujol\/wp-json\/wp\/v2\/users\/1"}],"replies":[{"embeddable":true,"href":"https:\/\/agora.xtec.cat\/escolajujol\/wp-json\/wp\/v2\/comments?post=1995"}],"version-history":[{"count":5,"href":"https:\/\/agora.xtec.cat\/escolajujol\/wp-json\/wp\/v2\/pages\/1995\/revisions"}],"predecessor-version":[{"id":2847,"href":"https:\/\/agora.xtec.cat\/escolajujol\/wp-json\/wp\/v2\/pages\/1995\/revisions\/2847"}],"up":[{"embeddable":true,"href":"https:\/\/agora.xtec.cat\/escolajujol\/wp-json\/wp\/v2\/pages\/2568"}],"wp:attachment":[{"href":"https:\/\/agora.xtec.cat\/escolajujol\/wp-json\/wp\/v2\/media?parent=1995"}],"curies":[{"name":"wp","href":"https:\/\/api.w.org\/{rel}","templated":true}]}}