{"id":1617,"date":"2023-01-22T13:28:09","date_gmt":"2023-01-22T12:28:09","guid":{"rendered":"http:\/\/agora.xtec.cat\/escolajujol\/?page_id=1617"},"modified":"2025-02-20T13:44:44","modified_gmt":"2025-02-20T12:44:44","slug":"tallers-artistics-esborrany","status":"publish","type":"page","link":"https:\/\/agora.xtec.cat\/escolajujol\/projectes\/tallers-artistics-esborrany\/","title":{"rendered":"Expressi\u00f3 art\u00edstica"},"content":{"rendered":"<p><span style=\"font-weight: 400;\">L\u2019expressi\u00f3 art\u00edstica \u00e9s un altre pilar molt important per l\u2019aprenentatge, \u00e9s per aix\u00f2 que des de l\u2019escola treballem diverses t\u00e8cniques i disciplines art\u00edstiques en diferents moments d\u2019aula.\u00a0<\/span><\/p>\n<p><span style=\"font-weight: 400;\">A Educaci\u00f3 Infantil, l\u2019<\/span><b>art<\/b><span style=\"font-weight: 400;\"> forma part del dia a dia a l\u2019aula en les diferents propostes d\u2019aprenentatge. A m\u00e9s, es fa una sessi\u00f3 setmanal dedicada a l\u2019expressi\u00f3 art\u00edstica i dues tardes d\u2019espais, barrejant alumnat I3,I4 i I5, on treballen des de la dramatitzaci\u00f3 i la m\u00fasica fins a l\u2019experimentaci\u00f3 amb diferents t\u00e8cniques pl\u00e0stiques.\u00a0<\/span><\/p>\n<p><span style=\"font-weight: 400;\">D\u2019altra banda, a l\u2019Ed. Prim\u00e0ria ja comencem amb una tarda setmanal de <\/span><b>tallers art\u00edstics<\/b><span style=\"font-weight: 400;\"> intercicle, barrejant alumnat de 1r amb 2n, 3r i 4t, 5\u00e8 i 6\u00e8. Aquest espai est\u00e0 format per cinc tallers que incideixen en el llenguatge visual, pl\u00e0stic i musical tenint present tamb\u00e9 l\u2019expressi\u00f3 corporal, les tecnologies d\u2019aprenentatge i comunicaci\u00f3 o la m\u00fasica i la dansa.<\/span><\/p>\n<table style=\"border-collapse: collapse; width: 100%;\">\n<tbody>\n<tr>\n<td style=\"width: 31.5765%;\"><a href=\"https:\/\/agora.xtec.cat\/escolajujol\/wp-content\/uploads\/usu1013\/2025\/01\/Captura-de-pantalla-2025-01-27-134110.png\"><img loading=\"lazy\" decoding=\"async\" class=\"aligncenter wp-image-2666\" src=\"https:\/\/agora.xtec.cat\/escolajujol\/wp-content\/uploads\/usu1013\/2025\/01\/Captura-de-pantalla-2025-01-27-134110.png\" alt=\"\" width=\"198\" height=\"267\" srcset=\"https:\/\/agora.xtec.cat\/escolajujol\/wp-content\/uploads\/usu1013\/2025\/01\/Captura-de-pantalla-2025-01-27-134110.png 445w, https:\/\/agora.xtec.cat\/escolajujol\/wp-content\/uploads\/usu1013\/2025\/01\/Captura-de-pantalla-2025-01-27-134110-223x300.png 223w\" sizes=\"auto, (max-width: 198px) 100vw, 198px\" \/><\/a><\/td>\n<td style=\"width: 35.0901%;\"><a href=\"https:\/\/agora.xtec.cat\/escolajujol\/wp-content\/uploads\/usu1013\/2025\/01\/Captura-de-pantalla-2025-01-27-134126.png\"><img loading=\"lazy\" decoding=\"async\" class=\"aligncenter wp-image-2668\" src=\"https:\/\/agora.xtec.cat\/escolajujol\/wp-content\/uploads\/usu1013\/2025\/01\/Captura-de-pantalla-2025-01-27-134126.png\" alt=\"\" width=\"227\" height=\"269\" srcset=\"https:\/\/agora.xtec.cat\/escolajujol\/wp-content\/uploads\/usu1013\/2025\/01\/Captura-de-pantalla-2025-01-27-134126.png 431w, https:\/\/agora.xtec.cat\/escolajujol\/wp-content\/uploads\/usu1013\/2025\/01\/Captura-de-pantalla-2025-01-27-134126-253x300.png 253w\" sizes=\"auto, (max-width: 227px) 100vw, 227px\" \/><\/a><\/td>\n<td style=\"width: 33.3333%;\"><a href=\"https:\/\/agora.xtec.cat\/escolajujol\/wp-content\/uploads\/usu1013\/2025\/01\/Captura-de-pantalla-2025-01-27-134118.png\"><img loading=\"lazy\" decoding=\"async\" class=\"aligncenter size-large wp-image-2667\" src=\"https:\/\/agora.xtec.cat\/escolajujol\/wp-content\/uploads\/usu1013\/2025\/01\/Captura-de-pantalla-2025-01-27-134118.png\" alt=\"\" width=\"433\" height=\"623\" srcset=\"https:\/\/agora.xtec.cat\/escolajujol\/wp-content\/uploads\/usu1013\/2025\/01\/Captura-de-pantalla-2025-01-27-134118.png 433w, https:\/\/agora.xtec.cat\/escolajujol\/wp-content\/uploads\/usu1013\/2025\/01\/Captura-de-pantalla-2025-01-27-134118-209x300.png 209w\" sizes=\"auto, (max-width: 433px) 100vw, 433px\" \/><\/a><\/td>\n<\/tr>\n<tr>\n<td style=\"width: 31.5765%;\"><a href=\"https:\/\/agora.xtec.cat\/escolajujol\/wp-content\/uploads\/usu1013\/2025\/01\/Captura-de-pantalla-2025-01-27-134131.png\"><img loading=\"lazy\" decoding=\"async\" class=\"aligncenter wp-image-2669\" src=\"https:\/\/agora.xtec.cat\/escolajujol\/wp-content\/uploads\/usu1013\/2025\/01\/Captura-de-pantalla-2025-01-27-134131.png\" alt=\"\" width=\"233\" height=\"243\" srcset=\"https:\/\/agora.xtec.cat\/escolajujol\/wp-content\/uploads\/usu1013\/2025\/01\/Captura-de-pantalla-2025-01-27-134131.png 479w, https:\/\/agora.xtec.cat\/escolajujol\/wp-content\/uploads\/usu1013\/2025\/01\/Captura-de-pantalla-2025-01-27-134131-289x300.png 289w\" sizes=\"auto, (max-width: 233px) 100vw, 233px\" \/><\/a><\/td>\n<td style=\"width: 35.0901%;\"><a href=\"https:\/\/agora.xtec.cat\/escolajujol\/wp-content\/uploads\/usu1013\/2025\/01\/Captura-de-pantalla-2025-01-27-133808.png\"><img loading=\"lazy\" decoding=\"async\" class=\"aligncenter wp-image-2662\" src=\"https:\/\/agora.xtec.cat\/escolajujol\/wp-content\/uploads\/usu1013\/2025\/01\/Captura-de-pantalla-2025-01-27-133808.png\" alt=\"\" width=\"109\" height=\"138\" srcset=\"https:\/\/agora.xtec.cat\/escolajujol\/wp-content\/uploads\/usu1013\/2025\/01\/Captura-de-pantalla-2025-01-27-133808.png 405w, https:\/\/agora.xtec.cat\/escolajujol\/wp-content\/uploads\/usu1013\/2025\/01\/Captura-de-pantalla-2025-01-27-133808-238x300.png 238w\" sizes=\"auto, (max-width: 109px) 100vw, 109px\" \/><\/a><a href=\"https:\/\/agora.xtec.cat\/escolajujol\/wp-content\/uploads\/usu1013\/2025\/01\/Captura-de-pantalla-2025-01-27-133819.png\"><img loading=\"lazy\" decoding=\"async\" class=\"aligncenter wp-image-2663\" src=\"https:\/\/agora.xtec.cat\/escolajujol\/wp-content\/uploads\/usu1013\/2025\/01\/Captura-de-pantalla-2025-01-27-133819.png\" alt=\"\" width=\"169\" height=\"181\" srcset=\"https:\/\/agora.xtec.cat\/escolajujol\/wp-content\/uploads\/usu1013\/2025\/01\/Captura-de-pantalla-2025-01-27-133819.png 478w, https:\/\/agora.xtec.cat\/escolajujol\/wp-content\/uploads\/usu1013\/2025\/01\/Captura-de-pantalla-2025-01-27-133819-281x300.png 281w\" sizes=\"auto, (max-width: 169px) 100vw, 169px\" \/><\/a><\/td>\n<td style=\"width: 33.3333%;\"><a href=\"https:\/\/agora.xtec.cat\/escolajujol\/wp-content\/uploads\/usu1013\/2025\/01\/Captura-de-pantalla-2025-01-27-133849.png\"><img loading=\"lazy\" decoding=\"async\" class=\"aligncenter size-large wp-image-2664\" src=\"https:\/\/agora.xtec.cat\/escolajujol\/wp-content\/uploads\/usu1013\/2025\/01\/Captura-de-pantalla-2025-01-27-133849.png\" alt=\"\" width=\"778\" height=\"638\" srcset=\"https:\/\/agora.xtec.cat\/escolajujol\/wp-content\/uploads\/usu1013\/2025\/01\/Captura-de-pantalla-2025-01-27-133849.png 778w, https:\/\/agora.xtec.cat\/escolajujol\/wp-content\/uploads\/usu1013\/2025\/01\/Captura-de-pantalla-2025-01-27-133849-300x246.png 300w, https:\/\/agora.xtec.cat\/escolajujol\/wp-content\/uploads\/usu1013\/2025\/01\/Captura-de-pantalla-2025-01-27-133849-768x630.png 768w\" sizes=\"auto, (max-width: 778px) 100vw, 778px\" \/><\/a><\/td>\n<\/tr>\n<\/tbody>\n<\/table>\n","protected":false},"excerpt":{"rendered":"<p>L\u2019expressi\u00f3 art\u00edstica \u00e9s un altre pilar molt important per l\u2019aprenentatge, \u00e9s per aix\u00f2 que des de l\u2019escola treballem diverses t\u00e8cniques i disciplines art\u00edstiques en diferents moments d\u2019aula.\u00a0<br \/>\nA Educaci\u00f3 Infantil, l\u2019art forma part del dia a dia a l\u2019aula en les diferents propostes d\u2019aprenentatge. A m\u00e9s,&hellip;  <a href=\"https:\/\/agora.xtec.cat\/escolajujol\/projectes\/tallers-artistics-esborrany\/\" title=\"Read Expressi\u00f3 art\u00edstica\">Llegeix m\u00e9s\u00bb<\/a><\/p>\n","protected":false},"author":1,"featured_media":0,"parent":449,"menu_order":3,"comment_status":"closed","ping_status":"closed","template":"page-templates\/side-menu.php","meta":{"_bbp_topic_count":0,"_bbp_reply_count":0,"_bbp_total_topic_count":0,"_bbp_total_reply_count":0,"_bbp_voice_count":0,"_bbp_anonymous_reply_count":0,"_bbp_topic_count_hidden":0,"_bbp_reply_count_hidden":0,"_bbp_forum_subforum_count":0,"footnotes":""},"class_list":["post-1617","page","type-page","status-publish","hentry"],"post_mailing_queue_ids":[],"_links":{"self":[{"href":"https:\/\/agora.xtec.cat\/escolajujol\/wp-json\/wp\/v2\/pages\/1617","targetHints":{"allow":["GET"]}}],"collection":[{"href":"https:\/\/agora.xtec.cat\/escolajujol\/wp-json\/wp\/v2\/pages"}],"about":[{"href":"https:\/\/agora.xtec.cat\/escolajujol\/wp-json\/wp\/v2\/types\/page"}],"author":[{"embeddable":true,"href":"https:\/\/agora.xtec.cat\/escolajujol\/wp-json\/wp\/v2\/users\/1"}],"replies":[{"embeddable":true,"href":"https:\/\/agora.xtec.cat\/escolajujol\/wp-json\/wp\/v2\/comments?post=1617"}],"version-history":[{"count":6,"href":"https:\/\/agora.xtec.cat\/escolajujol\/wp-json\/wp\/v2\/pages\/1617\/revisions"}],"predecessor-version":[{"id":2867,"href":"https:\/\/agora.xtec.cat\/escolajujol\/wp-json\/wp\/v2\/pages\/1617\/revisions\/2867"}],"up":[{"embeddable":true,"href":"https:\/\/agora.xtec.cat\/escolajujol\/wp-json\/wp\/v2\/pages\/449"}],"wp:attachment":[{"href":"https:\/\/agora.xtec.cat\/escolajujol\/wp-json\/wp\/v2\/media?parent=1617"}],"curies":[{"name":"wp","href":"https:\/\/api.w.org\/{rel}","templated":true}]}}