{"id":1616,"date":"2023-01-24T17:31:00","date_gmt":"2023-01-24T16:31:00","guid":{"rendered":"http:\/\/agora.xtec.cat\/escolajujol\/?page_id=1616"},"modified":"2025-02-13T16:42:20","modified_gmt":"2025-02-13T15:42:20","slug":"racons-matematics-esborrany","status":"publish","type":"page","link":"https:\/\/agora.xtec.cat\/escolajujol\/projectes\/racons-matematics-esborrany\/","title":{"rendered":"Racons matem\u00e0tics"},"content":{"rendered":"<p><strong>El treball per racons \u00e9s una metodologia que consisteix a organitzar l\u2019aula en diversos espais on els alumnes, distribu\u00efts en petits grups, realitzen activitats simult\u00e0nies de manera aut\u00f2noma o guiada.<\/strong><\/p>\n<p>A l&#8217;Escola Josep Maria Jujol utilitzem aquesta metodologia per treballar transversalment les matem\u00e0tiques des d&#8217;I3 a 6\u00e8. Considerem que \u00e9s una manera de treballar els grans blocs de les matem\u00e0tiques de manera m\u00e9s creativa i flexible.<br \/>\nDes d\u2019aquest plantejament es d\u00f3na a l\u2019alumne el protagonisme absolut del seu aprenentatge participant de manera activa: pot manipular materials diferents dels que es fan servir col\u00b7lectivament, facilita la interacci\u00f3 els companys i companyes i l&#8217;oportunitat de compartir, comunicar-se, discutir i respectar les idees dels altres, a ser guia i tamb\u00e9 a aprendre dels iguals.<\/p>\n<p>Amb aquesta metodologia l&#8217;infant pren consci\u00e8ncia de les seves possibilitats, accepta i apr\u00e8n dels seus errors, deixa lloc a la creativitat i la imaginaci\u00f3, ha d&#8217;organitzar-se, planificar la feina, esbrinar qu\u00e8 vol aprendre i quin cam\u00ed pot seguir per aconseguir-ho.<\/p>\n<p>&nbsp;<\/p>\n<table style=\"border-collapse: collapse; width: 100%;\">\n<tbody>\n<tr>\n<td style=\"width: 33.3333%;\"><a href=\"https:\/\/agora.xtec.cat\/escolajujol\/wp-content\/uploads\/usu1013\/2025\/01\/Captura-de-pantalla-2025-01-27-124215.png\"><img loading=\"lazy\" decoding=\"async\" class=\"aligncenter size-full wp-image-2651\" src=\"https:\/\/agora.xtec.cat\/escolajujol\/wp-content\/uploads\/usu1013\/2025\/01\/Captura-de-pantalla-2025-01-27-124215.png\" alt=\"\" width=\"385\" height=\"282\" srcset=\"https:\/\/agora.xtec.cat\/escolajujol\/wp-content\/uploads\/usu1013\/2025\/01\/Captura-de-pantalla-2025-01-27-124215.png 385w, https:\/\/agora.xtec.cat\/escolajujol\/wp-content\/uploads\/usu1013\/2025\/01\/Captura-de-pantalla-2025-01-27-124215-300x220.png 300w\" sizes=\"auto, (max-width: 385px) 100vw, 385px\" \/><\/a><\/td>\n<td style=\"width: 33.3333%;\"><a href=\"https:\/\/agora.xtec.cat\/escolajujol\/wp-content\/uploads\/usu1013\/2025\/01\/Captura-de-pantalla-2025-01-27-133226.png\"><img loading=\"lazy\" decoding=\"async\" class=\"aligncenter size-large wp-image-2657\" src=\"https:\/\/agora.xtec.cat\/escolajujol\/wp-content\/uploads\/usu1013\/2025\/01\/Captura-de-pantalla-2025-01-27-133226.png\" alt=\"\" width=\"563\" height=\"455\" srcset=\"https:\/\/agora.xtec.cat\/escolajujol\/wp-content\/uploads\/usu1013\/2025\/01\/Captura-de-pantalla-2025-01-27-133226.png 563w, https:\/\/agora.xtec.cat\/escolajujol\/wp-content\/uploads\/usu1013\/2025\/01\/Captura-de-pantalla-2025-01-27-133226-300x242.png 300w\" sizes=\"auto, (max-width: 563px) 100vw, 563px\" \/><\/a><\/td>\n<td style=\"width: 33.3333%;\"><a href=\"https:\/\/agora.xtec.cat\/escolajujol\/wp-content\/uploads\/usu1013\/2025\/01\/Captura-de-pantalla-2025-01-27-133159.png\"><img loading=\"lazy\" decoding=\"async\" class=\"aligncenter size-large wp-image-2656\" src=\"https:\/\/agora.xtec.cat\/escolajujol\/wp-content\/uploads\/usu1013\/2025\/01\/Captura-de-pantalla-2025-01-27-133159.png\" alt=\"\" width=\"303\" height=\"257\" srcset=\"https:\/\/agora.xtec.cat\/escolajujol\/wp-content\/uploads\/usu1013\/2025\/01\/Captura-de-pantalla-2025-01-27-133159.png 303w, https:\/\/agora.xtec.cat\/escolajujol\/wp-content\/uploads\/usu1013\/2025\/01\/Captura-de-pantalla-2025-01-27-133159-300x254.png 300w\" sizes=\"auto, (max-width: 303px) 100vw, 303px\" \/><\/a><\/td>\n<\/tr>\n<tr>\n<td style=\"width: 33.3333%;\"><a href=\"https:\/\/agora.xtec.cat\/escolajujol\/wp-content\/uploads\/usu1013\/2025\/01\/Captura-de-pantalla-2025-01-27-133137.png\"><img loading=\"lazy\" decoding=\"async\" class=\"aligncenter wp-image-2655\" src=\"https:\/\/agora.xtec.cat\/escolajujol\/wp-content\/uploads\/usu1013\/2025\/01\/Captura-de-pantalla-2025-01-27-133137.png\" alt=\"\" width=\"181\" height=\"209\" srcset=\"https:\/\/agora.xtec.cat\/escolajujol\/wp-content\/uploads\/usu1013\/2025\/01\/Captura-de-pantalla-2025-01-27-133137.png 430w, https:\/\/agora.xtec.cat\/escolajujol\/wp-content\/uploads\/usu1013\/2025\/01\/Captura-de-pantalla-2025-01-27-133137-260x300.png 260w\" sizes=\"auto, (max-width: 181px) 100vw, 181px\" \/><\/a><\/td>\n<td style=\"width: 33.3333%;\"><a href=\"https:\/\/agora.xtec.cat\/escolajujol\/wp-content\/uploads\/usu1013\/2025\/01\/Captura-de-pantalla-2025-01-27-133024.png\"><img loading=\"lazy\" decoding=\"async\" class=\"aligncenter size-full wp-image-2654\" src=\"https:\/\/agora.xtec.cat\/escolajujol\/wp-content\/uploads\/usu1013\/2025\/01\/Captura-de-pantalla-2025-01-27-133024.png\" alt=\"\" width=\"523\" height=\"272\" srcset=\"https:\/\/agora.xtec.cat\/escolajujol\/wp-content\/uploads\/usu1013\/2025\/01\/Captura-de-pantalla-2025-01-27-133024.png 523w, https:\/\/agora.xtec.cat\/escolajujol\/wp-content\/uploads\/usu1013\/2025\/01\/Captura-de-pantalla-2025-01-27-133024-300x156.png 300w\" sizes=\"auto, (max-width: 523px) 100vw, 523px\" \/><\/a><\/td>\n<td style=\"width: 33.3333%;\"><a href=\"https:\/\/agora.xtec.cat\/escolajujol\/wp-content\/uploads\/usu1013\/2025\/01\/Captura-de-pantalla-2025-01-27-124227.png\"><img loading=\"lazy\" decoding=\"async\" class=\"aligncenter size-large wp-image-2652\" src=\"https:\/\/agora.xtec.cat\/escolajujol\/wp-content\/uploads\/usu1013\/2025\/01\/Captura-de-pantalla-2025-01-27-124227.png\" alt=\"\" width=\"329\" height=\"216\" srcset=\"https:\/\/agora.xtec.cat\/escolajujol\/wp-content\/uploads\/usu1013\/2025\/01\/Captura-de-pantalla-2025-01-27-124227.png 329w, https:\/\/agora.xtec.cat\/escolajujol\/wp-content\/uploads\/usu1013\/2025\/01\/Captura-de-pantalla-2025-01-27-124227-300x197.png 300w\" sizes=\"auto, (max-width: 329px) 100vw, 329px\" \/><\/a><\/td>\n<\/tr>\n<\/tbody>\n<\/table>\n<p>&nbsp;<\/p>\n","protected":false},"excerpt":{"rendered":"<p>El treball per racons \u00e9s una metodologia que consisteix a organitzar l\u2019aula en diversos espais on els alumnes, distribu\u00efts en petits grups, realitzen activitats simult\u00e0nies de manera aut\u00f2noma o guiada.<br \/>\nA l&#8217;Escola Josep Maria Jujol utilitzem aquesta metodologia per treballar transversalment les matem\u00e0tiques des d&#8217;I3 a&hellip;  <a href=\"https:\/\/agora.xtec.cat\/escolajujol\/projectes\/racons-matematics-esborrany\/\" title=\"Read Racons matem\u00e0tics\">Llegeix m\u00e9s\u00bb<\/a><\/p>\n","protected":false},"author":1,"featured_media":0,"parent":449,"menu_order":6,"comment_status":"closed","ping_status":"closed","template":"page-templates\/side-menu.php","meta":{"_bbp_topic_count":0,"_bbp_reply_count":0,"_bbp_total_topic_count":0,"_bbp_total_reply_count":0,"_bbp_voice_count":0,"_bbp_anonymous_reply_count":0,"_bbp_topic_count_hidden":0,"_bbp_reply_count_hidden":0,"_bbp_forum_subforum_count":0,"footnotes":""},"class_list":["post-1616","page","type-page","status-publish","hentry"],"post_mailing_queue_ids":[],"_links":{"self":[{"href":"https:\/\/agora.xtec.cat\/escolajujol\/wp-json\/wp\/v2\/pages\/1616","targetHints":{"allow":["GET"]}}],"collection":[{"href":"https:\/\/agora.xtec.cat\/escolajujol\/wp-json\/wp\/v2\/pages"}],"about":[{"href":"https:\/\/agora.xtec.cat\/escolajujol\/wp-json\/wp\/v2\/types\/page"}],"author":[{"embeddable":true,"href":"https:\/\/agora.xtec.cat\/escolajujol\/wp-json\/wp\/v2\/users\/1"}],"replies":[{"embeddable":true,"href":"https:\/\/agora.xtec.cat\/escolajujol\/wp-json\/wp\/v2\/comments?post=1616"}],"version-history":[{"count":6,"href":"https:\/\/agora.xtec.cat\/escolajujol\/wp-json\/wp\/v2\/pages\/1616\/revisions"}],"predecessor-version":[{"id":2659,"href":"https:\/\/agora.xtec.cat\/escolajujol\/wp-json\/wp\/v2\/pages\/1616\/revisions\/2659"}],"up":[{"embeddable":true,"href":"https:\/\/agora.xtec.cat\/escolajujol\/wp-json\/wp\/v2\/pages\/449"}],"wp:attachment":[{"href":"https:\/\/agora.xtec.cat\/escolajujol\/wp-json\/wp\/v2\/media?parent=1616"}],"curies":[{"name":"wp","href":"https:\/\/api.w.org\/{rel}","templated":true}]}}