{"id":1613,"date":"2023-01-22T13:08:08","date_gmt":"2023-01-22T12:08:08","guid":{"rendered":"http:\/\/agora.xtec.cat\/escolajujol\/?page_id=1613"},"modified":"2025-02-13T16:41:11","modified_gmt":"2025-02-13T15:41:11","slug":"espais-educacio-infantil","status":"publish","type":"page","link":"https:\/\/agora.xtec.cat\/escolajujol\/projectes\/espais-educacio-infantil\/","title":{"rendered":"Espais Educaci\u00f3 Infantil"},"content":{"rendered":"<p><span style=\"font-weight: 400;\">A Educaci\u00f3 Infantil oferim una manera diferent d\u2019organitzar els alumnes, l\u2019espai i els materials per tal de fomentar i construir un lloc on l\u2019aprenentatge sorgeixi espont\u00e0niament a partir del disseny d&#8217;uns espais determinats. Volem que l\u2019infant sigui constructor del seu propi aprenentatge. Aix\u00ed doncs, dues tardes a la setmana, barregem tot l\u2019alumnat d&#8217;I3, I4 i I5 per a que pugui interaccionar de manera conjunta en diferents espais de joc i aprenentatge. Cada alumne pot escollir l\u2019espai al que vol anar a cada sessi\u00f3.<\/span><\/p>\n<p><span style=\"font-weight: 400;\">Es tracta de presentar diferents propostes lliures que permetin als infants desenvolupar les seves capacitats i habilitats de manera globalitzada. Donant import\u00e0ncia a relacionar-se, jugar i descobrir amb infants de diferents nivells. Aquesta interacci\u00f3 afavoreix el desenvolupament del llenguatge, la creaci\u00f3 de nous vincles, l\u2019autonomia, la capacitat de decisi\u00f3 i interioritzaci\u00f3 de diferents normes socials.\u00a0<\/span><\/p>\n<p><span style=\"font-weight: 400;\">Tenim 9 espais organitzats en les diferents aules d\u2019infantil i altres espais de l&#8217;escola. Aquests s\u00f3n:<\/span><\/p>\n<table style=\"width: 685px;\">\n<tbody>\n<tr>\n<td style=\"width: 217px;\"><span style=\"font-weight: 400;\">Espai de llums i ombres\u00a0<\/span><\/td>\n<td style=\"width: 230px;\"><span style=\"font-weight: 400;\">Espai de psicomotricitat<\/span><\/td>\n<td style=\"width: 228px;\"><span style=\"font-weight: 400;\">Espai musical<\/span><\/td>\n<\/tr>\n<tr>\n<td style=\"width: 217px;\"><span style=\"font-weight: 400;\">Espai d&#8217;art<\/span><\/td>\n<td style=\"width: 230px;\"><span style=\"font-weight: 400;\">Espai cient\u00edfic<\/span><\/td>\n<td style=\"width: 228px;\"><span style=\"font-weight: 400;\">Espai manipulatiu<\/span><\/td>\n<\/tr>\n<tr>\n<td style=\"width: 217px;\"><span style=\"font-weight: 400;\">Espai de minimons<\/span><\/td>\n<td style=\"width: 230px;\"><span style=\"font-weight: 400;\">Espai de joc simb\u00f2lic (sala verda)<\/span><\/td>\n<td style=\"width: 228px;\"><span style=\"font-weight: 400;\">Espai de mandales<\/span><\/td>\n<\/tr>\n<\/tbody>\n<\/table>\n<p>&nbsp;<\/p>\n","protected":false},"excerpt":{"rendered":"<p>A Educaci\u00f3 Infantil oferim una manera diferent d\u2019organitzar els alumnes, l\u2019espai i els materials per tal de fomentar i construir un lloc on l\u2019aprenentatge sorgeixi espont\u00e0niament a partir del disseny d&#8217;uns espais determinats. Volem que l\u2019infant sigui constructor del seu propi aprenentatge. Aix\u00ed doncs, dues&hellip;  <a href=\"https:\/\/agora.xtec.cat\/escolajujol\/projectes\/espais-educacio-infantil\/\" title=\"Read Espais Educaci\u00f3 Infantil\">Llegeix m\u00e9s\u00bb<\/a><\/p>\n","protected":false},"author":1,"featured_media":0,"parent":449,"menu_order":2,"comment_status":"closed","ping_status":"closed","template":"page-templates\/side-menu.php","meta":{"_bbp_topic_count":0,"_bbp_reply_count":0,"_bbp_total_topic_count":0,"_bbp_total_reply_count":0,"_bbp_voice_count":0,"_bbp_anonymous_reply_count":0,"_bbp_topic_count_hidden":0,"_bbp_reply_count_hidden":0,"_bbp_forum_subforum_count":0,"footnotes":""},"class_list":["post-1613","page","type-page","status-publish","hentry"],"post_mailing_queue_ids":[],"_links":{"self":[{"href":"https:\/\/agora.xtec.cat\/escolajujol\/wp-json\/wp\/v2\/pages\/1613","targetHints":{"allow":["GET"]}}],"collection":[{"href":"https:\/\/agora.xtec.cat\/escolajujol\/wp-json\/wp\/v2\/pages"}],"about":[{"href":"https:\/\/agora.xtec.cat\/escolajujol\/wp-json\/wp\/v2\/types\/page"}],"author":[{"embeddable":true,"href":"https:\/\/agora.xtec.cat\/escolajujol\/wp-json\/wp\/v2\/users\/1"}],"replies":[{"embeddable":true,"href":"https:\/\/agora.xtec.cat\/escolajujol\/wp-json\/wp\/v2\/comments?post=1613"}],"version-history":[{"count":5,"href":"https:\/\/agora.xtec.cat\/escolajujol\/wp-json\/wp\/v2\/pages\/1613\/revisions"}],"predecessor-version":[{"id":2819,"href":"https:\/\/agora.xtec.cat\/escolajujol\/wp-json\/wp\/v2\/pages\/1613\/revisions\/2819"}],"up":[{"embeddable":true,"href":"https:\/\/agora.xtec.cat\/escolajujol\/wp-json\/wp\/v2\/pages\/449"}],"wp:attachment":[{"href":"https:\/\/agora.xtec.cat\/escolajujol\/wp-json\/wp\/v2\/media?parent=1613"}],"curies":[{"name":"wp","href":"https:\/\/api.w.org\/{rel}","templated":true}]}}