{"id":1248,"date":"2020-03-02T15:10:15","date_gmt":"2020-03-02T14:10:15","guid":{"rendered":"http:\/\/agora.xtec.cat\/escolajujol\/?page_id=1248"},"modified":"2025-06-20T07:28:56","modified_gmt":"2025-06-20T05:28:56","slug":"enquesta-de-satisfaccio-espai-migdia","status":"publish","type":"page","link":"https:\/\/agora.xtec.cat\/escolajujol\/serveis\/menjador\/enquesta-de-satisfaccio-espai-migdia\/","title":{"rendered":"Enquesta de satisfacci\u00f3 espai migdia"},"content":{"rendered":"<p>Enguany, i amb col\u00b7laboraci\u00f3 amb la Comissi\u00f3 de Menjador de l&#8217;AFA, hem elaborat i passat una enquesta de satisfacci\u00f3 de l&#8217;espai migdia a les fam\u00edlies usu\u00e0ries d&#8217;aquest servei.<\/p>\n<p>Per tal que pugueu veure&#8217;n els resultats, aqu\u00ed us deixem aquest document online (si voleu veure&#8217;l en mida gran cliqueu a la icona que veureu al centre):<\/p>\n<div style=\"text-align: center;\">\n<div style=\"text-align: center;\">\n<div style=\"text-align: center;\">\n<div style=\"margin: 8px 0px 4px;\"><a href=\"https:\/\/www.calameo.com\/books\/006180035183fde1c7d2a\" target=\"_blank\" rel=\"noopener\">Resultats Enquesta Valoraci\u00f3 Espai Migida 2025<\/a><\/div>\n<p><iframe loading=\"lazy\" style=\"margin: 0 auto;\" src=\"\/\/v.calameo.com\/?bkcode=006180035183fde1c7d2a&amp;mode=mini\" width=\"480\" height=\"300\" frameborder=\"0\" scrolling=\"no\" allowfullscreen=\"allowfullscreen\"><\/iframe><\/p>\n<div style=\"margin: 4px 0px 8px;\"><a href=\"http:\/\/www.calameo.com\/\" target=\"_blank\" rel=\"noopener\">Leer m\u00e1s publicaciones en Calam\u00e9o<\/a><\/div>\n<\/div>\n<\/div>\n<\/div>\n<div style=\"text-align: center;\">\n<div style=\"margin: 4px 0px 8px;\"><\/div>\n<\/div>\n<p>Gr\u00e0cies!<\/p>\n<p>&nbsp;<\/p>\n","protected":false},"excerpt":{"rendered":"<p>Enguany, i amb col\u00b7laboraci\u00f3 amb la Comissi\u00f3 de Menjador de l&#8217;AFA, hem elaborat i passat una enquesta de satisfacci\u00f3 de l&#8217;espai migdia a les fam\u00edlies usu\u00e0ries d&#8217;aquest servei.<br \/>\nPer tal que pugueu veure&#8217;n els resultats, aqu\u00ed us deixem aquest document online (si voleu veure&#8217;l en mida&hellip;  <a href=\"https:\/\/agora.xtec.cat\/escolajujol\/serveis\/menjador\/enquesta-de-satisfaccio-espai-migdia\/\" title=\"Read Enquesta de satisfacci\u00f3 espai migdia\">Llegeix m\u00e9s\u00bb<\/a><\/p>\n","protected":false},"author":1,"featured_media":0,"parent":73,"menu_order":0,"comment_status":"closed","ping_status":"closed","template":"","meta":{"_bbp_topic_count":0,"_bbp_reply_count":0,"_bbp_total_topic_count":0,"_bbp_total_reply_count":0,"_bbp_voice_count":0,"_bbp_anonymous_reply_count":0,"_bbp_topic_count_hidden":0,"_bbp_reply_count_hidden":0,"_bbp_forum_subforum_count":0,"footnotes":""},"class_list":["post-1248","page","type-page","status-publish","hentry"],"post_mailing_queue_ids":[],"_links":{"self":[{"href":"https:\/\/agora.xtec.cat\/escolajujol\/wp-json\/wp\/v2\/pages\/1248","targetHints":{"allow":["GET"]}}],"collection":[{"href":"https:\/\/agora.xtec.cat\/escolajujol\/wp-json\/wp\/v2\/pages"}],"about":[{"href":"https:\/\/agora.xtec.cat\/escolajujol\/wp-json\/wp\/v2\/types\/page"}],"author":[{"embeddable":true,"href":"https:\/\/agora.xtec.cat\/escolajujol\/wp-json\/wp\/v2\/users\/1"}],"replies":[{"embeddable":true,"href":"https:\/\/agora.xtec.cat\/escolajujol\/wp-json\/wp\/v2\/comments?post=1248"}],"version-history":[{"count":4,"href":"https:\/\/agora.xtec.cat\/escolajujol\/wp-json\/wp\/v2\/pages\/1248\/revisions"}],"predecessor-version":[{"id":2920,"href":"https:\/\/agora.xtec.cat\/escolajujol\/wp-json\/wp\/v2\/pages\/1248\/revisions\/2920"}],"up":[{"embeddable":true,"href":"https:\/\/agora.xtec.cat\/escolajujol\/wp-json\/wp\/v2\/pages\/73"}],"wp:attachment":[{"href":"https:\/\/agora.xtec.cat\/escolajujol\/wp-json\/wp\/v2\/media?parent=1248"}],"curies":[{"name":"wp","href":"https:\/\/api.w.org\/{rel}","templated":true}]}}