{"id":1245,"date":"2023-01-24T18:12:04","date_gmt":"2023-01-24T17:12:04","guid":{"rendered":"http:\/\/agora.xtec.cat\/escolajujol\/?page_id=1245"},"modified":"2025-02-20T13:50:49","modified_gmt":"2025-02-20T12:50:49","slug":"projecte-steam","status":"publish","type":"page","link":"https:\/\/agora.xtec.cat\/escolajujol\/projectes\/projecte-steam\/","title":{"rendered":"Projecte STEAM"},"content":{"rendered":"<p>A l\u2019escola Josep Maria Jujol, des de fa anys, s\u2019aposta pel model d\u2019aprenentatge basat en projectes (ABP) per tal d\u2019incorporar els diferents coneixements, continguts curriculars i compet\u00e8ncies en el nostre alumnat. Des d\u2019Educaci\u00f3 Infantil fins a tots els cursos d\u2019Educaci\u00f3 Prim\u00e0ria es porten a terme diferents projectes multidisciplinaris al llarg del curs.<\/p>\n<p>Seguint amb aquesta l\u00ednia pedag\u00f2gica del centre i veient la necessitat de concretar els diferents projectes que s&#8217;han realitzat en l&#8217;\u00e0mbit de Coneixement del Medi vam engegar fa uns anys els projectes STEAM a partir de 4t de Prim\u00e0ria, amb un nou enfocament; m\u00e9s globalitzat, integrador i connectat amb el m\u00f3n real.<\/p>\n<p><strong>STEAM<\/strong> \u00e9s l\u2019acr\u00f2nim de les diferents \u00e0rees que integra: Ci\u00e8ncia (Science), Tecnologia (Technology), Enginyeria (Enginiery), Art (Arts) i Matem\u00e0tiques (Mathem\u00e0tics). Origin\u00e0riament aquest enfocament es centrava en les STEM, per\u00f2 es va veure oport\u00fa incorporar-hi tamb\u00e9 l\u2019art. Aquest model d\u2019aprenentatge genera innovaci\u00f3, desperta la creativitat en el disseny i hi \u00e9s present el component hum\u00e0 de servei a la societat.<\/p>\n<p>El model STEAM t\u00e9 com a objectiu ensenyar a pensar de manera cr\u00edtica i enfoca els reptes cap als problemes del m\u00f3n real, tot treballant fen\u00f2mens quotidians contextualitzats i utilitzant eines tecnol\u00f2giques. La metodologia STEAM pret\u00e9n tamb\u00e9 <strong>trencar amb l\u2019escletxa de g\u00e8nere, social i cultural<\/strong> en la que es troben, actualment, les carreres universit\u00e0ries cient\u00edfico-t\u00e8cniques i el m\u00f3n laboral. La manca d\u2019enginyers i enginyeres qualificats \u00e9s un repte per a la societat de l&#8217;actual i de futur. Per tant, cal que des de l&#8217;escola impulsem l&#8217;STEAM perqu\u00e8, segons els experts, s\u2019estima que en els propers anys hi haur\u00e0 una gran demanda de llocs de treball relacionats amb aquestes \u00e0rees.<\/p>\n<p>Des de l\u2019escola Josep Maria Jujol ens inquieten aquestes dades i volem formar des d\u2019ara, als ciutadans del futur; volem despertar inquietuds i vocacions STEAM entre el nostre alumnat. Pretenem potenciar les compet\u00e8ncies cient\u00edfiques, tecnol\u00f2giques i matem\u00e0tiques per tal de promoure la ci\u00e8ncia, la tecnologia, l\u2019enginyeria i les matem\u00e0tiques a la societat, no sols des de les pr\u00f2pies \u00e0rees sin\u00f3 tamb\u00e9 de forma transversal i global de centre.<\/p>\n\n\t\t<style type=\"text\/css\">\n\t\t\t#gallery-1 {\n\t\t\t\tmargin: auto;\n\t\t\t}\n\t\t\t#gallery-1 .gallery-item {\n\t\t\t\tfloat: left;\n\t\t\t\tmargin-top: 10px;\n\t\t\t\ttext-align: center;\n\t\t\t\twidth: 33%;\n\t\t\t}\n\t\t\t#gallery-1 img {\n\t\t\t\tborder: 2px solid #cfcfcf;\n\t\t\t}\n\t\t\t#gallery-1 .gallery-caption {\n\t\t\t\tmargin-left: 0;\n\t\t\t}\n\t\t\t\/* see gallery_shortcode() in wp-includes\/media.php *\/\n\t\t<\/style>\n\t\t<div id='gallery-1' class='gallery galleryid-1245 gallery-columns-3 gallery-size-medium'><dl class='gallery-item'>\n\t\t\t<dt class='gallery-icon landscape'>\n\t\t\t\t<a href='https:\/\/agora.xtec.cat\/escolajujol\/captura-de-pantalla-2025-02-20-133954-2\/'><img loading=\"lazy\" decoding=\"async\" width=\"300\" height=\"213\" src=\"https:\/\/agora.xtec.cat\/escolajujol\/wp-content\/uploads\/usu1013\/2025\/02\/Captura-de-pantalla-2025-02-20-133954-1-300x213.png\" class=\"attachment-medium size-medium\" alt=\"\" srcset=\"https:\/\/agora.xtec.cat\/escolajujol\/wp-content\/uploads\/usu1013\/2025\/02\/Captura-de-pantalla-2025-02-20-133954-1-300x213.png 300w, https:\/\/agora.xtec.cat\/escolajujol\/wp-content\/uploads\/usu1013\/2025\/02\/Captura-de-pantalla-2025-02-20-133954-1-1024x725.png 1024w, https:\/\/agora.xtec.cat\/escolajujol\/wp-content\/uploads\/usu1013\/2025\/02\/Captura-de-pantalla-2025-02-20-133954-1-768x544.png 768w, https:\/\/agora.xtec.cat\/escolajujol\/wp-content\/uploads\/usu1013\/2025\/02\/Captura-de-pantalla-2025-02-20-133954-1.png 1087w\" sizes=\"auto, (max-width: 300px) 100vw, 300px\" \/><\/a>\n\t\t\t<\/dt><\/dl><dl class='gallery-item'>\n\t\t\t<dt class='gallery-icon landscape'>\n\t\t\t\t<a href='https:\/\/agora.xtec.cat\/escolajujol\/captura-de-pantalla-2025-02-20-134106\/'><img loading=\"lazy\" decoding=\"async\" width=\"300\" height=\"218\" src=\"https:\/\/agora.xtec.cat\/escolajujol\/wp-content\/uploads\/usu1013\/2025\/02\/Captura-de-pantalla-2025-02-20-134106-300x218.png\" class=\"attachment-medium size-medium\" alt=\"\" srcset=\"https:\/\/agora.xtec.cat\/escolajujol\/wp-content\/uploads\/usu1013\/2025\/02\/Captura-de-pantalla-2025-02-20-134106-300x218.png 300w, https:\/\/agora.xtec.cat\/escolajujol\/wp-content\/uploads\/usu1013\/2025\/02\/Captura-de-pantalla-2025-02-20-134106-768x558.png 768w, https:\/\/agora.xtec.cat\/escolajujol\/wp-content\/uploads\/usu1013\/2025\/02\/Captura-de-pantalla-2025-02-20-134106.png 992w\" sizes=\"auto, (max-width: 300px) 100vw, 300px\" \/><\/a>\n\t\t\t<\/dt><\/dl><dl class='gallery-item'>\n\t\t\t<dt class='gallery-icon landscape'>\n\t\t\t\t<a href='https:\/\/agora.xtec.cat\/escolajujol\/captura-de-pantalla-2025-02-20-134050\/'><img loading=\"lazy\" decoding=\"async\" width=\"300\" height=\"204\" src=\"https:\/\/agora.xtec.cat\/escolajujol\/wp-content\/uploads\/usu1013\/2025\/02\/Captura-de-pantalla-2025-02-20-134050-300x204.png\" class=\"attachment-medium size-medium\" alt=\"\" srcset=\"https:\/\/agora.xtec.cat\/escolajujol\/wp-content\/uploads\/usu1013\/2025\/02\/Captura-de-pantalla-2025-02-20-134050-300x204.png 300w, https:\/\/agora.xtec.cat\/escolajujol\/wp-content\/uploads\/usu1013\/2025\/02\/Captura-de-pantalla-2025-02-20-134050-1024x697.png 1024w, https:\/\/agora.xtec.cat\/escolajujol\/wp-content\/uploads\/usu1013\/2025\/02\/Captura-de-pantalla-2025-02-20-134050-768x523.png 768w, https:\/\/agora.xtec.cat\/escolajujol\/wp-content\/uploads\/usu1013\/2025\/02\/Captura-de-pantalla-2025-02-20-134050.png 1083w\" sizes=\"auto, (max-width: 300px) 100vw, 300px\" \/><\/a>\n\t\t\t<\/dt><\/dl><br style=\"clear: both\" \/><dl class='gallery-item'>\n\t\t\t<dt class='gallery-icon landscape'>\n\t\t\t\t<a href='https:\/\/agora.xtec.cat\/escolajujol\/captura-de-pantalla-2025-02-20-134035\/'><img loading=\"lazy\" decoding=\"async\" width=\"300\" height=\"225\" src=\"https:\/\/agora.xtec.cat\/escolajujol\/wp-content\/uploads\/usu1013\/2025\/02\/Captura-de-pantalla-2025-02-20-134035-300x225.png\" class=\"attachment-medium size-medium\" alt=\"\" srcset=\"https:\/\/agora.xtec.cat\/escolajujol\/wp-content\/uploads\/usu1013\/2025\/02\/Captura-de-pantalla-2025-02-20-134035-300x225.png 300w, https:\/\/agora.xtec.cat\/escolajujol\/wp-content\/uploads\/usu1013\/2025\/02\/Captura-de-pantalla-2025-02-20-134035-768x577.png 768w, https:\/\/agora.xtec.cat\/escolajujol\/wp-content\/uploads\/usu1013\/2025\/02\/Captura-de-pantalla-2025-02-20-134035-200x150.png 200w, https:\/\/agora.xtec.cat\/escolajujol\/wp-content\/uploads\/usu1013\/2025\/02\/Captura-de-pantalla-2025-02-20-134035.png 1006w\" sizes=\"auto, (max-width: 300px) 100vw, 300px\" \/><\/a>\n\t\t\t<\/dt><\/dl><dl class='gallery-item'>\n\t\t\t<dt class='gallery-icon landscape'>\n\t\t\t\t<a href='https:\/\/agora.xtec.cat\/escolajujol\/captura-de-pantalla-2025-02-20-133933\/'><img loading=\"lazy\" decoding=\"async\" width=\"300\" height=\"225\" src=\"https:\/\/agora.xtec.cat\/escolajujol\/wp-content\/uploads\/usu1013\/2025\/02\/Captura-de-pantalla-2025-02-20-133933-300x225.png\" class=\"attachment-medium size-medium\" alt=\"\" srcset=\"https:\/\/agora.xtec.cat\/escolajujol\/wp-content\/uploads\/usu1013\/2025\/02\/Captura-de-pantalla-2025-02-20-133933-300x225.png 300w, https:\/\/agora.xtec.cat\/escolajujol\/wp-content\/uploads\/usu1013\/2025\/02\/Captura-de-pantalla-2025-02-20-133933-768x576.png 768w, https:\/\/agora.xtec.cat\/escolajujol\/wp-content\/uploads\/usu1013\/2025\/02\/Captura-de-pantalla-2025-02-20-133933-200x150.png 200w, https:\/\/agora.xtec.cat\/escolajujol\/wp-content\/uploads\/usu1013\/2025\/02\/Captura-de-pantalla-2025-02-20-133933.png 847w\" sizes=\"auto, (max-width: 300px) 100vw, 300px\" \/><\/a>\n\t\t\t<\/dt><\/dl><dl class='gallery-item'>\n\t\t\t<dt class='gallery-icon landscape'>\n\t\t\t\t<a href='https:\/\/agora.xtec.cat\/escolajujol\/captura-de-pantalla-2025-02-20-133914\/'><img loading=\"lazy\" decoding=\"async\" width=\"300\" height=\"223\" src=\"https:\/\/agora.xtec.cat\/escolajujol\/wp-content\/uploads\/usu1013\/2025\/02\/Captura-de-pantalla-2025-02-20-133914-300x223.png\" class=\"attachment-medium size-medium\" alt=\"\" srcset=\"https:\/\/agora.xtec.cat\/escolajujol\/wp-content\/uploads\/usu1013\/2025\/02\/Captura-de-pantalla-2025-02-20-133914-300x223.png 300w, https:\/\/agora.xtec.cat\/escolajujol\/wp-content\/uploads\/usu1013\/2025\/02\/Captura-de-pantalla-2025-02-20-133914-1024x760.png 1024w, https:\/\/agora.xtec.cat\/escolajujol\/wp-content\/uploads\/usu1013\/2025\/02\/Captura-de-pantalla-2025-02-20-133914-768x570.png 768w, https:\/\/agora.xtec.cat\/escolajujol\/wp-content\/uploads\/usu1013\/2025\/02\/Captura-de-pantalla-2025-02-20-133914-200x150.png 200w, https:\/\/agora.xtec.cat\/escolajujol\/wp-content\/uploads\/usu1013\/2025\/02\/Captura-de-pantalla-2025-02-20-133914.png 1160w\" sizes=\"auto, (max-width: 300px) 100vw, 300px\" \/><\/a>\n\t\t\t<\/dt><\/dl><br style=\"clear: both\" \/><dl class='gallery-item'>\n\t\t\t<dt class='gallery-icon landscape'>\n\t\t\t\t<a href='https:\/\/agora.xtec.cat\/escolajujol\/captura-de-pantalla-2025-02-20-133859\/'><img loading=\"lazy\" decoding=\"async\" width=\"300\" height=\"222\" src=\"https:\/\/agora.xtec.cat\/escolajujol\/wp-content\/uploads\/usu1013\/2025\/02\/Captura-de-pantalla-2025-02-20-133859-300x222.png\" class=\"attachment-medium size-medium\" alt=\"\" srcset=\"https:\/\/agora.xtec.cat\/escolajujol\/wp-content\/uploads\/usu1013\/2025\/02\/Captura-de-pantalla-2025-02-20-133859-300x222.png 300w, https:\/\/agora.xtec.cat\/escolajujol\/wp-content\/uploads\/usu1013\/2025\/02\/Captura-de-pantalla-2025-02-20-133859-1024x759.png 1024w, https:\/\/agora.xtec.cat\/escolajujol\/wp-content\/uploads\/usu1013\/2025\/02\/Captura-de-pantalla-2025-02-20-133859-768x569.png 768w, https:\/\/agora.xtec.cat\/escolajujol\/wp-content\/uploads\/usu1013\/2025\/02\/Captura-de-pantalla-2025-02-20-133859.png 1165w\" sizes=\"auto, (max-width: 300px) 100vw, 300px\" \/><\/a>\n\t\t\t<\/dt><\/dl><dl class='gallery-item'>\n\t\t\t<dt class='gallery-icon landscape'>\n\t\t\t\t<a href='https:\/\/agora.xtec.cat\/escolajujol\/projectes\/projecte-steam\/attachment\/captura-de-pantalla-2025-01-27-133532\/'><img loading=\"lazy\" decoding=\"async\" width=\"300\" height=\"231\" src=\"https:\/\/agora.xtec.cat\/escolajujol\/wp-content\/uploads\/usu1013\/2025\/01\/Captura-de-pantalla-2025-01-27-133532-300x231.png\" class=\"attachment-medium size-medium\" alt=\"\" srcset=\"https:\/\/agora.xtec.cat\/escolajujol\/wp-content\/uploads\/usu1013\/2025\/01\/Captura-de-pantalla-2025-01-27-133532-300x231.png 300w, https:\/\/agora.xtec.cat\/escolajujol\/wp-content\/uploads\/usu1013\/2025\/01\/Captura-de-pantalla-2025-01-27-133532.png 629w\" sizes=\"auto, (max-width: 300px) 100vw, 300px\" \/><\/a>\n\t\t\t<\/dt><\/dl><dl class='gallery-item'>\n\t\t\t<dt class='gallery-icon landscape'>\n\t\t\t\t<a href='https:\/\/agora.xtec.cat\/escolajujol\/projectes\/racons-matematics-esborrany\/attachment\/captura-de-pantalla-2025-01-27-124227\/'><img loading=\"lazy\" decoding=\"async\" width=\"300\" height=\"197\" src=\"https:\/\/agora.xtec.cat\/escolajujol\/wp-content\/uploads\/usu1013\/2025\/01\/Captura-de-pantalla-2025-01-27-124227-300x197.png\" class=\"attachment-medium size-medium\" alt=\"\" srcset=\"https:\/\/agora.xtec.cat\/escolajujol\/wp-content\/uploads\/usu1013\/2025\/01\/Captura-de-pantalla-2025-01-27-124227-300x197.png 300w, https:\/\/agora.xtec.cat\/escolajujol\/wp-content\/uploads\/usu1013\/2025\/01\/Captura-de-pantalla-2025-01-27-124227.png 329w\" sizes=\"auto, (max-width: 300px) 100vw, 300px\" \/><\/a>\n\t\t\t<\/dt><\/dl><br style=\"clear: both\" \/>\n\t\t<\/div>\n\n","protected":false},"excerpt":{"rendered":"<p>A l\u2019escola Josep Maria Jujol, des de fa anys, s\u2019aposta pel model d\u2019aprenentatge basat en projectes (ABP) per tal d\u2019incorporar els diferents coneixements, continguts curriculars i compet\u00e8ncies en el nostre alumnat. Des d\u2019Educaci\u00f3 Infantil fins a tots els cursos d\u2019Educaci\u00f3 Prim\u00e0ria es porten a terme&hellip;  <a href=\"https:\/\/agora.xtec.cat\/escolajujol\/projectes\/projecte-steam\/\" title=\"Read Projecte STEAM\">Llegeix m\u00e9s\u00bb<\/a><\/p>\n","protected":false},"author":1,"featured_media":0,"parent":449,"menu_order":5,"comment_status":"closed","ping_status":"closed","template":"page-templates\/side-menu.php","meta":{"_bbp_topic_count":0,"_bbp_reply_count":0,"_bbp_total_topic_count":0,"_bbp_total_reply_count":0,"_bbp_voice_count":0,"_bbp_anonymous_reply_count":0,"_bbp_topic_count_hidden":0,"_bbp_reply_count_hidden":0,"_bbp_forum_subforum_count":0,"footnotes":""},"class_list":["post-1245","page","type-page","status-publish","hentry"],"post_mailing_queue_ids":[],"_links":{"self":[{"href":"https:\/\/agora.xtec.cat\/escolajujol\/wp-json\/wp\/v2\/pages\/1245","targetHints":{"allow":["GET"]}}],"collection":[{"href":"https:\/\/agora.xtec.cat\/escolajujol\/wp-json\/wp\/v2\/pages"}],"about":[{"href":"https:\/\/agora.xtec.cat\/escolajujol\/wp-json\/wp\/v2\/types\/page"}],"author":[{"embeddable":true,"href":"https:\/\/agora.xtec.cat\/escolajujol\/wp-json\/wp\/v2\/users\/1"}],"replies":[{"embeddable":true,"href":"https:\/\/agora.xtec.cat\/escolajujol\/wp-json\/wp\/v2\/comments?post=1245"}],"version-history":[{"count":6,"href":"https:\/\/agora.xtec.cat\/escolajujol\/wp-json\/wp\/v2\/pages\/1245\/revisions"}],"predecessor-version":[{"id":2872,"href":"https:\/\/agora.xtec.cat\/escolajujol\/wp-json\/wp\/v2\/pages\/1245\/revisions\/2872"}],"up":[{"embeddable":true,"href":"https:\/\/agora.xtec.cat\/escolajujol\/wp-json\/wp\/v2\/pages\/449"}],"wp:attachment":[{"href":"https:\/\/agora.xtec.cat\/escolajujol\/wp-json\/wp\/v2\/media?parent=1245"}],"curies":[{"name":"wp","href":"https:\/\/api.w.org\/{rel}","templated":true}]}}