{"id":1066,"date":"2021-07-14T18:00:14","date_gmt":"2021-07-14T16:00:14","guid":{"rendered":"http:\/\/agora.xtec.cat\/escolajujol\/?page_id=1066"},"modified":"2025-02-20T13:46:18","modified_gmt":"2025-02-20T12:46:18","slug":"projecte-linguistic","status":"publish","type":"page","link":"https:\/\/agora.xtec.cat\/escolajujol\/documents-de-centre\/projecte-linguistic\/","title":{"rendered":"Projecte Ling\u00fc\u00edstic"},"content":{"rendered":"<p>En aquest apartat podeu consultar el Projecte Ling\u00fc\u00edstic de Centre.<\/p>\n<p>Podeu clicar en aquest <a href=\"https:\/\/drive.google.com\/file\/d\/1R_Mnf9Wpb_-G0ZHBlbpj5S5ZdpWbPrF8\/view?usp=sharing\" target=\"_blank\" rel=\"noopener\">enlla\u00e7<\/a> per veure&#8217;l.<\/p>\n<p>&nbsp;<\/p>\n<p>&nbsp;<\/p>\n","protected":false},"excerpt":{"rendered":"<p>En aquest apartat podeu consultar el Projecte Ling\u00fc\u00edstic de Centre.<br \/>\nPodeu clicar en aquest <a href=\"https:\/\/drive.google.com\/file\/d\/1R_Mnf9Wpb_-G0ZHBlbpj5S5ZdpWbPrF8\/view?usp=sharing\" target=\"_blank\" rel=\"noopener\">enlla\u00e7<\/a> per veure&#8217;l.<br \/>\n&nbsp;<br \/>\n&nbsp;<\/p>\n","protected":false},"author":1,"featured_media":0,"parent":2605,"menu_order":2,"comment_status":"closed","ping_status":"closed","template":"page-templates\/side-menu.php","meta":{"_bbp_topic_count":0,"_bbp_reply_count":0,"_bbp_total_topic_count":0,"_bbp_total_reply_count":0,"_bbp_voice_count":0,"_bbp_anonymous_reply_count":0,"_bbp_topic_count_hidden":0,"_bbp_reply_count_hidden":0,"_bbp_forum_subforum_count":0,"footnotes":""},"class_list":["post-1066","page","type-page","status-publish","hentry"],"post_mailing_queue_ids":[],"_links":{"self":[{"href":"https:\/\/agora.xtec.cat\/escolajujol\/wp-json\/wp\/v2\/pages\/1066","targetHints":{"allow":["GET"]}}],"collection":[{"href":"https:\/\/agora.xtec.cat\/escolajujol\/wp-json\/wp\/v2\/pages"}],"about":[{"href":"https:\/\/agora.xtec.cat\/escolajujol\/wp-json\/wp\/v2\/types\/page"}],"author":[{"embeddable":true,"href":"https:\/\/agora.xtec.cat\/escolajujol\/wp-json\/wp\/v2\/users\/1"}],"replies":[{"embeddable":true,"href":"https:\/\/agora.xtec.cat\/escolajujol\/wp-json\/wp\/v2\/comments?post=1066"}],"version-history":[{"count":5,"href":"https:\/\/agora.xtec.cat\/escolajujol\/wp-json\/wp\/v2\/pages\/1066\/revisions"}],"predecessor-version":[{"id":2646,"href":"https:\/\/agora.xtec.cat\/escolajujol\/wp-json\/wp\/v2\/pages\/1066\/revisions\/2646"}],"up":[{"embeddable":true,"href":"https:\/\/agora.xtec.cat\/escolajujol\/wp-json\/wp\/v2\/pages\/2605"}],"wp:attachment":[{"href":"https:\/\/agora.xtec.cat\/escolajujol\/wp-json\/wp\/v2\/media?parent=1066"}],"curies":[{"name":"wp","href":"https:\/\/api.w.org\/{rel}","templated":true}]}}